{"id":809,"date":"2023-10-23T06:47:55","date_gmt":"2023-10-23T06:47:55","guid":{"rendered":"https:\/\/swingbearing.net\/?post_type=product&#038;p=809"},"modified":"2023-10-23T06:49:17","modified_gmt":"2023-10-23T06:49:17","slug":"slewing-gear-ec210","status":"publish","type":"product","link":"https:\/\/swingbearing.net\/tr\/urun\/slewing-gear-ec210\/","title":{"rendered":"D\u00f6ner Di\u015fli EC210"},"content":{"rendered":"<p>D\u00f6ner Di\u015fli<\/p>","protected":false},"excerpt":{"rendered":"<p>D\u00f6ner Di\u015fli<\/p>","protected":false},"featured_media":369,"template":"","meta":[],"product_brand":[],"product_cat":[23],"product_tag":[],"class_list":{"0":"post-809","1":"product","2":"type-product","3":"status-publish","4":"has-post-thumbnail","6":"product_cat-slewing-gears","8":"first","9":"instock","10":"shipping-taxable","11":"product-type-simple"},"_links":{"self":[{"href":"https:\/\/swingbearing.net\/tr\/wp-json\/wp\/v2\/product\/809","targetHints":{"allow":["GET"]}}],"collection":[{"href":"https:\/\/swingbearing.net\/tr\/wp-json\/wp\/v2\/product"}],"about":[{"href":"https:\/\/swingbearing.net\/tr\/wp-json\/wp\/v2\/types\/product"}],"wp:featuredmedia":[{"embeddable":true,"href":"https:\/\/swingbearing.net\/tr\/wp-json\/wp\/v2\/media\/369"}],"wp:attachment":[{"href":"https:\/\/swingbearing.net\/tr\/wp-json\/wp\/v2\/media?parent=809"}],"wp:term":[{"taxonomy":"product_brand","embeddable":true,"href":"https:\/\/swingbearing.net\/tr\/wp-json\/wp\/v2\/product_brand?post=809"},{"taxonomy":"product_cat","embeddable":true,"href":"https:\/\/swingbearing.net\/tr\/wp-json\/wp\/v2\/product_cat?post=809"},{"taxonomy":"product_tag","embeddable":true,"href":"https:\/\/swingbearing.net\/tr\/wp-json\/wp\/v2\/product_tag?post=809"}],"curies":[{"name":"wp","href":"https:\/\/api.w.org\/{rel}","templated":true}]}}