{"id":804,"date":"2023-10-23T06:38:03","date_gmt":"2023-10-23T06:38:03","guid":{"rendered":"https:\/\/swingbearing.net\/?post_type=product&#038;p=804"},"modified":"2023-10-23T06:39:23","modified_gmt":"2023-10-23T06:39:23","slug":"gearbox-parts-ec210","status":"publish","type":"product","link":"https:\/\/swingbearing.net\/tr\/urun\/gearbox-parts-ec210\/","title":{"rendered":"\u015eanz\u0131man Par\u00e7alar\u0131 EC210"},"content":{"rendered":"","protected":false},"excerpt":{"rendered":"<p>Y\u00fcr\u00fcyen Bir veya \u0130ki Seviyeli Montaj<\/p>","protected":false},"featured_media":797,"template":"","meta":[],"product_brand":[],"product_cat":[27],"product_tag":[],"class_list":{"0":"post-804","1":"product","2":"type-product","3":"status-publish","4":"has-post-thumbnail","6":"product_cat-gearbox-parts","8":"first","9":"instock","10":"shipping-taxable","11":"product-type-simple"},"_links":{"self":[{"href":"https:\/\/swingbearing.net\/tr\/wp-json\/wp\/v2\/product\/804","targetHints":{"allow":["GET"]}}],"collection":[{"href":"https:\/\/swingbearing.net\/tr\/wp-json\/wp\/v2\/product"}],"about":[{"href":"https:\/\/swingbearing.net\/tr\/wp-json\/wp\/v2\/types\/product"}],"wp:featuredmedia":[{"embeddable":true,"href":"https:\/\/swingbearing.net\/tr\/wp-json\/wp\/v2\/media\/797"}],"wp:attachment":[{"href":"https:\/\/swingbearing.net\/tr\/wp-json\/wp\/v2\/media?parent=804"}],"wp:term":[{"taxonomy":"product_brand","embeddable":true,"href":"https:\/\/swingbearing.net\/tr\/wp-json\/wp\/v2\/product_brand?post=804"},{"taxonomy":"product_cat","embeddable":true,"href":"https:\/\/swingbearing.net\/tr\/wp-json\/wp\/v2\/product_cat?post=804"},{"taxonomy":"product_tag","embeddable":true,"href":"https:\/\/swingbearing.net\/tr\/wp-json\/wp\/v2\/product_tag?post=804"}],"curies":[{"name":"wp","href":"https:\/\/api.w.org\/{rel}","templated":true}]}}