{"id":579,"date":"2023-09-27T05:49:33","date_gmt":"2023-09-27T05:49:33","guid":{"rendered":"https:\/\/swingbearing.net\/?post_type=product&#038;p=579"},"modified":"2024-05-15T06:39:37","modified_gmt":"2024-05-15T06:39:37","slug":"swing-bearing-sumitomo","status":"publish","type":"product","link":"https:\/\/swingbearing.net\/tr\/urun\/salincak-rulman-sumitomo\/","title":{"rendered":"Sal\u0131ncak Yata\u011f\u0131 SUMITOMO"},"content":{"rendered":"<h2 class=\"has-text-align-center\" style=\"text-align: center;\">SUMITOMO Sal\u0131ncak Yata\u011f\u0131 Parametreleri<\/h2>\n<figure class=\"wp-block-table is-style-stripes has-small-font-size\">\n<table class=\"has-cyan-bluish-gray-background-color has-background\">\n<tbody>\n<tr>\n<td>D\u0131\u015f \u00e7ap Da<\/td>\n<td>\u0130\u00e7 \u00e7ap Di<\/td>\n<td>Montaj y\u00fcksekli\u011fi H<\/td>\n<td>Tan\u0131mlama<\/td>\n<\/tr>\n<tr>\n<td>615<\/td>\n<td>451<\/td>\n<td>53<\/td>\n<td>SH50<\/td>\n<\/tr>\n<tr>\n<td>766<\/td>\n<td>560<\/td>\n<td>97<\/td>\n<td>SH60-1<\/td>\n<\/tr>\n<tr>\n<td>1169<\/td>\n<td>971<\/td>\n<td>75<\/td>\n<td>SH120A1<\/td>\n<\/tr>\n<tr>\n<td>1171<\/td>\n<td>973<\/td>\n<td>88<\/td>\n<td>SH120A2<\/td>\n<\/tr>\n<tr>\n<td>1171<\/td>\n<td>973<\/td>\n<td>78<\/td>\n<td>SH120A3<\/td>\n<\/tr>\n<tr>\n<td>1171<\/td>\n<td>973<\/td>\n<td>88<\/td>\n<td>SH120-1<\/td>\n<\/tr>\n<tr>\n<td>1171<\/td>\n<td>973<\/td>\n<td>88<\/td>\n<td>SH120-2<\/td>\n<\/tr>\n<tr>\n<td>1171<\/td>\n<td>973<\/td>\n<td>84<\/td>\n<td>SH265<\/td>\n<\/tr>\n<tr>\n<td>1171<\/td>\n<td>973<\/td>\n<td>84<\/td>\n<td>SH260<\/td>\n<\/tr>\n<tr>\n<td>1330<\/td>\n<td>1093<\/td>\n<td>102<\/td>\n<td>SH200A1a<\/td>\n<\/tr>\n<tr>\n<td>1330<\/td>\n<td>1093<\/td>\n<td>102<\/td>\n<td>SH200A1b<\/td>\n<\/tr>\n<tr>\n<td>1330<\/td>\n<td>1093<\/td>\n<td>102<\/td>\n<td>SH200A2<\/td>\n<\/tr>\n<tr>\n<td>1330<\/td>\n<td>1093<\/td>\n<td>102.5<\/td>\n<td>SH200A3<\/td>\n<\/tr>\n<tr>\n<td>1330<\/td>\n<td>1093<\/td>\n<td>102<\/td>\n<td>SH200C2<\/td>\n<\/tr>\n<tr>\n<td>1330<\/td>\n<td>1093<\/td>\n<td>102<\/td>\n<td>SH200C3<\/td>\n<\/tr>\n<tr>\n<td>1330<\/td>\n<td>1093<\/td>\n<td>102<\/td>\n<td>SH200Z3<\/td>\n<\/tr>\n<tr>\n<td>1375<\/td>\n<td>1095<\/td>\n<td>123<\/td>\n<td>SH220-2<\/td>\n<\/tr>\n<tr>\n<td>1330<\/td>\n<td>1084<\/td>\n<td>103<\/td>\n<td>210-5<\/td>\n<\/tr>\n<tr>\n<td>1330<\/td>\n<td>1084<\/td>\n<td>103<\/td>\n<td>210-5<\/td>\n<\/tr>\n<tr>\n<td>1375<\/td>\n<td>1094<\/td>\n<td>121<\/td>\n<td>SH220-3<\/td>\n<\/tr>\n<tr>\n<td>1329<\/td>\n<td>1093<\/td>\n<td>103<\/td>\n<td>SH225<\/td>\n<\/tr>\n<tr>\n<td>1376<\/td>\n<td>1092<\/td>\n<td>123<\/td>\n<td>SH240-3<\/td>\n<\/tr>\n<tr>\n<td>1377<\/td>\n<td>1094<\/td>\n<td>123<\/td>\n<td>SH240-5<\/td>\n<\/tr>\n<tr>\n<td>1330<\/td>\n<td>1082<\/td>\n<td>99<\/td>\n<td>SH280<\/td>\n<\/tr>\n<tr>\n<td>1510<\/td>\n<td>1193<\/td>\n<td>135<\/td>\n<td>SH350<\/td>\n<\/tr>\n<tr>\n<td>1463<\/td>\n<td>1191<\/td>\n<td>135<\/td>\n<td>SH430<\/td>\n<\/tr>\n<\/tbody>\n<\/table>\n<\/figure>\n<p>Ekskavat\u00f6r\u00fcn\u00fcz i\u00e7in y\u00fcksek kaliteli bir sal\u0131ncak rulman\u0131 ar\u0131yorsan\u0131z, SUMITOMO'dan ba\u015fkas\u0131na bakmay\u0131n. Ekskavat\u00f6r sal\u0131ncak rulman\u0131 \u00fcr\u00fcnleri, en zorlu uygulamalarda bile g\u00fcvenilir ve uzun \u00f6m\u00fcrl\u00fc performans sa\u011flamak i\u00e7in en y\u00fcksek standartlara g\u00f6re tasarlanm\u0131\u015f ve \u00fcretilmi\u015ftir.<\/p>\n<p>SUMITOMO, SH55, SH60, SH75, SH50, SH100, SH120, SH125, SH135, SH140, SH145, SH200, SH200-3-5, SH220-2-3, SH240, SH225, SH260, SH265 dahil olmak \u00fczere \u00e7e\u015fitli modellere uygun geni\u015f bir ekskavat\u00f6r sal\u0131ncak yata\u011f\u0131 yelpazesi sunar, SH280, SH300, SH340, SH350, SH400, SH430, SH450, SH40T, SH60-1, SH100A1, SH120, SH120A1, SH120A2, SH120A3, SH200A1, SH200A3, SH210A3, SH210A5, SH220-2, SH220-3, SH225, SH260, SH265, SH240-5, SH340, SH300A2 ve SH350.<\/p>\n<p>Bu ekskavat\u00f6r d\u00f6ner tabla rulmanlar\u0131, y\u00fcksek kaliteli malzemeler ve hassas m\u00fchendislik teknikleri kullan\u0131larak \u00fcretilir ve \u00fcst\u00fcn performans ve dayan\u0131kl\u0131l\u0131k sa\u011flar. D\u00f6ner tabla rulman\u0131, bir ekskavat\u00f6r\u00fcn en kritik bile\u015fenlerinden biridir ve SUMITOMO'nun d\u00f6ner rulmanlar\u0131, a\u011f\u0131r hizmet uygulamalar\u0131n\u0131n zorluklar\u0131na dayanacak \u015fekilde tasarlanm\u0131\u015ft\u0131r.<br \/>\nSUMITOMO'nun ekskavat\u00f6r sal\u0131ncak rulmanlar\u0131n\u0131n ba\u015fl\u0131ca avantajlar\u0131ndan biri m\u00fckemmel y\u00fck ta\u015f\u0131ma kapasiteleridir. Rulmanlar, y\u00fcksek eksenel ve radyal y\u00fckleri ta\u015f\u0131yacak \u015fekilde tasarlanm\u0131\u015ft\u0131r ve bu da onlar\u0131 zorlu uygulamalar i\u00e7in ideal hale getirir. Ayr\u0131ca, rulmanlar y\u00fcksek h\u0131zlarda \u00e7al\u0131\u015facak \u015fekilde tasarlanm\u0131\u015ft\u0131r, bu da daha h\u0131zl\u0131 d\u00f6ng\u00fc s\u00fcreleri ve daha fazla \u00fcretkenlik sa\u011flar.<\/p>\n<p>SUMITOMO'nun ekskavat\u00f6r sal\u0131ncak rulmanlar\u0131n\u0131n bir di\u011fer \u00f6nemli avantaj\u0131 da d\u00fc\u015f\u00fck s\u00fcrt\u00fcnme ve y\u00fcksek hassasiyettir. Bu \u00f6zellikler, rulmanlardaki a\u015f\u0131nma ve y\u0131pranmay\u0131 en aza indirmeye yard\u0131mc\u0131 olarak bak\u0131m maliyetlerini azalt\u0131r ve rulman\u0131n \u00f6mr\u00fcn\u00fc uzat\u0131r. D\u00fc\u015f\u00fck s\u00fcrt\u00fcnme, ekskavat\u00f6r\u00fcn \u00e7al\u0131\u015fmas\u0131 i\u00e7in daha az g\u00fc\u00e7 gerektirdi\u011finden yak\u0131t verimlili\u011fini art\u0131rmaya da yard\u0131mc\u0131 olur. Sonu\u00e7 olarak, g\u00fcvenilir ve y\u00fcksek kaliteli bir ekskavat\u00f6r d\u00f6ner rulman\u0131 ar\u0131yorsan\u0131z, SUMITOMO m\u00fckemmel bir se\u00e7imdir. \u00dcr\u00fcnleri, a\u011f\u0131r hizmet uygulamalar\u0131n\u0131n taleplerini kar\u015f\u0131lamak \u00fczere tasarlanm\u0131\u015ft\u0131r ve m\u00fckemmel y\u00fck ta\u015f\u0131ma kapasitesi, d\u00fc\u015f\u00fck s\u00fcrt\u00fcnme ve y\u00fcksek hassasiyet sunar. Dolay\u0131s\u0131yla, ister in\u015faat, madencilik ister ba\u015fka bir a\u011f\u0131r sanayide \u00e7al\u0131\u015f\u0131yor olun, SUMITOMO'nun ekskavat\u00f6r d\u00f6ner yataklar\u0131 i\u015finizi verimli ve g\u00fcvenilir bir \u015fekilde yapman\u0131za yard\u0131mc\u0131 olabilir.<\/p>\n<p>Sizin i\u00e7in alternatif sal\u0131ncak rulmanlar\u0131 sa\u011flayabiliriz\u00a0 <a href=\"https:\/\/national-bearing.com\/excavator-swing-bearings-slewing-rings-cat\/\" target=\"_blank\" rel=\"noopener\">KED\u0130<\/a>HITACHI, KOMATSU, KOBELCO, HYUNDAI, VOLVO, DOOSAN, DAEWOO, JCB, CASE, SUMITOMO, KATO. 1000'in \u00fczerinde normal ve standart olmayan y\u00fczlerce \u00e7e\u015fit aras\u0131ndan se\u00e7im yapabilirsiniz.<\/p>\n<figure class=\"wp-block-table aligncenter\"><\/figure>","protected":false},"excerpt":{"rendered":"<p>SUMITOMO Sal\u0131ncak Yata\u011f\u0131<br \/>\nModel: SH430, SH350, SH280<br \/>\nSH265, SH240-5, SH240-3, SH225<\/p>","protected":false},"featured_media":136,"template":"","meta":[],"product_brand":[],"product_cat":[22,58],"product_tag":[],"class_list":{"0":"post-579","1":"product","2":"type-product","3":"status-publish","4":"has-post-thumbnail","6":"product_cat-swing-bearing","7":"product_cat-cat-excavator-swing-bearing","9":"first","10":"instock","11":"shipping-taxable","12":"product-type-simple"},"_links":{"self":[{"href":"https:\/\/swingbearing.net\/tr\/wp-json\/wp\/v2\/product\/579","targetHints":{"allow":["GET"]}}],"collection":[{"href":"https:\/\/swingbearing.net\/tr\/wp-json\/wp\/v2\/product"}],"about":[{"href":"https:\/\/swingbearing.net\/tr\/wp-json\/wp\/v2\/types\/product"}],"wp:featuredmedia":[{"embeddable":true,"href":"https:\/\/swingbearing.net\/tr\/wp-json\/wp\/v2\/media\/136"}],"wp:attachment":[{"href":"https:\/\/swingbearing.net\/tr\/wp-json\/wp\/v2\/media?parent=579"}],"wp:term":[{"taxonomy":"product_brand","embeddable":true,"href":"https:\/\/swingbearing.net\/tr\/wp-json\/wp\/v2\/product_brand?post=579"},{"taxonomy":"product_cat","embeddable":true,"href":"https:\/\/swingbearing.net\/tr\/wp-json\/wp\/v2\/product_cat?post=579"},{"taxonomy":"product_tag","embeddable":true,"href":"https:\/\/swingbearing.net\/tr\/wp-json\/wp\/v2\/product_tag?post=579"}],"curies":[{"name":"wp","href":"https:\/\/api.w.org\/{rel}","templated":true}]}}