{"id":577,"date":"2023-09-27T05:44:31","date_gmt":"2023-09-27T05:44:31","guid":{"rendered":"https:\/\/swingbearing.net\/?post_type=product&#038;p=577"},"modified":"2024-05-15T06:41:28","modified_gmt":"2024-05-15T06:41:28","slug":"swing-bearing-yuchai","status":"publish","type":"product","link":"https:\/\/swingbearing.net\/tr\/urun\/swing-bearing-yuchai\/","title":{"rendered":"Sal\u0131ncak Yata\u011f\u0131 YUCHAI"},"content":{"rendered":"<h4 style=\"text-align: center;\">HITACHI Sal\u0131ncak Yata\u011f\u0131 Parametreleri<\/h4>\n<figure class=\"wp-block-table is-style-stripes has-small-font-size\">\n<table class=\"has-cyan-bluish-gray-background-color has-background\">\n<tbody>\n<tr>\n<td>D\u0131\u015f \u00e7ap (Da)<\/td>\n<td>\u0130\u00e7 \u00e7ap (Di)<\/td>\n<td>Montaj y\u00fcksekli\u011fi (H)<\/td>\n<td>Tan\u0131mlama<\/td>\n<\/tr>\n<tr>\n<td>545<\/td>\n<td>380<\/td>\n<td>50<\/td>\n<td>YC13<\/td>\n<\/tr>\n<tr>\n<td>573<\/td>\n<td>380<\/td>\n<td>55<\/td>\n<td>YC15<\/td>\n<\/tr>\n<tr>\n<td>573<\/td>\n<td>380<\/td>\n<td>55<\/td>\n<td>YC18-3<\/td>\n<\/tr>\n<tr>\n<td>573<\/td>\n<td>380<\/td>\n<td>55<\/td>\n<td>YC20<\/td>\n<\/tr>\n<tr>\n<td>640<\/td>\n<td>473<\/td>\n<td>55<\/td>\n<td>YC35<\/td>\n<\/tr>\n<tr>\n<td>640<\/td>\n<td>471<\/td>\n<td>55<\/td>\n<td>YC35<\/td>\n<\/tr>\n<tr>\n<td>800<\/td>\n<td>590<\/td>\n<td>70<\/td>\n<td>YC55<\/td>\n<\/tr>\n<tr>\n<td>800<\/td>\n<td>590<\/td>\n<td>70<\/td>\n<td>YC60(86Z)<\/td>\n<\/tr>\n<tr>\n<td>812<\/td>\n<td>623<\/td>\n<td>75<\/td>\n<td>YC6-5T (90Z)<\/td>\n<\/tr>\n<tr>\n<td>811<\/td>\n<td>621<\/td>\n<td>75<\/td>\n<td>YC65-2<\/td>\n<\/tr>\n<tr>\n<td>922<\/td>\n<td>635<\/td>\n<td>104<\/td>\n<td>YC85<\/td>\n<\/tr>\n<tr>\n<td>922<\/td>\n<td>635<\/td>\n<td>104<\/td>\n<td>YC85-3<\/td>\n<\/tr>\n<tr>\n<td>922<\/td>\n<td>635<\/td>\n<td>104<\/td>\n<td>YC85-5<\/td>\n<\/tr>\n<tr>\n<td>922<\/td>\n<td>635<\/td>\n<td>104<\/td>\n<td>YC85-6<\/td>\n<\/tr>\n<tr>\n<td>922<\/td>\n<td>635<\/td>\n<td>104<\/td>\n<td>YC85-7<\/td>\n<\/tr>\n<tr>\n<td>1195<\/td>\n<td>963<\/td>\n<td>85<\/td>\n<td>YC135,10T<\/td>\n<\/tr>\n<tr>\n<td>1323<\/td>\n<td>1071<\/td>\n<td>104<\/td>\n<td>YC210-8<\/td>\n<\/tr>\n<tr>\n<td>1327<\/td>\n<td>1083<\/td>\n<td>110<\/td>\n<td>YC230-8<\/td>\n<\/tr>\n<tr>\n<td>1534<\/td>\n<td>1238<\/td>\n<td>125<\/td>\n<td>YC350<\/td>\n<\/tr>\n<tr>\n<td>1327<\/td>\n<td>1083<\/td>\n<td>110<\/td>\n<td>YC225<\/td>\n<\/tr>\n<tr>\n<td>1534<\/td>\n<td>1238<\/td>\n<td>125<\/td>\n<td>YC400-8<\/td>\n<\/tr>\n<\/tbody>\n<\/table>\n<\/figure>\n<p>Y\u00fcksek kaliteli ekskavat\u00f6r sal\u0131ncak rulmanlar\u0131 m\u0131 ar\u0131yorsunuz? Yuchai'den ba\u015fkas\u0131na bakmay\u0131n! \u0130leri teknolojimiz ve bu alandaki kapsaml\u0131 deneyimimizle, her boyut ve modeldeki ekskavat\u00f6rler i\u00e7in geni\u015f bir yelpazede en kaliteli d\u00f6ner rulmanlar sunmaktan gurur duyuyoruz.<br \/>\nD\u00f6ner rulmanlar\u0131m\u0131z, uzun \u00f6m\u00fcrl\u00fc performans ve g\u00fcvenilirlik sa\u011flamak i\u00e7in yaln\u0131zca en kaliteli malzemeler ve \u00fcretim y\u00f6ntemleri kullan\u0131larak \u00fcretilmektedir. \u0130ster YC13, YC18, YC18-3, YC35, YC45, YC55, YC65, YC65-2, YC85, YC85-3, YC135, YC225LC veya YC230 ekskavat\u00f6r modelleri i\u00e7in bir d\u00f6ner rulmana ihtiyac\u0131n\u0131z olsun, ihtiya\u00e7lar\u0131n\u0131z i\u00e7in m\u00fckemmel \u00e7\u00f6z\u00fcme sahibiz.<\/p>\n<p>Sal\u0131ncak rulmanlar\u0131m\u0131z en zorlu \u00e7al\u0131\u015fma ko\u015fullar\u0131na dayanacak, optimum performans ve uzun \u00f6m\u00fcr sa\u011flayacak \u015fekilde tasarlanm\u0131\u015ft\u0131r. K\u00fc\u00e7\u00fck ve kompakttan b\u00fcy\u00fck ve a\u011f\u0131r hizmete kadar her t\u00fcr ekskavat\u00f6re uyacak geni\u015f bir boyut ve konfig\u00fcrasyon yelpazesi sunuyoruz.<br \/>\nEkskavat\u00f6r d\u00f6ner rulman serimiz d\u00f6ner halka rulmanlar\u0131, d\u00f6ner tabla rulmanlar\u0131, d\u00f6ner halka rulmanlar\u0131n\u0131 i\u00e7erir, <a href=\"https:\/\/swingbearing.net\/tr\/gear-box-parts\/\">ekskavat\u00f6r par\u00e7alar\u0131<\/a> sal\u0131ncak yataklar\u0131 ve daha fazlas\u0131. \u0130htiya\u00e7lar\u0131n\u0131z ne olursa olsun, bunlar\u0131 kar\u015f\u0131lamak i\u00e7in m\u00fckemmel bir \u00e7\u00f6z\u00fcm\u00fcm\u00fcz var.<\/p>\n<p>Yuchai'de, m\u00fc\u015fterilerimize en kaliteli \u00fcr\u00fcnleri ve m\u00fcmk\u00fcn olan en iyi hizmeti sunmay\u0131 taahh\u00fct ediyoruz. Uzman ekibimiz, sorular\u0131n\u0131z\u0131 yan\u0131tlamak ve ekskavat\u00f6r ihtiya\u00e7lar\u0131n\u0131z i\u00e7in m\u00fckemmel \u00e7\u00f6z\u00fcm\u00fc bulman\u0131za yard\u0131mc\u0131 olmak i\u00e7in her zaman haz\u0131rd\u0131r.<\/p>\n<p>\u00d6yleyse neden bekleyelim? Ekskavat\u00f6r d\u00f6ner rulman serimiz hakk\u0131nda daha fazla bilgi edinmek ve ekskavat\u00f6r performans\u0131n\u0131z\u0131 bir \u00fcst seviyeye ta\u015f\u0131man\u0131za nas\u0131l yard\u0131mc\u0131 olabilece\u011fimizi \u00f6\u011frenmek i\u00e7in bug\u00fcn bize ula\u015f\u0131n. Sizinle \u00e7al\u0131\u015fmak i\u00e7in sab\u0131rs\u0131zlan\u0131yoruz!<\/p>\n<p>CAT, HITACHI, KOMATSU, KOBELCO, HYUNDAI, VOLVO, DOOSAN, DAEWOO, JCB, CASE, SUMITOMO, KATO i\u00e7in alternatif Sal\u0131ncak \u00e7emberi sa\u011flayabiliriz. 1000'den fazla standart ve standart olmayan y\u00fczlerce \u00e7e\u015fit vard\u0131r.<\/p>\n<figure class=\"wp-block-image size-full is-resized\"><a href=\"https:\/\/swingbearing.net\/tr\/swing-bearing\/\"><img decoding=\"async\" class=\"alignnone wp-image-177\" src=\"https:\/\/national-bearing.com\/wp-content\/uploads\/2023\/04\/0001.jpg\" sizes=\"(max-width: 843px) 100vw, 843px\" srcset=\"https:\/\/national-bearing.com\/wp-content\/uploads\/2023\/04\/0001.jpg 600w, https:\/\/national-bearing.com\/wp-content\/uploads\/2023\/04\/0001-300x200.jpg 300w\" alt=\"\" width=\"462\" height=\"308\" \/><\/a><\/figure>","protected":false},"excerpt":{"rendered":"<p>YUCHAI Sal\u0131ncak yata\u011f\u0131<br \/>\nModel:YC400-8,YC225,YC230-8<br \/>\nYC350,YC210-8,YC85-7,YC85-5<\/p>","protected":false},"featured_media":136,"template":"","meta":[],"product_brand":[],"product_cat":[22],"product_tag":[],"class_list":{"0":"post-577","1":"product","2":"type-product","3":"status-publish","4":"has-post-thumbnail","6":"product_cat-swing-bearing","8":"first","9":"instock","10":"shipping-taxable","11":"product-type-simple"},"_links":{"self":[{"href":"https:\/\/swingbearing.net\/tr\/wp-json\/wp\/v2\/product\/577","targetHints":{"allow":["GET"]}}],"collection":[{"href":"https:\/\/swingbearing.net\/tr\/wp-json\/wp\/v2\/product"}],"about":[{"href":"https:\/\/swingbearing.net\/tr\/wp-json\/wp\/v2\/types\/product"}],"wp:featuredmedia":[{"embeddable":true,"href":"https:\/\/swingbearing.net\/tr\/wp-json\/wp\/v2\/media\/136"}],"wp:attachment":[{"href":"https:\/\/swingbearing.net\/tr\/wp-json\/wp\/v2\/media?parent=577"}],"wp:term":[{"taxonomy":"product_brand","embeddable":true,"href":"https:\/\/swingbearing.net\/tr\/wp-json\/wp\/v2\/product_brand?post=577"},{"taxonomy":"product_cat","embeddable":true,"href":"https:\/\/swingbearing.net\/tr\/wp-json\/wp\/v2\/product_cat?post=577"},{"taxonomy":"product_tag","embeddable":true,"href":"https:\/\/swingbearing.net\/tr\/wp-json\/wp\/v2\/product_tag?post=577"}],"curies":[{"name":"wp","href":"https:\/\/api.w.org\/{rel}","templated":true}]}}