{"id":575,"date":"2023-09-27T05:22:14","date_gmt":"2023-09-27T05:22:14","guid":{"rendered":"https:\/\/swingbearing.net\/?post_type=product&#038;p=575"},"modified":"2024-05-15T06:44:50","modified_gmt":"2024-05-15T06:44:50","slug":"swing-bearing-liugong","status":"publish","type":"product","link":"https:\/\/swingbearing.net\/tr\/urun\/salincak-yatagi-liugong\/","title":{"rendered":"Sal\u0131ncak Yata\u011f\u0131 LIUGONG"},"content":{"rendered":"<h2 style=\"text-align: center;\">LIUGONG Sal\u0131ncak Yata\u011f\u0131 Parametreleri<\/h2>\n<figure class=\"wp-block-table is-style-stripes has-small-font-size\">\n<table class=\"has-cyan-bluish-gray-background-color has-background\">\n<tbody>\n<tr>\n<td width=\"52\">Model<\/td>\n<td width=\"62\">Par\u00e7a Numaras\u0131<\/td>\n<td width=\"81\">D\u0131\u015f \u00c7ap<\/td>\n<td width=\"111\">\u0130\u00e7 \u00c7ap<\/td>\n<td width=\"77\">Toplam y\u00fckseklik<\/td>\n<td width=\"77\">D\u0131\u015f Y\u00fckseklik<\/td>\n<td width=\"104\">\u0130\u00e7 Y\u00fckseklik<\/td>\n<td width=\"141\">D\u0131\u015f Delik Parametreleri<\/td>\n<td width=\"103\">\u0130\u00e7 Delik Parametreleri<\/td>\n<td width=\"85\">Di\u015f Say\u0131s\u0131<\/td>\n<\/tr>\n<tr>\n<td width=\"52\">922<\/td>\n<td width=\"62\">26b0272<\/td>\n<td width=\"81\">1405<\/td>\n<td width=\"111\">1129<\/td>\n<td width=\"77\">100<\/td>\n<td width=\"77\">70<\/td>\n<td width=\"104\">90<\/td>\n<td width=\"141\">36-\u03c624 d\u00fczensiz<\/td>\n<td width=\"103\">36-M22<\/td>\n<td width=\"85\">95<\/td>\n<\/tr>\n<tr>\n<td width=\"52\">922<\/td>\n<td width=\"62\">26b0122<\/td>\n<td width=\"81\">1405<\/td>\n<td width=\"111\">1129<\/td>\n<td width=\"77\">100<\/td>\n<td width=\"77\">70<\/td>\n<td width=\"104\">90<\/td>\n<td width=\"141\">36-\u03c624 d\u00fczensiz<\/td>\n<td width=\"103\">36-M22<\/td>\n<td width=\"85\">95<\/td>\n<\/tr>\n<tr>\n<td width=\"52\">922<\/td>\n<td width=\"62\">26b0010<\/td>\n<td width=\"81\">1405<\/td>\n<td width=\"111\">1129<\/td>\n<td width=\"77\">100<\/td>\n<td width=\"77\">70<\/td>\n<td width=\"104\">90<\/td>\n<td width=\"141\">36 E\u015fit da\u011f\u0131l\u0131ml\u0131<\/td>\n<td width=\"103\">36-M22<\/td>\n<td width=\"85\">91<\/td>\n<\/tr>\n<tr>\n<td width=\"52\">LG922D<\/td>\n<td width=\"62\">26B0122<\/td>\n<td width=\"81\">1405<\/td>\n<td width=\"111\">1129<\/td>\n<td width=\"77\">100<\/td>\n<td width=\"77\">70<\/td>\n<td width=\"104\">90<\/td>\n<td width=\"141\">36-\u03c624 d\u00fczensiz<\/td>\n<td width=\"103\">36-M22<\/td>\n<td width=\"85\">95<\/td>\n<\/tr>\n<tr>\n<td width=\"52\"><strong><b>936D<\/b><\/strong><\/td>\n<td width=\"62\">26B0120<\/td>\n<td width=\"81\">1658<\/td>\n<td width=\"111\">1334.3<\/td>\n<td width=\"77\">125<\/td>\n<td width=\"77\">82<\/td>\n<td width=\"104\">115<\/td>\n<td width=\"141\">40-\u03c626 d\u00fczensiz<\/td>\n<td width=\"103\">40-M24 E\u015fit da\u011f\u0131t\u0131lm\u0131\u015f<\/td>\n<td width=\"85\">97<\/td>\n<\/tr>\n<\/tbody>\n<\/table>\n<\/figure>\n<h5 class=\"wp-block-heading has-medium-font-size\">Liugong Ekskavat\u00f6r Sal\u0131ncak Yataklar\u0131<\/h5>\n<p>Liugong Ekskavat\u00f6r Sal\u0131ncak Yata\u011f\u0131: Ekskavat\u00f6r\u00fcn\u00fcz i\u00e7in Dayan\u0131kl\u0131 ve G\u00fcvenilir Bir Se\u00e7im<br \/>\nD\u00f6ner tabla rulmanlar\u0131 olarak da bilinen sal\u0131ncak rulmanlar\u0131, ekskavat\u00f6rlerin \u00f6nemli bir bile\u015fenidir. Bu rulmanlar, ekskavat\u00f6r\u00fcn \u00fcst yap\u0131s\u0131n\u0131n sorunsuz ve g\u00fcvenli bir \u015fekilde d\u00f6nmesini sa\u011flar. Ekskavat\u00f6r d\u00f6ner yataklar\u0131, makinenin performans\u0131nda ve g\u00fcvenilirli\u011finde \u00e7ok \u00f6nemli bir rol oynar. Bu nedenle, ekskavat\u00f6r\u00fcn\u00fcz\u00fcn uzun \u00f6m\u00fcrl\u00fc ve verimli olmas\u0131 i\u00e7in y\u00fcksek kaliteli d\u00f6ner rulmanlar\u0131n se\u00e7ilmesi \u00e7ok \u00f6nemlidir.<br \/>\nLiugong, in\u015faat ekipmanlar\u0131 sekt\u00f6r\u00fcnde tan\u0131nm\u0131\u015f bir markad\u0131r ve dayan\u0131kl\u0131l\u0131klar\u0131 ve g\u00fcvenilirlikleriyle bilinen bir dizi ekskavat\u00f6r d\u00f6ner rulman\u0131 sunmaktad\u0131r. Liugong ekskavat\u00f6r d\u00f6ner yataklar\u0131, zorlu ko\u015fullara ve a\u011f\u0131r y\u00fcklere dayanacak \u015fekilde tasarlanm\u0131\u015ft\u0131r ve ekskavat\u00f6r\u00fcn\u00fcz\u00fcn b\u00fcy\u00fck veya k\u00fc\u00e7\u00fck her i\u015fin \u00fcstesinden gelebilmesini sa\u011flar.<\/p>\n<h5 class=\"wp-block-heading has-medium-font-size\">Uygulanabilir ekskavat\u00f6r sal\u0131ncak yata\u011f\u0131 modeli<\/h5>\n<p class=\"has-text-align-left\">Liugong ekskavat\u00f6r sal\u0131ncak rulmanlar\u0131n\u0131n a\u015fa\u011f\u0131daki modelleri mevcuttur: CLG904, CLG9055, CLG906, CLG907, CLG9075, CLG908, CLG915, CLG150, CLG920, CLG921, CLG922, CLG225, CLG924, CLG925, CLG933, CLG936, CLG939, CLG942, CLG948, CLG950, CLG952, CLG200, CLG205, CLG220 ve CLG225.<br \/>\nBu Liugong ekskavat\u00f6r d\u00f6ner rulmanlar\u0131, optimum performans ve dayan\u0131kl\u0131l\u0131k sa\u011flamak i\u00e7in hassasiyet ve do\u011frulukla tasarlanm\u0131\u015ft\u0131r. Y\u00fcksek kaliteli malzemelerden \u00fcretildikleri i\u00e7in a\u015f\u0131r\u0131 hava ko\u015fullar\u0131na ve a\u011f\u0131r hizmet uygulamalar\u0131na dayanabilirler.<br \/>\nLiugong'un kalite ve g\u00fcvenilirli\u011fe olan ba\u011fl\u0131l\u0131\u011f\u0131, \u00fcr\u00fcnlerinin her y\u00f6n\u00fcne yans\u0131r ve ekskavat\u00f6r sal\u0131ncak rulmanlar\u0131 da bir istisna de\u011fildir. Ekskavat\u00f6r\u00fcn\u00fcz\u00fcn sorunsuz ve verimli \u00e7al\u0131\u015fmas\u0131n\u0131 sa\u011flamak i\u00e7in m\u00fckemmel y\u00fck ta\u015f\u0131ma kapasitesi ve y\u00fcksek hassasiyet sa\u011flayacak \u015fekilde tasarlanm\u0131\u015ft\u0131r.<br \/>\nPerformans avantajlar\u0131na ek olarak, Liugong ekskavat\u00f6r d\u00f6ner rulmanlar\u0131n\u0131n montaj\u0131 da kolayd\u0131r ve minimum bak\u0131m gerektirerek ar\u0131za s\u00fcresini ve onar\u0131m maliyetlerini azalt\u0131r.<br \/>\nEkskavat\u00f6r par\u00e7alar\u0131 sal\u0131ncak yata\u011f\u0131 se\u00e7imi s\u00f6z konusu oldu\u011funda, Liugong gibi y\u00fcksek kaliteli bir marka se\u00e7mek makinenizin uzun \u00f6m\u00fcrl\u00fcl\u00fc\u011f\u00fc ve g\u00fcvenilirli\u011fi i\u00e7in \u00e7ok \u00f6nemlidir. Liugong'un ekskavat\u00f6r sal\u0131ncak di\u015flisi, en iyi performans\u0131, dayan\u0131kl\u0131l\u0131\u011f\u0131 ve g\u00fcvenilirli\u011fi sa\u011flamak i\u00e7in tasarlanm\u0131\u015ft\u0131r ve bu da onlar\u0131 herhangi bir kaz\u0131 projesi i\u00e7in m\u00fckemmel bir se\u00e7im haline getirir.<br \/>\nSonu\u00e7 olarak, y\u00fcksek kaliteli ekskavat\u00f6r d\u00f6ner rulmanlar\u0131 ar\u0131yorsan\u0131z Liugong'dan ba\u015fkas\u0131na bakmay\u0131n. Dayan\u0131kl\u0131 ve g\u00fcvenilir d\u00f6ner bilezik rulmanlar\u0131 ile ekskavat\u00f6r\u00fcn\u00fcz\u00fcn verimli ve sorunsuz bir \u015fekilde \u00e7al\u0131\u015faca\u011f\u0131ndan ve i\u015finizi bitirmek i\u00e7in ihtiya\u00e7 duydu\u011funuz performans\u0131 ve g\u00fcvenilirli\u011fi sa\u011flayaca\u011f\u0131ndan emin olabilirsiniz.<br \/>\nSizin i\u00e7in alternatif Swing \u00e7emberi sa\u011flayabiliriz,<a href=\"https:\/\/national-bearing.com\/excavator-swing-bearings-slewing-rings-cat\/\" target=\"_blank\" rel=\"noopener\">\u00a0KED\u0130<\/a>HITACHI, KOMATSU, KOBELCO, HYUNDAI, VOLVO, DOOSAN, DAEWOO, JCB, CASE, SUMITOMO, KATO, Se\u00e7ebilece\u011finiz 1000'den fazla y\u00fczlerce normal ve standart olmayan tip vard\u0131r.<\/p>\n<figure class=\"wp-block-image size-full\"><\/figure>\n<p>Her t\u00fcr, model veya marka \u00e7evirme halkas\u0131 ile ilgili olarak hizmetinizde olabiliriz. \u0130htiya\u00e7lar\u0131n\u0131zla ilgili sorular\u0131n\u0131z i\u00e7in bug\u00fcn bize ula\u015f\u0131n.<\/p>\n<figure class=\"wp-block-table\">\n<table>\n<tbody>\n<tr>\n<td><img decoding=\"async\" class=\"wp-image-177\" src=\"https:\/\/national-bearing.com\/wp-content\/uploads\/2023\/04\/0001.jpg\" sizes=\"(max-width: 600px) 100vw, 600px\" srcset=\"https:\/\/national-bearing.com\/wp-content\/uploads\/2023\/04\/0001.jpg 600w, https:\/\/national-bearing.com\/wp-content\/uploads\/2023\/04\/0001-300x200.jpg 300w\" alt=\"ekskavat\u00f6r sal\u0131ncak yata\u011f\u0131 \" width=\"600\" height=\"400\" \/><\/td>\n<td><img decoding=\"async\" class=\"wp-image-643\" src=\"https:\/\/national-bearing.com\/wp-content\/uploads\/2023\/04\/66.jpg\" sizes=\"(max-width: 600px) 100vw, 600px\" srcset=\"https:\/\/national-bearing.com\/wp-content\/uploads\/2023\/04\/66.jpg 600w, https:\/\/national-bearing.com\/wp-content\/uploads\/2023\/04\/66-300x200.jpg 300w\" alt=\"ekskavat\u00f6r sal\u0131ncak yata\u011f\u0131 \u00f6l\u00e7\u00fcm\u00fc\" width=\"600\" height=\"400\" \/><\/td>\n<\/tr>\n<\/tbody>\n<\/table>\n<\/figure>","protected":false},"excerpt":{"rendered":"<p>LIUGONG Sal\u0131ncak Yata\u011f\u0131<br \/>\nModel:CLG950,CLG948,LG922D<br \/>\nCLG907,CLG9075,CLG952,CLG904<\/p>","protected":false},"featured_media":136,"template":"","meta":[],"product_brand":[],"product_cat":[22,73],"product_tag":[],"class_list":{"0":"post-575","1":"product","2":"type-product","3":"status-publish","4":"has-post-thumbnail","6":"product_cat-swing-bearing","7":"product_cat-liugong-excavator-swing-bearing","9":"first","10":"instock","11":"shipping-taxable","12":"product-type-simple"},"_links":{"self":[{"href":"https:\/\/swingbearing.net\/tr\/wp-json\/wp\/v2\/product\/575","targetHints":{"allow":["GET"]}}],"collection":[{"href":"https:\/\/swingbearing.net\/tr\/wp-json\/wp\/v2\/product"}],"about":[{"href":"https:\/\/swingbearing.net\/tr\/wp-json\/wp\/v2\/types\/product"}],"wp:featuredmedia":[{"embeddable":true,"href":"https:\/\/swingbearing.net\/tr\/wp-json\/wp\/v2\/media\/136"}],"wp:attachment":[{"href":"https:\/\/swingbearing.net\/tr\/wp-json\/wp\/v2\/media?parent=575"}],"wp:term":[{"taxonomy":"product_brand","embeddable":true,"href":"https:\/\/swingbearing.net\/tr\/wp-json\/wp\/v2\/product_brand?post=575"},{"taxonomy":"product_cat","embeddable":true,"href":"https:\/\/swingbearing.net\/tr\/wp-json\/wp\/v2\/product_cat?post=575"},{"taxonomy":"product_tag","embeddable":true,"href":"https:\/\/swingbearing.net\/tr\/wp-json\/wp\/v2\/product_tag?post=575"}],"curies":[{"name":"wp","href":"https:\/\/api.w.org\/{rel}","templated":true}]}}