{"id":574,"date":"2023-09-27T05:19:35","date_gmt":"2023-09-27T05:19:35","guid":{"rendered":"https:\/\/swingbearing.net\/?post_type=product&#038;p=574"},"modified":"2024-06-12T02:15:53","modified_gmt":"2024-06-12T02:15:53","slug":"swing-bearings-sany","status":"publish","type":"product","link":"https:\/\/swingbearing.net\/tr\/urun\/swing-bearings-sany\/","title":{"rendered":"Sal\u0131ncak Rulmanlar\u0131 SANY"},"content":{"rendered":"<h2 style=\"text-align: center;\">SANY Sal\u0131ncak Rulmanlar\u0131 Parametreleri<\/h2>\n<figure class=\"wp-block-table is-style-stripes has-small-font-size\">\n<table class=\"has-cyan-bluish-gray-background-color has-background\">\n<tbody>\n<tr>\n<td>D\u0131\u015f \u00e7ap Da<\/td>\n<td>\u0130\u00e7 \u00e7ap Di<\/td>\n<td>Montaj y\u00fcksekli\u011fi H<\/td>\n<td>Tan\u0131mlama<\/td>\n<\/tr>\n<tr>\n<td>811<\/td>\n<td>622<\/td>\n<td>75<\/td>\n<td>SY65<\/td>\n<\/tr>\n<tr>\n<td>810<\/td>\n<td>621<\/td>\n<td>75<\/td>\n<td>SY75(90Z)<\/td>\n<\/tr>\n<tr>\n<td>811<\/td>\n<td>601.6<\/td>\n<td>75<\/td>\n<td>SY75(76Z)<\/td>\n<\/tr>\n<tr>\n<td>1122<\/td>\n<td>821<\/td>\n<td>100<\/td>\n<td>SY135<\/td>\n<\/tr>\n<tr>\n<td>1327<\/td>\n<td>1071<\/td>\n<td>99.5<\/td>\n<td>SY185<\/td>\n<\/tr>\n<tr>\n<td>1327<\/td>\n<td>1071<\/td>\n<td>99.5<\/td>\n<td>SY195<\/td>\n<\/tr>\n<tr>\n<td>1322<\/td>\n<td>1071<\/td>\n<td>100<\/td>\n<td>SY200<\/td>\n<\/tr>\n<tr>\n<td>1327<\/td>\n<td>1071<\/td>\n<td>99.5<\/td>\n<td>SY205<\/td>\n<\/tr>\n<tr>\n<td>1322<\/td>\n<td>1071<\/td>\n<td>100<\/td>\n<td>SY210<\/td>\n<\/tr>\n<tr>\n<td>1322<\/td>\n<td>1071<\/td>\n<td>100<\/td>\n<td>SY215-7<\/td>\n<\/tr>\n<tr>\n<td>1322<\/td>\n<td>1071<\/td>\n<td>100<\/td>\n<td>SY215-8<\/td>\n<\/tr>\n<tr>\n<td>1322<\/td>\n<td>1071<\/td>\n<td>100<\/td>\n<td>SY215-9<\/td>\n<\/tr>\n<tr>\n<td>1320<\/td>\n<td>1071<\/td>\n<td>100<\/td>\n<td>SY215<\/td>\n<\/tr>\n<tr>\n<td>1327<\/td>\n<td>1071<\/td>\n<td>99.5<\/td>\n<td>SY235<\/td>\n<\/tr>\n<tr>\n<td>1532<\/td>\n<td>1235<\/td>\n<td>125<\/td>\n<td>SY300<\/td>\n<\/tr>\n<tr>\n<td>1550<\/td>\n<td>1238<\/td>\n<td>152<\/td>\n<td>SY305<\/td>\n<\/tr>\n<tr>\n<td>1532<\/td>\n<td>1235<\/td>\n<td>125<\/td>\n<td>SY310<\/td>\n<\/tr>\n<tr>\n<td>1550<\/td>\n<td>1238<\/td>\n<td>152<\/td>\n<td>SY335<\/td>\n<\/tr>\n<tr>\n<td>1532<\/td>\n<td>1235<\/td>\n<td>125<\/td>\n<td>SY360<\/td>\n<\/tr>\n<tr>\n<td>1550<\/td>\n<td>1238<\/td>\n<td>152<\/td>\n<td>SY365<\/td>\n<\/tr>\n<tr>\n<td>1550<\/td>\n<td>1238.5<\/td>\n<td>152<\/td>\n<td>SY420<\/td>\n<\/tr>\n<\/tbody>\n<\/table>\n<\/figure>\n<p>Sany ekskavat\u00f6r sal\u0131ncak rulmanlar\u0131, her ekskavat\u00f6r\u00fcn sal\u0131ncak sisteminin temel bile\u015fenleridir. Bu rulmanlar ekskavat\u00f6r\u00fcn d\u00f6nmesini ve d\u00f6nmesini sa\u011flayarak operat\u00f6rlerin \u00e7ok \u00e7e\u015fitli kazma, kald\u0131rma ve y\u00fckleme g\u00f6revlerini kolayl\u0131kla yerine getirmesini m\u00fcmk\u00fcn k\u0131lar. Sany'de, SY55, SY60, SY65, SY70, SY75, SY85, SY95, SY115, SY135, SY155, SY195, SY200, SY205, SY215, SY220, SY225, SY235, SY245, SY285, SY305, SY335, SY365, SY375, SY395, SY415 ve SY485 ekskavat\u00f6r modellerine uygun modeller de dahil olmak \u00fczere ekskavat\u00f6rler i\u00e7in \u00f6zel olarak tasarlanm\u0131\u015f bir dizi y\u00fcksek kaliteli d\u00f6ner rulman sunuyoruz.<\/p>\n<p>Sany ekskavat\u00f6r sal\u0131ncak rulmanlar\u0131m\u0131z, en zorlu \u00e7al\u0131\u015fma ko\u015fullar\u0131nda bile optimum performans ve dayan\u0131kl\u0131l\u0131k sa\u011flamak \u00fczere tasarlanm\u0131\u015ft\u0131r. D\u00f6vme \u00e7elik ve \u00f6zel rulman \u00e7eli\u011fi dahil olmak \u00fczere y\u00fcksek kaliteli malzemelerden \u00fcretilirler ve hassas, g\u00fcvenilir ve uzun \u00f6m\u00fcrl\u00fc olmalar\u0131n\u0131 sa\u011flayan geli\u015fmi\u015f \u00fcretim s\u00fcre\u00e7lerine sahiptirler.<\/p>\n<p>Sany ekskavat\u00f6r \u00e7evirme halkam\u0131z\u0131n en \u00f6nemli avantajlar\u0131ndan biri, a\u011f\u0131r y\u00fcklere ve a\u015f\u0131r\u0131 \u00e7al\u0131\u015fma ko\u015fullar\u0131na dayanma kabiliyetidir. Hem eksenel hem de radyal y\u00fcklerin yan\u0131 s\u0131ra y\u00fcksek d\u00fczeyde \u015fok ve titre\u015fime dayanacak \u015fekilde tasarlanm\u0131\u015flard\u0131r, bu da onlar\u0131 madencilik, in\u015faat ve ormanc\u0131l\u0131k gibi zorlu uygulamalarda kullan\u0131m i\u00e7in ideal hale getirir.<\/p>\n<p>G\u00fc\u00e7 ve dayan\u0131kl\u0131l\u0131klar\u0131n\u0131n yan\u0131 s\u0131ra, Sany ekskavat\u00f6r d\u00f6ner rulmanlar\u0131m\u0131z kurulum ve bak\u0131m kolayl\u0131\u011f\u0131 i\u00e7in de tasarlanm\u0131\u015ft\u0131r. Tak\u0131lmas\u0131 ve de\u011fi\u015ftirilmesi kolay olacak \u015fekilde tasarlanm\u0131\u015flard\u0131r ve optimum performans ve uzun \u00f6m\u00fcr sa\u011flamak i\u00e7in minimum bak\u0131m gerektirirler.Sany'de m\u00fc\u015fterilerimize en y\u00fcksek kalitede \u00fcr\u00fcn ve hizmetler sunmay\u0131 taahh\u00fct ediyoruz ve Sany ekskavat\u00f6r d\u00f6ner yataklar\u0131m\u0131z da bir istisna de\u011fildir. \u0130ster mevcut bir ekskavat\u00f6r i\u00e7in yedek rulman ar\u0131yor olun, ister yeni bir makine donat\u0131yor olun, uzman ekibimiz ihtiya\u00e7lar\u0131n\u0131z\u0131 kar\u015f\u0131layacak m\u00fckemmel \u00e7\u00f6z\u00fcm\u00fc bulman\u0131za yard\u0131mc\u0131 olabilir.<\/p>\n<p>Sonu\u00e7 olarak, Sany ekskavat\u00f6r sal\u0131ncak rulmanlar\u0131 her ekskavat\u00f6r i\u00e7in temel bile\u015fenlerdir ve do\u011fru olan\u0131 se\u00e7mek makinenizin performans\u0131nda ve uzun \u00f6m\u00fcrl\u00fcl\u00fc\u011f\u00fcnde \u00f6nemli bir fark yaratabilir. Ekskavat\u00f6rler i\u00e7in \u00f6zel olarak tasarlanm\u0131\u015f y\u00fcksek kaliteli rulman serimizle, en zorlu ko\u015fullarda bile optimum performans ve uzun \u00f6m\u00fcr sa\u011flayacak g\u00fcvenilir ve dayan\u0131kl\u0131 bir \u00fcr\u00fcn ald\u0131\u011f\u0131n\u0131zdan emin olabilirsiniz.<br \/>\nCAT, HITACHI, KOMATSU, KOBELCO, HYUNDAI, VOLVO, DOOSAN, DAEWOO, JCB, CASE, SUMITOMO, KATO, i\u00e7in alternatif d\u00f6ner halkalar sa\u011flayabiliriz, Se\u00e7ti\u011finiz i\u00e7in 1000'den fazla y\u00fczlerce tipte normal ve standart olmayan vard\u0131r.<\/p>\n<figure class=\"wp-block-image size-full is-resized\"><img decoding=\"async\" class=\"wp-image-177\" src=\"https:\/\/national-bearing.com\/wp-content\/uploads\/2023\/04\/0001.jpg\" sizes=\"(max-width: 843px) 100vw, 843px\" srcset=\"https:\/\/national-bearing.com\/wp-content\/uploads\/2023\/04\/0001.jpg 600w, https:\/\/national-bearing.com\/wp-content\/uploads\/2023\/04\/0001-300x200.jpg 300w\" alt=\"\" width=\"515\" height=\"343\" \/><\/figure>\n<p>&nbsp;<\/p>","protected":false},"excerpt":{"rendered":"<p>SANY Sal\u0131ncak Rulmanlar\u0131<br \/>\nModel:SY485,SY415,SY395<br \/>\nSY365,SY375,SY335,SY310<\/p>","protected":false},"featured_media":136,"template":"","meta":[],"product_brand":[],"product_cat":[22,74],"product_tag":[],"class_list":{"0":"post-574","1":"product","2":"type-product","3":"status-publish","4":"has-post-thumbnail","6":"product_cat-swing-bearing","7":"product_cat-sany-excavator-swing-bearing","9":"first","10":"instock","11":"shipping-taxable","12":"product-type-simple"},"_links":{"self":[{"href":"https:\/\/swingbearing.net\/tr\/wp-json\/wp\/v2\/product\/574","targetHints":{"allow":["GET"]}}],"collection":[{"href":"https:\/\/swingbearing.net\/tr\/wp-json\/wp\/v2\/product"}],"about":[{"href":"https:\/\/swingbearing.net\/tr\/wp-json\/wp\/v2\/types\/product"}],"wp:featuredmedia":[{"embeddable":true,"href":"https:\/\/swingbearing.net\/tr\/wp-json\/wp\/v2\/media\/136"}],"wp:attachment":[{"href":"https:\/\/swingbearing.net\/tr\/wp-json\/wp\/v2\/media?parent=574"}],"wp:term":[{"taxonomy":"product_brand","embeddable":true,"href":"https:\/\/swingbearing.net\/tr\/wp-json\/wp\/v2\/product_brand?post=574"},{"taxonomy":"product_cat","embeddable":true,"href":"https:\/\/swingbearing.net\/tr\/wp-json\/wp\/v2\/product_cat?post=574"},{"taxonomy":"product_tag","embeddable":true,"href":"https:\/\/swingbearing.net\/tr\/wp-json\/wp\/v2\/product_tag?post=574"}],"curies":[{"name":"wp","href":"https:\/\/api.w.org\/{rel}","templated":true}]}}