{"id":573,"date":"2023-09-27T05:12:21","date_gmt":"2023-09-27T05:12:21","guid":{"rendered":"https:\/\/swingbearing.net\/?post_type=product&#038;p=573"},"modified":"2024-05-15T06:48:42","modified_gmt":"2024-05-15T06:48:42","slug":"swing-bearing-liebherr","status":"publish","type":"product","link":"https:\/\/swingbearing.net\/tr\/urun\/swing-bearing-liebherr\/","title":{"rendered":"Sal\u0131ncak Yata\u011f\u0131 LIEBHERR"},"content":{"rendered":"<h2 style=\"text-align: center;\">LIEBHERR Sal\u0131ncak Yata\u011f\u0131 Parametreleri<\/h2>\n<figure class=\"wp-block-table is-style-stripes has-small-font-size\">\n<table class=\"has-cyan-bluish-gray-background-color has-background\">\n<tbody>\n<tr>\n<td>Model<\/td>\n<td>Par\u00e7a Numaras\u0131<\/td>\n<td>D\u0131\u015f \u00c7ap<\/td>\n<td>\u0130\u00e7 \u00c7ap<\/td>\n<td>Toplam y\u00fckseklik<\/td>\n<td>D\u0131\u015f Y\u00fckseklik<\/td>\n<td>\u0130\u00e7 Y\u00fckseklik<\/td>\n<td>D\u0131\u015f Delik Parametreleri<\/td>\n<td>\u0130\u00e7 Delik Parametreleri<\/td>\n<td>Di\u015f Say\u0131s\u0131<\/td>\n<\/tr>\n<tr>\n<td>R922<\/td>\n<td>LE982706001<\/td>\n<td>1215<\/td>\n<td>940<\/td>\n<td>115<\/td>\n<td>72<\/td>\n<td>105<\/td>\n<td>48-\u03c622<\/td>\n<td>56-M20<\/td>\n<td>94<\/td>\n<\/tr>\n<tr>\n<td>924HDSL<\/td>\n<td>LE982751901<\/td>\n<td>1215<\/td>\n<td>940<\/td>\n<td>115<\/td>\n<td>72<\/td>\n<td>105<\/td>\n<td>48-\u042422<\/td>\n<td>56-M20bez<\/td>\n<td>94<\/td>\n<\/tr>\n<tr>\n<td>R924C<\/td>\n<td>982751901<\/td>\n<td>1215<\/td>\n<td>940<\/td>\n<td>115<\/td>\n<td>72<\/td>\n<td>105<\/td>\n<td>48-\u042422<\/td>\n<td>56-M20bez<\/td>\n<td>94<\/td>\n<\/tr>\n<tr>\n<td>R924C<\/td>\n<td>932833001<\/td>\n<td>1215<\/td>\n<td>940<\/td>\n<td>115<\/td>\n<td>72<\/td>\n<td>105<\/td>\n<td>48-\u042422<\/td>\n<td>56-M20bez<\/td>\n<td>94<\/td>\n<\/tr>\n<tr>\n<td>R924B<\/td>\n<td>982751901<\/td>\n<td>1215<\/td>\n<td>940<\/td>\n<td>115<\/td>\n<td>72<\/td>\n<td>105<\/td>\n<td>48-\u042422<\/td>\n<td>56-M20bez<\/td>\n<td>94<\/td>\n<\/tr>\n<tr>\n<td>R934<\/td>\n<td>933816501<\/td>\n<td>1355<\/td>\n<td>1012<\/td>\n<td>125<\/td>\n<td><\/td>\n<td><\/td>\n<td>40<\/td>\n<td>48<\/td>\n<td>92<\/td>\n<\/tr>\n<tr>\n<td>R934HD-S<\/td>\n<td>LE939500601<\/td>\n<td>1355<\/td>\n<td>1012<\/td>\n<td>125<\/td>\n<td>92<\/td>\n<td>113<\/td>\n<td>40-26 delikli<\/td>\n<td>48-M24<\/td>\n<td>92<\/td>\n<\/tr>\n<tr>\n<td>934<\/td>\n<td>982752401<\/td>\n<td>1355<\/td>\n<td>1012<\/td>\n<td>125<\/td>\n<td>92<\/td>\n<td>113<\/td>\n<td>40-26 delikli<\/td>\n<td>48-M24<\/td>\n<td>92<\/td>\n<\/tr>\n<tr>\n<td>R-944C<\/td>\n<td>933628601<\/td>\n<td>1365<\/td>\n<td>1008<\/td>\n<td>150<\/td>\n<td>112<\/td>\n<td>140<\/td>\n<td>60-\u042426<\/td>\n<td>72-M24bez<\/td>\n<td>84<\/td>\n<\/tr>\n<tr>\n<td>R944B<\/td>\n<td>933626601<\/td>\n<td>1365<\/td>\n<td>1008<\/td>\n<td>150<\/td>\n<td>112<\/td>\n<td>140<\/td>\n<td>60<\/td>\n<td>72<\/td>\n<td>84<\/td>\n<\/tr>\n<\/tbody>\n<\/table>\n<\/figure>\n<p>Liebherr ekskavat\u00f6rleri g\u00fcvenilirlikleri ve dayan\u0131kl\u0131l\u0131klar\u0131yla \u00fcnl\u00fcd\u00fcr, bu da onlar\u0131 in\u015faat ve madencilik end\u00fcstrileri i\u00e7in pop\u00fcler bir se\u00e7im haline getirir. Makinenin performans\u0131na katk\u0131da bulunan kritik bile\u015fenlerden biri de ekskavat\u00f6r sal\u0131ncak yata\u011f\u0131d\u0131r. Liebherr ekskavat\u00f6r sal\u0131ncak rulmanlar\u0131, zorlu ortamlarda a\u011f\u0131r i\u015flerin zorlu taleplerini kar\u015f\u0131layacak \u015fekilde tasarlanm\u0131\u015ft\u0131r.<\/p>\n<p>Ekskavat\u00f6rler i\u00e7in sal\u0131ncak yata\u011f\u0131, \u00fcst yap\u0131n\u0131n d\u00f6n\u00fc\u015f\u00fcn\u00fc destekledi\u011finden makinenin \u00e7al\u0131\u015fmas\u0131nda \u00e7ok \u00f6nemli bir rol oynar. Bir ekskavat\u00f6r i\u00e7in kaliteli bir d\u00f6ner rulman olmadan, \u00fcst yap\u0131 sorunsuz bir \u015fekilde d\u00f6nemez ve bu da makinenin genel performans\u0131n\u0131 etkiler. Liebherr ekskavat\u00f6r d\u00f6ner yataklar\u0131, y\u00fcksek y\u00fck kapasitesi, hassasiyet ve uzun hizmet \u00f6mr\u00fc sunarak optimum makine performans\u0131 sa\u011flamak \u00fczere tasarlanm\u0131\u015ft\u0131r.<\/p>\n<p>Liebherr ekskavat\u00f6r sal\u0131ncak rulmanlar\u0131, sal\u0131ncak halkas\u0131 rulmanlar\u0131, ekskavat\u00f6r d\u00f6ner halka rulmanlar\u0131 veya d\u00f6ner tabla rulmanlar\u0131 olarak da bilinir. Bu rulmanlar, makinenin a\u011f\u0131rl\u0131\u011f\u0131n\u0131 desteklemek i\u00e7in bir yuvarlanma yolu ile tasarlanm\u0131\u015ft\u0131r ve \u00fcst yap\u0131n\u0131n kolayl\u0131kla d\u00f6nmesini sa\u011flar. Ekskavat\u00f6r par\u00e7alar\u0131 sal\u0131ncak yata\u011f\u0131, a\u011f\u0131r y\u00fcklere, a\u015f\u0131r\u0131 s\u0131cakl\u0131klara ve zorlu ko\u015fullara dayanabilmesini sa\u011flamak i\u00e7in y\u00fcksek mukavemetli malzemelerden yap\u0131lm\u0131\u015ft\u0131r.<\/p>\n<p>Liebherr, \u00e7e\u015fitli ekskavat\u00f6r modelleriyle uyumlu bir dizi ekskavat\u00f6r d\u00f6ner rulman\u0131 sunmaktad\u0131r. \u015eu anda piyasada bulunan modeller R914, R924, R944, R934 ve R944CLC'dir. Bu modeller maksimum dayan\u0131kl\u0131l\u0131k ve performans sa\u011flayacak \u015fekilde tasarlanm\u0131\u015ft\u0131r ve makinenizin her t\u00fcrl\u00fc i\u015fin \u00fcstesinden gelebilmesini sa\u011flar.<\/p>\n<p>Liebherr, ekskavat\u00f6r sal\u0131ncak yata\u011f\u0131na ek olarak \u015funlar\u0131 da sa\u011flar<a href=\"https:\/\/swingbearing.net\/tr\/swing-bearing\/\"> ekskavat\u00f6r d\u00f6ner di\u015flisi<\/a> ve ekskavat\u00f6r sal\u0131ncak di\u015flisi. Bu bile\u015fenler, makinenin \u00fcst yap\u0131s\u0131n\u0131n sorunsuz ve verimli bir \u015fekilde d\u00f6nmesini sa\u011flamak i\u00e7in birlikte \u00e7al\u0131\u015f\u0131r ve bu da onlar\u0131 herhangi bir Liebherr ekskavat\u00f6r\u00fcn\u00fcn temel par\u00e7alar\u0131 haline getirir.<br \/>\nSonu\u00e7 olarak, ekskavat\u00f6r d\u00f6ner yataklar\u0131 s\u00f6z konusu oldu\u011funda Liebherr g\u00fcvenebilece\u011finiz bir isimdir. Ekskavat\u00f6r i\u00e7in kaliteli d\u00f6ner rulmanlar\u0131, y\u00fcksek y\u00fck kapasitesi, hassasiyet ve uzun hizmet \u00f6mr\u00fc sa\u011flayarak en zorlu ko\u015fullara dayanacak \u015fekilde tasarlanm\u0131\u015ft\u0131r. \u0130ster in\u015faat ister madencilik sekt\u00f6r\u00fcnde olun, Liebherr ekskavat\u00f6r d\u00f6ner rulmanlar\u0131 optimum makine performans\u0131 i\u00e7in ideal se\u00e7imdir.<\/p>\n<p>CAT, HITACHI, KOMATSU, KOBELCO, HYUNDAI, VOLVO, DOOSAN, DAEWOO, JCB, CASE, SUMITOMO, KATO i\u00e7in alternatif Sal\u0131ncak \u00e7emberi sa\u011flayabiliriz. 1000'den fazla standart ve standart olmayan y\u00fczlerce \u00e7e\u015fit vard\u0131r.<\/p>\n<figure class=\"wp-block-image size-full is-resized\"><img decoding=\"async\" class=\"wp-image-177\" src=\"https:\/\/national-bearing.com\/wp-content\/uploads\/2023\/04\/0001.jpg\" sizes=\"(max-width: 843px) 100vw, 843px\" srcset=\"https:\/\/national-bearing.com\/wp-content\/uploads\/2023\/04\/0001.jpg 600w, https:\/\/national-bearing.com\/wp-content\/uploads\/2023\/04\/0001-300x200.jpg 300w\" alt=\"\" width=\"515\" height=\"343\" \/><\/figure>","protected":false},"excerpt":{"rendered":"<p>LIEBHERR Sal\u0131ncak Yata\u011f\u0131<br \/>\nModel:R944B,934,R-944C<br \/>\nR924B, R924C, 924HDSL<\/p>","protected":false},"featured_media":136,"template":"","meta":[],"product_brand":[],"product_cat":[22,72],"product_tag":[],"class_list":{"0":"post-573","1":"product","2":"type-product","3":"status-publish","4":"has-post-thumbnail","6":"product_cat-swing-bearing","7":"product_cat-liebherr-excavator-swing-bearing","9":"first","10":"instock","11":"shipping-taxable","12":"product-type-simple"},"_links":{"self":[{"href":"https:\/\/swingbearing.net\/tr\/wp-json\/wp\/v2\/product\/573","targetHints":{"allow":["GET"]}}],"collection":[{"href":"https:\/\/swingbearing.net\/tr\/wp-json\/wp\/v2\/product"}],"about":[{"href":"https:\/\/swingbearing.net\/tr\/wp-json\/wp\/v2\/types\/product"}],"wp:featuredmedia":[{"embeddable":true,"href":"https:\/\/swingbearing.net\/tr\/wp-json\/wp\/v2\/media\/136"}],"wp:attachment":[{"href":"https:\/\/swingbearing.net\/tr\/wp-json\/wp\/v2\/media?parent=573"}],"wp:term":[{"taxonomy":"product_brand","embeddable":true,"href":"https:\/\/swingbearing.net\/tr\/wp-json\/wp\/v2\/product_brand?post=573"},{"taxonomy":"product_cat","embeddable":true,"href":"https:\/\/swingbearing.net\/tr\/wp-json\/wp\/v2\/product_cat?post=573"},{"taxonomy":"product_tag","embeddable":true,"href":"https:\/\/swingbearing.net\/tr\/wp-json\/wp\/v2\/product_tag?post=573"}],"curies":[{"name":"wp","href":"https:\/\/api.w.org\/{rel}","templated":true}]}}