{"id":572,"date":"2023-09-27T05:08:54","date_gmt":"2023-09-27T05:08:54","guid":{"rendered":"https:\/\/swingbearing.net\/?post_type=product&#038;p=572"},"modified":"2024-05-15T06:51:15","modified_gmt":"2024-05-15T06:51:15","slug":"swing-bearing-case","status":"publish","type":"product","link":"https:\/\/swingbearing.net\/tr\/urun\/swing-bearing-case\/","title":{"rendered":"Sal\u0131ncak Yata\u011f\u0131 KASASI"},"content":{"rendered":"<h2 style=\"text-align: center;\">CASE Sal\u0131ncak Yata\u011f\u0131 Parametreleri<\/h2>\n<figure class=\"wp-block-table is-style-stripes has-small-font-size\">\n<table class=\"has-cyan-bluish-gray-background-color has-background\">\n<tbody>\n<tr>\n<td style=\"text-align: right;\">Model<\/td>\n<td style=\"text-align: right;\">Par\u00e7a Numaras\u0131<\/td>\n<td style=\"text-align: right;\">D\u0131\u015f \u00c7ap<\/td>\n<td style=\"text-align: right;\">\u0130\u00e7 \u00c7ap<\/td>\n<td style=\"text-align: right;\">Toplam y\u00fckseklik<\/td>\n<td style=\"text-align: right;\">D\u0131\u015f Y\u00fckseklik<\/td>\n<td style=\"text-align: right;\">\u0130\u00e7 Y\u00fckseklik<\/td>\n<td style=\"text-align: right;\">D\u0131\u015f Delik Parametreleri<\/td>\n<td style=\"text-align: right;\">\u0130\u00e7 Delik Parametreleri<\/td>\n<td style=\"text-align: right;\">Di\u015f Say\u0131s\u0131<\/td>\n<\/tr>\n<tr>\n<td>CX130<\/td>\n<td>KNB10130<\/td>\n<td>1172<\/td>\n<td>972<\/td>\n<td>88<\/td>\n<td>65<\/td>\n<td>78<\/td>\n<td>28<\/td>\n<td>36<\/td>\n<td>98<\/td>\n<\/tr>\n<tr>\n<td>CX130<\/td>\n<td>KNB 11840<\/td>\n<td>1172<\/td>\n<td>973<\/td>\n<td>88<\/td>\n<td>65<\/td>\n<td>78<\/td>\n<td>28<\/td>\n<td>36<\/td>\n<td>98<\/td>\n<\/tr>\n<tr>\n<td>CX210<\/td>\n<td>KRB1347<\/td>\n<td>1330<\/td>\n<td>1094<\/td>\n<td>103<\/td>\n<td>74<\/td>\n<td>92<\/td>\n<td>31<\/td>\n<td>36<\/td>\n<td>92<\/td>\n<\/tr>\n<tr>\n<td>CX210<\/td>\n<td>KRB1603<\/td>\n<td>1330<\/td>\n<td>1094<\/td>\n<td>103<\/td>\n<td>74<\/td>\n<td>92<\/td>\n<td>31<\/td>\n<td>36<\/td>\n<td>92<\/td>\n<\/tr>\n<tr>\n<td>CX210<\/td>\n<td>KRB10160<\/td>\n<td>1330<\/td>\n<td>1093<\/td>\n<td>102<\/td>\n<td>74<\/td>\n<td>92<\/td>\n<td>31-\u03c622<\/td>\n<td>36-M20<\/td>\n<td>92<\/td>\n<\/tr>\n<tr>\n<td>CX210B<\/td>\n<td>KRB10160<\/td>\n<td>1330<\/td>\n<td>1093<\/td>\n<td>102<\/td>\n<td>74<\/td>\n<td>92<\/td>\n<td>31-\u03c622<\/td>\n<td>36-M20<\/td>\n<td>92<\/td>\n<\/tr>\n<tr>\n<td>CX210<\/td>\n<td>KRB10180<\/td>\n<td>1330<\/td>\n<td>1093<\/td>\n<td>102<\/td>\n<td>74<\/td>\n<td>92<\/td>\n<td>31-\u03c622.5<\/td>\n<td>36-M20<\/td>\n<td>92<\/td>\n<\/tr>\n<tr>\n<td>CX210B<\/td>\n<td>KRB11710<\/td>\n<td>1330<\/td>\n<td>1093<\/td>\n<td>102<\/td>\n<td>74<\/td>\n<td>92<\/td>\n<td>31-\u03c622<\/td>\n<td>36-M20<\/td>\n<td>92<\/td>\n<\/tr>\n<tr>\n<td>CX210C<\/td>\n<td>KRB11710<\/td>\n<td>1330<\/td>\n<td>1093<\/td>\n<td>102<\/td>\n<td>74<\/td>\n<td>92<\/td>\n<td>31-\u03c622<\/td>\n<td>36-M20<\/td>\n<td>92<\/td>\n<\/tr>\n<tr>\n<td>CNH E215<\/td>\n<td>72203516<\/td>\n<td>1312<\/td>\n<td>1082<\/td>\n<td>110<\/td>\n<td>79<\/td>\n<td>98<\/td>\n<td>33<\/td>\n<td>36<\/td>\n<td>110<\/td>\n<\/tr>\n<tr>\n<td>CNH E215<\/td>\n<td>87472588<\/td>\n<td>1312<\/td>\n<td>1082<\/td>\n<td>110<\/td>\n<td>79<\/td>\n<td>98<\/td>\n<td>33<\/td>\n<td>36<\/td>\n<td>110<\/td>\n<\/tr>\n<tr>\n<td>CX240<\/td>\n<td>KBB0878<\/td>\n<td>1375<\/td>\n<td>1094<\/td>\n<td>124<\/td>\n<td>88<\/td>\n<td>114<\/td>\n<td>27-\u03a626<\/td>\n<td>36-M24<\/td>\n<td>92<\/td>\n<\/tr>\n<tr>\n<td>CX240<\/td>\n<td>KBB0282<\/td>\n<td>1375<\/td>\n<td>1094<\/td>\n<td>124<\/td>\n<td>80<\/td>\n<td>114<\/td>\n<td>26-\u03c626<\/td>\n<td>36-M24<\/td>\n<td>92<\/td>\n<\/tr>\n<tr>\n<td>CX240<\/td>\n<td>KBB 10080<\/td>\n<td>1376<\/td>\n<td>1093<\/td>\n<td>125<\/td>\n<td>88<\/td>\n<td>114<\/td>\n<td>27<\/td>\n<td>36<\/td>\n<td>92<\/td>\n<\/tr>\n<tr>\n<td>CX240B<\/td>\n<td>KBB11350<\/td>\n<td>1377<\/td>\n<td>1094<\/td>\n<td>124<\/td>\n<td>88<\/td>\n<td>114<\/td>\n<td>28-26<\/td>\n<td>36-M24<\/td>\n<td>92<\/td>\n<\/tr>\n<tr>\n<td>CX460<\/td>\n<td>KTB10010<\/td>\n<td>1615<\/td>\n<td>1275<\/td>\n<td>145<\/td>\n<td>125<\/td>\n<td>135<\/td>\n<td>41-\u03a626<\/td>\n<td>46-M24<\/td>\n<td>92<\/td>\n<\/tr>\n<tr>\n<td>CX290<\/td>\n<td>KBB10100<\/td>\n<td>1615<\/td>\n<td>1274<\/td>\n<td>122<\/td>\n<td>100<\/td>\n<td>110<\/td>\n<td>41<\/td>\n<td>46<\/td>\n<td>92<\/td>\n<\/tr>\n<\/tbody>\n<\/table>\n<\/figure>\n<p>Ekskavat\u00f6rler in\u015faat, madencilik ve di\u011fer sekt\u00f6rlerde a\u011f\u0131r y\u00fckleri kazmak, ta\u015f\u0131mak ve kald\u0131rmak i\u00e7in kullan\u0131lan a\u011f\u0131r makinelerdir. Bir ekskavat\u00f6r\u00fcn \u00f6nemli bir bile\u015feni, makinenin 360 derece d\u00f6nmesini sa\u011flayan d\u00f6ner yatak olarak da bilinen d\u00f6ner yata\u011f\u0131d\u0131r. CASE ekskavat\u00f6r\u00fcn\u00fcz i\u00e7in y\u00fcksek kaliteli d\u00f6ner tabla rulmanlar\u0131 ar\u0131yorsan\u0131z, \u00fcr\u00fcn se\u00e7eneklerimizden ba\u015fkas\u0131na bakmay\u0131n.<\/p>\n<p>CASE ekskavat\u00f6rleri i\u00e7in sal\u0131ncak rulman serimiz a\u015fa\u011f\u0131daki modelleri i\u00e7erir: CX50B, CX55, CX210, CX210B, CX240A ve CX240B. Bu rulmanlar CASE ekskavat\u00f6r\u00fcn\u00fcze uyacak \u015fekilde \u00f6zel olarak tasarlanm\u0131\u015ft\u0131r ve a\u011f\u0131r y\u00fckler alt\u0131nda bile sorunsuz ve g\u00fcvenilir d\u00f6n\u00fc\u015f sa\u011flar.<br \/>\nEkskavat\u00f6r sal\u0131ncak rulmanlar\u0131m\u0131z, maksimum dayan\u0131kl\u0131l\u0131k ve performans sa\u011flamak i\u00e7in y\u00fcksek kaliteli malzemelerden \u00fcretilmi\u015ftir. D\u00f6ner tabla rulman\u0131 ve d\u00f6ner halka rulman\u0131 bile\u015fenleri, m\u00fckemmel uyum ve sorunsuz \u00e7al\u0131\u015fma sa\u011flamak i\u00e7in s\u0131k\u0131 toleranslara g\u00f6re i\u015flenir. Ayr\u0131ca, rulmanlar a\u015f\u0131nma ve y\u0131pranmaya kar\u015f\u0131 dayan\u0131kl\u0131 olacak \u015fekilde tasarlanm\u0131\u015ft\u0131r, bu da onlar\u0131 a\u011f\u0131r hizmet uygulamalar\u0131 i\u00e7in ideal hale getirir.<\/p>\n<p>Y\u00fcksek kaliteli yap\u0131lar\u0131na ek olarak, CASE ekskavat\u00f6r sal\u0131ncak rulmanlar\u0131m\u0131z\u0131n kurulumu ve bak\u0131m\u0131 kolayd\u0131r. Hi\u00e7bir de\u011fi\u015fiklik gerektirmeden orijinal ekipman \u00fcreticisi (OEM) par\u00e7alar\u0131n\u0131n yerini alacak \u015fekilde tasarlanm\u0131\u015ft\u0131r ve kurulumu \u00e7ocuk oyunca\u011f\u0131 haline getirir. Ayr\u0131ca rulmanlar\u0131m\u0131z i\u00e7in bir dizi yedek par\u00e7a sunarak ekskavat\u00f6r\u00fcn\u00fcz\u00fcn y\u0131llarca sorunsuz \u00e7al\u0131\u015fmas\u0131n\u0131 sa\u011fl\u0131yoruz.<\/p>\n<p>Ekskavat\u00f6r d\u00f6ner yataklar\u0131m\u0131z, ekskavat\u00f6r\u00fcn\u00fczdeki d\u00f6ner di\u015fli sisteminin \u00f6nemli bir bile\u015fenidir. D\u00f6ner yata\u011fa ba\u011fl\u0131 olan d\u00f6ner di\u015fli, ekskavat\u00f6r\u00fcn d\u00f6nmesini sa\u011flar. Ekskavat\u00f6r sal\u0131ncak di\u015flisi de sorunsuz ve verimli \u00e7al\u0131\u015fmay\u0131 sa\u011flamak i\u00e7in d\u00f6ner rulmanla birlikte \u00e7al\u0131\u015f\u0131r.<br \/>\nSonu\u00e7 olarak, CASE ekskavat\u00f6r sal\u0131ncak rulmanlar\u0131 serimiz, ekskavat\u00f6rleri i\u00e7in y\u00fcksek kaliteli, g\u00fcvenilir ve dayan\u0131kl\u0131 par\u00e7alar arayan herkes i\u00e7in m\u00fckemmel bir se\u00e7imdir. D\u00f6ner rulman se\u00e7eneklerimiz, CASE ekskavat\u00f6r\u00fcn\u00fcze uyacak ve a\u011f\u0131r y\u00fckler alt\u0131nda bile sorunsuz ve verimli \u00e7al\u0131\u015fma sa\u011flayacak \u015fekilde \u00f6zel olarak tasarlanm\u0131\u015ft\u0131r. \u00dcr\u00fcnlerimiz hakk\u0131nda daha fazla bilgi edinmek ve ekskavat\u00f6r\u00fcn\u00fcz\u00fcn sorunsuz \u00e7al\u0131\u015fmas\u0131na nas\u0131l yard\u0131mc\u0131 olabilece\u011fimizi \u00f6\u011frenmek i\u00e7in bug\u00fcn bize ula\u015f\u0131n.<br \/>\nCAT, HITACHI, KOMATSU, KOBELCO, HYUNDAI, VOLVO, DOOSAN, DAEWOO, JCB, CASE, SUMITOMO, KATO, i\u00e7in alternatif Sal\u0131ncak yata\u011f\u0131 sa\u011flayabiliriz, Se\u00e7ti\u011finiz i\u00e7in 1000'den fazla y\u00fczlerce tipte normal ve standart olmayan vard\u0131r.<\/p>","protected":false},"excerpt":{"rendered":"<p>CASE Sal\u0131ncak Yata\u011f\u0131<br \/>\nModel:CX290,CX460,CX240B<br \/>\nCNH E215, CX210C, CX210B<\/p>","protected":false},"featured_media":136,"template":"","meta":[],"product_brand":[],"product_cat":[22,71],"product_tag":[],"class_list":{"0":"post-572","1":"product","2":"type-product","3":"status-publish","4":"has-post-thumbnail","6":"product_cat-swing-bearing","7":"product_cat-case-excavator-swing-bearing","9":"first","10":"instock","11":"shipping-taxable","12":"product-type-simple"},"_links":{"self":[{"href":"https:\/\/swingbearing.net\/tr\/wp-json\/wp\/v2\/product\/572","targetHints":{"allow":["GET"]}}],"collection":[{"href":"https:\/\/swingbearing.net\/tr\/wp-json\/wp\/v2\/product"}],"about":[{"href":"https:\/\/swingbearing.net\/tr\/wp-json\/wp\/v2\/types\/product"}],"wp:featuredmedia":[{"embeddable":true,"href":"https:\/\/swingbearing.net\/tr\/wp-json\/wp\/v2\/media\/136"}],"wp:attachment":[{"href":"https:\/\/swingbearing.net\/tr\/wp-json\/wp\/v2\/media?parent=572"}],"wp:term":[{"taxonomy":"product_brand","embeddable":true,"href":"https:\/\/swingbearing.net\/tr\/wp-json\/wp\/v2\/product_brand?post=572"},{"taxonomy":"product_cat","embeddable":true,"href":"https:\/\/swingbearing.net\/tr\/wp-json\/wp\/v2\/product_cat?post=572"},{"taxonomy":"product_tag","embeddable":true,"href":"https:\/\/swingbearing.net\/tr\/wp-json\/wp\/v2\/product_tag?post=572"}],"curies":[{"name":"wp","href":"https:\/\/api.w.org\/{rel}","templated":true}]}}