{"id":571,"date":"2023-09-27T05:00:28","date_gmt":"2023-09-27T05:00:28","guid":{"rendered":"https:\/\/swingbearing.net\/?post_type=product&#038;p=571"},"modified":"2024-06-08T09:17:52","modified_gmt":"2024-06-08T09:17:52","slug":"swing-bearing-doosan","status":"publish","type":"product","link":"https:\/\/swingbearing.net\/tr\/urun\/salincak-yatagi-doosan\/","title":{"rendered":"Sal\u0131ncak Yata\u011f\u0131 DOOSAN"},"content":{"rendered":"<h2 style=\"text-align: center;\">DOOSAN Sal\u0131ncak Yata\u011f\u0131 Parametreleri<\/h2>\r\n<figure class=\"wp-block-table\" style=\"font-size: 12px;\">\r\n<table>\r\n<tbody>\r\n<tr>\r\n<td>Model<\/td>\r\n<td>Par\u00e7a Numaras\u0131<\/td>\r\n<td>D\u0131\u015f \u00c7ap<\/td>\r\n<td>\u0130\u00e7 \u00c7ap<\/td>\r\n<td>Toplam y\u00fckseklik<\/td>\r\n<td>D\u0131\u015f Y\u00fckseklik<\/td>\r\n<td>\u0130\u00e7 Y\u00fckseklik<\/td>\r\n<td>D\u0131\u015f Delik Parametreleri<\/td>\r\n<td>\u0130\u00e7 Delik Parametreleri<\/td>\r\n<td>Di\u015f Say\u0131s\u0131<\/td>\r\n<\/tr>\r\n<tr>\r\n<td>S140LC-V<\/td>\r\n<td>109-00165<\/td>\r\n<td>1202<\/td>\r\n<td>945<\/td>\r\n<td>84<\/td>\r\n<td>75<\/td>\r\n<td>70<\/td>\r\n<td>36-\u042422<\/td>\r\n<td>36-M20<\/td>\r\n<td>80<\/td>\r\n<\/tr>\r\n<tr>\r\n<td>DX225<\/td>\r\n<td>109-00162<\/td>\r\n<td>1327<\/td>\r\n<td>1082<\/td>\r\n<td>110<\/td>\r\n<td>90<\/td>\r\n<td>95<\/td>\r\n<td>36<\/td>\r\n<td>36<\/td>\r\n<td>92<\/td>\r\n<\/tr>\r\n<tr>\r\n<td>DX225<\/td>\r\n<td>109-00162A<\/td>\r\n<td>1327<\/td>\r\n<td>1082<\/td>\r\n<td>110<\/td>\r\n<td>90<\/td>\r\n<td>95<\/td>\r\n<td>36-\u03c621<\/td>\r\n<td>36-M20*1.5<\/td>\r\n<td>92<\/td>\r\n<\/tr>\r\n<tr>\r\n<td>DX225LC<\/td>\r\n<td>109-00162<\/td>\r\n<td>1327<\/td>\r\n<td>1082<\/td>\r\n<td>110<\/td>\r\n<td>90<\/td>\r\n<td>95<\/td>\r\n<td>36-\u03c621<\/td>\r\n<td>36-M20*1.5<\/td>\r\n<td>92<\/td>\r\n<\/tr>\r\n<tr>\r\n<td>DX225LCA<\/td>\r\n<td>109-00162A<\/td>\r\n<td>1327<\/td>\r\n<td>1082<\/td>\r\n<td>110<\/td>\r\n<td>90<\/td>\r\n<td>95<\/td>\r\n<td>36-\u03c621<\/td>\r\n<td>36-M20*1.5<\/td>\r\n<td>92<\/td>\r\n<\/tr>\r\n<tr>\r\n<td>DX225LCA<\/td>\r\n<td>140109-00048A<\/td>\r\n<td>1327<\/td>\r\n<td>1082<\/td>\r\n<td>110<\/td>\r\n<td>90<\/td>\r\n<td>95<\/td>\r\n<td>36-\u03c621<\/td>\r\n<td>36-M20*1.5<\/td>\r\n<td>92<\/td>\r\n<\/tr>\r\n<tr>\r\n<td>S225NLC<\/td>\r\n<td>140109-00045<\/td>\r\n<td>1327<\/td>\r\n<td>1082<\/td>\r\n<td>110<\/td>\r\n<td>90<\/td>\r\n<td>95<\/td>\r\n<td>36-\u03c621<\/td>\r\n<td>36-M20*1.5<\/td>\r\n<td>92<\/td>\r\n<\/tr>\r\n<tr>\r\n<td>SL220LC-V<\/td>\r\n<td>109-00052<\/td>\r\n<td>1328<\/td>\r\n<td>1084<\/td>\r\n<td>110<\/td>\r\n<td>91<\/td>\r\n<td>95<\/td>\r\n<td>36-\u03c621<\/td>\r\n<td>36-M20*1.5<\/td>\r\n<td>92<\/td>\r\n<\/tr>\r\n<tr>\r\n<td>225NLC-V<\/td>\r\n<td>109-00052B<\/td>\r\n<td>1328<\/td>\r\n<td>1084<\/td>\r\n<td>110<\/td>\r\n<td>91<\/td>\r\n<td>95<\/td>\r\n<td>36-\u03c621<\/td>\r\n<td>36-M20*1.5<\/td>\r\n<td>92<\/td>\r\n<\/tr>\r\n<tr>\r\n<td>225NLC-V<\/td>\r\n<td>140109-00045<\/td>\r\n<td>1328<\/td>\r\n<td>1084<\/td>\r\n<td>110<\/td>\r\n<td>91<\/td>\r\n<td>95<\/td>\r\n<td>36-\u03c621<\/td>\r\n<td>36-M20*1.5<\/td>\r\n<td>92<\/td>\r\n<\/tr>\r\n<tr>\r\n<td>255LC-V<\/td>\r\n<td>109-00030B<\/td>\r\n<td>1410<\/td>\r\n<td>1131<\/td>\r\n<td>117<\/td>\r\n<td>89<\/td>\r\n<td>105<\/td>\r\n<td>35-\u03c625<\/td>\r\n<td>36-M24*2<\/td>\r\n<td>82<\/td>\r\n<\/tr>\r\n<tr>\r\n<td>255LC-V<\/td>\r\n<td>180-00297D3<\/td>\r\n<td>1410<\/td>\r\n<td>1131<\/td>\r\n<td>117<\/td>\r\n<td>89<\/td>\r\n<td>105<\/td>\r\n<td>35-\u03c625<\/td>\r\n<td>36-M24*2<\/td>\r\n<td>82<\/td>\r\n<\/tr>\r\n<tr>\r\n<td>255lc-v<\/td>\r\n<td>140109-00042<\/td>\r\n<td>1410<\/td>\r\n<td>1131<\/td>\r\n<td>117<\/td>\r\n<td>89<\/td>\r\n<td>105<\/td>\r\n<td>35-\u03c625<\/td>\r\n<td>36-M24*2<\/td>\r\n<td>82<\/td>\r\n<\/tr>\r\n<tr>\r\n<td>255lc-v<\/td>\r\n<td>140109-00043<\/td>\r\n<td>1410<\/td>\r\n<td>1131<\/td>\r\n<td>117<\/td>\r\n<td>89<\/td>\r\n<td>105<\/td>\r\n<td>35-\u03c625<\/td>\r\n<td>36-M24*2<\/td>\r\n<td>82<\/td>\r\n<\/tr>\r\n<tr>\r\n<td>Dx300LCA<\/td>\r\n<td>140109-00010A<\/td>\r\n<td>1475<\/td>\r\n<td>1165<\/td>\r\n<td>120<\/td>\r\n<td>90<\/td>\r\n<td>110<\/td>\r\n<td>35<\/td>\r\n<td>36<\/td>\r\n<td>85<\/td>\r\n<\/tr>\r\n<tr>\r\n<td>S340<\/td>\r\n<td>140109-00038<\/td>\r\n<td>1544<\/td>\r\n<td>1235<\/td>\r\n<td>122<\/td>\r\n<td>87<\/td>\r\n<td>110<\/td>\r\n<td>35-\u03c626<\/td>\r\n<td>40-M24<\/td>\r\n<td>90<\/td>\r\n<\/tr>\r\n<tr>\r\n<td>S340LC-V<\/td>\r\n<td>140109-00038<\/td>\r\n<td>1544<\/td>\r\n<td>1235<\/td>\r\n<td>122<\/td>\r\n<td>87<\/td>\r\n<td>110<\/td>\r\n<td>35-\u03c626<\/td>\r\n<td>40-M24<\/td>\r\n<td>90<\/td>\r\n<\/tr>\r\n<tr>\r\n<td>S340LC-V<\/td>\r\n<td>2109-1059a<\/td>\r\n<td>1544<\/td>\r\n<td>1235<\/td>\r\n<td>122<\/td>\r\n<td>87<\/td>\r\n<td>110<\/td>\r\n<td>35-\u03c626<\/td>\r\n<td>40-M24<\/td>\r\n<td>90<\/td>\r\n<\/tr>\r\n<tr>\r\n<td>DOOSAN 420<\/td>\r\n<td>140109-00039<\/td>\r\n<td>1549<\/td>\r\n<td>1235<\/td>\r\n<td>134<\/td>\r\n<td>103<\/td>\r\n<td>120<\/td>\r\n<td>35-\u03c626<\/td>\r\n<td>40-M24<\/td>\r\n<td>90<\/td>\r\n<\/tr>\r\n<tr>\r\n<td>S420LC-V<\/td>\r\n<td>109-00161<\/td>\r\n<td>1550<\/td>\r\n<td>1235<\/td>\r\n<td>135<\/td>\r\n<td>102<\/td>\r\n<td>120<\/td>\r\n<td>35-\u03c626<\/td>\r\n<td>40-M24<\/td>\r\n<td>90<\/td>\r\n<\/tr>\r\n<tr>\r\n<td>DX420LC<\/td>\r\n<td>140109-00007A<\/td>\r\n<td>1550<\/td>\r\n<td>1236<\/td>\r\n<td>132<\/td>\r\n<td>103<\/td>\r\n<td>120<\/td>\r\n<td>35<\/td>\r\n<td>40<\/td>\r\n<td>90<\/td>\r\n<\/tr>\r\n<tr>\r\n<td>470<\/td>\r\n<td>109-00159<\/td>\r\n<td>1682<\/td>\r\n<td>1320<\/td>\r\n<td>139<\/td>\r\n<td>118<\/td>\r\n<td>111<\/td>\r\n<td>44<\/td>\r\n<td>44<\/td>\r\n<td>111<\/td>\r\n<\/tr>\r\n<\/tbody>\r\n<\/table>\r\n<\/figure>\r\n<h2 class=\"wp-block-heading\">Ekskavat\u00f6r Sal\u0131ncak Yataklar\u0131n\u0131 Anlama<\/h2>\r\nEkskavat\u00f6rler in\u015faat, madencilik ve di\u011fer sekt\u00f6rlerde hafriyat ve kazma i\u015fleri i\u00e7in yayg\u0131n olarak kullan\u0131lan a\u011f\u0131r makinelerdir. Bu makineler, ekskavat\u00f6r\u00fcn sorunsuz \u00e7al\u0131\u015fmas\u0131nda hayati bir rol oynayan ekskavat\u00f6r d\u00f6ner yata\u011f\u0131 da dahil olmak \u00fczere \u00e7e\u015fitli bile\u015fenlerden olu\u015fur. D\u00f6ner yatak veya d\u00f6ner tabla yata\u011f\u0131, ekskavat\u00f6r\u00fcn \u00fcst yap\u0131s\u0131n\u0131n d\u00f6nmesine yard\u0131mc\u0131 olan \u00f6nemli bir bile\u015fendir. Ekskavat\u00f6r\u00fcn\u00fcz i\u00e7in y\u00fcksek kaliteli d\u00f6ner yatak ar\u0131yorsan\u0131z, DOOSAN ve DAEWOO ekskavat\u00f6r d\u00f6ner yataklar\u0131 sizin i\u00e7in m\u00fckemmel bir se\u00e7imdir.\r\n\r\nDOOSAN ekskavat\u00f6r sal\u0131ncak yata\u011f\u0131 ve DAEWOO ekskavat\u00f6r sal\u0131ncak yata\u011f\u0131, a\u011f\u0131r y\u00fcklere, a\u015f\u0131r\u0131 s\u0131cakl\u0131klara ve zorlu ortamlara dayanabilen g\u00fcvenilir ve dayan\u0131kl\u0131 bile\u015fenlerdir. Uzun \u00f6m\u00fcrl\u00fc ve \u00fcst\u00fcn performansl\u0131 olmalar\u0131n\u0131 sa\u011flayan y\u00fcksek kaliteli malzemelerden \u00fcretilmi\u015flerdir. Bu d\u00f6ner rulmanlar s\u00fcrt\u00fcnmeyi ve a\u015f\u0131nmay\u0131 azaltacak \u015fekilde tasarlanm\u0131\u015ft\u0131r ve a\u011f\u0131r y\u00fckler alt\u0131nda bile sorunsuz ve tutarl\u0131 \u00e7al\u0131\u015fma sa\u011flar.\r\n\r\nDOOSAN ve DAEWOO ekskavat\u00f6r \u00e7evirme halkalar\u0131n\u0131n dikkat \u00e7ekici \u00f6zelliklerinden biri, \u00e7ok \u00e7e\u015fitli ekskavat\u00f6r modelleriyle uyumlu olmalar\u0131d\u0131r, DH35 DH55 DH60 DH55 DH60 DH80 DH80-7 DH80GOLD DH150 DH200 DH220-3-5 DH280-5 DX60-DX200-DX225 DX260 DH290 DH360 DH420 DH500 DH55-5 DH60\/DX60 DH80\/DH80GLD DH130-5 DH150-7 DX150 DH220-3 DH215-7 DH215-9E DH220-5 DH220-7 DH215-9 DH225-7\/9 DX225-7 DH250-5 DX255-5 DH258-7 DH280 DH290 DH300-5 DH300 DH300-7 DX300-9 DH360-5\/7 DH400-5 DH370-7 DH370-9 DH420 DH450-3 DH500 DH550, ve \u00e7ok daha fazlas\u0131. Bu d\u00f6ner rulmanlar, ekskavat\u00f6r\u00fcn\u00fcz\u00fcn \u00f6zel gereksinimlerine uyacak \u015fekilde farkl\u0131 boyutlarda ve konfig\u00fcrasyonlarda gelir.\r\n<h2 class=\"wp-block-heading\">Ekskavat\u00f6rlerde D\u00f6ner Yataklar\u0131n \u00d6nemi<\/h2>\r\nD\u00f6ner halka yata\u011f\u0131 veya ekskavat\u00f6r d\u00f6ner halka yata\u011f\u0131, ekskavat\u00f6r\u00fcn \u00fcst yap\u0131s\u0131n\u0131 destekleyen \u00f6nemli bir bile\u015fendir. Ekskavat\u00f6r\u00fcn sorunsuz ve s\u00fcrekli bir \u015fekilde d\u00f6nmesini sa\u011flayarak \u00e7e\u015fitli kazma g\u00f6revlerini kolayl\u0131kla yerine getirmesine olanak tan\u0131r. G\u00fcvenilir bir d\u00f6ner yatak olmadan ekskavat\u00f6r\u00fcn performans\u0131 ve verimlili\u011fi ciddi \u015fekilde etkilenebilir, bu da maliyetli ar\u0131za s\u00fcrelerine ve onar\u0131mlara neden olabilir.\r\n\r\n\u00dcst\u00fcn performans ve dayan\u0131kl\u0131l\u0131k sunan ekskavat\u00f6r par\u00e7alar\u0131 sal\u0131ncak yata\u011f\u0131 ar\u0131yorsan\u0131z, DOOSAN ve DAEWOO ekskavat\u00f6r d\u00f6ner halkalar\u0131 sizin i\u00e7in m\u00fckemmel se\u00e7imdir. Bu d\u00f6ner yataklar, en zorlu ko\u015fullar alt\u0131nda bile tutarl\u0131 ve g\u00fcvenilir performans sunmak \u00fczere tasarlanm\u0131\u015ft\u0131r. Kurulumu ve bak\u0131m\u0131 kolayd\u0131r, sorunsuz \u00e7al\u0131\u015fma ve daha d\u00fc\u015f\u00fck bak\u0131m maliyetleri sa\u011flar.\r\n<h3 class=\"wp-block-heading\">Sal\u0131ncak Rulmanlar\u0131nda S\u0131k Kar\u015f\u0131la\u015f\u0131lan Sorunlar<\/h3>\r\n<h3 class=\"wp-block-heading\"><!-- \/wp:post-content --><!-- wp:paragraph --><\/h3>\r\nYayg\u0131n sorunlar \u015funlard\u0131r:\r\n<h3 class=\"wp-block-heading\"><!-- \/wp:paragraph --><!-- wp:list --><\/h3>\r\n<ul><!-- wp:list-item -->\r\n \t<li>A\u015f\u0131nma ve Y\u0131pranma: S\u00fcrekli \u00e7al\u0131\u015fma ve a\u011f\u0131r y\u00fcklerden kaynaklan\u0131r.<\/li>\r\n<!-- \/wp:list-item --><!-- wp:list-item -->\r\n \t<li>Kirlenme: Rulmana giren kir, su ve d\u00f6k\u00fcnt\u00fcler.<\/li>\r\n<!-- \/wp:list-item --><!-- wp:list-item -->\r\n \t<li>Korozyon: Nem ve sert ko\u015fullar nedeniyle.<\/li>\r\n<!-- \/wp:list-item --><!-- wp:list-item -->\r\n \t<li>Yanl\u0131\u015f hizalama: Yanl\u0131\u015f montaj veya yap\u0131sal sorunlardan kaynaklan\u0131r.<\/li>\r\n<!-- \/wp:list-item --><\/ul>\r\n<h3 class=\"wp-block-heading\"><!-- \/wp:list --><!-- wp:heading --><\/h3>\r\n<h2 class=\"wp-block-heading\">Sonu\u00e7<\/h2>\r\n<h3 class=\"wp-block-heading\"><!-- \/wp:heading --><!-- wp:paragraph --><\/h3>\r\nEkskavat\u00f6r sal\u0131ncak yataklar\u0131, ekskavat\u00f6rlerin i\u015flevselli\u011fi ve verimlili\u011fi i\u00e7in \u00e7ok \u00f6nemlidir. Yap\u0131lar\u0131n\u0131, t\u00fcrlerini, \u00f6nemini, bak\u0131m\u0131n\u0131 ve yayg\u0131n sorunlar\u0131n\u0131 anlamak optimum performans i\u00e7in \u00e7ok \u00f6nemlidir. Do\u011fru bak\u0131m ve sorunlar\u0131n zaman\u0131nda \u00e7\u00f6z\u00fclmesi, bu rulmanlar\u0131n \u00f6mr\u00fcn\u00fc ve g\u00fcvenilirli\u011fini uzatarak \u00fcretkenli\u011fi art\u0131rabilir.","protected":false},"excerpt":{"rendered":"<p>DOOSAN Sal\u0131ncak Yata\u011f\u0131<br \/>\nModel:DH550,DH500,DH450-3<br \/>\nDX420LC,Dx300LCA,,255LC-V<\/p>","protected":false},"featured_media":136,"template":"","meta":[],"product_brand":[],"product_cat":[22,69],"product_tag":[],"class_list":{"0":"post-571","1":"product","2":"type-product","3":"status-publish","4":"has-post-thumbnail","6":"product_cat-swing-bearing","7":"product_cat-doosan-excavator-swing-bearing","9":"first","10":"instock","11":"shipping-taxable","12":"product-type-simple"},"_links":{"self":[{"href":"https:\/\/swingbearing.net\/tr\/wp-json\/wp\/v2\/product\/571","targetHints":{"allow":["GET"]}}],"collection":[{"href":"https:\/\/swingbearing.net\/tr\/wp-json\/wp\/v2\/product"}],"about":[{"href":"https:\/\/swingbearing.net\/tr\/wp-json\/wp\/v2\/types\/product"}],"wp:featuredmedia":[{"embeddable":true,"href":"https:\/\/swingbearing.net\/tr\/wp-json\/wp\/v2\/media\/136"}],"wp:attachment":[{"href":"https:\/\/swingbearing.net\/tr\/wp-json\/wp\/v2\/media?parent=571"}],"wp:term":[{"taxonomy":"product_brand","embeddable":true,"href":"https:\/\/swingbearing.net\/tr\/wp-json\/wp\/v2\/product_brand?post=571"},{"taxonomy":"product_cat","embeddable":true,"href":"https:\/\/swingbearing.net\/tr\/wp-json\/wp\/v2\/product_cat?post=571"},{"taxonomy":"product_tag","embeddable":true,"href":"https:\/\/swingbearing.net\/tr\/wp-json\/wp\/v2\/product_tag?post=571"}],"curies":[{"name":"wp","href":"https:\/\/api.w.org\/{rel}","templated":true}]}}