{"id":568,"date":"2023-09-27T04:20:00","date_gmt":"2023-09-27T04:20:00","guid":{"rendered":"https:\/\/swingbearing.net\/?post_type=product&#038;p=568"},"modified":"2024-05-15T06:54:01","modified_gmt":"2024-05-15T06:54:01","slug":"swing-bearing-volvo","status":"publish","type":"product","link":"https:\/\/swingbearing.net\/tr\/urun\/swing-bearing-volvo\/","title":{"rendered":"Sal\u0131ncak Yata\u011f\u0131 VOLVO"},"content":{"rendered":"<h2 style=\"text-align: center;\">VOLVO Sal\u0131ncak Yata\u011f\u0131 Parametreleri<\/h2>\n<figure class=\"wp-block-table is-style-stripes has-small-font-size\">\n<table class=\"has-cyan-bluish-gray-background-color has-background\">\n<tbody>\n<tr>\n<td>Model<\/td>\n<td>Par\u00e7a Numaras\u0131<\/td>\n<td>D\u0131\u015f \u00c7ap<\/td>\n<td>\u0130\u00e7 \u00c7ap<\/td>\n<td>Toplam y\u00fckseklik<\/td>\n<td>D\u0131\u015f Y\u00fckseklik<\/td>\n<td>\u0130\u00e7 Y\u00fckseklik<\/td>\n<td>D\u0131\u015f Delik Parametreleri<\/td>\n<td>\u0130\u00e7 Delik Parametreleri<\/td>\n<td>Di\u015f Say\u0131s\u0131<\/td>\n<\/tr>\n<tr>\n<td>EC140B<\/td>\n<td>VOE14520561<\/td>\n<td>1196<\/td>\n<td>963<\/td>\n<td>90<\/td>\n<td>79<\/td>\n<td>80<\/td>\n<td>36-\u042419<\/td>\n<td>36-M16*1.5<\/td>\n<td>98<\/td>\n<\/tr>\n<tr>\n<td>EC210<\/td>\n<td>SA1155-00061<\/td>\n<td>1328<\/td>\n<td>1080<\/td>\n<td>110<\/td>\n<td>90<\/td>\n<td>90<\/td>\n<td>33-\u042422<\/td>\n<td>36-M20<\/td>\n<td>92<\/td>\n<\/tr>\n<tr>\n<td>EC210BLC<\/td>\n<td>14563341<\/td>\n<td>1327<\/td>\n<td>1082<\/td>\n<td>110<\/td>\n<td>90<\/td>\n<td>90<\/td>\n<td>34-\u03c622<\/td>\n<td>36-M20<\/td>\n<td>92<\/td>\n<\/tr>\n<tr>\n<td>EC210BLC<\/td>\n<td>14563342<\/td>\n<td>1327<\/td>\n<td>1082<\/td>\n<td>110<\/td>\n<td>90<\/td>\n<td>90<\/td>\n<td>34-\u03c622<\/td>\n<td>36-M20<\/td>\n<td>92<\/td>\n<\/tr>\n<tr>\n<td>EC210 2005<\/td>\n<td>EC210V13948<\/td>\n<td>1327<\/td>\n<td>1080<\/td>\n<td>110<\/td>\n<td>90<\/td>\n<td>90<\/td>\n<td>34-\u042421.5<\/td>\n<td>36-M20<\/td>\n<td>92<\/td>\n<\/tr>\n<tr>\n<td>EC210B<\/td>\n<td>14563327<\/td>\n<td>1328<\/td>\n<td>1080<\/td>\n<td>110<\/td>\n<td>90<\/td>\n<td>90<\/td>\n<td>34-\u042421.5<\/td>\n<td>36-M20<\/td>\n<td>92<\/td>\n<\/tr>\n<tr>\n<td>EC210B<\/td>\n<td>14505766<\/td>\n<td>1328<\/td>\n<td>1080<\/td>\n<td>110<\/td>\n<td>90<\/td>\n<td>90<\/td>\n<td>34-\u03c622<\/td>\n<td>36-M20<\/td>\n<td>92<\/td>\n<\/tr>\n<tr>\n<td>EC210BLC<\/td>\n<td>14577178<\/td>\n<td>1328<\/td>\n<td>1080<\/td>\n<td>110<\/td>\n<td>90<\/td>\n<td>90<\/td>\n<td>34-\u03c622<\/td>\n<td>36-M20<\/td>\n<td>92<\/td>\n<\/tr>\n<tr>\n<td>EC210BNC<\/td>\n<td>14530323<\/td>\n<td>1328<\/td>\n<td>1080<\/td>\n<td>110<\/td>\n<td>90<\/td>\n<td>90<\/td>\n<td>34-\u03c622<\/td>\n<td>36-M20<\/td>\n<td>92<\/td>\n<\/tr>\n<tr>\n<td>EC210LC<\/td>\n<td>1155-00061<\/td>\n<td>1328<\/td>\n<td>1080<\/td>\n<td>110<\/td>\n<td>90<\/td>\n<td>90<\/td>\n<td>33-\u03c622<\/td>\n<td>36-M20<\/td>\n<td>92<\/td>\n<\/tr>\n<tr>\n<td>EC210LC<\/td>\n<td>14563328<\/td>\n<td>1326<\/td>\n<td>1083<\/td>\n<td>108<\/td>\n<td>90<\/td>\n<td>90<\/td>\n<td>34<\/td>\n<td>36<\/td>\n<td>92<\/td>\n<\/tr>\n<tr>\n<td>EC240BLC<\/td>\n<td>14563334<\/td>\n<td>1462<\/td>\n<td>1162<\/td>\n<td>120<\/td>\n<td>95<\/td>\n<td>105<\/td>\n<td>33<\/td>\n<td>36<\/td>\n<td>85<\/td>\n<\/tr>\n<tr>\n<td>EC240BLC<\/td>\n<td>SA1155-00040<\/td>\n<td>1462<\/td>\n<td>1162<\/td>\n<td>120<\/td>\n<td>95<\/td>\n<td>105<\/td>\n<td>33<\/td>\n<td>36<\/td>\n<td>85<\/td>\n<\/tr>\n<tr>\n<td>EC240BNLC<\/td>\n<td>14520572<\/td>\n<td>1462<\/td>\n<td>1162<\/td>\n<td>120<\/td>\n<td>95<\/td>\n<td>105<\/td>\n<td>33<\/td>\n<td>36<\/td>\n<td>85<\/td>\n<\/tr>\n<tr>\n<td>EC290<\/td>\n<td>14570794<\/td>\n<td>1532<\/td>\n<td>1235<\/td>\n<td>123<\/td>\n<td>90<\/td>\n<td>113<\/td>\n<td>35-\u042426<\/td>\n<td>40-M24<\/td>\n<td>90<\/td>\n<\/tr>\n<tr>\n<td>EC290BLC<\/td>\n<td>14563335<\/td>\n<td>1533<\/td>\n<td>1235<\/td>\n<td>122<\/td>\n<td>90<\/td>\n<td>110<\/td>\n<td>35-\u03c626<\/td>\n<td>40-M24<\/td>\n<td>90<\/td>\n<\/tr>\n<tr>\n<td>EC290B<\/td>\n<td>14563335<\/td>\n<td>1532<\/td>\n<td>1235<\/td>\n<td>122<\/td>\n<td>90<\/td>\n<td>110<\/td>\n<td>35-\u03c626<\/td>\n<td>40-M24<\/td>\n<td>90<\/td>\n<\/tr>\n<tr>\n<td>EC290B<\/td>\n<td>14520573<\/td>\n<td>1532<\/td>\n<td>1235<\/td>\n<td>122<\/td>\n<td>90<\/td>\n<td>110<\/td>\n<td>35-\u03c626<\/td>\n<td>40-M24<\/td>\n<td>90<\/td>\n<\/tr>\n<tr>\n<td>EX300-3C<\/td>\n<td>9112188<\/td>\n<td>1531<\/td>\n<td>1248<\/td>\n<td>117<\/td>\n<td>83<\/td>\n<td>105<\/td>\n<td>32-\u03c626<\/td>\n<td>36-M24*2<\/td>\n<td>91<\/td>\n<\/tr>\n<tr>\n<td>EC360BLC<\/td>\n<td>14563350<\/td>\n<td>1550<\/td>\n<td>1239<\/td>\n<td>150<\/td>\n<td>110<\/td>\n<td>136<\/td>\n<td>35<\/td>\n<td>40<\/td>\n<td>90<\/td>\n<\/tr>\n<tr>\n<td>EC460BLC<\/td>\n<td>14507709<\/td>\n<td>1778<\/td>\n<td>1393<\/td>\n<td>120<\/td>\n<td>110<\/td>\n<td>110<\/td>\n<td>40-\u042433<\/td>\n<td>40-M30<\/td>\n<td>112<\/td>\n<\/tr>\n<tr>\n<td>EC480DL<\/td>\n<td>14559204<\/td>\n<td>1778<\/td>\n<td>1393<\/td>\n<td>120<\/td>\n<td>110<\/td>\n<td>110<\/td>\n<td>40\/33<\/td>\n<td>40\/M30<\/td>\n<td>112<\/td>\n<\/tr>\n<tr>\n<td>EC700BLC<\/td>\n<td>14559205<\/td>\n<td>1815<\/td>\n<td>1375<\/td>\n<td>205<\/td>\n<td>148<\/td>\n<td>180<\/td>\n<td>48<\/td>\n<td>60<\/td>\n<td>100<\/td>\n<\/tr>\n<\/tbody>\n<\/table>\n<\/figure>\n<p>Volvo, \u00e7e\u015fitli uygulamalar i\u00e7in y\u00fcksek kaliteli ve g\u00fcvenilir makineler sunan, in\u015faat ekipmanlar\u0131 sekt\u00f6r\u00fcnde tan\u0131nm\u0131\u015f bir isimdir. Geni\u015f \u00fcr\u00fcn yelpazesi aras\u0131nda Volvo ekskavat\u00f6rler, performanslar\u0131 ve dayan\u0131kl\u0131l\u0131klar\u0131 nedeniyle m\u00fcteahhitler ve in\u015faat \u015firketleri aras\u0131nda pop\u00fcler bir se\u00e7imdir. Volvo ekskavat\u00f6r d\u00f6ner yatak \u00fcr\u00fcnleri, bu makinelerin \u00f6nemli bir bile\u015fenidir ve sorunsuz ve verimli \u00e7al\u0131\u015fmalar\u0131n\u0131 sa\u011flar.<\/p>\n<p>Sal\u0131ncak yataklar\u0131, d\u00f6ner tabla yataklar\u0131 veya sal\u0131ncak halkas\u0131 yataklar\u0131 olarak da bilinen ekskavat\u00f6r sal\u0131ncak yataklar\u0131, bir ekskavat\u00f6r\u00fcn \u00fcst ve alt par\u00e7alar\u0131n\u0131 birbirine ba\u011flamaktan sorumludur. Ekskavat\u00f6r\u00fcn \u00fcst yap\u0131s\u0131n\u0131n alt yap\u0131s\u0131 \u00fczerinde d\u00f6nmesini sa\u011flayarak 360 derece hareket ve esneklik sa\u011flarlar. Bu hareket ekskavat\u00f6rler i\u00e7in \u00e7ok \u00f6nemlidir, dar alanlarda \u00e7al\u0131\u015fmalar\u0131na, zor a\u00e7\u0131lara ula\u015fmalar\u0131na ve \u00e7ok \u00e7e\u015fitli g\u00f6revleri yerine getirmelerine olanak tan\u0131r.<\/p>\n<p>Volvo ekskavat\u00f6r sal\u0131ncak yata\u011f\u0131, a\u011f\u0131r y\u00fcklere ve a\u015f\u0131r\u0131 ko\u015fullara dayanacak \u015fekilde tasarlanm\u0131\u015ft\u0131r ve \u00e7e\u015fitli uygulamalar i\u00e7in uygundur. Y\u00fcksek kaliteli malzemelerden \u00fcretilirler ve g\u00fc\u00e7lerini ve dayan\u0131kl\u0131l\u0131klar\u0131n\u0131 sa\u011flamak i\u00e7in titiz bir test s\u00fcrecinden ge\u00e7erler. Volvo ekskavat\u00f6r d\u00f6ner halka rulmanlar\u0131 ayr\u0131ca kompakt bir tasar\u0131ma sahiptir, makinenin toplam a\u011f\u0131rl\u0131\u011f\u0131n\u0131 azalt\u0131r ve yak\u0131t verimlili\u011fini art\u0131r\u0131r.<\/p>\n<p>D\u00f6ner halka rulmanlar\u0131 ekskavat\u00f6rlerin \u00e7ok \u00f6nemli bile\u015fenleridir ve ar\u0131zalanmalar\u0131 \u00f6nemli duru\u015f s\u00fcrelerine ve pahal\u0131 onar\u0131mlara neden olabilir. Y\u00fckleniciler, Volvo ekskavat\u00f6r par\u00e7alar\u0131 sal\u0131ncak rulmanlar\u0131n\u0131 kullanarak ekskavat\u00f6rlerinin sorunsuz \u00e7al\u0131\u015fmas\u0131n\u0131 sa\u011flayabilir, ar\u0131za s\u00fcresi riskini azaltabilir ve bak\u0131m maliyetlerini en aza indirebilir. Volvo ekskavat\u00f6r d\u00f6ner yataklar\u0131, uzun s\u00fcreli performans ve g\u00fcvenilirlik sa\u011flayarak uzun \u00f6m\u00fcrl\u00fc olacak \u015fekilde tasarlanm\u0131\u015ft\u0131r.<\/p>\n<p>Volvo, \u00e7e\u015fitli model ve uygulamalara uygun \u00e7ok \u00e7e\u015fitli ekskavat\u00f6r d\u00f6ner yataklar\u0131 sunar. Volvo EC55, EC60, EC140BP, EW145BP, EW160BB, EC210, EC240, EC290, EC360LC, EC380, EC460, EC480, EC700, EC210B, EC360, Volvo ekskavat\u00f6r d\u00f6ner yataklar\u0131n\u0131 kullanan modellerden sadece birka\u00e7\u0131d\u0131r Sonu\u00e7 olarak, Volvo ekskavat\u00f6r d\u00f6ner yatak \u00fcr\u00fcnleri, \u00e7e\u015fitli in\u015faat g\u00f6revleri i\u00e7in gereken esnekli\u011fi ve manevra kabiliyetini sa\u011flayan Volvo ekskavat\u00f6rlerinin \u00f6nemli bir bile\u015fenidir. A\u011f\u0131r y\u00fcklere ve a\u015f\u0131r\u0131 ko\u015fullara dayanacak \u015fekilde tasarlanm\u0131\u015flard\u0131r ve makinenin uzun vadeli performans\u0131n\u0131 ve g\u00fcvenilirli\u011fini sa\u011flarlar. Volvo ekskavat\u00f6r sal\u0131ncak rulmanlar\u0131n\u0131 kullanarak, y\u00fckleniciler ar\u0131za s\u00fcresini en aza indirebilir, bak\u0131m maliyetlerini azaltabilir ve \u00fcretkenli\u011fi art\u0131rabilir.<\/p>\n<p>CAT, HITACHI, KOMATSU, KOBELCO, HYUNDAI, VOLVO, DOOSAN, DAEWOO, JCB, CASE, SUMITOMO, KATO i\u00e7in alternatif Sal\u0131ncak \u00e7emberi sa\u011flayabiliriz. 1000'den fazla standart ve standart olmayan y\u00fczlerce \u00e7e\u015fit vard\u0131r.<\/p>","protected":false},"excerpt":{"rendered":"<p>Volvo Sal\u0131ncak Yata\u011f\u0131<br \/>\nModel:EC700BLC, EC480DL<br \/>\nEC460BLC,EC360BLC,EC290B<\/p>","protected":false},"featured_media":136,"template":"","meta":[],"product_brand":[],"product_cat":[22,68],"product_tag":[],"class_list":{"0":"post-568","1":"product","2":"type-product","3":"status-publish","4":"has-post-thumbnail","6":"product_cat-swing-bearing","7":"product_cat-volvo-excavator-swing-bearing","9":"first","10":"instock","11":"shipping-taxable","12":"product-type-simple"},"_links":{"self":[{"href":"https:\/\/swingbearing.net\/tr\/wp-json\/wp\/v2\/product\/568","targetHints":{"allow":["GET"]}}],"collection":[{"href":"https:\/\/swingbearing.net\/tr\/wp-json\/wp\/v2\/product"}],"about":[{"href":"https:\/\/swingbearing.net\/tr\/wp-json\/wp\/v2\/types\/product"}],"wp:featuredmedia":[{"embeddable":true,"href":"https:\/\/swingbearing.net\/tr\/wp-json\/wp\/v2\/media\/136"}],"wp:attachment":[{"href":"https:\/\/swingbearing.net\/tr\/wp-json\/wp\/v2\/media?parent=568"}],"wp:term":[{"taxonomy":"product_brand","embeddable":true,"href":"https:\/\/swingbearing.net\/tr\/wp-json\/wp\/v2\/product_brand?post=568"},{"taxonomy":"product_cat","embeddable":true,"href":"https:\/\/swingbearing.net\/tr\/wp-json\/wp\/v2\/product_cat?post=568"},{"taxonomy":"product_tag","embeddable":true,"href":"https:\/\/swingbearing.net\/tr\/wp-json\/wp\/v2\/product_tag?post=568"}],"curies":[{"name":"wp","href":"https:\/\/api.w.org\/{rel}","templated":true}]}}