{"id":548,"date":"2023-09-26T14:22:24","date_gmt":"2023-09-26T14:22:24","guid":{"rendered":"https:\/\/swingbearing.net\/?post_type=product&#038;p=548"},"modified":"2023-11-09T06:59:32","modified_gmt":"2023-11-09T06:59:32","slug":"swing-bearing-jcb","status":"publish","type":"product","link":"https:\/\/swingbearing.net\/tr\/urun\/salincak-yatagi-jcb\/","title":{"rendered":"Sal\u0131ncak Yata\u011f\u0131 JCB"},"content":{"rendered":"<figure class=\"wp-block-table is-style-stripes has-small-font-size\">\n<table class=\"has-cyan-bluish-white-background-color has-background\">\n<tbody>\n<tr>\n<td width=\"113\"><strong><a href=\"https:\/\/swingbearing.net\/tr\/urun\/swing-bearing-cat\/\" target=\"_parent\" rel=\"noopener\">KED\u0130<\/a><\/strong><\/td>\n<td width=\"113\"><strong><a href=\"https:\/\/swingbearing.net\/tr\/urun\/swing-bearing-komatsu\/\" rel=\"noopener\">KOMATSU<\/a><\/strong><\/td>\n<td width=\"113\"><strong><a href=\"https:\/\/swingbearing.net\/tr\/urun\/swing-bearings-hitachi\/\" rel=\"noopener\">HITACHI<\/a><\/strong><\/td>\n<td width=\"113\"><strong><a href=\"https:\/\/swingbearing.net\/tr\/urun\/swing-bearing-kobelco\/\" target=\"_parent\" rel=\"noopener\">KOBELCO<\/a><\/strong><\/td>\n<td width=\"113\"><strong><a href=\"https:\/\/swingbearing.net\/tr\/urun\/swing-bearing-hyundai\/\" target=\"_parent\" rel=\"noopener\">HYUNDAI<\/a><\/strong><\/td>\n<\/tr>\n<tr>\n<td width=\"113\"><strong><a href=\"https:\/\/swingbearing.net\/tr\/urun\/salincak-yatagi-doosan\/\" target=\"_parent\" rel=\"noopener\">DOOSAN<\/a><\/strong><\/td>\n<td width=\"113\"><strong><a href=\"https:\/\/swingbearing.net\/tr\/urun\/swing-bearing-volvo\/\" target=\"_parent\" rel=\"noopener\">VOLVO<\/a><\/strong><\/td>\n<td width=\"113\"><strong><a href=\"https:\/\/swingbearing.net\/tr\/urun\/salincak-yatagi-jcb\/\" target=\"_parent\" rel=\"noopener\">JCB<\/a><\/strong><\/td>\n<td width=\"113\"><strong><a href=\"https:\/\/swingbearing.net\/tr\/urun\/swing-bearing-case\/\" target=\"_parent\" rel=\"noopener\">DURUM<\/a><\/strong><\/td>\n<td width=\"113\"><strong><a href=\"https:\/\/swingbearing.net\/tr\/urun\/swing-bearing-liebherr\/\" target=\"_parent\" rel=\"noopener\">LIEBHERR<\/a><\/strong><\/td>\n<\/tr>\n<tr>\n<td width=\"113\"><strong><a href=\"https:\/\/swingbearing.net\/tr\/urun\/salincak-yatagi-liugong\/\" target=\"_parent\" rel=\"noopener\">LIUGONG<\/a><\/strong><\/td>\n<td width=\"113\"><strong><a href=\"https:\/\/swingbearing.net\/tr\/urun\/swing-bearings-sany\/\" target=\"_parent\" rel=\"noopener\">SANY<\/a><\/strong><\/td>\n<td width=\"113\"><strong><a href=\"https:\/\/swingbearing.net\/tr\/urun\/swing-bearing-yuchai\/\" target=\"_parent\" rel=\"noopener\">YUCHAI<\/a><\/strong><\/td>\n<td width=\"113\"><strong><a href=\"https:\/\/swingbearing.net\/tr\/urun\/swing-bearing-xcmg\/\" target=\"_parent\" rel=\"noopener\">XCMG<\/a><\/strong><\/td>\n<td width=\"113\"><strong><a href=\"https:\/\/swingbearing.net\/tr\/urun\/salincak-rulman-sumitomo\/\" target=\"_parent\" rel=\"noopener\">SUMITOMO<\/a><\/strong><\/td>\n<\/tr>\n<\/tbody>\n<\/table>\n<\/figure>\n<h4 style=\"text-align: center;\">JCB Sal\u0131ncak Yata\u011f\u0131 Parametreleri<\/h4>\n<figure class=\"wp-block-table is-style-stripes has-small-font-size\">\n<table class=\"has-cyan-bluish-gray-background-color has-background\">\n<tbody>\n<tr>\n<td>Model<\/td>\n<td>Par\u00e7a Numaras\u0131<\/td>\n<td>D\u0131\u015f \u00c7ap<\/td>\n<td>\u0130\u00e7 \u00c7ap<\/td>\n<td>Toplam y\u00fckseklik<\/td>\n<td>D\u0131\u015f Y\u00fckseklik<\/td>\n<td>\u0130\u00e7 Y\u00fckseklik<\/td>\n<td>D\u0131\u015f Delik Parametreleri<\/td>\n<td>\u0130\u00e7 Delik Parametreleri<\/td>\n<td>Di\u015f Say\u0131s\u0131<\/td>\n<\/tr>\n<tr>\n<td>JCB 8060<\/td>\n<td>234\/11000<\/td>\n<td>852<\/td>\n<td>648.5<\/td>\n<td>70<\/td>\n<td>55<\/td>\n<td>60<\/td>\n<td>24<\/td>\n<td>24<\/td>\n<td>109<\/td>\n<\/tr>\n<tr>\n<td>JCB JS130<\/td>\n<td>332\/K8067\uff08Yeni)<\/td>\n<td>1174<\/td>\n<td>972<\/td>\n<td>88<\/td>\n<td>56<\/td>\n<td>78<\/td>\n<td>32-\u042418<\/td>\n<td>36-M16<\/td>\n<td>98<\/td>\n<\/tr>\n<tr>\n<td>JCB JS130<\/td>\n<td>JNB0146\uff08Eski\uff09<\/td>\n<td>1174<\/td>\n<td>972<\/td>\n<td>80<\/td>\n<td>56<\/td>\n<td>70<\/td>\n<td>28-\u042418<\/td>\n<td>36-M16<\/td>\n<td>98<\/td>\n<\/tr>\n<tr>\n<td>JCB JS130<\/td>\n<td>JNB0160<\/td>\n<td>1174<\/td>\n<td>972<\/td>\n<td>80<\/td>\n<td>56<\/td>\n<td>70<\/td>\n<td>28-\u042418<\/td>\n<td>36-M16<\/td>\n<td>98<\/td>\n<\/tr>\n<tr>\n<td>JCB160<\/td>\n<td>331\/12091<\/td>\n<td>1330<\/td>\n<td>1093<\/td>\n<td>102<\/td>\n<td>74<\/td>\n<td>92<\/td>\n<td>31-\u042422.5<\/td>\n<td>36-M20<\/td>\n<td>92<\/td>\n<\/tr>\n<tr>\n<td>JCB 205<\/td>\n<td>333\/P7280<\/td>\n<td>1328<\/td>\n<td>1092<\/td>\n<td>102<\/td>\n<td>74<\/td>\n<td>92<\/td>\n<td>31-\u03c622<\/td>\n<td>36-M20<\/td>\n<td>92<\/td>\n<\/tr>\n<tr>\n<td>JS200LC<\/td>\n<td>JRB0017<\/td>\n<td>1328<\/td>\n<td>1092<\/td>\n<td>102<\/td>\n<td>74<\/td>\n<td>92<\/td>\n<td>31-\u042422.5<\/td>\n<td>36-M20<\/td>\n<td>92<\/td>\n<\/tr>\n<tr>\n<td>JCB JS220<\/td>\n<td>JRB0017<\/td>\n<td>1328<\/td>\n<td>1092<\/td>\n<td>102<\/td>\n<td>74<\/td>\n<td>92<\/td>\n<td>31-\u042422.5<\/td>\n<td>36-M20<\/td>\n<td>92<\/td>\n<\/tr>\n<tr>\n<td>JCB JS220<\/td>\n<td>JRB0017<\/td>\n<td>1328<\/td>\n<td>1092<\/td>\n<td>102<\/td>\n<td>74<\/td>\n<td>92<\/td>\n<td>31-\u042422.5<\/td>\n<td>36-M20<\/td>\n<td>92<\/td>\n<\/tr>\n<tr>\n<td>JCB 240<\/td>\n<td>JBB0001<\/td>\n<td>1375<\/td>\n<td>1094<\/td>\n<td>125<\/td>\n<td>80<\/td>\n<td>115<\/td>\n<td>26<\/td>\n<td>36<\/td>\n<td>92<\/td>\n<\/tr>\n<tr>\n<td>JCB JS240<\/td>\n<td>916\/10029<\/td>\n<td>1375<\/td>\n<td>1094<\/td>\n<td>124<\/td>\n<td>80<\/td>\n<td>114<\/td>\n<td>26-\u042426<\/td>\n<td>36-M24<\/td>\n<td>92<\/td>\n<\/tr>\n<tr>\n<td>JCB JS330<\/td>\n<td>JSB0022<\/td>\n<td>1509<\/td>\n<td>1192<\/td>\n<td>135<\/td>\n<td>100<\/td>\n<td>125<\/td>\n<td>38-\u03c626<\/td>\n<td>43-M24<\/td>\n<td>86<\/td>\n<\/tr>\n<tr>\n<td>JCB 360<\/td>\n<td>JSB0022<\/td>\n<td>1510<\/td>\n<td>1193<\/td>\n<td>135<\/td>\n<td>101<\/td>\n<td>125<\/td>\n<td>38-\u03c626<\/td>\n<td>30-M22<\/td>\n<td>86<\/td>\n<\/tr>\n<\/tbody>\n<\/table>\n<\/figure>\n<p>Y\u00fcksek Performans ve Dayan\u0131kl\u0131l\u0131k Sa\u011flama<br \/>\nSal\u0131ncak rulmanlar\u0131, bir ekskavat\u00f6r\u00fcn ekseni etraf\u0131nda d\u00f6nmesini sa\u011flayan yap\u0131s\u0131n\u0131n temel bile\u015fenleridir. Bu rulmanlar, \u015fantiyelerin zorlu ko\u015fullar\u0131na ve i\u015f y\u00fck\u00fcne dayanabilmek i\u00e7in sa\u011flam ve y\u00fcksek kaliteli olmal\u0131d\u0131r. JCB ekskavat\u00f6r d\u00f6ner yataklar\u0131, g\u00fcvenilir, dayan\u0131kl\u0131 ve y\u00fcksek performansl\u0131 \u00fcr\u00fcnler arayanlar i\u00e7in m\u00fckemmel bir se\u00e7enektir.<\/p>\n<p>Sal\u0131ncak rulmanlar\u0131 bazen ekskavat\u00f6r sal\u0131ncak rulmanlar\u0131 veya sal\u0131ncak halkas\u0131 rulmanlar\u0131, d\u00f6ner tabla rulmanlar\u0131 ve ekskavat\u00f6r d\u00f6n\u00fc\u015f rulmanlar\u0131 olarak da adland\u0131r\u0131l\u0131r. Ancak hepsinin i\u015flevi ayn\u0131d\u0131r: ekskavat\u00f6r\u00fcn \u00fcst yap\u0131s\u0131n\u0131n d\u00fczg\u00fcn ve dengeli bir \u015fekilde d\u00f6nmesini sa\u011flamak.<br \/>\nEkskavat\u00f6r sal\u0131ncak yata\u011f\u0131, makinenin en kritik par\u00e7alar\u0131ndan biridir ve optimum performans\u0131 sa\u011flamak i\u00e7in sa\u011flam ve g\u00fcvenilir olmal\u0131d\u0131r. JCB ekskavat\u00f6r sal\u0131ncak rulmanlar\u0131 y\u00fcksek kaliteli malzemelerden \u00fcretilmi\u015ftir ve \u00fcretim s\u00fcreci, m\u00fckemmel performans, g\u00fcvenilirlik ve dayan\u0131kl\u0131l\u0131k sa\u011flamak i\u00e7in s\u0131k\u0131 kalite kontrol \u00f6nlemlerine ba\u011fl\u0131d\u0131r. Bu rulmanlar a\u011f\u0131r y\u00fckleri kald\u0131rabilir ve zorlu \u00e7evre ko\u015fullar\u0131nda \u00e7al\u0131\u015farak ekskavat\u00f6r\u00fcn d\u00f6n\u00fc\u015f sisteminin uzun \u00f6m\u00fcrl\u00fc olmas\u0131n\u0131 sa\u011flar.<br \/>\nJCB ekskavat\u00f6r d\u00f6ner rulmanlar\u0131n\u0131n montaj\u0131 kolayd\u0131r ve minimum bak\u0131m gerektirir. Bu rulmanlar, ar\u0131za s\u00fcresini azaltmak ve \u00fcretkenli\u011fi art\u0131rmak i\u00e7in tasarlanm\u0131\u015ft\u0131r ve m\u00fckemmel bir yat\u0131r\u0131m getirisi sa\u011flar. JCB ekskavat\u00f6r d\u00f6ner yataklar\u0131, ekskavat\u00f6r\u00fcn \u00fcst yap\u0131s\u0131n\u0131n sorunsuz ve g\u00fcvenilir bir \u015fekilde d\u00f6nmesini sa\u011flayarak operat\u00f6rlerin projeleri zaman\u0131nda ve b\u00fct\u00e7e dahilinde tamamlamas\u0131na yard\u0131mc\u0131 olur.<\/p>\n<p>Sonu\u00e7 olarak, JCB ekskavat\u00f6r d\u00f6ner yataklar\u0131, y\u00fcksek performansl\u0131, dayan\u0131kl\u0131 ve g\u00fcvenilir \u00fcr\u00fcnler arayanlar i\u00e7in m\u00fckemmel bir se\u00e7imdir. JCB8045, JCB8055, JCB8056, JCB8060, JCB8061, JCB8065, JS130, JS140, JS200, JS210, JS220, JCB70, JCB360 ve JS205 dahil olmak \u00fczere \u00e7e\u015fitli modeller i\u00e7in mevcuttur. Bu rulmanlar\u0131n montaj\u0131 kolayd\u0131r, minimum bak\u0131m gerektirir ve ekskavat\u00f6r\u00fcn d\u00f6n\u00fc\u015f sisteminin uzun \u00f6m\u00fcrl\u00fc olmas\u0131n\u0131 sa\u011flamak i\u00e7in a\u011f\u0131r y\u00fcklere ve zorlu \u00e7evre ko\u015fullar\u0131na dayanacak \u015fekilde \u00fcretilmi\u015ftir. JCB ekskavat\u00f6r d\u00f6ner yataklar\u0131 ile ekskavat\u00f6r\u00fcn\u00fcz\u00fcn en iyi performans\u0131 g\u00f6sterece\u011finden, \u00fcretkenli\u011fi art\u0131raca\u011f\u0131ndan ve sa\u011flam bir yat\u0131r\u0131m getirisi sa\u011flayaca\u011f\u0131ndan emin olabilirsiniz.<\/p>\n<p>CAT, HITACHI, KOMATSU, KOBELCO, HYUNDAI, VOLVO, DOOSAN, DAEWOO, JCB, CASE, SUMITOMO, KATO, i\u00e7in alternatif Sal\u0131ncak dairesi sa\u011flayabiliriz, Se\u00e7ti\u011finiz i\u00e7in 1000'den fazla y\u00fczlerce tipte normal ve standart olmayan vard\u0131r.<\/p>","protected":false},"excerpt":{"rendered":"<p>JCB sal\u0131ncak yata\u011f\u0131<br \/>\nModel:JCB8045,JCB8055,8056<br \/>\nJCB8061,,JCB360,JS330,JS240<\/p>","protected":false},"featured_media":136,"template":"","meta":[],"product_brand":[],"product_cat":[22],"product_tag":[],"class_list":{"0":"post-548","1":"product","2":"type-product","3":"status-publish","4":"has-post-thumbnail","6":"product_cat-swing-bearing","8":"first","9":"instock","10":"shipping-taxable","11":"product-type-simple"},"_links":{"self":[{"href":"https:\/\/swingbearing.net\/tr\/wp-json\/wp\/v2\/product\/548","targetHints":{"allow":["GET"]}}],"collection":[{"href":"https:\/\/swingbearing.net\/tr\/wp-json\/wp\/v2\/product"}],"about":[{"href":"https:\/\/swingbearing.net\/tr\/wp-json\/wp\/v2\/types\/product"}],"wp:featuredmedia":[{"embeddable":true,"href":"https:\/\/swingbearing.net\/tr\/wp-json\/wp\/v2\/media\/136"}],"wp:attachment":[{"href":"https:\/\/swingbearing.net\/tr\/wp-json\/wp\/v2\/media?parent=548"}],"wp:term":[{"taxonomy":"product_brand","embeddable":true,"href":"https:\/\/swingbearing.net\/tr\/wp-json\/wp\/v2\/product_brand?post=548"},{"taxonomy":"product_cat","embeddable":true,"href":"https:\/\/swingbearing.net\/tr\/wp-json\/wp\/v2\/product_cat?post=548"},{"taxonomy":"product_tag","embeddable":true,"href":"https:\/\/swingbearing.net\/tr\/wp-json\/wp\/v2\/product_tag?post=548"}],"curies":[{"name":"wp","href":"https:\/\/api.w.org\/{rel}","templated":true}]}}