{"id":4906,"date":"2024-08-30T08:04:52","date_gmt":"2024-08-30T08:04:52","guid":{"rendered":"https:\/\/swingbearing.net\/?post_type=product&#038;p=4906"},"modified":"2024-08-30T08:08:32","modified_gmt":"2024-08-30T08:08:32","slug":"sany-sy215c-swing-bearing-11841739-excavator-slewing-ring","status":"publish","type":"product","link":"https:\/\/swingbearing.net\/tr\/urun\/sany-sy215c-swing-bearing-11841739-excavator-slewing-ring\/","title":{"rendered":"SANY SY215C Swing Bearing 11841739 Excavator Slewing Ring"},"content":{"rendered":"<h2 style=\"text-align: center;\">SANY Sal\u0131ncak Rulmanlar\u0131 Parametreleri<\/h2>\n<figure class=\"wp-block-table is-style-stripes has-small-font-size\">\n<table class=\"has-cyan-bluish-gray-background-color has-background\">\n<tbody>\n<tr>\n<td>D\u0131\u015f \u00e7ap Da<\/td>\n<td>\u0130\u00e7 \u00e7ap Di<\/td>\n<td>Montaj y\u00fcksekli\u011fi H<\/td>\n<td>Tan\u0131mlama<\/td>\n<\/tr>\n<tr>\n<td>811<\/td>\n<td>622<\/td>\n<td>75<\/td>\n<td>SY65<\/td>\n<\/tr>\n<tr>\n<td>810<\/td>\n<td>621<\/td>\n<td>75<\/td>\n<td>SY75(90Z)<\/td>\n<\/tr>\n<tr>\n<td>811<\/td>\n<td>601.6<\/td>\n<td>75<\/td>\n<td>SY75(76Z)<\/td>\n<\/tr>\n<tr>\n<td>1122<\/td>\n<td>821<\/td>\n<td>100<\/td>\n<td>SY135<\/td>\n<\/tr>\n<tr>\n<td>1327<\/td>\n<td>1071<\/td>\n<td>99.5<\/td>\n<td>SY185<\/td>\n<\/tr>\n<tr>\n<td>1327<\/td>\n<td>1071<\/td>\n<td>99.5<\/td>\n<td>SY195<\/td>\n<\/tr>\n<tr>\n<td>1322<\/td>\n<td>1071<\/td>\n<td>100<\/td>\n<td>SY200<\/td>\n<\/tr>\n<tr>\n<td>1327<\/td>\n<td>1071<\/td>\n<td>99.5<\/td>\n<td>SY205<\/td>\n<\/tr>\n<tr>\n<td>1322<\/td>\n<td>1071<\/td>\n<td>100<\/td>\n<td>SY210<\/td>\n<\/tr>\n<tr>\n<td>1322<\/td>\n<td>1071<\/td>\n<td>100<\/td>\n<td>SY215-7<\/td>\n<\/tr>\n<tr>\n<td>1322<\/td>\n<td>1071<\/td>\n<td>100<\/td>\n<td>SY215-8<\/td>\n<\/tr>\n<tr>\n<td>1322<\/td>\n<td>1071<\/td>\n<td>100<\/td>\n<td>SY215-9<\/td>\n<\/tr>\n<tr>\n<td>1320<\/td>\n<td>1071<\/td>\n<td>100<\/td>\n<td>SY215<\/td>\n<\/tr>\n<tr>\n<td>1327<\/td>\n<td>1071<\/td>\n<td>99.5<\/td>\n<td>SY235<\/td>\n<\/tr>\n<tr>\n<td>1532<\/td>\n<td>1235<\/td>\n<td>125<\/td>\n<td>SY300<\/td>\n<\/tr>\n<tr>\n<td>1550<\/td>\n<td>1238<\/td>\n<td>152<\/td>\n<td>SY305<\/td>\n<\/tr>\n<tr>\n<td>1532<\/td>\n<td>1235<\/td>\n<td>125<\/td>\n<td>SY310<\/td>\n<\/tr>\n<tr>\n<td>1550<\/td>\n<td>1238<\/td>\n<td>152<\/td>\n<td>SY335<\/td>\n<\/tr>\n<tr>\n<td>1532<\/td>\n<td>1235<\/td>\n<td>125<\/td>\n<td>SY360<\/td>\n<\/tr>\n<tr>\n<td>1550<\/td>\n<td>1238<\/td>\n<td>152<\/td>\n<td>SY365<\/td>\n<\/tr>\n<tr>\n<td>1550<\/td>\n<td>1238.5<\/td>\n<td>152<\/td>\n<td>SY420<\/td>\n<\/tr>\n<\/tbody>\n<\/table>\n<table>\n<tbody>\n<tr>\n<td colspan=\"4\"><strong>SANY Ekskavat\u00f6r \u00c7evirme Halkas\u0131n\u0131n De\u011fi\u015ftirilmesi\u00a0<\/strong><\/td>\n<\/tr>\n<tr>\n<td><strong>Ekskavat\u00f6r model numaras\u0131<\/strong><\/td>\n<td><strong>Par\u00e7a numaras\u0131<\/strong><\/td>\n<td><strong>Ekskavat\u00f6r model numaras\u0131<\/strong><\/td>\n<td><strong>Par\u00e7a numaras\u0131<\/strong><\/td>\n<\/tr>\n<tr>\n<td>SANY 130<\/td>\n<td>J2C.4.3<\/td>\n<td>SANY 230C<\/td>\n<td><\/td>\n<\/tr>\n<tr>\n<td>SANY SY135 C<\/td>\n<td><\/td>\n<td>SY235C<\/td>\n<td><\/td>\n<\/tr>\n<tr>\n<td>SANY 200<\/td>\n<td><\/td>\n<td>SANY 365C<\/td>\n<td>13484728<\/td>\n<\/tr>\n<tr>\n<td>SANY210<\/td>\n<td><\/td>\n<td>SANY 365C<\/td>\n<td>B229900002356<\/td>\n<\/tr>\n<tr>\n<td>SY215C<\/td>\n<td>11841739<\/td>\n<td>SCC550<\/td>\n<td>10942045<\/td>\n<\/tr>\n<tr>\n<td>SANY 230<\/td>\n<td><\/td>\n<td>SY850C<\/td>\n<td><\/td>\n<\/tr>\n<\/tbody>\n<\/table>\n<\/figure>\n<p>Sany excavator swing bearings are essential components of any excavator&#8217;s swing system. These bearings allow the excavator to rotate and swivel, making it possible for operators to perform a wide range of digging, lifting, and loading tasks with ease. We offer a range of high-quality slewing bearings designed specifically for excavators, including models to fit the SY55, SY60, SY65, SY70, SY75, SY85, SY95, SY115, SY135, SY155, SY195, SY200, SY205, SY215, SY220, SY225, SY235, SY245, SY285, SY305, SY335, SY365, SY375, SY395, SY415, and SY485 excavator models.<\/p>\n<p>Our excavator swing bearings are designed to provide optimal performance and durability in even the toughest of working conditions. They are made from high-quality materials, including forged steel and specialized bearing steel, and feature advanced manufacturing processes that ensure they are precise, reliable, and long-lasting.<\/p>\n<p>Sany ekskavat\u00f6r \u00e7evirme halkam\u0131z\u0131n en \u00f6nemli avantajlar\u0131ndan biri, a\u011f\u0131r y\u00fcklere ve a\u015f\u0131r\u0131 \u00e7al\u0131\u015fma ko\u015fullar\u0131na dayanma kabiliyetidir. Hem eksenel hem de radyal y\u00fcklerin yan\u0131 s\u0131ra y\u00fcksek d\u00fczeyde \u015fok ve titre\u015fime dayanacak \u015fekilde tasarlanm\u0131\u015flard\u0131r, bu da onlar\u0131 madencilik, in\u015faat ve ormanc\u0131l\u0131k gibi zorlu uygulamalarda kullan\u0131m i\u00e7in ideal hale getirir.<\/p>\n<p>G\u00fc\u00e7 ve dayan\u0131kl\u0131l\u0131klar\u0131n\u0131n yan\u0131 s\u0131ra, Sany ekskavat\u00f6r d\u00f6ner rulmanlar\u0131m\u0131z montaj ve bak\u0131m kolayl\u0131\u011f\u0131 i\u00e7in de tasarlanm\u0131\u015ft\u0131r. Tak\u0131lmas\u0131 ve de\u011fi\u015ftirilmesi kolay olacak \u015fekilde tasarlanm\u0131\u015flard\u0131r ve optimum performans ve uzun \u00f6m\u00fcr sa\u011flamak i\u00e7in minimum bak\u0131m gerektirirler.<\/p>\n<figure class=\"wp-block-table is-style-stripes has-small-font-size\">\n<figure class=\"wp-block-table is-style-stripes has-small-font-size\"><\/figure>\n<figure class=\"wp-block-table\" style=\"font-size: 12px;\">\n\t\t<style type=\"text\/css\">\n\t\t\t#gallery-1 {\n\t\t\t\tmargin: auto;\n\t\t\t}\n\t\t\t#gallery-1 .gallery-item {\n\t\t\t\tfloat: left;\n\t\t\t\tmargin-top: 10px;\n\t\t\t\ttext-align: center;\n\t\t\t\twidth: 25%;\n\t\t\t}\n\t\t\t#gallery-1 img {\n\t\t\t\tborder: 2px solid #cfcfcf;\n\t\t\t}\n\t\t\t#gallery-1 .gallery-caption {\n\t\t\t\tmargin-left: 0;\n\t\t\t}\n\t\t\t\/* see gallery_shortcode() in wp-includes\/media.php *\/\n\t\t<\/style>\n\t\t<div id='gallery-1' class='gallery galleryid-4906 gallery-columns-4 gallery-size-medium'><dl class='gallery-item'>\n\t\t\t<dt class='gallery-icon landscape'>\n\t\t\t\t<a href='https:\/\/swingbearing.net\/wp-content\/uploads\/2024\/07\/106.jpg'><img decoding=\"async\" width=\"300\" height=\"221\" src=\"https:\/\/swingbearing.net\/wp-content\/uploads\/2024\/07\/106-300x221.jpg\" class=\"attachment-medium size-medium\" alt=\"Di\u015fli Sertle\u015ftirme\" aria-describedby=\"gallery-1-4456\" srcset=\"https:\/\/swingbearing.net\/wp-content\/uploads\/2024\/07\/106-300x221.jpg 300w, https:\/\/swingbearing.net\/wp-content\/uploads\/2024\/07\/106-16x12.jpg 16w, https:\/\/swingbearing.net\/wp-content\/uploads\/2024\/07\/106.jpg 410w\" sizes=\"(max-width: 300px) 100vw, 300px\" \/><\/a>\n\t\t\t<\/dt>\n\t\t\t\t<dd class='wp-caption-text gallery-caption' id='gallery-1-4456'>\n\t\t\t\tDi\u015fli Sertle\u015ftirme\n\t\t\t\t<\/dd><\/dl><dl class='gallery-item'>\n\t\t\t<dt class='gallery-icon landscape'>\n\t\t\t\t<a href='https:\/\/swingbearing.net\/wp-content\/uploads\/2024\/07\/104.jpg'><img decoding=\"async\" width=\"300\" height=\"221\" src=\"https:\/\/swingbearing.net\/wp-content\/uploads\/2024\/07\/104-300x221.jpg\" class=\"attachment-medium size-medium\" alt=\"Di\u015fli Sertle\u015ftirme\" aria-describedby=\"gallery-1-4454\" srcset=\"https:\/\/swingbearing.net\/wp-content\/uploads\/2024\/07\/104-300x221.jpg 300w, https:\/\/swingbearing.net\/wp-content\/uploads\/2024\/07\/104-16x12.jpg 16w, https:\/\/swingbearing.net\/wp-content\/uploads\/2024\/07\/104.jpg 410w\" sizes=\"(max-width: 300px) 100vw, 300px\" \/><\/a>\n\t\t\t<\/dt>\n\t\t\t\t<dd class='wp-caption-text gallery-caption' id='gallery-1-4454'>\n\t\t\t\tDi\u015fli Sertle\u015ftirme\n\t\t\t\t<\/dd><\/dl><dl class='gallery-item'>\n\t\t\t<dt class='gallery-icon landscape'>\n\t\t\t\t<a href='https:\/\/swingbearing.net\/wp-content\/uploads\/2024\/07\/00\u76f4\u8bfb\u5f0f\u5149\u8c31\u4eea.jpg'><img decoding=\"async\" width=\"300\" height=\"240\" src=\"https:\/\/swingbearing.net\/wp-content\/uploads\/2024\/07\/00\u76f4\u8bfb\u5f0f\u5149\u8c31\u4eea-300x240.jpg\" class=\"attachment-medium size-medium\" alt=\"Do\u011frudan okuma spektrometresi\" aria-describedby=\"gallery-1-4483\" srcset=\"https:\/\/swingbearing.net\/wp-content\/uploads\/2024\/07\/00\u76f4\u8bfb\u5f0f\u5149\u8c31\u4eea-300x240.jpg 300w, https:\/\/swingbearing.net\/wp-content\/uploads\/2024\/07\/00\u76f4\u8bfb\u5f0f\u5149\u8c31\u4eea-768x614.jpg 768w, https:\/\/swingbearing.net\/wp-content\/uploads\/2024\/07\/00\u76f4\u8bfb\u5f0f\u5149\u8c31\u4eea-15x12.jpg 15w, https:\/\/swingbearing.net\/wp-content\/uploads\/2024\/07\/00\u76f4\u8bfb\u5f0f\u5149\u8c31\u4eea-600x480.jpg 600w, https:\/\/swingbearing.net\/wp-content\/uploads\/2024\/07\/00\u76f4\u8bfb\u5f0f\u5149\u8c31\u4eea.jpg 800w\" sizes=\"(max-width: 300px) 100vw, 300px\" \/><\/a>\n\t\t\t<\/dt>\n\t\t\t\t<dd class='wp-caption-text gallery-caption' id='gallery-1-4483'>\n\t\t\t\tDo\u011frudan okuma spektrometresi\n\t\t\t\t<\/dd><\/dl><dl class='gallery-item'>\n\t\t\t<dt class='gallery-icon landscape'>\n\t\t\t\t<a href='https:\/\/swingbearing.net\/wp-content\/uploads\/2024\/07\/00\u6d1b\u6c0f\u786c\u5ea6\u8ba1.jpg'><img decoding=\"async\" width=\"300\" height=\"240\" src=\"https:\/\/swingbearing.net\/wp-content\/uploads\/2024\/07\/00\u6d1b\u6c0f\u786c\u5ea6\u8ba1-300x240.jpg\" class=\"attachment-medium size-medium\" alt=\"Rockwell sertli\u011fi\" aria-describedby=\"gallery-1-4482\" srcset=\"https:\/\/swingbearing.net\/wp-content\/uploads\/2024\/07\/00\u6d1b\u6c0f\u786c\u5ea6\u8ba1-300x240.jpg 300w, https:\/\/swingbearing.net\/wp-content\/uploads\/2024\/07\/00\u6d1b\u6c0f\u786c\u5ea6\u8ba1-768x614.jpg 768w, https:\/\/swingbearing.net\/wp-content\/uploads\/2024\/07\/00\u6d1b\u6c0f\u786c\u5ea6\u8ba1-15x12.jpg 15w, https:\/\/swingbearing.net\/wp-content\/uploads\/2024\/07\/00\u6d1b\u6c0f\u786c\u5ea6\u8ba1-600x480.jpg 600w, https:\/\/swingbearing.net\/wp-content\/uploads\/2024\/07\/00\u6d1b\u6c0f\u786c\u5ea6\u8ba1.jpg 800w\" sizes=\"(max-width: 300px) 100vw, 300px\" \/><\/a>\n\t\t\t<\/dt>\n\t\t\t\t<dd class='wp-caption-text gallery-caption' id='gallery-1-4482'>\n\t\t\t\tRockwell sertli\u011fi\n\t\t\t\t<\/dd><\/dl><br style=\"clear: both\" \/><dl class='gallery-item'>\n\t\t\t<dt class='gallery-icon landscape'>\n\t\t\t\t<a href='https:\/\/swingbearing.net\/wp-content\/uploads\/2024\/07\/00\u6570\u63a7\u7acb\u8f66.jpg'><img decoding=\"async\" width=\"300\" height=\"240\" src=\"https:\/\/swingbearing.net\/wp-content\/uploads\/2024\/07\/00\u6570\u63a7\u7acb\u8f66-300x240.jpg\" class=\"attachment-medium size-medium\" alt=\"CNC dikey torna tezgah\u0131\" aria-describedby=\"gallery-1-4473\" srcset=\"https:\/\/swingbearing.net\/wp-content\/uploads\/2024\/07\/00\u6570\u63a7\u7acb\u8f66-300x240.jpg 300w, https:\/\/swingbearing.net\/wp-content\/uploads\/2024\/07\/00\u6570\u63a7\u7acb\u8f66-768x614.jpg 768w, https:\/\/swingbearing.net\/wp-content\/uploads\/2024\/07\/00\u6570\u63a7\u7acb\u8f66-15x12.jpg 15w, https:\/\/swingbearing.net\/wp-content\/uploads\/2024\/07\/00\u6570\u63a7\u7acb\u8f66-600x480.jpg 600w, https:\/\/swingbearing.net\/wp-content\/uploads\/2024\/07\/00\u6570\u63a7\u7acb\u8f66.jpg 800w\" sizes=\"(max-width: 300px) 100vw, 300px\" \/><\/a>\n\t\t\t<\/dt>\n\t\t\t\t<dd class='wp-caption-text gallery-caption' id='gallery-1-4473'>\n\t\t\t\tCNC dikey torna tezgah\u0131\n\t\t\t\t<\/dd><\/dl><dl class='gallery-item'>\n\t\t\t<dt class='gallery-icon landscape'>\n\t\t\t\t<a href='https:\/\/swingbearing.net\/wp-content\/uploads\/2024\/07\/00\u6570\u63a7\u6eda\u9f7f\u673a-1.jpg'><img decoding=\"async\" width=\"300\" height=\"240\" src=\"https:\/\/swingbearing.net\/wp-content\/uploads\/2024\/07\/00\u6570\u63a7\u6eda\u9f7f\u673a-1-300x240.jpg\" class=\"attachment-medium size-medium\" alt=\"CNC di\u015fli azd\u0131rma makinesi\" aria-describedby=\"gallery-1-4472\" srcset=\"https:\/\/swingbearing.net\/wp-content\/uploads\/2024\/07\/00\u6570\u63a7\u6eda\u9f7f\u673a-1-300x240.jpg 300w, https:\/\/swingbearing.net\/wp-content\/uploads\/2024\/07\/00\u6570\u63a7\u6eda\u9f7f\u673a-1-768x614.jpg 768w, https:\/\/swingbearing.net\/wp-content\/uploads\/2024\/07\/00\u6570\u63a7\u6eda\u9f7f\u673a-1-15x12.jpg 15w, https:\/\/swingbearing.net\/wp-content\/uploads\/2024\/07\/00\u6570\u63a7\u6eda\u9f7f\u673a-1-600x480.jpg 600w, https:\/\/swingbearing.net\/wp-content\/uploads\/2024\/07\/00\u6570\u63a7\u6eda\u9f7f\u673a-1.jpg 800w\" sizes=\"(max-width: 300px) 100vw, 300px\" \/><\/a>\n\t\t\t<\/dt>\n\t\t\t\t<dd class='wp-caption-text gallery-caption' id='gallery-1-4472'>\n\t\t\t\tCNC di\u015fli azd\u0131rma makinesi\n\t\t\t\t<\/dd><\/dl><dl class='gallery-item'>\n\t\t\t<dt class='gallery-icon landscape'>\n\t\t\t\t<a href='https:\/\/swingbearing.net\/wp-content\/uploads\/2024\/07\/00\u7acb\u5f0f\u52a0\u5de5\u4e2d\u5fc3.jpg'><img decoding=\"async\" width=\"300\" height=\"240\" src=\"https:\/\/swingbearing.net\/wp-content\/uploads\/2024\/07\/00\u7acb\u5f0f\u52a0\u5de5\u4e2d\u5fc3-300x240.jpg\" class=\"attachment-medium size-medium\" alt=\"Dikey \u0130\u015fleme Merkezi\" aria-describedby=\"gallery-1-4468\" srcset=\"https:\/\/swingbearing.net\/wp-content\/uploads\/2024\/07\/00\u7acb\u5f0f\u52a0\u5de5\u4e2d\u5fc3-300x240.jpg 300w, https:\/\/swingbearing.net\/wp-content\/uploads\/2024\/07\/00\u7acb\u5f0f\u52a0\u5de5\u4e2d\u5fc3-768x614.jpg 768w, https:\/\/swingbearing.net\/wp-content\/uploads\/2024\/07\/00\u7acb\u5f0f\u52a0\u5de5\u4e2d\u5fc3-15x12.jpg 15w, https:\/\/swingbearing.net\/wp-content\/uploads\/2024\/07\/00\u7acb\u5f0f\u52a0\u5de5\u4e2d\u5fc3-600x480.jpg 600w, https:\/\/swingbearing.net\/wp-content\/uploads\/2024\/07\/00\u7acb\u5f0f\u52a0\u5de5\u4e2d\u5fc3.jpg 800w\" sizes=\"(max-width: 300px) 100vw, 300px\" \/><\/a>\n\t\t\t<\/dt>\n\t\t\t\t<dd class='wp-caption-text gallery-caption' id='gallery-1-4468'>\n\t\t\t\tDikey \u0130\u015fleme Merkezi\n\t\t\t\t<\/dd><\/dl><dl class='gallery-item'>\n\t\t\t<dt class='gallery-icon landscape'>\n\t\t\t\t<a href='https:\/\/swingbearing.net\/wp-content\/uploads\/2024\/07\/\u6570\u63a7\u8f66\u78e8\u673a\u5e8a.jpg'><img decoding=\"async\" width=\"300\" height=\"240\" src=\"https:\/\/swingbearing.net\/wp-content\/uploads\/2024\/07\/\u6570\u63a7\u8f66\u78e8\u673a\u5e8a-300x240.jpg\" class=\"attachment-medium size-medium\" alt=\"sal\u0131ncak yata\u011f\u0131\" srcset=\"https:\/\/swingbearing.net\/wp-content\/uploads\/2024\/07\/\u6570\u63a7\u8f66\u78e8\u673a\u5e8a-300x240.jpg 300w, https:\/\/swingbearing.net\/wp-content\/uploads\/2024\/07\/\u6570\u63a7\u8f66\u78e8\u673a\u5e8a-768x614.jpg 768w, https:\/\/swingbearing.net\/wp-content\/uploads\/2024\/07\/\u6570\u63a7\u8f66\u78e8\u673a\u5e8a-15x12.jpg 15w, https:\/\/swingbearing.net\/wp-content\/uploads\/2024\/07\/\u6570\u63a7\u8f66\u78e8\u673a\u5e8a-600x480.jpg 600w, https:\/\/swingbearing.net\/wp-content\/uploads\/2024\/07\/\u6570\u63a7\u8f66\u78e8\u673a\u5e8a.jpg 800w\" sizes=\"(max-width: 300px) 100vw, 300px\" \/><\/a>\n\t\t\t<\/dt><\/dl><br style=\"clear: both\" \/><dl class='gallery-item'>\n\t\t\t<dt class='gallery-icon portrait'>\n\t\t\t\t<a href='https:\/\/swingbearing.net\/wp-content\/uploads\/2024\/07\/\u5fae\u4fe1\u56fe\u7247_20240517203249.jpg'><img decoding=\"async\" width=\"293\" height=\"300\" src=\"https:\/\/swingbearing.net\/wp-content\/uploads\/2024\/07\/\u5fae\u4fe1\u56fe\u7247_20240517203249-293x300.jpg\" class=\"attachment-medium size-medium\" alt=\"CAT374F 378-9586 Sal\u0131ncak Yata\u011f\u0131\" srcset=\"https:\/\/swingbearing.net\/wp-content\/uploads\/2024\/07\/\u5fae\u4fe1\u56fe\u7247_20240517203249-293x300.jpg 293w, https:\/\/swingbearing.net\/wp-content\/uploads\/2024\/07\/\u5fae\u4fe1\u56fe\u7247_20240517203249-1002x1024.jpg 1002w, https:\/\/swingbearing.net\/wp-content\/uploads\/2024\/07\/\u5fae\u4fe1\u56fe\u7247_20240517203249-768x785.jpg 768w, https:\/\/swingbearing.net\/wp-content\/uploads\/2024\/07\/\u5fae\u4fe1\u56fe\u7247_20240517203249-12x12.jpg 12w, https:\/\/swingbearing.net\/wp-content\/uploads\/2024\/07\/\u5fae\u4fe1\u56fe\u7247_20240517203249-600x613.jpg 600w, https:\/\/swingbearing.net\/wp-content\/uploads\/2024\/07\/\u5fae\u4fe1\u56fe\u7247_20240517203249.jpg 1080w\" sizes=\"(max-width: 293px) 100vw, 293px\" \/><\/a>\n\t\t\t<\/dt><\/dl><dl class='gallery-item'>\n\t\t\t<dt class='gallery-icon landscape'>\n\t\t\t\t<a href='https:\/\/swingbearing.net\/wp-content\/uploads\/2024\/07\/6556401.jpg'><img decoding=\"async\" width=\"300\" height=\"293\" src=\"https:\/\/swingbearing.net\/wp-content\/uploads\/2024\/07\/6556401-300x293.jpg\" class=\"attachment-medium size-medium\" alt=\"D\u00f6ner Rulman CAT 349D 353-049\" srcset=\"https:\/\/swingbearing.net\/wp-content\/uploads\/2024\/07\/6556401-300x293.jpg 300w, https:\/\/swingbearing.net\/wp-content\/uploads\/2024\/07\/6556401-12x12.jpg 12w, https:\/\/swingbearing.net\/wp-content\/uploads\/2024\/07\/6556401-600x586.jpg 600w, https:\/\/swingbearing.net\/wp-content\/uploads\/2024\/07\/6556401.jpg 655w\" sizes=\"(max-width: 300px) 100vw, 300px\" \/><\/a>\n\t\t\t<\/dt><\/dl><dl class='gallery-item'>\n\t\t\t<dt class='gallery-icon landscape'>\n\t\t\t\t<a href='https:\/\/swingbearing.net\/wp-content\/uploads\/2024\/07\/6556402.jpg'><img decoding=\"async\" width=\"300\" height=\"293\" src=\"https:\/\/swingbearing.net\/wp-content\/uploads\/2024\/07\/6556402-300x293.jpg\" class=\"attachment-medium size-medium\" alt=\"D\u00f6ner Yatak\" srcset=\"https:\/\/swingbearing.net\/wp-content\/uploads\/2024\/07\/6556402-300x293.jpg 300w, https:\/\/swingbearing.net\/wp-content\/uploads\/2024\/07\/6556402-12x12.jpg 12w, https:\/\/swingbearing.net\/wp-content\/uploads\/2024\/07\/6556402-600x586.jpg 600w, https:\/\/swingbearing.net\/wp-content\/uploads\/2024\/07\/6556402.jpg 655w\" sizes=\"(max-width: 300px) 100vw, 300px\" \/><\/a>\n\t\t\t<\/dt><\/dl><dl class='gallery-item'>\n\t\t\t<dt class='gallery-icon landscape'>\n\t\t\t\t<a href='https:\/\/swingbearing.net\/wp-content\/uploads\/2024\/07\/655640.jpg'><img decoding=\"async\" width=\"300\" height=\"293\" src=\"https:\/\/swingbearing.net\/wp-content\/uploads\/2024\/07\/655640-300x293.jpg\" class=\"attachment-medium size-medium\" alt=\"D\u00f6ner Yatak S\u0131zd\u0131rmazl\u0131\u011f\u0131\" srcset=\"https:\/\/swingbearing.net\/wp-content\/uploads\/2024\/07\/655640-300x293.jpg 300w, https:\/\/swingbearing.net\/wp-content\/uploads\/2024\/07\/655640-12x12.jpg 12w, https:\/\/swingbearing.net\/wp-content\/uploads\/2024\/07\/655640-600x586.jpg 600w, https:\/\/swingbearing.net\/wp-content\/uploads\/2024\/07\/655640.jpg 655w\" sizes=\"(max-width: 300px) 100vw, 300px\" \/><\/a>\n\t\t\t<\/dt><\/dl><br style=\"clear: both\" \/>\n\t\t<\/div>\n<\/figure>\n<\/figure>","protected":false},"excerpt":{"rendered":"<p><strong>Par\u00e7a<\/strong> #:11841739<br \/>\n<strong>Yapmak<\/strong>: SANY<br \/>\n<strong>Model<\/strong>: SY215C<br \/>\n<strong>Durum<\/strong>: Yeni<\/p>","protected":false},"featured_media":2864,"template":"","meta":[],"product_brand":[],"product_cat":[22,74],"product_tag":[52],"class_list":{"0":"post-4906","1":"product","2":"type-product","3":"status-publish","4":"has-post-thumbnail","6":"product_cat-swing-bearing","7":"product_cat-sany-excavator-swing-bearing","8":"product_tag-swing-bearing","10":"first","11":"instock","12":"shipping-taxable","13":"product-type-simple"},"_links":{"self":[{"href":"https:\/\/swingbearing.net\/tr\/wp-json\/wp\/v2\/product\/4906","targetHints":{"allow":["GET"]}}],"collection":[{"href":"https:\/\/swingbearing.net\/tr\/wp-json\/wp\/v2\/product"}],"about":[{"href":"https:\/\/swingbearing.net\/tr\/wp-json\/wp\/v2\/types\/product"}],"wp:featuredmedia":[{"embeddable":true,"href":"https:\/\/swingbearing.net\/tr\/wp-json\/wp\/v2\/media\/2864"}],"wp:attachment":[{"href":"https:\/\/swingbearing.net\/tr\/wp-json\/wp\/v2\/media?parent=4906"}],"wp:term":[{"taxonomy":"product_brand","embeddable":true,"href":"https:\/\/swingbearing.net\/tr\/wp-json\/wp\/v2\/product_brand?post=4906"},{"taxonomy":"product_cat","embeddable":true,"href":"https:\/\/swingbearing.net\/tr\/wp-json\/wp\/v2\/product_cat?post=4906"},{"taxonomy":"product_tag","embeddable":true,"href":"https:\/\/swingbearing.net\/tr\/wp-json\/wp\/v2\/product_tag?post=4906"}],"curies":[{"name":"wp","href":"https:\/\/api.w.org\/{rel}","templated":true}]}}