{"id":4895,"date":"2024-08-28T06:49:07","date_gmt":"2024-08-28T06:49:07","guid":{"rendered":"https:\/\/swingbearing.net\/?post_type=product&#038;p=4895"},"modified":"2024-08-28T06:50:31","modified_gmt":"2024-08-28T06:50:31","slug":"liebherr-r934hd-s-swing-bearing-le939500601-excavator-slewing-ring","status":"publish","type":"product","link":"https:\/\/swingbearing.net\/tr\/urun\/liebherr-r934hd-s-swing-bearing-le939500601-excavator-slewing-ring\/","title":{"rendered":"LIEBHERR R934HD-S Swing Bearing LE939500601 Excavator Slewing Ring"},"content":{"rendered":"<h2 style=\"text-align: center;\">LIEBHERR Sal\u0131ncak Yata\u011f\u0131 Parametreleri<\/h2>\n<figure class=\"wp-block-table is-style-stripes has-small-font-size\">\n<table class=\"has-cyan-bluish-gray-background-color has-background\">\n<tbody>\n<tr>\n<td>Model<\/td>\n<td>Par\u00e7a Numaras\u0131<\/td>\n<td>D\u0131\u015f \u00c7ap<\/td>\n<td>\u0130\u00e7 \u00c7ap<\/td>\n<td>Toplam y\u00fckseklik<\/td>\n<td>D\u0131\u015f Y\u00fckseklik<\/td>\n<td>\u0130\u00e7 Y\u00fckseklik<\/td>\n<td>D\u0131\u015f Delik Parametreleri<\/td>\n<td>\u0130\u00e7 Delik Parametreleri<\/td>\n<td>Di\u015f Say\u0131s\u0131<\/td>\n<\/tr>\n<tr>\n<td>R922<\/td>\n<td>LE982706001<\/td>\n<td>1215<\/td>\n<td>940<\/td>\n<td>115<\/td>\n<td>72<\/td>\n<td>105<\/td>\n<td>48-\u03c622<\/td>\n<td>56-M20<\/td>\n<td>94<\/td>\n<\/tr>\n<tr>\n<td>924HDSL<\/td>\n<td>LE982751901<\/td>\n<td>1215<\/td>\n<td>940<\/td>\n<td>115<\/td>\n<td>72<\/td>\n<td>105<\/td>\n<td>48-\u042422<\/td>\n<td>56-M20bez<\/td>\n<td>94<\/td>\n<\/tr>\n<tr>\n<td>R924C<\/td>\n<td>982751901<\/td>\n<td>1215<\/td>\n<td>940<\/td>\n<td>115<\/td>\n<td>72<\/td>\n<td>105<\/td>\n<td>48-\u042422<\/td>\n<td>56-M20bez<\/td>\n<td>94<\/td>\n<\/tr>\n<tr>\n<td>R924C<\/td>\n<td>932833001<\/td>\n<td>1215<\/td>\n<td>940<\/td>\n<td>115<\/td>\n<td>72<\/td>\n<td>105<\/td>\n<td>48-\u042422<\/td>\n<td>56-M20bez<\/td>\n<td>94<\/td>\n<\/tr>\n<tr>\n<td>R924B<\/td>\n<td>982751901<\/td>\n<td>1215<\/td>\n<td>940<\/td>\n<td>115<\/td>\n<td>72<\/td>\n<td>105<\/td>\n<td>48-\u042422<\/td>\n<td>56-M20bez<\/td>\n<td>94<\/td>\n<\/tr>\n<tr>\n<td>R934<\/td>\n<td>933816501<\/td>\n<td>1355<\/td>\n<td>1012<\/td>\n<td>125<\/td>\n<td><\/td>\n<td><\/td>\n<td>40<\/td>\n<td>48<\/td>\n<td>92<\/td>\n<\/tr>\n<tr>\n<td>R934HD-S<\/td>\n<td>LE939500601<\/td>\n<td>1355<\/td>\n<td>1012<\/td>\n<td>125<\/td>\n<td>92<\/td>\n<td>113<\/td>\n<td>40-26 delikli<\/td>\n<td>48-M24<\/td>\n<td>92<\/td>\n<\/tr>\n<tr>\n<td>934<\/td>\n<td>982752401<\/td>\n<td>1355<\/td>\n<td>1012<\/td>\n<td>125<\/td>\n<td>92<\/td>\n<td>113<\/td>\n<td>40-26 delikli<\/td>\n<td>48-M24<\/td>\n<td>92<\/td>\n<\/tr>\n<tr>\n<td>R-944C<\/td>\n<td>933628601<\/td>\n<td>1365<\/td>\n<td>1008<\/td>\n<td>150<\/td>\n<td>112<\/td>\n<td>140<\/td>\n<td>60-\u042426<\/td>\n<td>72-M24bez<\/td>\n<td>84<\/td>\n<\/tr>\n<tr>\n<td>R944B<\/td>\n<td>933626601<\/td>\n<td>1365<\/td>\n<td>1008<\/td>\n<td>150<\/td>\n<td>112<\/td>\n<td>140<\/td>\n<td>60<\/td>\n<td>72<\/td>\n<td>84<\/td>\n<\/tr>\n<\/tbody>\n<\/table>\n<\/figure>\n<p>Liebherr ekskavat\u00f6rleri g\u00fcvenilirlikleri ve dayan\u0131kl\u0131l\u0131klar\u0131yla \u00fcnl\u00fcd\u00fcr, bu da onlar\u0131 in\u015faat ve madencilik end\u00fcstrileri i\u00e7in pop\u00fcler bir se\u00e7im haline getirir. Makinenin performans\u0131na katk\u0131da bulunan kritik bile\u015fenlerden biri de ekskavat\u00f6r sal\u0131ncak yata\u011f\u0131d\u0131r. Liebherr ekskavat\u00f6r sal\u0131ncak rulmanlar\u0131, zorlu ortamlarda a\u011f\u0131r i\u015flerin zorlu taleplerini kar\u015f\u0131layacak \u015fekilde tasarlanm\u0131\u015ft\u0131r.<\/p>\n<p>Slewing bearing for excavators play a crucial role in the machine&#8217;s operation as they support the upper structure&#8217;s rotation. Without a quality slewing bearing for an excavator, the upper structure cannot rotate smoothly, which affects the overall performance of the machine. Liebherr excavator slewing bearings are engineered to provide high load capacity, accuracy, and long service life, ensuring optimal machine performance.<\/p>\n<p>Liebherr ekskavat\u00f6r sal\u0131ncak rulmanlar\u0131, sal\u0131ncak halkas\u0131 rulmanlar\u0131, ekskavat\u00f6r d\u00f6ner halka rulmanlar\u0131 veya d\u00f6ner tabla rulmanlar\u0131 olarak da bilinir. Bu rulmanlar, makinenin a\u011f\u0131rl\u0131\u011f\u0131n\u0131 desteklemek i\u00e7in bir yuvarlanma yolu ile tasarlanm\u0131\u015ft\u0131r ve \u00fcst yap\u0131n\u0131n kolayl\u0131kla d\u00f6nmesini sa\u011flar. Ekskavat\u00f6r par\u00e7alar\u0131 sal\u0131ncak yata\u011f\u0131, a\u011f\u0131r y\u00fcklere, a\u015f\u0131r\u0131 s\u0131cakl\u0131klara ve zorlu ko\u015fullara dayanabilmesini sa\u011flamak i\u00e7in y\u00fcksek mukavemetli malzemelerden yap\u0131lm\u0131\u015ft\u0131r.<\/p>\n<p>Liebherr, \u00e7e\u015fitli ekskavat\u00f6r modelleriyle uyumlu bir dizi ekskavat\u00f6r d\u00f6ner rulman\u0131 sunmaktad\u0131r. \u015eu anda piyasada bulunan modeller R914, R924, R944, R934 ve R944CLC'dir. Bu modeller maksimum dayan\u0131kl\u0131l\u0131k ve performans sa\u011flayacak \u015fekilde tasarlanm\u0131\u015ft\u0131r ve makinenizin her t\u00fcrl\u00fc i\u015fin \u00fcstesinden gelebilmesini sa\u011flar.<\/p>","protected":false},"excerpt":{"rendered":"<p><strong>Par\u00e7a<\/strong> #: R934HD-S<br \/>\n<strong>Yapmak<\/strong>: LIEBHERR<br \/>\n<strong>Model<\/strong>: LE939500601<br \/>\n<strong>Durum<\/strong>: Yeni<\/p>","protected":false},"featured_media":3040,"template":"","meta":[],"product_brand":[],"product_cat":[22,72],"product_tag":[52],"class_list":{"0":"post-4895","1":"product","2":"type-product","3":"status-publish","4":"has-post-thumbnail","6":"product_cat-swing-bearing","7":"product_cat-liebherr-excavator-swing-bearing","8":"product_tag-swing-bearing","10":"first","11":"instock","12":"shipping-taxable","13":"product-type-simple"},"_links":{"self":[{"href":"https:\/\/swingbearing.net\/tr\/wp-json\/wp\/v2\/product\/4895","targetHints":{"allow":["GET"]}}],"collection":[{"href":"https:\/\/swingbearing.net\/tr\/wp-json\/wp\/v2\/product"}],"about":[{"href":"https:\/\/swingbearing.net\/tr\/wp-json\/wp\/v2\/types\/product"}],"wp:featuredmedia":[{"embeddable":true,"href":"https:\/\/swingbearing.net\/tr\/wp-json\/wp\/v2\/media\/3040"}],"wp:attachment":[{"href":"https:\/\/swingbearing.net\/tr\/wp-json\/wp\/v2\/media?parent=4895"}],"wp:term":[{"taxonomy":"product_brand","embeddable":true,"href":"https:\/\/swingbearing.net\/tr\/wp-json\/wp\/v2\/product_brand?post=4895"},{"taxonomy":"product_cat","embeddable":true,"href":"https:\/\/swingbearing.net\/tr\/wp-json\/wp\/v2\/product_cat?post=4895"},{"taxonomy":"product_tag","embeddable":true,"href":"https:\/\/swingbearing.net\/tr\/wp-json\/wp\/v2\/product_tag?post=4895"}],"curies":[{"name":"wp","href":"https:\/\/api.w.org\/{rel}","templated":true}]}}