{"id":4368,"date":"2024-06-27T11:50:31","date_gmt":"2024-06-27T11:50:31","guid":{"rendered":"https:\/\/swingbearing.net\/?post_type=product&#038;p=4368"},"modified":"2024-06-27T12:03:00","modified_gmt":"2024-06-27T12:03:00","slug":"hydraulic-pump-708-2h-00022-for-komatsu-pc450-7-pc450lc-7-excavator-main-pump","status":"publish","type":"product","link":"https:\/\/swingbearing.net\/tr\/urun\/hydraulic-pump-708-2h-00022-for-komatsu-pc450-7-pc450lc-7-excavator-main-pump\/","title":{"rendered":"Komatsu PC450-7 PC450LC-7 Ekskavat\u00f6r Ana Pompas\u0131 i\u00e7in Hidrolik Pompa 708-2H-00022"},"content":{"rendered":"<h3 class=\"wp-block-heading\"><strong>\u00dcr\u00fcn A\u00e7\u0131klamas\u0131<\/strong><\/h3>\r\n\r\n\r\n<hr class=\"wp-block-separator has-alpha-channel-opacity\" \/>\r\n\r\n\r\n<h2 class=\"wp-block-heading\">708-2H-00022 Hydraulic Main Pump Fits For Komatsu PC450-7 PC450LC-7<\/h2>\r\n<div id=\"attachment_4341\" style=\"width: 720px\" class=\"wp-caption alignnone\"><img decoding=\"async\" aria-describedby=\"caption-attachment-4341\" class=\"wp-image-4341 size-full\" src=\"https:\/\/swingbearing.net\/wp-content\/uploads\/2024\/06\/pc0000.jpg\" alt=\"hidrolik pompa\" width=\"710\" height=\"771\" srcset=\"https:\/\/swingbearing.net\/wp-content\/uploads\/2024\/06\/pc0000.jpg 710w, https:\/\/swingbearing.net\/wp-content\/uploads\/2024\/06\/pc0000-276x300.jpg 276w, https:\/\/swingbearing.net\/wp-content\/uploads\/2024\/06\/pc0000-11x12.jpg 11w, https:\/\/swingbearing.net\/wp-content\/uploads\/2024\/06\/pc0000-600x652.jpg 600w\" sizes=\"(max-width: 710px) 100vw, 710px\" \/><p id=\"caption-attachment-4341\" class=\"wp-caption-text\"><img decoding=\"async\" class=\"alignnone wp-image-4370 size-full\" style=\"font-size: 16px;\" src=\"https:\/\/swingbearing.net\/wp-content\/uploads\/2024\/06\/pc400-7-450-7.jpg\" alt=\"hidrolik pompa\" width=\"694\" height=\"702\" srcset=\"https:\/\/swingbearing.net\/wp-content\/uploads\/2024\/06\/pc400-7-450-7.jpg 694w, https:\/\/swingbearing.net\/wp-content\/uploads\/2024\/06\/pc400-7-450-7-297x300.jpg 297w, https:\/\/swingbearing.net\/wp-content\/uploads\/2024\/06\/pc400-7-450-7-12x12.jpg 12w, https:\/\/swingbearing.net\/wp-content\/uploads\/2024\/06\/pc400-7-450-7-600x607.jpg 600w, https:\/\/swingbearing.net\/wp-content\/uploads\/2024\/06\/pc400-7-450-7-100x100.jpg 100w\" sizes=\"(max-width: 694px) 100vw, 694px\" \/><\/p><\/div>\r\n<p>&nbsp;<\/p>\r\n<table border=\"1\" cellspacing=\"0\" cellpadding=\"0\">\r\n<tbody>\r\n<tr>\r\n<td>\u00dcr\u00fcn Ad\u0131\u00a0 \u00a0 \u00a0 \u00a0 \u00a0 \u00a0 \u00a0 \u00a0<\/td>\r\n<td>Ekskavat\u00f6r Hidrolik Pompas\u0131<\/td>\r\n<\/tr>\r\n<tr>\r\n<td>Kalite\u00a0 \u00a0 \u00a0<\/td>\r\n<td>Y\u00fcksek Kalite 100% Yeni<\/td>\r\n<\/tr>\r\n<tr>\r\n<td>Makine modeli\u00a0 \u00a0\u00a0<\/td>\r\n<td>PC450-7 PC450LC-7<\/td>\r\n<\/tr>\r\n<tr>\r\n<td>Ambalaj Boyutu<\/td>\r\n<td>84*38*49<\/td>\r\n<\/tr>\r\n<tr>\r\n<td>Paket<\/td>\r\n<td>Standart \u0130hracat Ah\u015fap Kasa\u00a0 \u00a0 \u00a0 \u00a0 \u00a0 \u00a0 \u00a0 \u00a0 \u00a0 \u00a0 \u00a0 \u00a0 \u00a0 \u00a0 \u00a0 \u00a0 \u00a0 \u00a0 \u00a0 \u00a0 \u00a0 \u00a0 \u00a0 \u00a0 \u00a0 \u00a0\u00a0<\/td>\r\n<\/tr>\r\n<tr>\r\n<td>Par\u00e7a numaras\u0131<\/td>\r\n<td>708-2H-00022<\/td>\r\n<\/tr>\r\n<tr>\r\n<td>Bas\u0131n\u00e7<\/td>\r\n<td>Standart, Y\u00fcksek Bas\u0131n\u00e7<\/td>\r\n<\/tr>\r\n<\/tbody>\r\n<\/table>\r\n<h3>\r\n\r\n<\/h3>\r\n<p><\/p>\r\n<h2 class=\"wp-block-heading\">Introduction of\u00a0 PC450-7 PC450LC-7 Main Pump<\/h2>\r\n<p><\/p>\r\n<p>Are you in the construction industry and looking to optimize the performance of your crawler excavators? Look no further than the Excavator Hydraulic Pump, a versatile and reliable product designed to meet the demands of various scenarios, including construction sites, mining operations, and roadworks. This powerful hydraulic pump is compatible with a range of models, such as E317, E315, PC210LC-7K , and PC210-8K, making it a must-have for enhancing the hydraulic power of your excavator.<\/p>\r\n<p>\r\n\r\n<\/p>\r\n<h3 class=\"wp-block-heading\">Pompa ile Verimlili\u011fi En \u00dcst D\u00fczeye \u00c7\u0131karma<\/h3>\r\n<p>\r\n\r\n<\/p>\r\n<p>Kaz\u0131 i\u015fleri s\u00f6z konusu oldu\u011funda verimlilik \u00e7ok \u00f6nemlidir. 708-2L-00202 ve 708-2L-41121 olmak \u00fczere iki pompa numaras\u0131yla sunulan Ekskavat\u00f6r Hidrolik Pompas\u0131, ekskavat\u00f6r\u00fcn\u00fcze maksimum hidrolik g\u00fc\u00e7 sa\u011flamak i\u00e7in \u00f6zel olarak tasarlanm\u0131\u015ft\u0131r. Bu, makinenizin sorunsuz ve verimli bir \u015fekilde \u00e7al\u0131\u015fmas\u0131n\u0131 sa\u011flayarak projeleri zaman\u0131nda tamamlaman\u0131za olanak tan\u0131r. Dayan\u0131kl\u0131 yap\u0131s\u0131 ve g\u00fcvenilir performans\u0131yla bu hidrolik pompa uzun \u00f6m\u00fcrl\u00fc olacak \u015fekilde \u00fcretilmi\u015ftir ve i\u015fletmeniz i\u00e7in de\u011ferli bir yat\u0131r\u0131md\u0131r.<\/p>\r\n<p>\r\n\r\n<\/p>\r\n<h3 class=\"wp-block-heading\">Uyumluluk ve \u00c7ok Y\u00f6nl\u00fcl\u00fck<\/h3>\r\n<p>\r\n\r\n<\/p>\r\n<p>Ekskavat\u00f6r Hidrolik Pompas\u0131n\u0131n en \u00f6nemli avantajlar\u0131ndan biri, \u00e7e\u015fitli ekskavat\u00f6r modelleriyle uyumlu olmas\u0131d\u0131r. \u0130ster E317, E315, PC210-8K veya PC210-8K kullan\u0131yor olun, bu hidrolik pompa makinenizle sorunsuz bir \u015fekilde b\u00fct\u00fcnle\u015ferek yeteneklerini ve performans\u0131n\u0131 art\u0131racak \u015fekilde tasarlanm\u0131\u015ft\u0131r. Bu \u00e7ok y\u00f6nl\u00fcl\u00fck, onu farkl\u0131 sekt\u00f6rlerde ve ortamlarda \u00e7al\u0131\u015fan y\u00fckleniciler ve operat\u00f6rler i\u00e7in pratik bir se\u00e7im haline getirir.<\/p>\r\n<p>\r\n\r\n<\/p>\r\n<h3 class=\"wp-block-heading\">Ola\u011fan\u00fcst\u00fc Sat\u0131\u015f Sonras\u0131 Destek<\/h3>\r\n<p>\r\n\r\n<\/p>\r\n<p>Ekskavat\u00f6r Hidrolik Pompa'da m\u00fc\u015fteri memnuniyeti en \u00f6nemli \u00f6nceli\u011fimizdir. Bu nedenle, m\u00fc\u015fterilerimizin herhangi bir sorun veya endi\u015fe durumunda derhal yard\u0131m almalar\u0131n\u0131 sa\u011flamak i\u00e7in \u00e7evrimi\u00e7i yard\u0131m da dahil olmak \u00fczere m\u00fckemmel sat\u0131\u015f sonras\u0131 destek sunuyoruz. Uzman ekibimiz, hidrolik pompan\u0131z\u0131n sorunsuz ve verimli bir \u015fekilde \u00e7al\u0131\u015fmas\u0131n\u0131 sa\u011flamak i\u00e7in ihtiya\u00e7 duydu\u011funuz deste\u011fi size sunmaya kendini adam\u0131\u015ft\u0131r ve herhangi bir kesinti olmadan i\u015finize odaklanman\u0131za olanak tan\u0131r.<br \/><br \/><b>Di\u011ferlerini Destekleyebiliriz:<\/b><\/p>\r\n<table>\r\n<tbody>\r\n<tr>\r\n<td colspan=\"1\" rowspan=\"1\">\r\n<div>Kobelco i\u00e7in<\/div>\r\n<\/td>\r\n<td colspan=\"1\" rowspan=\"1\">\r\n<div>SK200-6,SK210-6,SK45SR,SK330-6E,SK200-4,SK460-8,SK135,SK235SRLC-1ES,SK250-8,SK210-8,SK350-8,SK350,SK350-9,SK200-8,SK210-8<\/div>\r\n<\/td>\r\n<\/tr>\r\n<tr>\r\n<td colspan=\"1\" rowspan=\"1\">\r\n<div>Komatsu i\u00e7in<\/div>\r\n<\/td>\r\n<td colspan=\"1\" rowspan=\"1\">\r\n<div>PC300-8,PC200-6K,PC130-8,PC200-8,PC220-8,PC270-8,PC400-8,PC60-7,PC300-7,PC400-7,PC200-7,PC200-6,<\/div>\r\n<\/td>\r\n<\/tr>\r\n<tr>\r\n<td colspan=\"1\" rowspan=\"1\">\r\n<div>CAT i\u00e7in<\/div>\r\n<\/td>\r\n<td colspan=\"1\" rowspan=\"1\">\r\n<div>E325C,E330D,E330C,E336D,E336C,E345B,E385C,E320C,E320D,E330,E330L,E345C<\/div>\r\n<\/td>\r\n<\/tr>\r\n<tr>\r\n<td colspan=\"1\" rowspan=\"1\">\r\n<div>Daewoo i\u00e7in<\/div>\r\n<\/td>\r\n<td colspan=\"1\" rowspan=\"1\">\r\n<div>DH80,DH300-5,DH300-7,DH225-7,DH210,DH220,DH150,DH300-5,DH370,DH470-5,DH500-5<\/div>\r\n<\/td>\r\n<\/tr>\r\n<tr>\r\n<td colspan=\"1\" rowspan=\"1\">\r\n<div>Hitachi i\u00e7in<\/div>\r\n<\/td>\r\n<td colspan=\"1\" rowspan=\"1\">\r\n<div>EX120-5, EX120-5 JPN, EX120-5HG, EX120-5LV JPN, EX120-5X, EX120-5Z, EX120SS-5, EX130H-5, EX130H-5 JPN, EX130K-5,<br \/>EX135UR, EX135UR-5, EX135US-5, EX135USR, EX135USRK, EX140US-5, HR240G, EX300-2, EX300-3, EX300-3C, EX310H-3C, EX200-3, EX200-5,<br \/>EX200-5 JPN, EX200-5HG, EX200-5HHE, EX200-5LV JAP, EX200-5X JPN, EX200-5Z JPN, EX200LC-5HHE, EX200SS-5,EX210H-5, EX210H-5 JPN,<br \/>EX210K-5 JPN, EX210LC-5HHE, EX225USR(LC), EX225USRK, EX60-2, EX60-3, EX60LCK-3, EX60LCT-3, EX60WD-2, EX75UR, EX75UR-3,<br \/>EX75URLC-3,EX350-6,EX120-3,EX1200,EX300,EX200 ,EX210,EX75UR-5<\/div>\r\n<\/td>\r\n<\/tr>\r\n<tr>\r\n<td colspan=\"1\" rowspan=\"1\">\r\n<div>Sumitomo i\u00e7in<\/div>\r\n<\/td>\r\n<td colspan=\"1\" rowspan=\"1\">\r\n<div>SH200-2,SH-200A3,SH200,SH120-5-0.5<\/div>\r\n<\/td>\r\n<\/tr>\r\n<tr>\r\n<td colspan=\"1\" rowspan=\"1\">\r\n<div>Kato i\u00e7in<\/div>\r\n<\/td>\r\n<td colspan=\"1\" rowspan=\"1\">\r\n<div>HD1430, HD130<\/div>\r\n<\/td>\r\n<\/tr>\r\n<tr>\r\n<td colspan=\"1\" rowspan=\"1\">\r\n<div>JCB i\u00e7in<\/div>\r\n<\/td>\r\n<td colspan=\"1\" rowspan=\"1\">\r\n<div>JCB220, JCB240, JCB 85Z<\/div>\r\n<\/td>\r\n<\/tr>\r\n<tr>\r\n<td colspan=\"1\" rowspan=\"1\">\r\n<div>Di\u011fer<\/div>\r\n<\/td>\r\n<td colspan=\"1\" rowspan=\"1\">\r\n<div>&#8230;&#8230;<\/div>\r\n<\/td>\r\n<\/tr>\r\n<\/tbody>\r\n<\/table>\r\n<p><\/p>","protected":false},"excerpt":{"rendered":"<p><strong><b>Par\u00e7a<\/b><\/strong> #: 708-2H-00022 <br \/><strong><b>Yapmak<\/b><\/strong>:Komatsu <br \/><strong><b>Model<\/b><\/strong>: PC450-7 PC450LC-7 <br \/><strong><b>Durum<\/b><\/strong>: Yeni<\/p>","protected":false},"featured_media":4369,"template":"","meta":[],"product_brand":[],"product_cat":[382],"product_tag":[],"class_list":{"0":"post-4368","1":"product","2":"type-product","3":"status-publish","4":"has-post-thumbnail","6":"product_cat-komatsu-hydraulic-pumps","8":"first","9":"instock","10":"shipping-taxable","11":"product-type-simple"},"_links":{"self":[{"href":"https:\/\/swingbearing.net\/tr\/wp-json\/wp\/v2\/product\/4368","targetHints":{"allow":["GET"]}}],"collection":[{"href":"https:\/\/swingbearing.net\/tr\/wp-json\/wp\/v2\/product"}],"about":[{"href":"https:\/\/swingbearing.net\/tr\/wp-json\/wp\/v2\/types\/product"}],"wp:featuredmedia":[{"embeddable":true,"href":"https:\/\/swingbearing.net\/tr\/wp-json\/wp\/v2\/media\/4369"}],"wp:attachment":[{"href":"https:\/\/swingbearing.net\/tr\/wp-json\/wp\/v2\/media?parent=4368"}],"wp:term":[{"taxonomy":"product_brand","embeddable":true,"href":"https:\/\/swingbearing.net\/tr\/wp-json\/wp\/v2\/product_brand?post=4368"},{"taxonomy":"product_cat","embeddable":true,"href":"https:\/\/swingbearing.net\/tr\/wp-json\/wp\/v2\/product_cat?post=4368"},{"taxonomy":"product_tag","embeddable":true,"href":"https:\/\/swingbearing.net\/tr\/wp-json\/wp\/v2\/product_tag?post=4368"}],"curies":[{"name":"wp","href":"https:\/\/api.w.org\/{rel}","templated":true}]}}