{"id":4354,"date":"2024-06-27T03:48:06","date_gmt":"2024-06-27T03:48:06","guid":{"rendered":"https:\/\/swingbearing.net\/?post_type=product&#038;p=4354"},"modified":"2024-06-27T04:09:24","modified_gmt":"2024-06-27T04:09:24","slug":"hydraulic-pump-708-25-01011-708-25-50101-708-25-04081-for-pc650-3-pc650-5-pc710-5","status":"publish","type":"product","link":"https:\/\/swingbearing.net\/tr\/urun\/hydraulic-pump-708-25-01011-708-25-50101-708-25-04081-for-pc650-3-pc650-5-pc710-5\/","title":{"rendered":"Hidrolik Pompa 708-25-01011 708-25-50101 708-25-04081 PC650-3 PC650-5 PC710-5 i\u00e7in"},"content":{"rendered":"<h3 class=\"wp-block-heading\"><strong>\u00dcr\u00fcn A\u00e7\u0131klamas\u0131<\/strong><\/h3>\r\n\r\n\r\n<hr class=\"wp-block-separator has-alpha-channel-opacity\" \/>\r\n\r\n\r\n<h2 class=\"wp-block-heading\">708-25-01011 708-25-50101 708-25-04081 Hidrolik Ana Pompa Komatsu PC650-3 PC650-5 PC710-5 \u0130\u00e7in Uygun<\/h2>\r\n<p><img decoding=\"async\" class=\"alignnone wp-image-4306 size-full\" src=\"https:\/\/swingbearing.net\/wp-content\/uploads\/2024\/06\/pc400-3-02.jpg\" alt=\"Hidrolik Ana Pompalar\" width=\"806\" height=\"903\" srcset=\"https:\/\/swingbearing.net\/wp-content\/uploads\/2024\/06\/pc400-3-02.jpg 806w, https:\/\/swingbearing.net\/wp-content\/uploads\/2024\/06\/pc400-3-02-268x300.jpg 268w, https:\/\/swingbearing.net\/wp-content\/uploads\/2024\/06\/pc400-3-02-768x860.jpg 768w, https:\/\/swingbearing.net\/wp-content\/uploads\/2024\/06\/pc400-3-02-11x12.jpg 11w, https:\/\/swingbearing.net\/wp-content\/uploads\/2024\/06\/pc400-3-02-600x672.jpg 600w\" sizes=\"(max-width: 806px) 100vw, 806px\" \/><\/p>\r\n<table border=\"1\" cellspacing=\"0\" cellpadding=\"0\">\r\n<tbody>\r\n<tr>\r\n<td>\u00dcr\u00fcn Ad\u0131\u00a0 \u00a0 \u00a0 \u00a0 \u00a0 \u00a0 \u00a0 \u00a0<\/td>\r\n<td>Ekskavat\u00f6r Hidrolik Pompas\u0131<\/td>\r\n<\/tr>\r\n<tr>\r\n<td>Kalite\u00a0 \u00a0 \u00a0<\/td>\r\n<td>Y\u00fcksek Kalite 100% Yeni<\/td>\r\n<\/tr>\r\n<tr>\r\n<td>Makine modeli\u00a0 \u00a0\u00a0<\/td>\r\n<td>PC650-3 PC650-5 PC710-5<\/td>\r\n<\/tr>\r\n<tr>\r\n<td>Ambalaj Boyutu<\/td>\r\n<td>84*38*49<\/td>\r\n<\/tr>\r\n<tr>\r\n<td>Paket<\/td>\r\n<td>Standart \u0130hracat Ah\u015fap Kasa\u00a0 \u00a0 \u00a0 \u00a0 \u00a0 \u00a0 \u00a0 \u00a0 \u00a0 \u00a0 \u00a0 \u00a0 \u00a0 \u00a0 \u00a0 \u00a0 \u00a0 \u00a0 \u00a0 \u00a0 \u00a0 \u00a0 \u00a0 \u00a0 \u00a0 \u00a0\u00a0<\/td>\r\n<\/tr>\r\n<tr>\r\n<td>Par\u00e7a numaras\u0131<\/td>\r\n<td>708-25-01011 708-25-50101 708-25-04081<\/td>\r\n<\/tr>\r\n<tr>\r\n<td>Bas\u0131n\u00e7<\/td>\r\n<td>Standart, Y\u00fcksek Bas\u0131n\u00e7<\/td>\r\n<\/tr>\r\n<\/tbody>\r\n<\/table>\r\n<h3>\r\n\r\n<\/h3>\r\n<p><\/p>\r\n<h2 class=\"wp-block-heading\">PC650-3 PC650-5 PC710-5 Ana Pompan\u0131n Tan\u0131t\u0131m\u0131<\/h2>\r\n<p><\/p>\r\n<p><\/p>\r\n<p>Ekskavat\u00f6r hidrolik pompalar\u0131, ekskavat\u00f6rler gibi a\u011f\u0131r i\u015f makinelerinin verimli \u00e7al\u0131\u015fmas\u0131nda \u00e7ok \u00f6nemli bir rol oynar. Ekskavat\u00f6r hidrolik sistemlerinin temel bile\u015fenleri olan PC650-3, PC650-5 ve PC710-5 ana pompalar\u0131n\u0131n temel \u00f6zelliklerini ve i\u015flevlerini inceleyece\u011fiz.<\/p>\r\n<p>\r\n\r\n<\/p>\r\n<h3 class=\"wp-block-heading\">PC650-3 Hidrolik Pompa<\/h3>\r\n<p>\r\n\r\n<\/p>\r\n<p>PC650-3 ana pompa, ekskavat\u00f6re g\u00fcvenilir ve tutarl\u0131 hidrolik g\u00fc\u00e7 sa\u011flamak \u00fczere tasarlanm\u0131\u015ft\u0131r. Y\u00fcksek verimlili\u011fi ve dayan\u0131kl\u0131l\u0131\u011f\u0131 ile bu pompa, makinenin sorunsuz \u00e7al\u0131\u015fmas\u0131n\u0131 ve optimum performans g\u00f6stermesini sa\u011flar. \u0130leri teknoloji ile donat\u0131lm\u0131\u015f PC650-3 ana pompa, ekskavat\u00f6r\u00fcn \u00e7e\u015fitli hidrolik fonksiyonlar\u0131n\u0131 \u00e7al\u0131\u015ft\u0131rmak i\u00e7in gerekli hidrolik bas\u0131nc\u0131 sa\u011flar.<\/p>\r\n<p>\r\n\r\n<\/p>\r\n<h3 class=\"wp-block-heading\">PC650-5 Hidrolik Pompa<\/h3>\r\n<p>\r\n\r\n<\/p>\r\n<p>PC650-5 ana pompa, sa\u011flam yap\u0131s\u0131 ve \u00fcst\u00fcn performans\u0131yla bilinir. Bu pompa, zorlu \u00e7al\u0131\u015fma ortamlar\u0131nda a\u011f\u0131r hizmet tipi kullan\u0131ma dayanacak \u015fekilde tasarlanm\u0131\u015ft\u0131r. Ola\u011fan\u00fcst\u00fc verimlili\u011fi ve hassasiyeti ile PC650-5 ana pompa, ekskavat\u00f6r\u00fcn genel \u00fcretkenli\u011fine ve verimlili\u011fine katk\u0131da bulunur. Operat\u00f6rler, sorunsuz ve hassas \u00e7al\u0131\u015fma i\u00e7in gerekli hidrolik g\u00fcc\u00fc sa\u011flama konusunda bu pompaya g\u00fcvenebilir.<\/p>\r\n<p>\r\n\r\n<\/p>\r\n<h3 class=\"wp-block-heading\">PC710-5 Hidrolik Pompa<\/h3>\r\n<p>\r\n\r\n<\/p>\r\n<p>PC710-5 ana pompa, ekskavat\u00f6rlerde optimum hidrolik performans sa\u011flayan birinci s\u0131n\u0131f bir bile\u015fendir. Hassas m\u00fchendislik ve ileri teknoloji ile \u00fcretilen bu pompa, makinenin \u00e7e\u015fitli hidrolik i\u015flevlerini \u00e7al\u0131\u015ft\u0131rmak i\u00e7in y\u00fcksek bas\u0131n\u00e7l\u0131 hidrolik s\u0131v\u0131 sa\u011flar. PC710-5 ana pompa, ekskavat\u00f6r\u00fcn performans\u0131n\u0131 art\u0131rmak i\u00e7in g\u00fcvenilir ve tutarl\u0131 hidrolik g\u00fc\u00e7 sa\u011flayarak a\u011f\u0131r in\u015faat projelerinin zorlu taleplerini kar\u015f\u0131lamak \u00fczere tasarlanm\u0131\u015ft\u0131r.<\/p>\r\n<p>\r\n\r\n<\/p>\r\n<p>Sonu\u00e7 olarak, PC650-3, PC650-5 ve PC710-5 ana pompalar\u0131 ekskavat\u00f6r hidrolik sistemlerinin temel bile\u015fenleridir ve verimli \u00e7al\u0131\u015fma i\u00e7in gereken hidrolik g\u00fcc\u00fcn sa\u011flanmas\u0131nda \u00f6nemli bir rol oynar. Operat\u00f6rler bu pompalar\u0131n tutarl\u0131 performans, dayan\u0131kl\u0131l\u0131k ve hassasiyet sa\u011flayarak ekskavat\u00f6r projelerinin genel \u00fcretkenli\u011fine ve ba\u015far\u0131s\u0131na katk\u0131da bulunaca\u011f\u0131na g\u00fcvenebilir.<\/p>\r\n<p>\r\n\r\n<\/p>\r\n<p>Bu birinci s\u0131n\u0131f ana pompalarla g\u00fcvenle ve g\u00fc\u00e7le kaz\u0131 yap\u0131n!<\/p>\r\n<p><\/p>\r\n<p><\/p>","protected":false},"excerpt":{"rendered":"<p><strong><b>Par\u00e7a<\/b><\/strong> #: 708-25-01011 708-25-50101 708-25-04081<br \/><strong><b>Yapmak<\/b><\/strong>:Komatsu <br \/><strong><b>Model<\/b><\/strong>: PC650-3 PC650-5 PC710-5<br \/><strong><b>Durum<\/b><\/strong>: Yeni<\/p>","protected":false},"featured_media":4308,"template":"","meta":[],"product_brand":[],"product_cat":[382],"product_tag":[],"class_list":{"0":"post-4354","1":"product","2":"type-product","3":"status-publish","4":"has-post-thumbnail","6":"product_cat-komatsu-hydraulic-pumps","8":"first","9":"instock","10":"shipping-taxable","11":"product-type-simple"},"_links":{"self":[{"href":"https:\/\/swingbearing.net\/tr\/wp-json\/wp\/v2\/product\/4354","targetHints":{"allow":["GET"]}}],"collection":[{"href":"https:\/\/swingbearing.net\/tr\/wp-json\/wp\/v2\/product"}],"about":[{"href":"https:\/\/swingbearing.net\/tr\/wp-json\/wp\/v2\/types\/product"}],"wp:featuredmedia":[{"embeddable":true,"href":"https:\/\/swingbearing.net\/tr\/wp-json\/wp\/v2\/media\/4308"}],"wp:attachment":[{"href":"https:\/\/swingbearing.net\/tr\/wp-json\/wp\/v2\/media?parent=4354"}],"wp:term":[{"taxonomy":"product_brand","embeddable":true,"href":"https:\/\/swingbearing.net\/tr\/wp-json\/wp\/v2\/product_brand?post=4354"},{"taxonomy":"product_cat","embeddable":true,"href":"https:\/\/swingbearing.net\/tr\/wp-json\/wp\/v2\/product_cat?post=4354"},{"taxonomy":"product_tag","embeddable":true,"href":"https:\/\/swingbearing.net\/tr\/wp-json\/wp\/v2\/product_tag?post=4354"}],"curies":[{"name":"wp","href":"https:\/\/api.w.org\/{rel}","templated":true}]}}