{"id":3375,"date":"2024-05-27T09:08:03","date_gmt":"2024-05-27T09:08:03","guid":{"rendered":"https:\/\/swingbearing.net\/product\/hyundai-r220lc-9s-excavator-swing-bearing-81q6-00021-slew-rings\/"},"modified":"2024-05-28T05:22:54","modified_gmt":"2024-05-28T05:22:54","slug":"hyundai-r220lc-9s-excavator-swing-bearing-81q6-00021-slew-rings","status":"publish","type":"product","link":"https:\/\/swingbearing.net\/tr\/urun\/hyundai-r220lc-9s-excavator-swing-bearing-81q6-00021-slew-rings\/","title":{"rendered":"HYUNDAI R220LC-9S i\u00e7in 81Q6-00021 Sal\u0131ncak Yata\u011f\u0131"},"content":{"rendered":"<h2 style=\"text-align: center;\">HYUNDAI Sal\u0131ncak Yata\u011f\u0131 Parametreleri<\/h2>\n<div class=\"bde-rich-text-243-405 bde-rich-text breakdance-rich-text-styles\">\n<figure class=\"wp-block-table\">\n<table>\n<tbody>\n<tr>\n<td>Model<\/td>\n<td>Par\u00e7a Numaras\u0131<\/td>\n<td>D\u0131\u015f \u00c7ap<\/td>\n<td>\u0130\u00e7 \u00c7ap<\/td>\n<td>Toplam y\u00fckseklik<\/td>\n<td>D\u0131\u015f Y\u00fckseklik<\/td>\n<td>\u0130\u00e7 Y\u00fckseklik<\/td>\n<td>D\u0131\u015f Delik Parametreleri<\/td>\n<td>\u0130\u00e7 Delik Parametreleri<\/td>\n<td>Di\u015f Say\u0131s\u0131<\/td>\n<\/tr>\n<tr>\n<td>R140LC-7<\/td>\n<td>81N4-01020<\/td>\n<td>1196<\/td>\n<td>963<\/td>\n<td>90<\/td>\n<td>79<\/td>\n<td>80<\/td>\n<td>36-\u03c619<\/td>\n<td>36-M16*1.5<\/td>\n<td>98<\/td>\n<\/tr>\n<tr>\n<td>R210LC-3<\/td>\n<td>81EM-00020<\/td>\n<td>1202<\/td>\n<td>945<\/td>\n<td>84<\/td>\n<td>75<\/td>\n<td>70<\/td>\n<td>36<\/td>\n<td>36<\/td>\n<td>80<\/td>\n<\/tr>\n<tr>\n<td>R170W-7<\/td>\n<td>81EM-00021<\/td>\n<td>1202<\/td>\n<td>947<\/td>\n<td>83<\/td>\n<td>75<\/td>\n<td>70<\/td>\n<td>36-\u03c622<\/td>\n<td>36-M20*1.5<\/td>\n<td>80<\/td>\n<\/tr>\n<tr>\n<td>R180W-9S<\/td>\n<td>81EM00021GG<\/td>\n<td>1202<\/td>\n<td>947<\/td>\n<td>83<\/td>\n<td>75<\/td>\n<td>70<\/td>\n<td>36-\u03c622<\/td>\n<td>36-M20*1.5<\/td>\n<td>80<\/td>\n<\/tr>\n<tr>\n<td>R200W-7<\/td>\n<td>81EM00021GG<\/td>\n<td>1327<\/td>\n<td>1083<\/td>\n<td>110<\/td>\n<td>89<\/td>\n<td>94<\/td>\n<td>30-\u03c622<\/td>\n<td>36-M20<\/td>\n<td>92<\/td>\n<\/tr>\n<tr>\n<td>R210-7<\/td>\n<td>81N600023BG<\/td>\n<td>1327<\/td>\n<td>1084<\/td>\n<td>110<\/td>\n<td>89<\/td>\n<td>94<\/td>\n<td>30-\u03c622<\/td>\n<td>36-M20<\/td>\n<td>92<\/td>\n<\/tr>\n<tr>\n<td>R210LC-7<\/td>\n<td>81N6-01020<\/td>\n<td>1326<\/td>\n<td>1084<\/td>\n<td>110<\/td>\n<td>89<\/td>\n<td>94<\/td>\n<td>30-\u03c622<\/td>\n<td>36-M20<\/td>\n<td>92<\/td>\n<\/tr>\n<tr>\n<td>R210-7<\/td>\n<td>81N6-00022<\/td>\n<td>1326<\/td>\n<td>1084<\/td>\n<td>110<\/td>\n<td>89<\/td>\n<td>94<\/td>\n<td>30-\u03c622<\/td>\n<td>36-M20<\/td>\n<td>92<\/td>\n<\/tr>\n<tr>\n<td>R210-7<\/td>\n<td>81N6-00021<\/td>\n<td>1326<\/td>\n<td>1084<\/td>\n<td>110<\/td>\n<td>89<\/td>\n<td>94<\/td>\n<td>30-\u03c622<\/td>\n<td>36-M20<\/td>\n<td>92<\/td>\n<\/tr>\n<tr>\n<td>R210LC7<\/td>\n<td>31N 812020<\/td>\n<td>1326<\/td>\n<td>1084<\/td>\n<td>110<\/td>\n<td>89<\/td>\n<td>94<\/td>\n<td>30-\u03a622<\/td>\n<td>36-M20<\/td>\n<td>92<\/td>\n<\/tr>\n<tr>\n<td>R210W-9S<\/td>\n<td>81Q5-01020<\/td>\n<td>1327<\/td>\n<td>1083<\/td>\n<td>110<\/td>\n<td>89<\/td>\n<td>94<\/td>\n<td>30-\u03c622<\/td>\n<td>36-M20<\/td>\n<td>92<\/td>\n<\/tr>\n<tr>\n<td>R210W-9S<\/td>\n<td>81Q5-01021<\/td>\n<td>1327<\/td>\n<td>1083<\/td>\n<td>110<\/td>\n<td>89<\/td>\n<td>94<\/td>\n<td>30-\u03c622<\/td>\n<td>36-M20<\/td>\n<td>92<\/td>\n<\/tr>\n<tr>\n<td>R220LC-9S<\/td>\n<td>81Q6-00020<\/td>\n<td>1326<\/td>\n<td>1084<\/td>\n<td>110<\/td>\n<td>89<\/td>\n<td>94<\/td>\n<td>30-\u03c622<\/td>\n<td>36-M20<\/td>\n<td>92<\/td>\n<\/tr>\n<tr>\n<td>R220LC-9S<\/td>\n<td>81Q6-01020<\/td>\n<td>1326<\/td>\n<td>1084<\/td>\n<td>110<\/td>\n<td>89<\/td>\n<td>94<\/td>\n<td>30-\u03c622<\/td>\n<td>36-M20<\/td>\n<td>92<\/td>\n<\/tr>\n<tr>\n<td>R220LC-9S<\/td>\n<td>81Q6-01021<\/td>\n<td>1326<\/td>\n<td>1084<\/td>\n<td>110<\/td>\n<td>89<\/td>\n<td>94<\/td>\n<td>30-\u03c622<\/td>\n<td>36-M20<\/td>\n<td>92<\/td>\n<\/tr>\n<tr>\n<td>R220LC-9S<\/td>\n<td>81Q6-00021<\/td>\n<td>1326<\/td>\n<td>1084<\/td>\n<td>110<\/td>\n<td>89<\/td>\n<td>94<\/td>\n<td>30-\u03c622<\/td>\n<td>36-M20<\/td>\n<td>92<\/td>\n<\/tr>\n<tr>\n<td>R250LC-7<\/td>\n<td>81EN-00052<\/td>\n<td>1410<\/td>\n<td>1131<\/td>\n<td>120<\/td>\n<td>88<\/td>\n<td>110<\/td>\n<td>34-\u03c623<\/td>\n<td>36-M20<\/td>\n<td>82<\/td>\n<\/tr>\n<tr>\n<td>290LC-7<\/td>\n<td>81N8-0003<\/td>\n<td>1526<\/td>\n<td>1235<\/td>\n<td>123<\/td>\n<td>97<\/td>\n<td>110<\/td>\n<td>38-\u03c626<\/td>\n<td>40-M24<\/td>\n<td>90<\/td>\n<\/tr>\n<tr>\n<td>R290<\/td>\n<td>81N8-00021<\/td>\n<td>1526<\/td>\n<td>1235<\/td>\n<td>122<\/td>\n<td>87<\/td>\n<td>110<\/td>\n<td>37-\u042426<\/td>\n<td>40-M24<\/td>\n<td>90<\/td>\n<\/tr>\n<tr>\n<td>R290<\/td>\n<td>81N8-00022<\/td>\n<td>1526<\/td>\n<td>1235<\/td>\n<td>122<\/td>\n<td>87<\/td>\n<td>110<\/td>\n<td>37-\u042426<\/td>\n<td>40-M24<\/td>\n<td>90<\/td>\n<\/tr>\n<tr>\n<td>R290LC 7A<\/td>\n<td>4921797<\/td>\n<td>1526<\/td>\n<td>1235<\/td>\n<td>123<\/td>\n<td>97<\/td>\n<td>110<\/td>\n<td>38-\u03c626<\/td>\n<td>40-M24<\/td>\n<td>90<\/td>\n<\/tr>\n<tr>\n<td>R290LC-7<\/td>\n<td>81N8-00023<\/td>\n<td>1526<\/td>\n<td>1235<\/td>\n<td>123<\/td>\n<td>97<\/td>\n<td>110<\/td>\n<td>38-\u03c626<\/td>\n<td>40-M24<\/td>\n<td>90<\/td>\n<\/tr>\n<tr>\n<td>R290LC-7A<\/td>\n<td>81N8-00024GG<\/td>\n<td>1526<\/td>\n<td>1235<\/td>\n<td>122<\/td>\n<td>97<\/td>\n<td>110<\/td>\n<td>38-\u03c626<\/td>\n<td>40-M24<\/td>\n<td>90<\/td>\n<\/tr>\n<tr>\n<td>R320-7<\/td>\n<td>81N9-01020<\/td>\n<td>1526<\/td>\n<td>1235<\/td>\n<td>122<\/td>\n<td>97<\/td>\n<td>110<\/td>\n<td>38-\u042426<\/td>\n<td>40-M24<\/td>\n<td>90<\/td>\n<\/tr>\n<tr>\n<td>R320LC-7<\/td>\n<td>81N9-01021<\/td>\n<td>1526<\/td>\n<td>1235<\/td>\n<td>122<\/td>\n<td>97<\/td>\n<td>110<\/td>\n<td>38-\u042426<\/td>\n<td>40-M24<\/td>\n<td>90<\/td>\n<\/tr>\n<tr>\n<td>R320LC-7<\/td>\n<td>81N9-01022<\/td>\n<td>1526<\/td>\n<td>1235<\/td>\n<td>122<\/td>\n<td>97<\/td>\n<td>110<\/td>\n<td>38-\u042426<\/td>\n<td>40-M24<\/td>\n<td>90<\/td>\n<\/tr>\n<tr>\n<td>R320LC-7<\/td>\n<td>81n9-01022 BG<\/td>\n<td>1526<\/td>\n<td>1235<\/td>\n<td>122<\/td>\n<td>97<\/td>\n<td>110<\/td>\n<td>38-\u042426<\/td>\n<td>40-M24<\/td>\n<td>90<\/td>\n<\/tr>\n<tr>\n<td>R320LC-7<\/td>\n<td>81N9-00021<\/td>\n<td>1526<\/td>\n<td>1235<\/td>\n<td>122<\/td>\n<td>97<\/td>\n<td>110<\/td>\n<td>38<\/td>\n<td>40<\/td>\n<td>90<\/td>\n<\/tr>\n<tr>\n<td>R360LC-7<\/td>\n<td>81NA-01020<\/td>\n<td>1550<\/td>\n<td>1250<\/td>\n<td><\/td>\n<td>108<\/td>\n<td>140<\/td>\n<td>35<\/td>\n<td>40<\/td>\n<td>106<\/td>\n<\/tr>\n<tr>\n<td>R360LC-7<\/td>\n<td>81NA-01022GG<\/td>\n<td>1550<\/td>\n<td>1250<\/td>\n<td>152<\/td>\n<td>108<\/td>\n<td>140<\/td>\n<td>35<\/td>\n<td>40<\/td>\n<td>106<\/td>\n<\/tr>\n<tr>\n<td>R360LC-7A<\/td>\n<td>81NA-01021BG<\/td>\n<td>1550<\/td>\n<td>1250<\/td>\n<td>152<\/td>\n<td>108<\/td>\n<td>140<\/td>\n<td>35<\/td>\n<td>40<\/td>\n<td>106<\/td>\n<\/tr>\n<\/tbody>\n<\/table>\n<\/figure>\n<\/div>\n<h3>Ekskavat\u00f6r sal\u0131ncak rulmanlar\u0131na giri\u015f<\/h3>\n<p>A\u011f\u0131r i\u015f makineleri alan\u0131nda ekskavat\u00f6rler, \u00e7ok \u00e7e\u015fitli in\u015faat ve kaz\u0131 i\u015fleri i\u00e7in vazge\u00e7ilmez ara\u00e7lar olarak \u00f6ne \u00e7\u0131kar. Ola\u011fan\u00fcst\u00fc performanslar\u0131na katk\u0131da bulunan kritik bile\u015fenler aras\u0131nda sal\u0131ncak yata\u011f\u0131 da yer al\u0131r. Bu hayati bile\u015fen, ekskavat\u00f6r\u00fcn \u00fcst yap\u0131s\u0131n\u0131n sorunsuz ve verimli bir \u015fekilde d\u00f6nmesini sa\u011flamada \u00e7ok \u00f6nemli bir rol oynar.<\/p>\n<p>Sal\u0131ncak yata\u011f\u0131, ekskavat\u00f6r\u00fcn \u00fcst yap\u0131s\u0131n\u0131n taban\u0131nda bulunan b\u00fcy\u00fck, dairesel bir yatakt\u0131r. \u00dcst yap\u0131n\u0131n alt yap\u0131 \u00fczerinde serbest\u00e7e d\u00f6nmesini sa\u011flayan d\u00fc\u015f\u00fck s\u00fcrt\u00fcnmeli bir y\u00fczey sa\u011flar. Bu d\u00f6n\u00fc\u015f, ekskavat\u00f6r\u00fcn kazma, kanal a\u00e7ma ve malzeme ta\u015f\u0131ma gibi birincil i\u015flevlerini yerine getirmesi i\u00e7in gereklidir.<\/p>\n<p>Sal\u0131ncak yata\u011f\u0131n\u0131n tasar\u0131m\u0131 ekskavat\u00f6r\u00fcn genel performans\u0131 i\u00e7in \u00e7ok \u00f6nemlidir. \u00c7al\u0131\u015fma s\u0131ras\u0131nda olu\u015fan muazzam y\u00fcklere ve kuvvetlere dayanabilmelidir. Bu y\u00fckler aras\u0131nda \u00fcst yap\u0131n\u0131n a\u011f\u0131rl\u0131\u011f\u0131, kazma kuvvetleri ve h\u0131zlanma ve yava\u015flama s\u0131ras\u0131nda ortaya \u00e7\u0131kan atalet kuvvetleri yer al\u0131r.<\/p>\n<p>Bu talepleri kar\u015f\u0131lamak i\u00e7in, d\u00f6ner rulmanlar tipik olarak d\u00f6vme \u00e7elik veya d\u00f6kme demir gibi y\u00fcksek mukavemetli malzemelerden \u00fcretilir. Ayr\u0131ca y\u00fck\u00fc da\u011f\u0131tan ve s\u00fcrt\u00fcnmeyi azaltan birden fazla s\u0131ra yuvarlanma eleman\u0131 ile donat\u0131lm\u0131\u015ft\u0131r. Yuvarlanma elemanlar\u0131, dayan\u0131kl\u0131l\u0131k ve uzun \u00f6m\u00fcrl\u00fcl\u00fck sa\u011flamak i\u00e7in tipik olarak sertle\u015ftirilmi\u015f \u00e7elik veya seramik malzemelerden yap\u0131l\u0131r.<\/p>\n<p>Ekskavat\u00f6r\u00fcn optimum performans\u0131n\u0131 ve uzun \u00f6m\u00fcrl\u00fcl\u00fc\u011f\u00fcn\u00fc sa\u011flamak i\u00e7in sal\u0131ncak yataklar\u0131n\u0131n uygun \u015fekilde bak\u0131m\u0131 \u015fartt\u0131r. D\u00fczenli ya\u011flama, a\u015f\u0131nma ve y\u0131pranmay\u0131 \u00f6nlemek ve rulman\u0131n \u00f6mr\u00fcn\u00fc uzatmak i\u00e7in \u00e7ok \u00f6nemlidir. Ayr\u0131ca, herhangi bir hasar veya a\u015f\u0131r\u0131 a\u015f\u0131nma belirtisini tespit etmek i\u00e7in periyodik incelemeler yap\u0131lmal\u0131d\u0131r.<\/p>\n<p>Bir ekskavat\u00f6r i\u00e7in d\u00f6ner rulman se\u00e7erken, uygulaman\u0131n \u00f6zel gereksinimlerini g\u00f6z \u00f6n\u00fcnde bulundurmak \u00f6nemlidir. Ekskavat\u00f6r\u00fcn boyutu, a\u011f\u0131rl\u0131\u011f\u0131 ve kullan\u0131m amac\u0131 gibi fakt\u00f6rler dikkate al\u0131nmal\u0131d\u0131r. Rulman\u0131n do\u011fru se\u00e7ilmesi ve monte edilmesini sa\u011flamak i\u00e7in ekskavat\u00f6r \u00fcreticisine veya nitelikli bir rulman tedarik\u00e7isine dan\u0131\u015f\u0131lmas\u0131 da tavsiye edilir.<\/p>\n<p>Sonu\u00e7 olarak, d\u00f6ner yatak ekskavat\u00f6rlerin performans\u0131nda ve verimlili\u011finde hayati rol oynayan kritik bir bile\u015fendir. Operat\u00f6rler ve bak\u0131m personeli, d\u00f6ner yataklar\u0131n tasar\u0131m\u0131n\u0131, i\u015flevini ve bak\u0131m gereksinimlerini anlayarak ekskavat\u00f6rlerinin uzun y\u0131llar boyunca en y\u00fcksek performansta \u00e7al\u0131\u015fmas\u0131n\u0131 sa\u011flayabilir.<\/p>\n<h4><a href=\"https:\/\/swingbearing.net\/tr\/swing-bearing\/\">Hyundai Sal\u0131ncak Yata\u011f\u0131<\/a><\/h4>\n<p>Hyundai, ekskavat\u00f6rler i\u00e7in kaliteli makineler ve yedek par\u00e7alar sa\u011flayan, in\u015faat ekipmanlar\u0131 sekt\u00f6r\u00fcnde tan\u0131nm\u0131\u015f bir markad\u0131r. Hyundai'nin ekskavat\u00f6r sal\u0131ncak yata\u011f\u0131 \u00fcr\u00fcn\u00fc dayan\u0131kl\u0131l\u0131k, hassasiyet ve performans sa\u011flamak \u00fczere tasarlanm\u0131\u015ft\u0131r ve ekskavat\u00f6r sahipleri ve operat\u00f6rleri i\u00e7in ideal bir se\u00e7imdir.<\/p>\n<p>Hyundai'nin ekskavat\u00f6r sal\u0131ncak yata\u011f\u0131, R55, R60, R80, R130LC-3-5, R150, R190, R200, R200-5, R210, R215-7\/9, R220, R225LC-7\/9, R245, R260, R265, R290, R290LC-7, R300LC, R305LC, R330LC, R340, R375, R360LC-7, R390, R450LC, R470, R485, R500, R55-5 dahil olmak \u00fczere \u00e7ok \u00e7e\u015fitli ekskavat\u00f6r modelleri i\u00e7in mevcuttur, R60-5, R55-7, R60-7, R70-7, R80, R110LC-7, R130-5, R130-7, R140LC-7, R150LC-7, R150LC-9, R200W-7, R200, R200-3, R200-5, R210-3, R210-5, R210-5D, R220-3, R220-5, R210-7, R210-9, R215-7, R225-7, R220-9, R225-9, R260-7, R265-7, R290-3, R300-5, R290-7, R305-7, R305-9, R320-7, R300, R350, R400, R450, R480 ve R550.<\/p>","protected":false},"excerpt":{"rendered":"<p><strong><b>Par\u00e7a<\/b><\/strong> #: 81Q6-00021<br \/>\n<strong><b>Yapmak<\/b><\/strong>: HYUNDAI<br \/>\n<strong><b>Model<\/b><\/strong>:R220LC-9S<br \/>\n<strong><b>Durum<\/b><\/strong>: Yeni<\/p>","protected":false},"featured_media":2929,"template":"","meta":[],"product_brand":[],"product_cat":[66,22],"product_tag":[],"class_list":{"0":"post-3375","1":"product","2":"type-product","3":"status-publish","4":"has-post-thumbnail","6":"product_cat-hyundai-excavator-swing-bearing","7":"product_cat-swing-bearing","9":"first","10":"instock","11":"shipping-taxable","12":"product-type-simple"},"_links":{"self":[{"href":"https:\/\/swingbearing.net\/tr\/wp-json\/wp\/v2\/product\/3375","targetHints":{"allow":["GET"]}}],"collection":[{"href":"https:\/\/swingbearing.net\/tr\/wp-json\/wp\/v2\/product"}],"about":[{"href":"https:\/\/swingbearing.net\/tr\/wp-json\/wp\/v2\/types\/product"}],"wp:featuredmedia":[{"embeddable":true,"href":"https:\/\/swingbearing.net\/tr\/wp-json\/wp\/v2\/media\/2929"}],"wp:attachment":[{"href":"https:\/\/swingbearing.net\/tr\/wp-json\/wp\/v2\/media?parent=3375"}],"wp:term":[{"taxonomy":"product_brand","embeddable":true,"href":"https:\/\/swingbearing.net\/tr\/wp-json\/wp\/v2\/product_brand?post=3375"},{"taxonomy":"product_cat","embeddable":true,"href":"https:\/\/swingbearing.net\/tr\/wp-json\/wp\/v2\/product_cat?post=3375"},{"taxonomy":"product_tag","embeddable":true,"href":"https:\/\/swingbearing.net\/tr\/wp-json\/wp\/v2\/product_tag?post=3375"}],"curies":[{"name":"wp","href":"https:\/\/api.w.org\/{rel}","templated":true}]}}