{"id":1619,"date":"2024-02-28T02:47:34","date_gmt":"2024-02-28T02:47:34","guid":{"rendered":"https:\/\/swingbearing.net\/?post_type=product&#038;p=1619"},"modified":"2024-02-28T03:17:23","modified_gmt":"2024-02-28T03:17:23","slug":"swing-motor-js240","status":"publish","type":"product","link":"https:\/\/swingbearing.net\/tr\/urun\/swing-motor-js240\/","title":{"rendered":"Jcb JS240 Sal\u0131ncak Motoru M2X146B-CHB-10A, 20\/925266 JS260 Red\u00fckt\u00f6r"},"content":{"rendered":"<h4>Ekskavat\u00f6rler i\u00e7in geni\u015f bir sal\u0131n\u0131m red\u00fckt\u00f6r\u00fc \/ sal\u0131n\u0131m red\u00fcksiyon di\u015fli kutusu yelpazesi sa\u011flayabiliriz.<\/h4>\n<p>Sal\u0131ncak motorlar\u0131 (bazen sal\u0131ncak tahrikleri olarak da adland\u0131r\u0131l\u0131r) hidrolik ya\u011f kullanarak ekskavat\u00f6r bomlar\u0131n\u0131n g\u00fc\u00e7l\u00fc d\u00f6n\u00fc\u015f kuvvetini sa\u011flar<br \/>\nbas\u0131nca dayan\u0131kl\u0131d\u0131r ve sorunsuz \u00e7al\u0131\u015fma ve performans sa\u011flamak i\u00e7in hassas bir \u015fekilde tasarlanm\u0131\u015ft\u0131r.<\/p>\n<h4>Desteklenen Markalar<\/h4>\n<p>\u015eu anda Komatsu, Caterpillar, Volvo, Case, Doosan, Sumitomo, Hyundai, Kobelco, JCB, Liugong, Sany, XCMG ve Hitachi gibi \u015firketler taraf\u0131ndan \u00fcretilen \u00e7ok \u00e7e\u015fitli ekskavat\u00f6rler i\u00e7in sal\u0131ncak motorlar\u0131 sa\u011flayabiliriz.<\/p>\n<h4>\u0130lgili JCB Ekskavat\u00f6r sal\u0131ncak motoru Assy<\/h4>\n<figure class=\"wp-block-table is-style-stripes has-small-font-size\">\n<table class=\"has-cyan-bluish-gray-background-color has-background\">\n<tbody>\n<tr>\n<td width=\"356\">JRA0124 JRA0264 JS200<\/td>\n<td width=\"363\">\u00a0JRC0007 05\/903860 05\/903866 JS220HD<\/td>\n<\/tr>\n<tr>\n<td width=\"356\">05\/903866 LNM0438 LNO0111 JS200<\/td>\n<td width=\"363\">\u00a0215\/13801 JS360 XD<\/td>\n<\/tr>\n<tr>\n<td>\u00a0LNO0111 05\/903860 JRC0007 JS200<\/td>\n<td>\u00a0215\/11292 LNM0444 KBC0085 JS260<\/td>\n<\/tr>\n<tr>\n<td>\u00a0LNO0104 20\/925360 JS145 OTOMATIK JS115 OTOMATIK<\/td>\n<td>\u00a020\/925809 JRC0008 JZ255<\/td>\n<\/tr>\n<tr>\n<td>\u00a0LNM0610 20\/950743 JAC0001 JZ70<\/td>\n<td width=\"363\">\u00a020\/925809 JZ235<\/td>\n<\/tr>\n<tr>\n<td>\u00a0LNM0610 JS70<\/td>\n<td>\u00a020\/925738 JLB0237 JS190 T3<\/td>\n<\/tr>\n<tr>\n<td>\u00a0LNM0449 KLC0008 JS180<\/td>\n<td>20\/925738 20\/925574 20\/925738 JS180T3<\/td>\n<\/tr>\n<tr>\n<td>\u00a0LNM0449 JLC0007 JLC0008 JS160<\/td>\n<td width=\"363\">\u00a020\/925615 05\/204700 05\/204700 JS290<\/td>\n<\/tr>\n<tr>\n<td>\u00a0LNM0438 LNO0111 JRC0006 JRC0007 JS210<\/td>\n<td>\u00a020\/925574 20\/925738 20\/925533 JS190<\/td>\n<\/tr>\n<tr>\n<td>\u00a0LNM0438 JRC0007 JRC0006 KRC0129 JS220XD<\/td>\n<td>\u00a020\/925574 20\/925738 JS160T3<\/td>\n<\/tr>\n<tr>\n<td>\u00a0LNM0434 JS130<\/td>\n<td>\u00a020\/925738 20\/925533 JS180<\/td>\n<\/tr>\n<tr>\n<td>\u00a0LNM0197 KNC0037 KMC0071 JS110<\/td>\n<td width=\"363\">20\/925574 20\/925533 20\/925738 JS180<\/td>\n<\/tr>\n<tr>\n<td width=\"356\">\u00a0LNM0197 KMC0071 KNC0037 JS130AUTO<\/td>\n<td>\u00a020\/925570 JZ140WM JZ140R JZ140HD<\/td>\n<\/tr>\n<tr>\n<td>\u00a0LNM0197 KLC0001 KMC0071 JS150LC<\/td>\n<td width=\"363\">\u00a020\/925533 20\/925738 JS160<\/td>\n<\/tr>\n<tr>\n<td>\u00a005\/202400 KTC0140 KTC0141 JS460<\/td>\n<td>\u00a020\/925360 LNM0434 LNO0104 JS145HD<\/td>\n<\/tr>\n<tr>\n<td>\u00a0KTC0137 215\/11174 05\/202400 JS460-T2<\/td>\n<td>\u00a020\/925360 20\/925737 JS130LC<\/td>\n<\/tr>\n<tr>\n<td width=\"356\">\u00a0KTC0113 KTC0136 KTC0112 JS450LC<\/td>\n<td width=\"363\">\u00a020\/925315 JRC0007 JS220LR JS220<\/td>\n<\/tr>\n<tr>\n<td width=\"356\">KTC0113 KTC0127 KTC0126 JS450LC<\/td>\n<td>\u00a020\/925266 LNM0433 JS240<\/td>\n<\/tr>\n<tr>\n<td>\u00a0KSC0196 JS330AUTO<\/td>\n<td>\u00a0KSC0198 05\/200100 JS330XD<\/td>\n<\/tr>\n<tr>\n<td>\u00a0KSC0166 KSC0160 JS300LC<\/td>\n<td>\u00a005\/903860 JRC0007 20\/925315 JS220<\/td>\n<\/tr>\n<tr>\n<td>\u00a0KRC0120 KRC0108 JS200LC<\/td>\n<td width=\"363\">05\/903860 JRC0007 20\/925315 JS235HD<\/td>\n<\/tr>\n<tr>\n<td>KAC0106 JS70<\/td>\n<td width=\"363\">\u00a005\/903860 20\/925315 JRC0007 JS220LR<\/td>\n<\/tr>\n<tr>\n<td>\u00a0JRC0007 05\/903866 20\/925315 JRC0007 JS235<\/td>\n<td>\u00a020\/952286 05\/205900 JS360<\/td>\n<\/tr>\n<tr>\n<td>JRC0007 20\/925315 JS220HD<\/td>\n<td>\u00a005\/202603 05\/205900 05\/202600 JS360<\/td>\n<\/tr>\n<tr>\n<td>\u00a0215\/10366 KSC0196 05\/200100 JS330<\/td>\n<td>\u00a0215\/13801 20\/952286 JS360<\/td>\n<\/tr>\n<\/tbody>\n<\/table>\n<\/figure>\n<h4><strong>Motor ve \u015eanz\u0131man Mevcut Model:<\/strong><\/h4>\n<figure class=\"wp-block-table is-style-stripes has-small-font-size\">\n<table class=\"has-cyan-bluish-gray-background-color has-background\">\n<tbody>\n<tr>\n<td width=\"208\">DH55\/60\/80,R60\/80-7 SK60-5<\/td>\n<td width=\"137\">JMF29<\/td>\n<td width=\"137\">Sal\u0131ncak motoru<\/td>\n<\/tr>\n<tr>\n<td width=\"208\">EX75US-5, EX75UR-5 &amp; ZX75US KX75 EX60-5<\/td>\n<td width=\"137\">4364923<\/td>\n<td width=\"137\">Sal\u0131ncak motoru<\/td>\n<\/tr>\n<tr>\n<td width=\"208\">SH130-5 CX130B JCB130 SH120<\/td>\n<td width=\"137\">LJ016070 \/LJ00855 20\/925360 LNM0434<\/td>\n<td width=\"137\">Sal\u0131ncak motoru<\/td>\n<\/tr>\n<tr>\n<td width=\"208\">JCB220<\/td>\n<td width=\"137\">20\/925315 JRC0006<\/td>\n<td width=\"137\">Sal\u0131ncak motoru<\/td>\n<\/tr>\n<tr>\n<td width=\"208\">SH200A3<\/td>\n<td width=\"137\">KRC0226<\/td>\n<td width=\"137\">Sal\u0131ncak motoru<\/td>\n<\/tr>\n<tr>\n<td width=\"208\">CX210<\/td>\n<td width=\"137\">LJ01076<\/td>\n<td width=\"137\">Sal\u0131ncak motoru<\/td>\n<\/tr>\n<tr>\n<td width=\"208\">CX210B<\/td>\n<td width=\"137\">KRC10190 \/ 91<\/td>\n<td width=\"137\">Sal\u0131ncak motoru<\/td>\n<\/tr>\n<tr>\n<td width=\"208\">DX340 1X420<\/td>\n<td width=\"137\">404-00094A<\/td>\n<td width=\"137\">Sal\u0131ncak motoru<\/td>\n<\/tr>\n<tr>\n<td width=\"208\">DH300-7 DX300LCA DX300-7<\/td>\n<td width=\"137\">401-00457B<\/td>\n<td width=\"137\">Sal\u0131ncak motoru<\/td>\n<\/tr>\n<tr>\n<td width=\"208\">EC300 volvo<\/td>\n<td width=\"137\">VOE14231304<\/td>\n<td width=\"137\"><\/td>\n<\/tr>\n<tr>\n<td width=\"208\">CAT312 E312C\/D<\/td>\n<td width=\"137\">170-9893 169-5569<\/td>\n<td width=\"137\">Sal\u0131ncak motoru<\/td>\n<\/tr>\n<tr>\n<td width=\"208\">E320B<\/td>\n<td width=\"137\">116-3550<\/td>\n<td width=\"137\">Sal\u0131ncak motoru<\/td>\n<\/tr>\n<tr>\n<td width=\"208\">E320 C\/D<\/td>\n<td width=\"137\">1588986<\/td>\n<td width=\"137\">Sal\u0131ncak motoru<\/td>\n<\/tr>\n<tr>\n<td width=\"208\">E330C\/D E336D\/D2<\/td>\n<td width=\"137\">200-3373 334-9973<\/td>\n<td width=\"137\">Sal\u0131ncak motoru<\/td>\n<\/tr>\n<tr>\n<td width=\"208\">PC300\/360\/400\/450-7\/-8<\/td>\n<td width=\"137\">706-7G-01170 706-7K-01081<\/td>\n<td width=\"137\">Sal\u0131ncak motoru<\/td>\n<\/tr>\n<tr>\n<td width=\"208\">EX200-5<\/td>\n<td width=\"137\">4330222<\/td>\n<td width=\"137\">Sal\u0131ncak motoru<\/td>\n<\/tr>\n<tr>\n<td width=\"208\">ZX200-3 ZX210-3<\/td>\n<td width=\"137\">4610138<\/td>\n<td width=\"137\">Sal\u0131ncak motoru<\/td>\n<\/tr>\n<tr>\n<td width=\"208\">ZX240-3 ZX250-3 ZX240-3G, ZX240-5G<\/td>\n<td width=\"137\">4625367<\/td>\n<td width=\"137\">Sal\u0131ncak motoru<\/td>\n<\/tr>\n<tr>\n<td width=\"208\">ZX270-3<\/td>\n<td width=\"137\">4621174<\/td>\n<td width=\"137\">Sal\u0131ncak motoru<\/td>\n<\/tr>\n<tr>\n<td width=\"208\">\u00a0ZX330-3<\/td>\n<td width=\"137\">4419718 4616985<\/td>\n<td width=\"137\">Sal\u0131ncak motoru<\/td>\n<\/tr>\n<tr>\n<td width=\"208\">R140-7<\/td>\n<td width=\"137\">31N4-10130<\/td>\n<td width=\"137\">Sal\u0131ncak motoru<\/td>\n<\/tr>\n<tr>\n<td width=\"208\">R210-7\/R215-7\/R225-7, R200W-7 R180LC7, R180LC9, R200NLC3, R210LC<\/td>\n<td width=\"137\">31N6-10210 31N6-10160 31EL-12060, 31Q5-10160, 31EL-12060, 31EM-10120-03<\/td>\n<td width=\"137\">Sal\u0131ncak motoru<\/td>\n<\/tr>\n<tr>\n<td width=\"208\">R210LC-9<\/td>\n<td width=\"137\">31Q6-10131, 31Q6-10130<\/td>\n<td width=\"137\">Sal\u0131ncak motoru<\/td>\n<\/tr>\n<tr>\n<td width=\"208\">R250-7\/R260-9\/R265-7<\/td>\n<td width=\"137\">31N7-10160<\/td>\n<td width=\"137\">Sal\u0131ncak motoru<\/td>\n<\/tr>\n<tr>\n<td width=\"208\">R290\/R305\/320-7<\/td>\n<td width=\"137\">31N8-12020 31N8-12010<\/td>\n<td width=\"137\">Sal\u0131ncak motoru<\/td>\n<\/tr>\n<tr>\n<td width=\"208\">R360-7<\/td>\n<td width=\"137\">31NA-10160<\/td>\n<td width=\"137\">Sal\u0131ncak motoru<\/td>\n<\/tr>\n<tr>\n<td width=\"208\">R450-7 R500-7 R480-9 R520-9<\/td>\n<td width=\"137\">31QB-18130,31QB-18160, 31QB-18130, 31QB-18270,<\/td>\n<td width=\"137\">Sal\u0131ncak motoru<\/td>\n<\/tr>\n<tr>\n<td width=\"208\">SK135<\/td>\n<td width=\"137\">YY15V00005F1 31QB-18250 &amp; 31QB-18270<\/td>\n<td width=\"137\">Sal\u0131ncak motoru<\/td>\n<\/tr>\n<tr>\n<td width=\"208\">SK200-6 SK210-6<\/td>\n<td width=\"137\">YN32W00004F1<\/td>\n<td width=\"137\">Sal\u0131ncak motoru<\/td>\n<\/tr>\n<tr>\n<td width=\"208\">SK200SR, SK200LC-6ES SK210-6E E215<\/td>\n<td width=\"137\">YN15V00025F1\/F2\/F3\/F5<br \/>\nYN15V00026F6 YN15V00026F7<\/td>\n<td width=\"137\">Sal\u0131ncak motoru<\/td>\n<\/tr>\n<tr>\n<td width=\"208\">SK200-8 SK210-8 E215B<\/td>\n<td width=\"137\">YN15V00035F1<\/td>\n<td width=\"137\">Sal\u0131ncak motoru<\/td>\n<\/tr>\n<tr>\n<td width=\"208\">SK250\/260-8\/SK250-6E E265B<\/td>\n<td width=\"137\">LQ15V00015F2<\/td>\n<td width=\"137\">Sal\u0131ncak motoru<\/td>\n<\/tr>\n<tr>\n<td width=\"208\">SK330-6E SK330LC<br \/>\nSK330-8 SK350-8 HD1430 ZX350<\/td>\n<td width=\"137\">LC15V00003F1<br \/>\nLC15V00022F2 YN15V00036F1<\/td>\n<td width=\"137\">Sal\u0131ncak motoru<\/td>\n<\/tr>\n<tr>\n<td width=\"208\">Yeni Hollanda E305<\/td>\n<td width=\"137\">LB15V00011F2<\/td>\n<td width=\"137\">Sal\u0131ncak motoru<\/td>\n<\/tr>\n<tr>\n<td width=\"208\">DH225-7 DH210 DH220<\/td>\n<td width=\"137\">K1000697A K1007950A<\/td>\n<td width=\"137\">Sal\u0131ncak motoru<\/td>\n<\/tr>\n<tr>\n<td width=\"208\">\u00a0 EC160B EC180B<\/td>\n<td width=\"137\">14524189\u00a0 14514894<\/td>\n<td width=\"137\">Sal\u0131ncak motoru<\/td>\n<\/tr>\n<tr>\n<td width=\"208\">EC210B<\/td>\n<td width=\"137\">14550091\/14521451\u00a0 \u00a014552686<\/td>\n<td width=\"137\">Sal\u0131ncak motoru<\/td>\n<\/tr>\n<tr>\n<td width=\"208\">EC240B\/C<\/td>\n<td width=\"137\">VOE14550094<\/td>\n<td width=\"137\">Sal\u0131ncak motoru<\/td>\n<\/tr>\n<tr>\n<td width=\"208\">DH220-5 DH300LC-V<\/td>\n<td width=\"137\">2404-1063B 40400096B<\/td>\n<td width=\"137\">Sal\u0131ncak motoru<\/td>\n<\/tr>\n<tr>\n<td width=\"208\">EC290B<\/td>\n<td width=\"137\">14550095<\/td>\n<td width=\"137\">Sal\u0131ncak motoru<\/td>\n<\/tr>\n<tr>\n<td width=\"208\">EC460B EC650<\/td>\n<td width=\"137\">VOE14235261 VOE14214158<\/td>\n<td width=\"137\">Sal\u0131ncak motoru<\/td>\n<\/tr>\n<tr>\n<td width=\"208\">DX225LC<\/td>\n<td width=\"137\">K1045024 170303-00049\/B\/C<\/td>\n<td width=\"137\">Sal\u0131ncak motoru<\/td>\n<\/tr>\n<\/tbody>\n<\/table>\n<\/figure>\n<p><img decoding=\"async\" class=\"wp-image-1155\" src=\"https:\/\/swingbearing.net\/wp-content\/uploads\/2023\/11\/111-300x187.jpg\" alt=\"Ekskavat\u00f6r Nihai Tahrik\" width=\"850\" height=\"530\" srcset=\"https:\/\/swingbearing.net\/wp-content\/uploads\/2023\/11\/111-300x187.jpg 300w, https:\/\/swingbearing.net\/wp-content\/uploads\/2023\/11\/111-768x479.jpg 768w, https:\/\/swingbearing.net\/wp-content\/uploads\/2023\/11\/111-600x374.jpg 600w, https:\/\/swingbearing.net\/wp-content\/uploads\/2023\/11\/111.jpg 850w\" sizes=\"(max-width: 850px) 100vw, 850px\" \/><\/p>\n<p><img decoding=\"async\" class=\"alignnone wp-image-1156 size-full\" src=\"https:\/\/swingbearing.net\/wp-content\/uploads\/2023\/11\/222.jpg\" alt=\"Ekskavat\u00f6r Nihai Tahrik\" width=\"850\" height=\"638\" srcset=\"https:\/\/swingbearing.net\/wp-content\/uploads\/2023\/11\/222.jpg 850w, https:\/\/swingbearing.net\/wp-content\/uploads\/2023\/11\/222-300x225.jpg 300w, https:\/\/swingbearing.net\/wp-content\/uploads\/2023\/11\/222-768x576.jpg 768w, https:\/\/swingbearing.net\/wp-content\/uploads\/2023\/11\/222-600x450.jpg 600w\" sizes=\"(max-width: 850px) 100vw, 850px\" \/><\/p>","protected":false},"excerpt":{"rendered":"<p>JCB Yedek Par\u00e7alar\u0131, Sal\u0131ncak Red\u00fcksiyon Di\u015flisi<\/p>\n<p>Etiketler 20\/925266, JCB Sal\u0131ncak motoru ,\u00c7evirme Red\u00fckt\u00f6r\u00fc<\/p>\n<p>JS240 Sal\u0131ncak Motoru, JS260 Sal\u0131ncak motoru, M2X146B Sal\u0131ncak motoru<\/p>","protected":false},"featured_media":1610,"template":"","meta":[],"product_brand":[],"product_cat":[25],"product_tag":[],"class_list":{"0":"post-1619","1":"product","2":"type-product","3":"status-publish","4":"has-post-thumbnail","6":"product_cat-slewing-reducers","8":"first","9":"instock","10":"shipping-taxable","11":"product-type-simple"},"_links":{"self":[{"href":"https:\/\/swingbearing.net\/tr\/wp-json\/wp\/v2\/product\/1619","targetHints":{"allow":["GET"]}}],"collection":[{"href":"https:\/\/swingbearing.net\/tr\/wp-json\/wp\/v2\/product"}],"about":[{"href":"https:\/\/swingbearing.net\/tr\/wp-json\/wp\/v2\/types\/product"}],"wp:featuredmedia":[{"embeddable":true,"href":"https:\/\/swingbearing.net\/tr\/wp-json\/wp\/v2\/media\/1610"}],"wp:attachment":[{"href":"https:\/\/swingbearing.net\/tr\/wp-json\/wp\/v2\/media?parent=1619"}],"wp:term":[{"taxonomy":"product_brand","embeddable":true,"href":"https:\/\/swingbearing.net\/tr\/wp-json\/wp\/v2\/product_brand?post=1619"},{"taxonomy":"product_cat","embeddable":true,"href":"https:\/\/swingbearing.net\/tr\/wp-json\/wp\/v2\/product_cat?post=1619"},{"taxonomy":"product_tag","embeddable":true,"href":"https:\/\/swingbearing.net\/tr\/wp-json\/wp\/v2\/product_tag?post=1619"}],"curies":[{"name":"wp","href":"https:\/\/api.w.org\/{rel}","templated":true}]}}