{"id":786,"date":"2023-10-23T05:57:34","date_gmt":"2023-10-23T05:57:34","guid":{"rendered":"https:\/\/swingbearing.net\/?post_type=product&#038;p=786"},"modified":"2023-10-23T06:05:26","modified_gmt":"2023-10-23T06:05:26","slug":"gearbox-parts-zax330-3","status":"publish","type":"product","link":"https:\/\/swingbearing.net\/sv_se\/produkt\/gearbox-parts-zax330-3\/","title":{"rendered":"Delar till v\u00e4xell\u00e5da ZAX330-3"},"content":{"rendered":"","protected":false},"excerpt":{"rendered":"<p>G\u00e5 en eller tv\u00e5 niv\u00e5er montering<\/p>","protected":false},"featured_media":787,"template":"","meta":[],"product_brand":[],"product_cat":[27],"product_tag":[],"class_list":{"0":"post-786","1":"product","2":"type-product","3":"status-publish","4":"has-post-thumbnail","6":"product_cat-gearbox-parts","8":"first","9":"instock","10":"shipping-taxable","11":"product-type-simple"},"_links":{"self":[{"href":"https:\/\/swingbearing.net\/sv_se\/wp-json\/wp\/v2\/product\/786","targetHints":{"allow":["GET"]}}],"collection":[{"href":"https:\/\/swingbearing.net\/sv_se\/wp-json\/wp\/v2\/product"}],"about":[{"href":"https:\/\/swingbearing.net\/sv_se\/wp-json\/wp\/v2\/types\/product"}],"wp:featuredmedia":[{"embeddable":true,"href":"https:\/\/swingbearing.net\/sv_se\/wp-json\/wp\/v2\/media\/787"}],"wp:attachment":[{"href":"https:\/\/swingbearing.net\/sv_se\/wp-json\/wp\/v2\/media?parent=786"}],"wp:term":[{"taxonomy":"product_brand","embeddable":true,"href":"https:\/\/swingbearing.net\/sv_se\/wp-json\/wp\/v2\/product_brand?post=786"},{"taxonomy":"product_cat","embeddable":true,"href":"https:\/\/swingbearing.net\/sv_se\/wp-json\/wp\/v2\/product_cat?post=786"},{"taxonomy":"product_tag","embeddable":true,"href":"https:\/\/swingbearing.net\/sv_se\/wp-json\/wp\/v2\/product_tag?post=786"}],"curies":[{"name":"wp","href":"https:\/\/api.w.org\/{rel}","templated":true}]}}