{"id":579,"date":"2023-09-27T05:49:33","date_gmt":"2023-09-27T05:49:33","guid":{"rendered":"https:\/\/swingbearing.net\/?post_type=product&#038;p=579"},"modified":"2024-05-15T06:39:37","modified_gmt":"2024-05-15T06:39:37","slug":"swing-bearing-sumitomo","status":"publish","type":"product","link":"https:\/\/swingbearing.net\/sv_se\/produkt\/svanglager-sumitomo\/","title":{"rendered":"Sv\u00e4nglager SUMITOMO"},"content":{"rendered":"<h2 class=\"has-text-align-center\" style=\"text-align: center;\">SUMITOMO Swing Lagerparametrar<\/h2>\n<figure class=\"wp-block-table is-style-stripes has-small-font-size\">\n<table class=\"has-cyan-bluish-gray-background-color has-background\">\n<tbody>\n<tr>\n<td>Ytterdiameter Da<\/td>\n<td>Inv\u00e4ndig diameter Di<\/td>\n<td>Monteringsh\u00f6jd H<\/td>\n<td>Beteckning<\/td>\n<\/tr>\n<tr>\n<td>615<\/td>\n<td>451<\/td>\n<td>53<\/td>\n<td>SH50<\/td>\n<\/tr>\n<tr>\n<td>766<\/td>\n<td>560<\/td>\n<td>97<\/td>\n<td>SH60-1<\/td>\n<\/tr>\n<tr>\n<td>1169<\/td>\n<td>971<\/td>\n<td>75<\/td>\n<td>SH120A1<\/td>\n<\/tr>\n<tr>\n<td>1171<\/td>\n<td>973<\/td>\n<td>88<\/td>\n<td>SH120A2<\/td>\n<\/tr>\n<tr>\n<td>1171<\/td>\n<td>973<\/td>\n<td>78<\/td>\n<td>SH120A3<\/td>\n<\/tr>\n<tr>\n<td>1171<\/td>\n<td>973<\/td>\n<td>88<\/td>\n<td>SH120-1<\/td>\n<\/tr>\n<tr>\n<td>1171<\/td>\n<td>973<\/td>\n<td>88<\/td>\n<td>SH120-2<\/td>\n<\/tr>\n<tr>\n<td>1171<\/td>\n<td>973<\/td>\n<td>84<\/td>\n<td>SH265<\/td>\n<\/tr>\n<tr>\n<td>1171<\/td>\n<td>973<\/td>\n<td>84<\/td>\n<td>SH260<\/td>\n<\/tr>\n<tr>\n<td>1330<\/td>\n<td>1093<\/td>\n<td>102<\/td>\n<td>SH200A1a<\/td>\n<\/tr>\n<tr>\n<td>1330<\/td>\n<td>1093<\/td>\n<td>102<\/td>\n<td>SH200A1b<\/td>\n<\/tr>\n<tr>\n<td>1330<\/td>\n<td>1093<\/td>\n<td>102<\/td>\n<td>SH200A2<\/td>\n<\/tr>\n<tr>\n<td>1330<\/td>\n<td>1093<\/td>\n<td>102.5<\/td>\n<td>SH200A3<\/td>\n<\/tr>\n<tr>\n<td>1330<\/td>\n<td>1093<\/td>\n<td>102<\/td>\n<td>SH200C2<\/td>\n<\/tr>\n<tr>\n<td>1330<\/td>\n<td>1093<\/td>\n<td>102<\/td>\n<td>SH200C3<\/td>\n<\/tr>\n<tr>\n<td>1330<\/td>\n<td>1093<\/td>\n<td>102<\/td>\n<td>SH200Z3<\/td>\n<\/tr>\n<tr>\n<td>1375<\/td>\n<td>1095<\/td>\n<td>123<\/td>\n<td>SH220-2<\/td>\n<\/tr>\n<tr>\n<td>1330<\/td>\n<td>1084<\/td>\n<td>103<\/td>\n<td>210-5<\/td>\n<\/tr>\n<tr>\n<td>1330<\/td>\n<td>1084<\/td>\n<td>103<\/td>\n<td>210-5<\/td>\n<\/tr>\n<tr>\n<td>1375<\/td>\n<td>1094<\/td>\n<td>121<\/td>\n<td>SH220-3<\/td>\n<\/tr>\n<tr>\n<td>1329<\/td>\n<td>1093<\/td>\n<td>103<\/td>\n<td>SH225<\/td>\n<\/tr>\n<tr>\n<td>1376<\/td>\n<td>1092<\/td>\n<td>123<\/td>\n<td>SH240-3<\/td>\n<\/tr>\n<tr>\n<td>1377<\/td>\n<td>1094<\/td>\n<td>123<\/td>\n<td>SH240-5<\/td>\n<\/tr>\n<tr>\n<td>1330<\/td>\n<td>1082<\/td>\n<td>99<\/td>\n<td>SH280<\/td>\n<\/tr>\n<tr>\n<td>1510<\/td>\n<td>1193<\/td>\n<td>135<\/td>\n<td>SH350<\/td>\n<\/tr>\n<tr>\n<td>1463<\/td>\n<td>1191<\/td>\n<td>135<\/td>\n<td>SH430<\/td>\n<\/tr>\n<\/tbody>\n<\/table>\n<\/figure>\n<p>Om du \u00e4r p\u00e5 jakt efter ett h\u00f6gkvalitativt sv\u00e4nglager till din gr\u00e4vmaskin beh\u00f6ver du inte leta l\u00e4ngre \u00e4n till SUMITOMO. Deras sv\u00e4nglagerprodukter f\u00f6r gr\u00e4vmaskiner \u00e4r konstruerade och tillverkade enligt h\u00f6gsta standard, vilket s\u00e4kerst\u00e4ller tillf\u00f6rlitlig och l\u00e5ngvarig prestanda \u00e4ven i de mest kr\u00e4vande applikationerna.<\/p>\n<p>SUMITOMO erbjuder ett brett sortiment av sv\u00e4nglager f\u00f6r gr\u00e4vmaskiner som passar olika modeller, inklusive SH55, SH60, SH75, SH50, SH100, SH120, SH125, SH135, SH140, SH145, SH200, SH200-3-5, SH220-2-3, SH240, SH225, SH260, SH265, SH280, SH300, SH340, SH350, SH400, SH430, SH450, SH40T, SH60-1, SH100A1, SH120, SH120A1, SH120A2, SH120A3, SH200A1, SH200A3, SH210A3, SH210A5, SH220-2, SH220-3, SH225, SH260, SH265, SH240-5, SH340, SH300A2, och SH350.<\/p>\n<p>Dessa sv\u00e4nglager f\u00f6r gr\u00e4vmaskiner tillverkas av h\u00f6gkvalitativa material och precisionstekniker, vilket garanterar \u00f6verl\u00e4gsen prestanda och h\u00e5llbarhet. Vridlagret \u00e4r en av de mest kritiska komponenterna i en gr\u00e4vmaskin och SUMITOMOs sv\u00e4nglager \u00e4r konstruerade f\u00f6r att klara p\u00e5frestningarna i tunga applikationer.<br \/>\nEn av de fr\u00e4msta f\u00f6rdelarna med SUMITOMOs sv\u00e4nglager f\u00f6r gr\u00e4vmaskiner \u00e4r deras utm\u00e4rkta lastb\u00e4rande kapacitet. Lagren \u00e4r konstruerade f\u00f6r att hantera h\u00f6ga axiella och radiella belastningar, vilket g\u00f6r dem idealiska f\u00f6r kr\u00e4vande applikationer. Dessutom \u00e4r lagren konstruerade f\u00f6r att arbeta vid h\u00f6ga hastigheter, vilket m\u00f6jligg\u00f6r snabbare cykeltider och f\u00f6rb\u00e4ttrad produktivitet.<\/p>\n<p>En annan viktig f\u00f6rdel med SUMITOMOs sv\u00e4nglager f\u00f6r gr\u00e4vmaskiner \u00e4r deras l\u00e5ga friktion och h\u00f6ga precision. Dessa egenskaper bidrar till att minimera slitaget p\u00e5 lagren, vilket minskar underh\u00e5llskostnaderna och f\u00f6rl\u00e4nger lagrets livsl\u00e4ngd. Den l\u00e5ga friktionen bidrar ocks\u00e5 till att f\u00f6rb\u00e4ttra br\u00e4nsleeffektiviteten, eftersom gr\u00e4vmaskinen kr\u00e4ver mindre kraft f\u00f6r att fungera. Sammanfattningsvis \u00e4r SUMITOMO ett utm\u00e4rkt val om du letar efter ett p\u00e5litligt och h\u00f6gkvalitativt sv\u00e4nglager f\u00f6r gr\u00e4vmaskiner. Deras produkter \u00e4r utformade f\u00f6r att uppfylla kraven i tunga applikationer och erbjuder utm\u00e4rkt lastb\u00e4rande kapacitet, l\u00e5g friktion och h\u00f6g precision. S\u00e5 oavsett om du arbetar inom bygg, gruvdrift eller n\u00e5gon annan tung industri, kan SUMITOMOs sv\u00e4nglager f\u00f6r gr\u00e4vmaskiner hj\u00e4lpa dig att f\u00e5 jobbet gjort effektivt och p\u00e5litligt.<\/p>\n<p>Vi kan erbjuda alternativa sv\u00e4nglager f\u00f6r din\u00a0 <a href=\"https:\/\/national-bearing.com\/excavator-swing-bearings-slewing-rings-cat\/\" target=\"_blank\" rel=\"noopener\">CAT<\/a>HITACHI, KOMATSU, KOBELCO, HYUNDAI, VOLVO, DOOSAN, DAEWOO, JCB, CASE, SUMITOMO, KATO. Det finns normala och icke-standardiserade \u00f6ver 1000 hundra typer f\u00f6r dig att v\u00e4lja mellan.<\/p>\n<figure class=\"wp-block-table aligncenter\"><\/figure>","protected":false},"excerpt":{"rendered":"<p>SUMITOMO Sv\u00e4nglager<br \/>\nModell: SH430, SH350,SH280<br \/>\nSH265,SH240-5, SH240-3,SH225<\/p>","protected":false},"featured_media":136,"template":"","meta":[],"product_brand":[],"product_cat":[22,58],"product_tag":[],"class_list":{"0":"post-579","1":"product","2":"type-product","3":"status-publish","4":"has-post-thumbnail","6":"product_cat-swing-bearing","7":"product_cat-cat-excavator-swing-bearing","9":"first","10":"instock","11":"shipping-taxable","12":"product-type-simple"},"_links":{"self":[{"href":"https:\/\/swingbearing.net\/sv_se\/wp-json\/wp\/v2\/product\/579","targetHints":{"allow":["GET"]}}],"collection":[{"href":"https:\/\/swingbearing.net\/sv_se\/wp-json\/wp\/v2\/product"}],"about":[{"href":"https:\/\/swingbearing.net\/sv_se\/wp-json\/wp\/v2\/types\/product"}],"wp:featuredmedia":[{"embeddable":true,"href":"https:\/\/swingbearing.net\/sv_se\/wp-json\/wp\/v2\/media\/136"}],"wp:attachment":[{"href":"https:\/\/swingbearing.net\/sv_se\/wp-json\/wp\/v2\/media?parent=579"}],"wp:term":[{"taxonomy":"product_brand","embeddable":true,"href":"https:\/\/swingbearing.net\/sv_se\/wp-json\/wp\/v2\/product_brand?post=579"},{"taxonomy":"product_cat","embeddable":true,"href":"https:\/\/swingbearing.net\/sv_se\/wp-json\/wp\/v2\/product_cat?post=579"},{"taxonomy":"product_tag","embeddable":true,"href":"https:\/\/swingbearing.net\/sv_se\/wp-json\/wp\/v2\/product_tag?post=579"}],"curies":[{"name":"wp","href":"https:\/\/api.w.org\/{rel}","templated":true}]}}