{"id":578,"date":"2023-09-27T05:47:33","date_gmt":"2023-09-27T05:47:33","guid":{"rendered":"https:\/\/swingbearing.net\/?post_type=product&#038;p=578"},"modified":"2024-05-15T06:40:53","modified_gmt":"2024-05-15T06:40:53","slug":"swing-bearing-xcmg","status":"publish","type":"product","link":"https:\/\/swingbearing.net\/sv_se\/produkt\/swing-bearing-xcmg\/","title":{"rendered":"Sv\u00e4nglager XCMG"},"content":{"rendered":"<h2 style=\"text-align: center;\">XCMG Swing Lagerparametrar<\/h2>\n<figure class=\"wp-block-table is-style-stripes has-small-font-size\">\n<table class=\"has-cyan-bluish-gray-background-color has-background\">\n<tbody>\n<tr>\n<td>Ytterdiameter Da<\/td>\n<td>Inv\u00e4ndig diameter Di<\/td>\n<td>Monteringsh\u00f6jd H<\/td>\n<td>Beteckning<\/td>\n<\/tr>\n<tr>\n<td>1370<\/td>\n<td>1032<\/td>\n<td>105<\/td>\n<td>XW200<\/td>\n<\/tr>\n<tr>\n<td>1370<\/td>\n<td>1032<\/td>\n<td>105<\/td>\n<td>XW821<\/td>\n<\/tr>\n<tr>\n<td>1370<\/td>\n<td>1032<\/td>\n<td>105<\/td>\n<td>XW822<\/td>\n<\/tr>\n<tr>\n<td>1370<\/td>\n<td>1032<\/td>\n<td>102<\/td>\n<td>210-8(88Z)<\/td>\n<\/tr>\n<tr>\n<td>1370<\/td>\n<td>1032<\/td>\n<td>102<\/td>\n<td>220-8(88Z)<\/td>\n<\/tr>\n<tr>\n<td>811<\/td>\n<td>617<\/td>\n<td>75<\/td>\n<td>XE60<\/td>\n<\/tr>\n<tr>\n<td>1322<\/td>\n<td>1071<\/td>\n<td>99.5<\/td>\n<td>XE210(91Z)<\/td>\n<\/tr>\n<tr>\n<td>1322<\/td>\n<td>1071<\/td>\n<td>99.5<\/td>\n<td>XE215(91Z)<\/td>\n<\/tr>\n<tr>\n<td>1098<\/td>\n<td>822<\/td>\n<td>90<\/td>\n<td>XE150B<\/td>\n<\/tr>\n<tr>\n<td>1122<\/td>\n<td>824<\/td>\n<td>100<\/td>\n<td>XE150A<\/td>\n<\/tr>\n<tr>\n<td>1390<\/td>\n<td>1049<\/td>\n<td>110<\/td>\n<td>XE230(88Z)<\/td>\n<\/tr>\n<tr>\n<td>1587<\/td>\n<td>1274<\/td>\n<td>122<\/td>\n<td>XE370<\/td>\n<\/tr>\n<\/tbody>\n<\/table>\n<\/figure>\n<figure class=\"wp-block-table is-style-stripes has-small-font-size\">\n<table class=\"has-cyan-bluish-gray-background-color has-background\">\n<tbody>\n<tr>\n<td>Ytterdiameter Da<\/td>\n<td>Inv\u00e4ndig diameter Di<\/td>\n<td>Monteringsh\u00f6jd H<\/td>\n<td>Beteckning<\/td>\n<\/tr>\n<tr>\n<td>800<\/td>\n<td>590<\/td>\n<td>70<\/td>\n<td>XG60<\/td>\n<\/tr>\n<tr>\n<td>800<\/td>\n<td>590<\/td>\n<td>74<\/td>\n<td>XG806<\/td>\n<\/tr>\n<tr>\n<td>895.5<\/td>\n<td>664<\/td>\n<td>68<\/td>\n<td>XG808<\/td>\n<\/tr>\n<tr>\n<td>1120<\/td>\n<td>850<\/td>\n<td>78<\/td>\n<td>XG815<\/td>\n<\/tr>\n<tr>\n<td>1368.5<\/td>\n<td>1033<\/td>\n<td>105<\/td>\n<td>XG820<\/td>\n<\/tr>\n<tr>\n<td>1369<\/td>\n<td>1033<\/td>\n<td>105<\/td>\n<td>XG821<\/td>\n<\/tr>\n<tr>\n<td>1369<\/td>\n<td>1033<\/td>\n<td>105<\/td>\n<td>XG822<\/td>\n<\/tr>\n<tr>\n<td>1460<\/td>\n<td>1162<\/td>\n<td>110<\/td>\n<td>XG823<\/td>\n<\/tr>\n<tr>\n<td>1460<\/td>\n<td>1162<\/td>\n<td>110<\/td>\n<td>XG825<\/td>\n<\/tr>\n<\/tbody>\n<\/table>\n<\/figure>\n<p>XCMG:s sv\u00e4nglager f\u00f6r gr\u00e4vmaskiner \u00e4r n\u00e5gra av de b\u00e4sta p\u00e5 marknaden idag. De \u00e4r utformade f\u00f6r att klara de tuffaste arbetsf\u00f6rh\u00e5llandena och f\u00f6r att s\u00e4kerst\u00e4lla att din gr\u00e4vmaskin fungerar p\u00e5 sin optimala niv\u00e5. XCMG har funnits i byggutrustningsindustrin i mer \u00e4n 70 \u00e5r, och dess produkter \u00e4r v\u00e4lk\u00e4nda f\u00f6r sin tillf\u00f6rlitlighet och h\u00e5llbarhet.<\/p>\n<p>Gunglager f\u00f6r gr\u00e4vmaskiner spelar en avg\u00f6rande roll f\u00f6r maskinens funktion. Lagren b\u00e4r upp vikten av gr\u00e4vmaskinens \u00f6vre del, som omfattar hytt, motor och <a href=\"https:\/\/swingbearing.net\/sv_se\/hydraulisk-motor\/\">hydrauliska komponenter<\/a>. De g\u00f6r det ocks\u00e5 m\u00f6jligt f\u00f6r den \u00f6vre delen att rotera 360 grader, vilket g\u00f6r det m\u00f6jligt att gr\u00e4va i alla riktningar. D\u00e4rf\u00f6r \u00e4r det viktigt att v\u00e4lja h\u00f6gkvalitativa lager till din gr\u00e4vmaskin f\u00f6r att s\u00e4kerst\u00e4lla att den fungerar effektivt och s\u00e4kert.<br \/>\nXCMG erbjuder ett brett utbud av sv\u00e4nglager f\u00f6r gr\u00e4vmaskiner, inklusive sv\u00e4nglager f\u00f6r gr\u00e4vmaskiner, sv\u00e4ngringlager, sv\u00e4ngringlager f\u00f6r gr\u00e4vmaskiner, v\u00e4ndskivslager och sv\u00e4nglager f\u00f6r gr\u00e4vmaskinsdelar. Alla dessa produkter \u00e4r utformade f\u00f6r att passa olika gr\u00e4vmaskinsmodeller, inklusive XE55, XE60, XE65, XE75, XE80, XE85, XE135, XE150, XE155, XE200, XE205, XE215, XE225, XE245, XE270, XE305, XE335, XE370, XE380, XE400, XE470, XE490 och XE700.<\/p>\n<p>XCMG-gr\u00e4vmaskinens sv\u00e4nglager \u00e4r tillverkade av h\u00f6gkvalitativa material, vilket s\u00e4kerst\u00e4ller att de kan motst\u00e5 de tuffaste f\u00f6rh\u00e5llandena. De \u00e4r ocks\u00e5 utformade f\u00f6r att minska friktion och slitage, vilket \u00f6kar deras livsl\u00e4ngd och minskar underh\u00e5llskostnaderna. XCMG anv\u00e4nder avancerad tillverkningsteknik f\u00f6r att producera sina lager, vilket s\u00e4kerst\u00e4ller att de uppfyller internationella standarder.<br \/>\nGr\u00e4vmaskin<a href=\"https:\/\/swingbearing.net\/sv_se\/svangvaxel\/\"> sv\u00e4ngv\u00e4xel<\/a> och sv\u00e4ngv\u00e4xel \u00e4r kritiska komponenter i gr\u00e4vmaskinens hydraulsystem. De hj\u00e4lper till att kontrollera gr\u00e4vmaskinens r\u00f6relse och s\u00e4kerst\u00e4ller att den fungerar smidigt. XCMG:s sv\u00e4nglager f\u00f6r gr\u00e4vmaskiner \u00e4r utformade f\u00f6r att fungera s\u00f6ml\u00f6st med dessa komponenter, vilket s\u00e4kerst\u00e4ller att din gr\u00e4vmaskin fungerar p\u00e5 sin optimala niv\u00e5.<\/p>\n<p>Sammanfattningsvis \u00e4r XCMG-gr\u00e4vmaskinens sv\u00e4nglager n\u00e5gra av de b\u00e4sta p\u00e5 marknaden. De \u00e4r utformade f\u00f6r att klara tuffa arbetsf\u00f6rh\u00e5llanden, minska friktion och slitage och \u00f6ka din gr\u00e4vmaskins livsl\u00e4ngd. Om du letar efter h\u00f6gkvalitativa och p\u00e5litliga sv\u00e4nglager till din gr\u00e4vmaskin \u00e4r XCMG det m\u00e4rke du ska v\u00e4lja. Med ett brett utbud av produkter som passar olika gr\u00e4vmaskinsmodeller kan du vara s\u00e4ker p\u00e5 att du hittar r\u00e4tt produkt f\u00f6r din maskin.<br \/>\nVi kan tillhandah\u00e5lla alternativa skivspelare f\u00f6r din, CAT, HITACHI, KOMATSU, KOBELCO, HYUNDAI, VOLVO, DOOSAN, DAEWOO, JCB, CASE, SUMITOMO, KATO. Det finns normala och icke-standard \u00f6ver 1000 hundratals typer f\u00f6r dig att v\u00e4lja mellan.<\/p>\n<figure class=\"wp-block-table is-style-stripes has-small-font-size\">\n<table class=\"has-black-color has-cyan-bluish-gray-background-color has-text-color has-background\" style=\"height: 1185px;\" width=\"703\">\n<tbody>\n<tr>\n<td><strong>Hitachi<\/strong><\/td>\n<td>EX40-1 EX60-1-2-3-5 EX70-5 EX90 EX100-1-2-3-5 EX110-5 EX120-1-2-3-5 EX130-5 EX200-1-2-3-5 EX210-5 EX220-5 EX270 EX300-1-2-3-5 EX-330 EX330-3 EX350-5 EX400-3 EX400-5 EX470-3 EX870 ZAX60 ZX55-R ZAX70 ZAX80 ZAX110 ZAX120 ZAX130 ZAX200-3-6 ZAX210 ZAX220-5 ZAX230 ZAX240 ZAX240-3 ZAX250-3 ZAX270-3 ZAX450-1 ZAX450-3 ZAX450-5 ZAX750 UH063 UH07-7 UH083<\/td>\n<\/tr>\n<tr>\n<td><strong>Katt<\/strong><\/td>\n<td>E45 E60 E70B E80 E110 E120B E305 E311 E312B\/C E307B\/C\/D E308 E315 E200 E200B E320 E320B E320C E320D E320L E324D E325\/B\/C\/D E330\/B\/C E345\/B E350 E365 E380 E385<\/td>\n<\/tr>\n<tr>\n<td><strong>Komatsu<\/strong><\/td>\n<td>PC30 PC30-2 PC35 PC40 PC45 PC50 PC50-7 PC55 PC60-5-6-7 PC70 PC75 PC78 PC100-3-5 PC120-3-5-6-6E PC128 PC130-7 PC150-5-7 PC160-7 PC200-1-2-3-4-5-6-7-8 PC210-7 PC220-3-5-6 PC240-8 PC227 PC228 PC270-7 PC300-1-2-3-4-5-6-7 PC350-6-7 PC360-6-7 PC400-3-5-6-7-8 PC450-5-6 PC460-7 PC600-6 PC650-3 PC650 PC800 PC1000 PC1200 PC1250<\/td>\n<\/tr>\n<tr>\n<td><strong>Sumitomo<\/strong><\/td>\n<td>SH50 SH60-1 SH120-1-2\/A1\/A2\/A3\/Z3\/C3 SH120C3 SH260 SH200 A1\/A2\/A3\/C2\/C3\/Z3 SH210-5 SH210-A5 SH220-3 SH225 SH240-3-5 SH280 SH350<\/td>\n<\/tr>\n<tr>\n<td><strong>Hyundai<\/strong><\/td>\n<td>R55-5-7 R60-5-7 R70-7 R80-7 R110-7 R130-5-7 R130LC-3-5 R150-7 R170-5 R200-3-5-7 R205-7 R210 R215-7 R220-5-7-9 R225LC-7 R260-7 R280 R290-7 R290LC-3 R290LC-7 R300LC R305LC-7 R320 R330LC R335-7 R375 R360LC-7 R450-7 R450LC R962<\/td>\n<\/tr>\n<tr>\n<td><\/td>\n<td><\/td>\n<\/tr>\n<tr>\n<td><strong>Doosan Daewoo<\/strong><\/td>\n<td>DH35 DH55 DH60 DH80-7 DH150-5-7 DH200 DH215-7 DH220-2-3-5-7-9 DH258-7 DH280-5 DX60 DX200 DX225 DX260 DX300 DH280 DH290-5 DH300LC-7 DH340<br \/>\nDH360-5 DH370LC-7-9 DH420LC-7 DH500-7 DH550 DH600<\/td>\n<\/tr>\n<tr>\n<td><strong>Kobelco<\/strong><\/td>\n<td>SK60-3-5 SK100 SK120-1-2-3-5 SK130-8 SK140-8 SK200-6 SK210-6 SK200-6E SK07 SK200-3-5-8 SK210-8 SK220 SK230-6 SK235 SK250-6-8 SK260-8 SK330-6 SK350-8 SK480-8<\/td>\n<\/tr>\n<tr>\n<td><strong>LIUGONG XCMG<\/strong><\/td>\n<td>CLG906 CLG907 CLG908 CLG915 CLG915D CLG205C CLG225C CLG220LC CLG225 CLG200 CLG200-3 CLG920D CLG922D CLG925D CLG936LC CLG936D<br \/>\nXE60 XE210 XE215 XE150A\/B XE230 XE370 210-8 220-8<\/td>\n<\/tr>\n<tr>\n<td><strong>SANY<\/strong><\/td>\n<td>SY65 SY75 SY135 SY185 SY195 SY200 SY205 SY210 SY215-7-8-9 SY235 SY305 SY310 SY335 SY300 SY360 SY365 SY420<\/td>\n<\/tr>\n<tr>\n<td><strong>Volov<\/strong><\/td>\n<td>EC55 EC210 EC210B EC240 EC290 EC360<\/td>\n<\/tr>\n<tr>\n<td><strong>Liebherr<\/strong><\/td>\n<td>R914 R916 R924 R944<\/td>\n<\/tr>\n<tr>\n<td><strong>Yuchai<\/strong><\/td>\n<td>YC15 YC20 YC35 YC60 YC6-5T YC85 YC210-8 YC230-8 YC350 YC400-8<\/td>\n<\/tr>\n<tr>\n<td><\/td>\n<td><\/td>\n<\/tr>\n<tr>\n<td><strong>Atlas Sunward\u00a0<\/strong><\/td>\n<td>Atlas 3306LC 2006 TC360 2306<br \/>\nSWE50 SWE60 SWE70 SWE80 SWE90 SWE150<\/td>\n<\/tr>\n<tr>\n<td><strong>\u00a0 \u00a0 \u00a0Fler modeller<\/strong><\/td>\n<td>\u00a0 \u00a0 \u00a0 \u00a0 FALL CX210B JCM906D JCM921 JCM922<br \/>\nKubota75 161 ZY80 ZY210<br \/>\nJCB8056 JCB220 ZW60 ZE80 JV60 SC360 HL60<\/td>\n<\/tr>\n<\/tbody>\n<\/table>\n<\/figure>\n<figure class=\"wp-block-table aligncenter\"><\/figure>","protected":false},"excerpt":{"rendered":"<p>XCMG sv\u00e4nglager<br \/>\nModel:XG825,XG825,XG822<br \/>\nXG821XG820,XG815,XG808<\/p>","protected":false},"featured_media":136,"template":"","meta":[],"product_brand":[],"product_cat":[22,76],"product_tag":[],"class_list":{"0":"post-578","1":"product","2":"type-product","3":"status-publish","4":"has-post-thumbnail","6":"product_cat-swing-bearing","7":"product_cat-xcmg-excavator-swing-bearing","9":"first","10":"instock","11":"shipping-taxable","12":"product-type-simple"},"_links":{"self":[{"href":"https:\/\/swingbearing.net\/sv_se\/wp-json\/wp\/v2\/product\/578","targetHints":{"allow":["GET"]}}],"collection":[{"href":"https:\/\/swingbearing.net\/sv_se\/wp-json\/wp\/v2\/product"}],"about":[{"href":"https:\/\/swingbearing.net\/sv_se\/wp-json\/wp\/v2\/types\/product"}],"wp:featuredmedia":[{"embeddable":true,"href":"https:\/\/swingbearing.net\/sv_se\/wp-json\/wp\/v2\/media\/136"}],"wp:attachment":[{"href":"https:\/\/swingbearing.net\/sv_se\/wp-json\/wp\/v2\/media?parent=578"}],"wp:term":[{"taxonomy":"product_brand","embeddable":true,"href":"https:\/\/swingbearing.net\/sv_se\/wp-json\/wp\/v2\/product_brand?post=578"},{"taxonomy":"product_cat","embeddable":true,"href":"https:\/\/swingbearing.net\/sv_se\/wp-json\/wp\/v2\/product_cat?post=578"},{"taxonomy":"product_tag","embeddable":true,"href":"https:\/\/swingbearing.net\/sv_se\/wp-json\/wp\/v2\/product_tag?post=578"}],"curies":[{"name":"wp","href":"https:\/\/api.w.org\/{rel}","templated":true}]}}