{"id":577,"date":"2023-09-27T05:44:31","date_gmt":"2023-09-27T05:44:31","guid":{"rendered":"https:\/\/swingbearing.net\/?post_type=product&#038;p=577"},"modified":"2024-05-15T06:41:28","modified_gmt":"2024-05-15T06:41:28","slug":"swing-bearing-yuchai","status":"publish","type":"product","link":"https:\/\/swingbearing.net\/sv_se\/produkt\/svanglager-yuchai\/","title":{"rendered":"Sv\u00e4nglager YUCHAI"},"content":{"rendered":"<h4 style=\"text-align: center;\">Parametrar f\u00f6r HITACHI Swing-lager<\/h4>\n<figure class=\"wp-block-table is-style-stripes has-small-font-size\">\n<table class=\"has-cyan-bluish-gray-background-color has-background\">\n<tbody>\n<tr>\n<td>Utv\u00e4ndig diameter (Da)<\/td>\n<td>Inv\u00e4ndig diameter (Di)<\/td>\n<td>Monteringsh\u00f6jd (H)<\/td>\n<td>Beteckning<\/td>\n<\/tr>\n<tr>\n<td>545<\/td>\n<td>380<\/td>\n<td>50<\/td>\n<td>YC13<\/td>\n<\/tr>\n<tr>\n<td>573<\/td>\n<td>380<\/td>\n<td>55<\/td>\n<td>YC15<\/td>\n<\/tr>\n<tr>\n<td>573<\/td>\n<td>380<\/td>\n<td>55<\/td>\n<td>YC18-3<\/td>\n<\/tr>\n<tr>\n<td>573<\/td>\n<td>380<\/td>\n<td>55<\/td>\n<td>YC20<\/td>\n<\/tr>\n<tr>\n<td>640<\/td>\n<td>473<\/td>\n<td>55<\/td>\n<td>YC35<\/td>\n<\/tr>\n<tr>\n<td>640<\/td>\n<td>471<\/td>\n<td>55<\/td>\n<td>YC35<\/td>\n<\/tr>\n<tr>\n<td>800<\/td>\n<td>590<\/td>\n<td>70<\/td>\n<td>YC55<\/td>\n<\/tr>\n<tr>\n<td>800<\/td>\n<td>590<\/td>\n<td>70<\/td>\n<td>YC60(86Z)<\/td>\n<\/tr>\n<tr>\n<td>812<\/td>\n<td>623<\/td>\n<td>75<\/td>\n<td>YC6-5T(90Z)<\/td>\n<\/tr>\n<tr>\n<td>811<\/td>\n<td>621<\/td>\n<td>75<\/td>\n<td>YC65-2<\/td>\n<\/tr>\n<tr>\n<td>922<\/td>\n<td>635<\/td>\n<td>104<\/td>\n<td>YC85<\/td>\n<\/tr>\n<tr>\n<td>922<\/td>\n<td>635<\/td>\n<td>104<\/td>\n<td>YC85-3<\/td>\n<\/tr>\n<tr>\n<td>922<\/td>\n<td>635<\/td>\n<td>104<\/td>\n<td>YC85-5<\/td>\n<\/tr>\n<tr>\n<td>922<\/td>\n<td>635<\/td>\n<td>104<\/td>\n<td>YC85-6<\/td>\n<\/tr>\n<tr>\n<td>922<\/td>\n<td>635<\/td>\n<td>104<\/td>\n<td>YC85-7<\/td>\n<\/tr>\n<tr>\n<td>1195<\/td>\n<td>963<\/td>\n<td>85<\/td>\n<td>YC135,10T<\/td>\n<\/tr>\n<tr>\n<td>1323<\/td>\n<td>1071<\/td>\n<td>104<\/td>\n<td>YC210-8<\/td>\n<\/tr>\n<tr>\n<td>1327<\/td>\n<td>1083<\/td>\n<td>110<\/td>\n<td>YC230-8<\/td>\n<\/tr>\n<tr>\n<td>1534<\/td>\n<td>1238<\/td>\n<td>125<\/td>\n<td>YC350<\/td>\n<\/tr>\n<tr>\n<td>1327<\/td>\n<td>1083<\/td>\n<td>110<\/td>\n<td>YC225<\/td>\n<\/tr>\n<tr>\n<td>1534<\/td>\n<td>1238<\/td>\n<td>125<\/td>\n<td>YC400-8<\/td>\n<\/tr>\n<\/tbody>\n<\/table>\n<\/figure>\n<p>Letar du efter h\u00f6gkvalitativa sv\u00e4nglager f\u00f6r gr\u00e4vmaskiner? Titta inte l\u00e4ngre \u00e4n till Yuchai! Med v\u00e5r avancerade teknik och omfattande erfarenhet p\u00e5 omr\u00e5det \u00e4r vi stolta \u00f6ver att kunna erbjuda ett brett utbud av h\u00f6gkvalitativa sv\u00e4nglager f\u00f6r gr\u00e4vmaskiner i alla storlekar och modeller.<br \/>\nV\u00e5ra sv\u00e4nglager tillverkas endast av material och produktionsmetoder av h\u00f6gsta kvalitet f\u00f6r att s\u00e4kerst\u00e4lla l\u00e5ngvarig prestanda och tillf\u00f6rlitlighet. Oavsett om du beh\u00f6ver ett sv\u00e4nglager f\u00f6r gr\u00e4vmaskinsmodellerna YC13, YC18, YC18-3, YC35, YC45, YC55, YC65, YC65-2, YC85, YC85-3, YC135, YC225LC eller YC230 s\u00e5 har vi den perfekta l\u00f6sningen f\u00f6r dina behov.<\/p>\n<p>V\u00e5ra sv\u00e4nglager \u00e4r konstruerade f\u00f6r att klara de tuffaste arbetsf\u00f6rh\u00e5llandena, vilket garanterar optimal prestanda och l\u00e5ng livsl\u00e4ngd. Vi erbjuder ett brett utbud av storlekar och konfigurationer som passar alla typer av gr\u00e4vmaskiner, fr\u00e5n sm\u00e5 och kompakta till stora och tunga.<br \/>\nV\u00e5rt sortiment av sv\u00e4nglager f\u00f6r gr\u00e4vmaskiner omfattar sv\u00e4ngringlager, vridbordslager, sv\u00e4ngringlager, <a href=\"https:\/\/swingbearing.net\/sv_se\/gear-box-parts\/\">delar till gr\u00e4vmaskiner<\/a> sv\u00e4nglager och mycket mer. Oavsett vilka behov du har s\u00e5 har vi den perfekta l\u00f6sningen f\u00f6r att uppfylla dem.<\/p>\n<p>P\u00e5 Yuchai \u00e4r vi fast beslutna att f\u00f6rse v\u00e5ra kunder med produkter av h\u00f6gsta kvalitet och b\u00e4sta m\u00f6jliga service. V\u00e5rt team av experter finns alltid till hands f\u00f6r att svara p\u00e5 eventuella fr\u00e5gor och hj\u00e4lpa dig att hitta den perfekta l\u00f6sningen f\u00f6r dina gr\u00e4vmaskinsbehov.<\/p>\n<p>S\u00e5 varf\u00f6r v\u00e4nta? Kontakta oss idag f\u00f6r att l\u00e4ra dig mer om v\u00e5rt sortiment av sv\u00e4nglager f\u00f6r gr\u00e4vmaskiner och f\u00f6r att ta reda p\u00e5 hur vi kan hj\u00e4lpa dig att ta din gr\u00e4vmaskins prestanda till n\u00e4sta niv\u00e5. Vi ser fram emot att arbeta med dig!<\/p>\n<p>Vi kan erbjuda alternativa Swing circle f\u00f6r din CAT, HITACHI, KOMATSU, KOBELCO, HYUNDAI, VOLVO, DOOSAN, DAEWOO, JCB, CASE, SUMITOMO, KATO.There \u00e4r normal och icke-standard \u00f6ver 1000 hundratals typer f\u00f6r dig att v\u00e4lja.<\/p>\n<figure class=\"wp-block-image size-full is-resized\"><a href=\"https:\/\/swingbearing.net\/sv_se\/swing-bearing\/\"><img decoding=\"async\" class=\"alignnone wp-image-177\" src=\"https:\/\/national-bearing.com\/wp-content\/uploads\/2023\/04\/0001.jpg\" sizes=\"(max-width: 843px) 100vw, 843px\" srcset=\"https:\/\/national-bearing.com\/wp-content\/uploads\/2023\/04\/0001.jpg 600w, https:\/\/national-bearing.com\/wp-content\/uploads\/2023\/04\/0001-300x200.jpg 300w\" alt=\"\" width=\"462\" height=\"308\" \/><\/a><\/figure>","protected":false},"excerpt":{"rendered":"<p>YUCHAI Sv\u00e4nglager<br \/>\nModel:YC400-8,YC225,YC230-8<br \/>\nYC350,YC210-8,YC85-7,YC85-5<\/p>","protected":false},"featured_media":136,"template":"","meta":[],"product_brand":[],"product_cat":[22],"product_tag":[],"class_list":{"0":"post-577","1":"product","2":"type-product","3":"status-publish","4":"has-post-thumbnail","6":"product_cat-swing-bearing","8":"first","9":"instock","10":"shipping-taxable","11":"product-type-simple"},"_links":{"self":[{"href":"https:\/\/swingbearing.net\/sv_se\/wp-json\/wp\/v2\/product\/577","targetHints":{"allow":["GET"]}}],"collection":[{"href":"https:\/\/swingbearing.net\/sv_se\/wp-json\/wp\/v2\/product"}],"about":[{"href":"https:\/\/swingbearing.net\/sv_se\/wp-json\/wp\/v2\/types\/product"}],"wp:featuredmedia":[{"embeddable":true,"href":"https:\/\/swingbearing.net\/sv_se\/wp-json\/wp\/v2\/media\/136"}],"wp:attachment":[{"href":"https:\/\/swingbearing.net\/sv_se\/wp-json\/wp\/v2\/media?parent=577"}],"wp:term":[{"taxonomy":"product_brand","embeddable":true,"href":"https:\/\/swingbearing.net\/sv_se\/wp-json\/wp\/v2\/product_brand?post=577"},{"taxonomy":"product_cat","embeddable":true,"href":"https:\/\/swingbearing.net\/sv_se\/wp-json\/wp\/v2\/product_cat?post=577"},{"taxonomy":"product_tag","embeddable":true,"href":"https:\/\/swingbearing.net\/sv_se\/wp-json\/wp\/v2\/product_tag?post=577"}],"curies":[{"name":"wp","href":"https:\/\/api.w.org\/{rel}","templated":true}]}}