{"id":575,"date":"2023-09-27T05:22:14","date_gmt":"2023-09-27T05:22:14","guid":{"rendered":"https:\/\/swingbearing.net\/?post_type=product&#038;p=575"},"modified":"2024-05-15T06:44:50","modified_gmt":"2024-05-15T06:44:50","slug":"swing-bearing-liugong","status":"publish","type":"product","link":"https:\/\/swingbearing.net\/sv_se\/produkt\/svanglager-liugong\/","title":{"rendered":"Sv\u00e4nglager LIUGONG"},"content":{"rendered":"<h2 style=\"text-align: center;\">Parametrar f\u00f6r LIUGONG Swing-lager<\/h2>\n<figure class=\"wp-block-table is-style-stripes has-small-font-size\">\n<table class=\"has-cyan-bluish-gray-background-color has-background\">\n<tbody>\n<tr>\n<td width=\"52\">Modell<\/td>\n<td width=\"62\">Delnummer<\/td>\n<td width=\"81\">Yttre diameter<\/td>\n<td width=\"111\">Inv\u00e4ndig diameter<\/td>\n<td width=\"77\">Total h\u00f6jd<\/td>\n<td width=\"77\">Yttre h\u00f6jd<\/td>\n<td width=\"104\">Inre h\u00f6jd<\/td>\n<td width=\"141\">Parametrar f\u00f6r yttre h\u00e5l<\/td>\n<td width=\"103\">Parametrar f\u00f6r inre h\u00e5l<\/td>\n<td width=\"85\">Antal t\u00e4nder<\/td>\n<\/tr>\n<tr>\n<td width=\"52\">922<\/td>\n<td width=\"62\">26b0272<\/td>\n<td width=\"81\">1405<\/td>\n<td width=\"111\">1129<\/td>\n<td width=\"77\">100<\/td>\n<td width=\"77\">70<\/td>\n<td width=\"104\">90<\/td>\n<td width=\"141\">36-\u03c624 oj\u00e4mn<\/td>\n<td width=\"103\">36-M22<\/td>\n<td width=\"85\">95<\/td>\n<\/tr>\n<tr>\n<td width=\"52\">922<\/td>\n<td width=\"62\">26b0122<\/td>\n<td width=\"81\">1405<\/td>\n<td width=\"111\">1129<\/td>\n<td width=\"77\">100<\/td>\n<td width=\"77\">70<\/td>\n<td width=\"104\">90<\/td>\n<td width=\"141\">36-\u03c624 oj\u00e4mn<\/td>\n<td width=\"103\">36-M22<\/td>\n<td width=\"85\">95<\/td>\n<\/tr>\n<tr>\n<td width=\"52\">922<\/td>\n<td width=\"62\">26b0010<\/td>\n<td width=\"81\">1405<\/td>\n<td width=\"111\">1129<\/td>\n<td width=\"77\">100<\/td>\n<td width=\"77\">70<\/td>\n<td width=\"104\">90<\/td>\n<td width=\"141\">36 J\u00e4mnt f\u00f6rdelad<\/td>\n<td width=\"103\">36-M22<\/td>\n<td width=\"85\">91<\/td>\n<\/tr>\n<tr>\n<td width=\"52\">LG922D<\/td>\n<td width=\"62\">26B0122<\/td>\n<td width=\"81\">1405<\/td>\n<td width=\"111\">1129<\/td>\n<td width=\"77\">100<\/td>\n<td width=\"77\">70<\/td>\n<td width=\"104\">90<\/td>\n<td width=\"141\">36-\u03c624 oj\u00e4mn<\/td>\n<td width=\"103\">36-M22<\/td>\n<td width=\"85\">95<\/td>\n<\/tr>\n<tr>\n<td width=\"52\"><strong><b>936D<\/b><\/strong><\/td>\n<td width=\"62\">26B0120<\/td>\n<td width=\"81\">1658<\/td>\n<td width=\"111\">1334.3<\/td>\n<td width=\"77\">125<\/td>\n<td width=\"77\">82<\/td>\n<td width=\"104\">115<\/td>\n<td width=\"141\">40-\u03c626 oj\u00e4mn<\/td>\n<td width=\"103\">40-M24 J\u00e4mnt f\u00f6rdelad<\/td>\n<td width=\"85\">97<\/td>\n<\/tr>\n<\/tbody>\n<\/table>\n<\/figure>\n<h5 class=\"wp-block-heading has-medium-font-size\">Liugong sv\u00e4nglager f\u00f6r gr\u00e4vmaskin<\/h5>\n<p>Liugong sv\u00e4nglager f\u00f6r gr\u00e4vmaskin: Ett h\u00e5llbart och p\u00e5litligt val f\u00f6r din gr\u00e4vmaskin<br \/>\nSv\u00e4nglager, \u00e4ven k\u00e4nda som vridlager, \u00e4r en viktig komponent i gr\u00e4vmaskiner. Dessa lager g\u00f6r det m\u00f6jligt f\u00f6r gr\u00e4vmaskinens \u00f6vre struktur att rotera smidigt och s\u00e4kert. Sv\u00e4nglager f\u00f6r gr\u00e4vmaskiner spelar en avg\u00f6rande roll f\u00f6r maskinens prestanda och tillf\u00f6rlitlighet. Av denna anledning \u00e4r det viktigt att v\u00e4lja h\u00f6gkvalitativa sv\u00e4nglager f\u00f6r din gr\u00e4vmaskins livsl\u00e4ngd och effektivitet.<br \/>\nLiugong \u00e4r ett v\u00e4lk\u00e4nt varum\u00e4rke inom anl\u00e4ggningsmaskinbranschen och de erbjuder ett sortiment av sv\u00e4nglager f\u00f6r gr\u00e4vmaskiner som \u00e4r k\u00e4nda f\u00f6r sin h\u00e5llbarhet och tillf\u00f6rlitlighet. Liugongs sv\u00e4nglager f\u00f6r gr\u00e4vmaskiner \u00e4r konstruerade f\u00f6r att t\u00e5la tuffa f\u00f6rh\u00e5llanden och tunga belastningar, vilket s\u00e4kerst\u00e4ller att din gr\u00e4vmaskin kan hantera alla jobb, stora som sm\u00e5.<\/p>\n<h5 class=\"wp-block-heading has-medium-font-size\">Till\u00e4mplig modell av sv\u00e4nglager f\u00f6r gr\u00e4vmaskin<\/h5>\n<p class=\"has-text-align-left\">F\u00f6ljande modeller av Liugong sv\u00e4nglager f\u00f6r gr\u00e4vmaskiner finns tillg\u00e4ngliga: CLG904, CLG9055, CLG906, CLG907, CLG9075, CLG908, CLG915, CLG150, CLG920, CLG921, CLG922, CLG225, CLG924, CLG925, CLG933, CLG936, CLG939, CLG942, CLG948, CLG950, CLG952, CLG200, CLG205, CLG220, och CLG225.<br \/>\nDessa Liugong sv\u00e4nglager f\u00f6r gr\u00e4vmaskiner \u00e4r konstruerade med precision och noggrannhet f\u00f6r att s\u00e4kerst\u00e4lla optimal prestanda och h\u00e5llbarhet. De \u00e4r tillverkade av h\u00f6gkvalitativa material och t\u00e5l extrema v\u00e4derf\u00f6rh\u00e5llanden och tunga applikationer.<br \/>\nLiugongs engagemang f\u00f6r kvalitet och tillf\u00f6rlitlighet \u00e5terspeglas i alla aspekter av deras produkter, och deras sv\u00e4nglager f\u00f6r gr\u00e4vmaskiner \u00e4r inget undantag. De \u00e4r konstruerade f\u00f6r att ge utm\u00e4rkt lastb\u00e4rande kapacitet och h\u00f6g precision, vilket s\u00e4kerst\u00e4ller att din gr\u00e4vmaskin g\u00e5r smidigt och effektivt.<br \/>\nUt\u00f6ver de prestandam\u00e4ssiga f\u00f6rdelarna \u00e4r Liugongs sv\u00e4nglager f\u00f6r gr\u00e4vmaskiner ocks\u00e5 enkla att installera och de kr\u00e4ver minimalt underh\u00e5ll, vilket minskar stillest\u00e5ndstiden och reparationskostnaderna.<br \/>\nN\u00e4r det g\u00e4ller att v\u00e4lja gr\u00e4vmaskinsdelar sv\u00e4nglager \u00e4r det viktigt att v\u00e4lja ett h\u00f6gkvalitativt varum\u00e4rke som Liugong f\u00f6r din maskins livsl\u00e4ngd och tillf\u00f6rlitlighet. Liugongs sv\u00e4ngv\u00e4xel f\u00f6r gr\u00e4vmaskiner \u00e4r konstruerad f\u00f6r att ge b\u00e4sta prestanda, h\u00e5llbarhet och tillf\u00f6rlitlighet, vilket g\u00f6r dem till ett utm\u00e4rkt val f\u00f6r alla gr\u00e4vprojekt.<br \/>\nSammanfattningsvis, om du letar efter h\u00f6gkvalitativa sv\u00e4nglager f\u00f6r gr\u00e4vmaskiner beh\u00f6ver du inte leta l\u00e4ngre \u00e4n till Liugong. Med deras sortiment av h\u00e5llbara och tillf\u00f6rlitliga sv\u00e4ngringlager kan du vara s\u00e4ker p\u00e5 att din gr\u00e4vmaskin kommer att fungera effektivt och smidigt, vilket ger dig den prestanda och tillf\u00f6rlitlighet du beh\u00f6ver f\u00f6r att f\u00e5 jobbet gjort.<br \/>\nVi kan erbjuda alternativa sv\u00e4ngcirklar f\u00f6r din ,<a href=\"https:\/\/national-bearing.com\/excavator-swing-bearings-slewing-rings-cat\/\" target=\"_blank\" rel=\"noopener\">\u00a0CAT<\/a>,HITACHI, KOMATSU,KOBELCO, HYUNDAI, VOLVO, DOOSAN, DAEWOO, JCB,CASE, SUMITOMO, KATO, ,Det finns normala och icke-standard \u00f6ver 1000 hundratals typer f\u00f6r dig att v\u00e4lja.<\/p>\n<figure class=\"wp-block-image size-full\"><\/figure>\n<p>Vi kan hj\u00e4lpa dig med alla typer, modeller och fabrikat av sv\u00e4ngkransar. Kontakta oss idag om du har n\u00e5gra fr\u00e5gor om dina behov.<\/p>\n<figure class=\"wp-block-table\">\n<table>\n<tbody>\n<tr>\n<td><img decoding=\"async\" class=\"wp-image-177\" src=\"https:\/\/national-bearing.com\/wp-content\/uploads\/2023\/04\/0001.jpg\" sizes=\"(max-width: 600px) 100vw, 600px\" srcset=\"https:\/\/national-bearing.com\/wp-content\/uploads\/2023\/04\/0001.jpg 600w, https:\/\/national-bearing.com\/wp-content\/uploads\/2023\/04\/0001-300x200.jpg 300w\" alt=\"sv\u00e4nglager f\u00f6r gr\u00e4vmaskin \" width=\"600\" height=\"400\" \/><\/td>\n<td><img decoding=\"async\" class=\"wp-image-643\" src=\"https:\/\/national-bearing.com\/wp-content\/uploads\/2023\/04\/66.jpg\" sizes=\"(max-width: 600px) 100vw, 600px\" srcset=\"https:\/\/national-bearing.com\/wp-content\/uploads\/2023\/04\/66.jpg 600w, https:\/\/national-bearing.com\/wp-content\/uploads\/2023\/04\/66-300x200.jpg 300w\" alt=\"m\u00e4tning av sv\u00e4nglager f\u00f6r gr\u00e4vmaskiner\" width=\"600\" height=\"400\" \/><\/td>\n<\/tr>\n<\/tbody>\n<\/table>\n<\/figure>","protected":false},"excerpt":{"rendered":"<p>LIUGONG Sv\u00e4nglager<br \/>\nModel:CLG950,CLG948,LG922D<br \/>\nCLG907,CLG9075,CLG952,CLG904<\/p>","protected":false},"featured_media":136,"template":"","meta":[],"product_brand":[],"product_cat":[22,73],"product_tag":[],"class_list":{"0":"post-575","1":"product","2":"type-product","3":"status-publish","4":"has-post-thumbnail","6":"product_cat-swing-bearing","7":"product_cat-liugong-excavator-swing-bearing","9":"first","10":"instock","11":"shipping-taxable","12":"product-type-simple"},"_links":{"self":[{"href":"https:\/\/swingbearing.net\/sv_se\/wp-json\/wp\/v2\/product\/575","targetHints":{"allow":["GET"]}}],"collection":[{"href":"https:\/\/swingbearing.net\/sv_se\/wp-json\/wp\/v2\/product"}],"about":[{"href":"https:\/\/swingbearing.net\/sv_se\/wp-json\/wp\/v2\/types\/product"}],"wp:featuredmedia":[{"embeddable":true,"href":"https:\/\/swingbearing.net\/sv_se\/wp-json\/wp\/v2\/media\/136"}],"wp:attachment":[{"href":"https:\/\/swingbearing.net\/sv_se\/wp-json\/wp\/v2\/media?parent=575"}],"wp:term":[{"taxonomy":"product_brand","embeddable":true,"href":"https:\/\/swingbearing.net\/sv_se\/wp-json\/wp\/v2\/product_brand?post=575"},{"taxonomy":"product_cat","embeddable":true,"href":"https:\/\/swingbearing.net\/sv_se\/wp-json\/wp\/v2\/product_cat?post=575"},{"taxonomy":"product_tag","embeddable":true,"href":"https:\/\/swingbearing.net\/sv_se\/wp-json\/wp\/v2\/product_tag?post=575"}],"curies":[{"name":"wp","href":"https:\/\/api.w.org\/{rel}","templated":true}]}}