{"id":574,"date":"2023-09-27T05:19:35","date_gmt":"2023-09-27T05:19:35","guid":{"rendered":"https:\/\/swingbearing.net\/?post_type=product&#038;p=574"},"modified":"2024-06-12T02:15:53","modified_gmt":"2024-06-12T02:15:53","slug":"swing-bearings-sany","status":"publish","type":"product","link":"https:\/\/swingbearing.net\/sv_se\/produkt\/svanglager-sany\/","title":{"rendered":"Gunglager SANY"},"content":{"rendered":"<h2 style=\"text-align: center;\">SANY sv\u00e4nglager Parametrar<\/h2>\n<figure class=\"wp-block-table is-style-stripes has-small-font-size\">\n<table class=\"has-cyan-bluish-gray-background-color has-background\">\n<tbody>\n<tr>\n<td>Ytterdiameter Da<\/td>\n<td>Inv\u00e4ndig diameter Di<\/td>\n<td>Monteringsh\u00f6jd H<\/td>\n<td>Beteckning<\/td>\n<\/tr>\n<tr>\n<td>811<\/td>\n<td>622<\/td>\n<td>75<\/td>\n<td>SY65<\/td>\n<\/tr>\n<tr>\n<td>810<\/td>\n<td>621<\/td>\n<td>75<\/td>\n<td>SY75(90Z)<\/td>\n<\/tr>\n<tr>\n<td>811<\/td>\n<td>601.6<\/td>\n<td>75<\/td>\n<td>SY75(76Z)<\/td>\n<\/tr>\n<tr>\n<td>1122<\/td>\n<td>821<\/td>\n<td>100<\/td>\n<td>SY135<\/td>\n<\/tr>\n<tr>\n<td>1327<\/td>\n<td>1071<\/td>\n<td>99.5<\/td>\n<td>SY185<\/td>\n<\/tr>\n<tr>\n<td>1327<\/td>\n<td>1071<\/td>\n<td>99.5<\/td>\n<td>SY195<\/td>\n<\/tr>\n<tr>\n<td>1322<\/td>\n<td>1071<\/td>\n<td>100<\/td>\n<td>SY200<\/td>\n<\/tr>\n<tr>\n<td>1327<\/td>\n<td>1071<\/td>\n<td>99.5<\/td>\n<td>SY205<\/td>\n<\/tr>\n<tr>\n<td>1322<\/td>\n<td>1071<\/td>\n<td>100<\/td>\n<td>SY210<\/td>\n<\/tr>\n<tr>\n<td>1322<\/td>\n<td>1071<\/td>\n<td>100<\/td>\n<td>SY215-7<\/td>\n<\/tr>\n<tr>\n<td>1322<\/td>\n<td>1071<\/td>\n<td>100<\/td>\n<td>SY215-8<\/td>\n<\/tr>\n<tr>\n<td>1322<\/td>\n<td>1071<\/td>\n<td>100<\/td>\n<td>SY215-9<\/td>\n<\/tr>\n<tr>\n<td>1320<\/td>\n<td>1071<\/td>\n<td>100<\/td>\n<td>SY215<\/td>\n<\/tr>\n<tr>\n<td>1327<\/td>\n<td>1071<\/td>\n<td>99.5<\/td>\n<td>SY235<\/td>\n<\/tr>\n<tr>\n<td>1532<\/td>\n<td>1235<\/td>\n<td>125<\/td>\n<td>SY300<\/td>\n<\/tr>\n<tr>\n<td>1550<\/td>\n<td>1238<\/td>\n<td>152<\/td>\n<td>SY305<\/td>\n<\/tr>\n<tr>\n<td>1532<\/td>\n<td>1235<\/td>\n<td>125<\/td>\n<td>SY310<\/td>\n<\/tr>\n<tr>\n<td>1550<\/td>\n<td>1238<\/td>\n<td>152<\/td>\n<td>SY335<\/td>\n<\/tr>\n<tr>\n<td>1532<\/td>\n<td>1235<\/td>\n<td>125<\/td>\n<td>SY360<\/td>\n<\/tr>\n<tr>\n<td>1550<\/td>\n<td>1238<\/td>\n<td>152<\/td>\n<td>SY365<\/td>\n<\/tr>\n<tr>\n<td>1550<\/td>\n<td>1238.5<\/td>\n<td>152<\/td>\n<td>SY420<\/td>\n<\/tr>\n<\/tbody>\n<\/table>\n<\/figure>\n<p>Sany sv\u00e4nglager f\u00f6r gr\u00e4vmaskiner \u00e4r viktiga komponenter i alla gr\u00e4vmaskiners sv\u00e4ngsystem. Dessa lager g\u00f6r det m\u00f6jligt f\u00f6r gr\u00e4vmaskinen att rotera och sv\u00e4nga, vilket g\u00f6r det m\u00f6jligt f\u00f6r f\u00f6rarna att enkelt utf\u00f6ra en m\u00e4ngd olika gr\u00e4v-, lyft- och lastningsuppgifter. P\u00e5 Sany erbjuder vi en rad h\u00f6gkvalitativa sv\u00e4nglager som \u00e4r s\u00e4rskilt utformade f\u00f6r gr\u00e4vmaskiner, inklusive modeller som passar gr\u00e4vmaskinerna SY55, SY60, SY65, SY70, SY75, SY85, SY95, SY115, SY135, SY155, SY195, SY200, SY205, SY215, SY220, SY225, SY235, SY245, SY285, SY305, SY335, SY365, SY375, SY395, SY415, och SY485.<\/p>\n<p>V\u00e5ra Sany sv\u00e4nglager f\u00f6r gr\u00e4vmaskiner \u00e4r konstruerade f\u00f6r att ge optimal prestanda och h\u00e5llbarhet \u00e4ven under de tuffaste arbetsf\u00f6rh\u00e5llandena. De \u00e4r tillverkade av h\u00f6gkvalitativa material, inklusive smidd st\u00e5l och specialiserat lagerst\u00e5l, och har avancerade tillverkningsprocesser som s\u00e4kerst\u00e4ller att de \u00e4r exakta, p\u00e5litliga och l\u00e5ngvariga.<\/p>\n<p>En av de viktigaste f\u00f6rdelarna med v\u00e5ra Sany sv\u00e4ngkransar f\u00f6r gr\u00e4vmaskiner \u00e4r deras f\u00f6rm\u00e5ga att motst\u00e5 tunga belastningar och extrema driftsf\u00f6rh\u00e5llanden. De \u00e4r konstruerade f\u00f6r att klara b\u00e5de axiella och radiella belastningar samt h\u00f6ga niv\u00e5er av st\u00f6tar och vibrationer, vilket g\u00f6r dem idealiska f\u00f6r anv\u00e4ndning i kr\u00e4vande applikationer som gruvdrift, anl\u00e4ggning och skogsbruk.<\/p>\n<p>F\u00f6rutom sin styrka och h\u00e5llbarhet \u00e4r v\u00e5ra Sany sv\u00e4nglager f\u00f6r gr\u00e4vmaskiner ocks\u00e5 konstruerade f\u00f6r enkel installation och underh\u00e5ll. De \u00e4r utformade f\u00f6r att vara l\u00e4tta att montera och byta ut, och kr\u00e4ver minimalt underh\u00e5ll f\u00f6r att s\u00e4kerst\u00e4lla optimal prestanda och livsl\u00e4ngd.P\u00e5 Sany \u00e4r vi fast beslutna att f\u00f6rse v\u00e5ra kunder med produkter och tj\u00e4nster av h\u00f6gsta kvalitet, och v\u00e5ra Sany sv\u00e4nglager f\u00f6r gr\u00e4vmaskiner \u00e4r inget undantag. Oavsett om du letar efter ett ers\u00e4ttningslager f\u00f6r en befintlig gr\u00e4vmaskin eller utrustar en ny maskin, kan v\u00e5rt team av experter hj\u00e4lpa dig att hitta den perfekta l\u00f6sningen f\u00f6r att uppfylla dina behov.<\/p>\n<p>Sammanfattningsvis \u00e4r Sany sv\u00e4nglager f\u00f6r gr\u00e4vmaskiner viktiga komponenter f\u00f6r alla gr\u00e4vmaskiner, och att v\u00e4lja r\u00e4tt kan g\u00f6ra en betydande skillnad f\u00f6r din maskins prestanda och livsl\u00e4ngd. Med v\u00e5rt sortiment av h\u00f6gkvalitativa lager som \u00e4r s\u00e4rskilt utformade f\u00f6r gr\u00e4vmaskiner kan du vara s\u00e4ker p\u00e5 att du f\u00e5r en tillf\u00f6rlitlig och h\u00e5llbar produkt som ger optimal prestanda och l\u00e5ng livsl\u00e4ngd \u00e4ven under de tuffaste f\u00f6rh\u00e5llanden.<br \/>\nVi kan erbjuda alternativa sv\u00e4ngringar f\u00f6r din , CAT,HITACHI, KOMATSU,KOBELCO, HYUNDAI, VOLVO, DOOSAN, DAEWOO, JCB,CASE, SUMITOMO, KATO, ,Det finns normala och icke-standard \u00f6ver 1000 hundratals typer f\u00f6r dig att v\u00e4lja.<\/p>\n<figure class=\"wp-block-image size-full is-resized\"><img decoding=\"async\" class=\"wp-image-177\" src=\"https:\/\/national-bearing.com\/wp-content\/uploads\/2023\/04\/0001.jpg\" sizes=\"(max-width: 843px) 100vw, 843px\" srcset=\"https:\/\/national-bearing.com\/wp-content\/uploads\/2023\/04\/0001.jpg 600w, https:\/\/national-bearing.com\/wp-content\/uploads\/2023\/04\/0001-300x200.jpg 300w\" alt=\"\" width=\"515\" height=\"343\" \/><\/figure>\n<p>&nbsp;<\/p>","protected":false},"excerpt":{"rendered":"<p>SANY sv\u00e4nglager<br \/>\nModel:SY485,SY415,SY395<br \/>\nSY365,SY375,SY335,SY310<\/p>","protected":false},"featured_media":136,"template":"","meta":[],"product_brand":[],"product_cat":[22,74],"product_tag":[],"class_list":{"0":"post-574","1":"product","2":"type-product","3":"status-publish","4":"has-post-thumbnail","6":"product_cat-swing-bearing","7":"product_cat-sany-excavator-swing-bearing","9":"first","10":"instock","11":"shipping-taxable","12":"product-type-simple"},"_links":{"self":[{"href":"https:\/\/swingbearing.net\/sv_se\/wp-json\/wp\/v2\/product\/574","targetHints":{"allow":["GET"]}}],"collection":[{"href":"https:\/\/swingbearing.net\/sv_se\/wp-json\/wp\/v2\/product"}],"about":[{"href":"https:\/\/swingbearing.net\/sv_se\/wp-json\/wp\/v2\/types\/product"}],"wp:featuredmedia":[{"embeddable":true,"href":"https:\/\/swingbearing.net\/sv_se\/wp-json\/wp\/v2\/media\/136"}],"wp:attachment":[{"href":"https:\/\/swingbearing.net\/sv_se\/wp-json\/wp\/v2\/media?parent=574"}],"wp:term":[{"taxonomy":"product_brand","embeddable":true,"href":"https:\/\/swingbearing.net\/sv_se\/wp-json\/wp\/v2\/product_brand?post=574"},{"taxonomy":"product_cat","embeddable":true,"href":"https:\/\/swingbearing.net\/sv_se\/wp-json\/wp\/v2\/product_cat?post=574"},{"taxonomy":"product_tag","embeddable":true,"href":"https:\/\/swingbearing.net\/sv_se\/wp-json\/wp\/v2\/product_tag?post=574"}],"curies":[{"name":"wp","href":"https:\/\/api.w.org\/{rel}","templated":true}]}}