{"id":573,"date":"2023-09-27T05:12:21","date_gmt":"2023-09-27T05:12:21","guid":{"rendered":"https:\/\/swingbearing.net\/?post_type=product&#038;p=573"},"modified":"2024-05-15T06:48:42","modified_gmt":"2024-05-15T06:48:42","slug":"swing-bearing-liebherr","status":"publish","type":"product","link":"https:\/\/swingbearing.net\/sv_se\/produkt\/svanglager-liebherr\/","title":{"rendered":"Sv\u00e4nglager LIEBHERR"},"content":{"rendered":"<h2 style=\"text-align: center;\">LIEBHERR Swing Lagerparametrar<\/h2>\n<figure class=\"wp-block-table is-style-stripes has-small-font-size\">\n<table class=\"has-cyan-bluish-gray-background-color has-background\">\n<tbody>\n<tr>\n<td>Modell<\/td>\n<td>Delnummer<\/td>\n<td>Yttre diameter<\/td>\n<td>Inv\u00e4ndig diameter<\/td>\n<td>Total h\u00f6jd<\/td>\n<td>Yttre h\u00f6jd<\/td>\n<td>Inre h\u00f6jd<\/td>\n<td>Parametrar f\u00f6r yttre h\u00e5l<\/td>\n<td>Parametrar f\u00f6r inre h\u00e5l<\/td>\n<td>Antal t\u00e4nder<\/td>\n<\/tr>\n<tr>\n<td>R922<\/td>\n<td>LE982706001<\/td>\n<td>1215<\/td>\n<td>940<\/td>\n<td>115<\/td>\n<td>72<\/td>\n<td>105<\/td>\n<td>48-\u03c622<\/td>\n<td>56-M20<\/td>\n<td>94<\/td>\n<\/tr>\n<tr>\n<td>924HDSL<\/td>\n<td>LE982751901<\/td>\n<td>1215<\/td>\n<td>940<\/td>\n<td>115<\/td>\n<td>72<\/td>\n<td>105<\/td>\n<td>48-\u042422<\/td>\n<td>56-M20-v\u00e4v<\/td>\n<td>94<\/td>\n<\/tr>\n<tr>\n<td>R924C<\/td>\n<td>982751901<\/td>\n<td>1215<\/td>\n<td>940<\/td>\n<td>115<\/td>\n<td>72<\/td>\n<td>105<\/td>\n<td>48-\u042422<\/td>\n<td>56-M20-v\u00e4v<\/td>\n<td>94<\/td>\n<\/tr>\n<tr>\n<td>R924C<\/td>\n<td>932833001<\/td>\n<td>1215<\/td>\n<td>940<\/td>\n<td>115<\/td>\n<td>72<\/td>\n<td>105<\/td>\n<td>48-\u042422<\/td>\n<td>56-M20-v\u00e4v<\/td>\n<td>94<\/td>\n<\/tr>\n<tr>\n<td>R924B<\/td>\n<td>982751901<\/td>\n<td>1215<\/td>\n<td>940<\/td>\n<td>115<\/td>\n<td>72<\/td>\n<td>105<\/td>\n<td>48-\u042422<\/td>\n<td>56-M20-v\u00e4v<\/td>\n<td>94<\/td>\n<\/tr>\n<tr>\n<td>R934<\/td>\n<td>933816501<\/td>\n<td>1355<\/td>\n<td>1012<\/td>\n<td>125<\/td>\n<td><\/td>\n<td><\/td>\n<td>40<\/td>\n<td>48<\/td>\n<td>92<\/td>\n<\/tr>\n<tr>\n<td>R934HD-S<\/td>\n<td>LE939500601<\/td>\n<td>1355<\/td>\n<td>1012<\/td>\n<td>125<\/td>\n<td>92<\/td>\n<td>113<\/td>\n<td>40-26 genomg\u00e5ende h\u00e5l<\/td>\n<td>48-M24<\/td>\n<td>92<\/td>\n<\/tr>\n<tr>\n<td>934<\/td>\n<td>982752401<\/td>\n<td>1355<\/td>\n<td>1012<\/td>\n<td>125<\/td>\n<td>92<\/td>\n<td>113<\/td>\n<td>40-26 genomg\u00e5ende h\u00e5l<\/td>\n<td>48-M24<\/td>\n<td>92<\/td>\n<\/tr>\n<tr>\n<td>R-944C<\/td>\n<td>933628601<\/td>\n<td>1365<\/td>\n<td>1008<\/td>\n<td>150<\/td>\n<td>112<\/td>\n<td>140<\/td>\n<td>60-\u042426<\/td>\n<td>72-M24-v\u00e4v<\/td>\n<td>84<\/td>\n<\/tr>\n<tr>\n<td>R944B<\/td>\n<td>933626601<\/td>\n<td>1365<\/td>\n<td>1008<\/td>\n<td>150<\/td>\n<td>112<\/td>\n<td>140<\/td>\n<td>60<\/td>\n<td>72<\/td>\n<td>84<\/td>\n<\/tr>\n<\/tbody>\n<\/table>\n<\/figure>\n<p>Liebherr-gr\u00e4vmaskiner \u00e4r k\u00e4nda f\u00f6r sin tillf\u00f6rlitlighet och h\u00e5llbarhet, vilket g\u00f6r dem till ett popul\u00e4rt val f\u00f6r bygg- och gruvindustrin. En av de viktigaste komponenterna som bidrar till maskinens prestanda \u00e4r gr\u00e4vmaskinens sv\u00e4nglager. Liebherr-gr\u00e4vmaskinernas sv\u00e4nglager \u00e4r konstruerade f\u00f6r att klara de tuffa krav som st\u00e4lls vid tunga arbeten i utmanande milj\u00f6er.<\/p>\n<p>Sv\u00e4nglager f\u00f6r gr\u00e4vmaskiner spelar en avg\u00f6rande roll i maskinens drift eftersom de st\u00f6der den \u00f6vre strukturens rotation. Utan ett h\u00f6gkvalitativt sv\u00e4nglager f\u00f6r en gr\u00e4vmaskin kan den \u00f6vre strukturen inte rotera smidigt, vilket p\u00e5verkar maskinens totala prestanda. Liebherr sv\u00e4nglager f\u00f6r gr\u00e4vmaskiner \u00e4r konstruerade f\u00f6r att ge h\u00f6g lastkapacitet, noggrannhet och l\u00e5ng livsl\u00e4ngd, vilket s\u00e4kerst\u00e4ller optimal maskinprestanda.<\/p>\n<p>Liebherr-gr\u00e4vmaskinens sv\u00e4nglager \u00e4r ocks\u00e5 k\u00e4nda som sv\u00e4ngringlager, gr\u00e4vmaskinens sv\u00e4ngringlager eller v\u00e4ndskivans lager. Dessa lager \u00e4r utformade med en l\u00f6pbana f\u00f6r att st\u00f6dja maskinens vikt, vilket g\u00f6r att den \u00f6vre strukturen enkelt kan rotera. Gr\u00e4vmaskinens sv\u00e4nglager \u00e4r tillverkat av h\u00f6gh\u00e5llfasta material, vilket s\u00e4kerst\u00e4ller att det t\u00e5l tunga belastningar, extrema temperaturer och tuffa f\u00f6rh\u00e5llanden.<\/p>\n<p>Liebherr erbjuder ett sortiment av sv\u00e4nglager f\u00f6r gr\u00e4vmaskiner som \u00e4r kompatibla med olika gr\u00e4vmaskinsmodeller. De modeller som f\u00f6r n\u00e4rvarande finns tillg\u00e4ngliga p\u00e5 marknaden \u00e4r R914, R924, R944, R934 och R944CLC. Dessa modeller \u00e4r konstruerade f\u00f6r att ge maximal h\u00e5llbarhet och prestanda, vilket s\u00e4kerst\u00e4ller att din maskin kan hantera alla jobb du kastar p\u00e5 den.<\/p>\n<p>F\u00f6rutom gr\u00e4vmaskinens sv\u00e4nglager tillhandah\u00e5ller Liebherr \u00e4ven<a href=\"https:\/\/swingbearing.net\/sv_se\/swing-bearing\/\"> sv\u00e4ngv\u00e4xel f\u00f6r gr\u00e4vmaskin<\/a> och gr\u00e4vmaskinens sv\u00e4ngv\u00e4xel. Dessa komponenter arbetar tillsammans f\u00f6r att s\u00e4kerst\u00e4lla en j\u00e4mn och effektiv rotation av maskinens \u00f6vre struktur, vilket g\u00f6r dem till viktiga delar av alla Liebherr-gr\u00e4vmaskiner.<br \/>\nSammanfattningsvis \u00e4r Liebherr ett namn som du kan lita p\u00e5 n\u00e4r det g\u00e4ller sv\u00e4nglager f\u00f6r gr\u00e4vmaskiner. Deras kvalitetssv\u00e4nglager f\u00f6r gr\u00e4vmaskiner \u00e4r konstruerade f\u00f6r att klara de tuffaste f\u00f6rh\u00e5llandena och ger h\u00f6g lastkapacitet, noggrannhet och l\u00e5ng livsl\u00e4ngd. Oavsett om du arbetar inom bygg- eller gruvindustrin \u00e4r Liebherr sv\u00e4nglager f\u00f6r gr\u00e4vmaskiner det perfekta valet f\u00f6r optimal maskinprestanda.<\/p>\n<p>Vi kan erbjuda alternativa Swing circle f\u00f6r din , CAT, HITACHI, KOMATSU, KOBELCO, HYUNDAI, VOLVO, DOOSAN, DAEWOO, JCB, CASE, SUMITOMO, KATO.There \u00e4r normal och icke-standard \u00f6ver 1000 hundratals typer f\u00f6r dig att v\u00e4lja.<\/p>\n<figure class=\"wp-block-image size-full is-resized\"><img decoding=\"async\" class=\"wp-image-177\" src=\"https:\/\/national-bearing.com\/wp-content\/uploads\/2023\/04\/0001.jpg\" sizes=\"(max-width: 843px) 100vw, 843px\" srcset=\"https:\/\/national-bearing.com\/wp-content\/uploads\/2023\/04\/0001.jpg 600w, https:\/\/national-bearing.com\/wp-content\/uploads\/2023\/04\/0001-300x200.jpg 300w\" alt=\"\" width=\"515\" height=\"343\" \/><\/figure>","protected":false},"excerpt":{"rendered":"<p>LIEBHERR Sv\u00e4nglager<br \/>\nModel:R944B,934,R-944C<br \/>\nR924B,R924C,924HDSL<\/p>","protected":false},"featured_media":136,"template":"","meta":[],"product_brand":[],"product_cat":[22,72],"product_tag":[],"class_list":{"0":"post-573","1":"product","2":"type-product","3":"status-publish","4":"has-post-thumbnail","6":"product_cat-swing-bearing","7":"product_cat-liebherr-excavator-swing-bearing","9":"first","10":"instock","11":"shipping-taxable","12":"product-type-simple"},"_links":{"self":[{"href":"https:\/\/swingbearing.net\/sv_se\/wp-json\/wp\/v2\/product\/573","targetHints":{"allow":["GET"]}}],"collection":[{"href":"https:\/\/swingbearing.net\/sv_se\/wp-json\/wp\/v2\/product"}],"about":[{"href":"https:\/\/swingbearing.net\/sv_se\/wp-json\/wp\/v2\/types\/product"}],"wp:featuredmedia":[{"embeddable":true,"href":"https:\/\/swingbearing.net\/sv_se\/wp-json\/wp\/v2\/media\/136"}],"wp:attachment":[{"href":"https:\/\/swingbearing.net\/sv_se\/wp-json\/wp\/v2\/media?parent=573"}],"wp:term":[{"taxonomy":"product_brand","embeddable":true,"href":"https:\/\/swingbearing.net\/sv_se\/wp-json\/wp\/v2\/product_brand?post=573"},{"taxonomy":"product_cat","embeddable":true,"href":"https:\/\/swingbearing.net\/sv_se\/wp-json\/wp\/v2\/product_cat?post=573"},{"taxonomy":"product_tag","embeddable":true,"href":"https:\/\/swingbearing.net\/sv_se\/wp-json\/wp\/v2\/product_tag?post=573"}],"curies":[{"name":"wp","href":"https:\/\/api.w.org\/{rel}","templated":true}]}}