{"id":572,"date":"2023-09-27T05:08:54","date_gmt":"2023-09-27T05:08:54","guid":{"rendered":"https:\/\/swingbearing.net\/?post_type=product&#038;p=572"},"modified":"2024-05-15T06:51:15","modified_gmt":"2024-05-15T06:51:15","slug":"swing-bearing-case","status":"publish","type":"product","link":"https:\/\/swingbearing.net\/sv_se\/produkt\/fall-med-svanglager\/","title":{"rendered":"Sv\u00e4nglager CASE"},"content":{"rendered":"<h2 style=\"text-align: center;\">Parametrar f\u00f6r CASE Swing-lager<\/h2>\n<figure class=\"wp-block-table is-style-stripes has-small-font-size\">\n<table class=\"has-cyan-bluish-gray-background-color has-background\">\n<tbody>\n<tr>\n<td style=\"text-align: right;\">Modell<\/td>\n<td style=\"text-align: right;\">Delnummer<\/td>\n<td style=\"text-align: right;\">Yttre diameter<\/td>\n<td style=\"text-align: right;\">Inv\u00e4ndig diameter<\/td>\n<td style=\"text-align: right;\">Total h\u00f6jd<\/td>\n<td style=\"text-align: right;\">Yttre h\u00f6jd<\/td>\n<td style=\"text-align: right;\">Inre h\u00f6jd<\/td>\n<td style=\"text-align: right;\">Parametrar f\u00f6r yttre h\u00e5l<\/td>\n<td style=\"text-align: right;\">Parametrar f\u00f6r inre h\u00e5l<\/td>\n<td style=\"text-align: right;\">Antal t\u00e4nder<\/td>\n<\/tr>\n<tr>\n<td>CX130<\/td>\n<td>KNB10130<\/td>\n<td>1172<\/td>\n<td>972<\/td>\n<td>88<\/td>\n<td>65<\/td>\n<td>78<\/td>\n<td>28<\/td>\n<td>36<\/td>\n<td>98<\/td>\n<\/tr>\n<tr>\n<td>CX130<\/td>\n<td>KNB 11840<\/td>\n<td>1172<\/td>\n<td>973<\/td>\n<td>88<\/td>\n<td>65<\/td>\n<td>78<\/td>\n<td>28<\/td>\n<td>36<\/td>\n<td>98<\/td>\n<\/tr>\n<tr>\n<td>CX210<\/td>\n<td>KRB1347<\/td>\n<td>1330<\/td>\n<td>1094<\/td>\n<td>103<\/td>\n<td>74<\/td>\n<td>92<\/td>\n<td>31<\/td>\n<td>36<\/td>\n<td>92<\/td>\n<\/tr>\n<tr>\n<td>CX210<\/td>\n<td>KRB1603<\/td>\n<td>1330<\/td>\n<td>1094<\/td>\n<td>103<\/td>\n<td>74<\/td>\n<td>92<\/td>\n<td>31<\/td>\n<td>36<\/td>\n<td>92<\/td>\n<\/tr>\n<tr>\n<td>CX210<\/td>\n<td>KRB10160<\/td>\n<td>1330<\/td>\n<td>1093<\/td>\n<td>102<\/td>\n<td>74<\/td>\n<td>92<\/td>\n<td>31-\u03c622<\/td>\n<td>36-M20<\/td>\n<td>92<\/td>\n<\/tr>\n<tr>\n<td>CX210B<\/td>\n<td>KRB10160<\/td>\n<td>1330<\/td>\n<td>1093<\/td>\n<td>102<\/td>\n<td>74<\/td>\n<td>92<\/td>\n<td>31-\u03c622<\/td>\n<td>36-M20<\/td>\n<td>92<\/td>\n<\/tr>\n<tr>\n<td>CX210<\/td>\n<td>KRB10180<\/td>\n<td>1330<\/td>\n<td>1093<\/td>\n<td>102<\/td>\n<td>74<\/td>\n<td>92<\/td>\n<td>31-\u03c622.5<\/td>\n<td>36-M20<\/td>\n<td>92<\/td>\n<\/tr>\n<tr>\n<td>CX210B<\/td>\n<td>KRB11710<\/td>\n<td>1330<\/td>\n<td>1093<\/td>\n<td>102<\/td>\n<td>74<\/td>\n<td>92<\/td>\n<td>31-\u03c622<\/td>\n<td>36-M20<\/td>\n<td>92<\/td>\n<\/tr>\n<tr>\n<td>CX210C<\/td>\n<td>KRB11710<\/td>\n<td>1330<\/td>\n<td>1093<\/td>\n<td>102<\/td>\n<td>74<\/td>\n<td>92<\/td>\n<td>31-\u03c622<\/td>\n<td>36-M20<\/td>\n<td>92<\/td>\n<\/tr>\n<tr>\n<td>CNH E215<\/td>\n<td>72203516<\/td>\n<td>1312<\/td>\n<td>1082<\/td>\n<td>110<\/td>\n<td>79<\/td>\n<td>98<\/td>\n<td>33<\/td>\n<td>36<\/td>\n<td>110<\/td>\n<\/tr>\n<tr>\n<td>CNH E215<\/td>\n<td>87472588<\/td>\n<td>1312<\/td>\n<td>1082<\/td>\n<td>110<\/td>\n<td>79<\/td>\n<td>98<\/td>\n<td>33<\/td>\n<td>36<\/td>\n<td>110<\/td>\n<\/tr>\n<tr>\n<td>CX240<\/td>\n<td>KBB0878<\/td>\n<td>1375<\/td>\n<td>1094<\/td>\n<td>124<\/td>\n<td>88<\/td>\n<td>114<\/td>\n<td>27-\u03a626<\/td>\n<td>36-M24<\/td>\n<td>92<\/td>\n<\/tr>\n<tr>\n<td>CX240<\/td>\n<td>KBB0282<\/td>\n<td>1375<\/td>\n<td>1094<\/td>\n<td>124<\/td>\n<td>80<\/td>\n<td>114<\/td>\n<td>26-\u03c626<\/td>\n<td>36-M24<\/td>\n<td>92<\/td>\n<\/tr>\n<tr>\n<td>CX240<\/td>\n<td>KBB 10080<\/td>\n<td>1376<\/td>\n<td>1093<\/td>\n<td>125<\/td>\n<td>88<\/td>\n<td>114<\/td>\n<td>27<\/td>\n<td>36<\/td>\n<td>92<\/td>\n<\/tr>\n<tr>\n<td>CX240B<\/td>\n<td>KBB11350<\/td>\n<td>1377<\/td>\n<td>1094<\/td>\n<td>124<\/td>\n<td>88<\/td>\n<td>114<\/td>\n<td>28-26<\/td>\n<td>36-M24<\/td>\n<td>92<\/td>\n<\/tr>\n<tr>\n<td>CX460<\/td>\n<td>KTB10010<\/td>\n<td>1615<\/td>\n<td>1275<\/td>\n<td>145<\/td>\n<td>125<\/td>\n<td>135<\/td>\n<td>41-\u03a626<\/td>\n<td>46-M24<\/td>\n<td>92<\/td>\n<\/tr>\n<tr>\n<td>CX290<\/td>\n<td>KBB10100<\/td>\n<td>1615<\/td>\n<td>1274<\/td>\n<td>122<\/td>\n<td>100<\/td>\n<td>110<\/td>\n<td>41<\/td>\n<td>46<\/td>\n<td>92<\/td>\n<\/tr>\n<\/tbody>\n<\/table>\n<\/figure>\n<p>Gr\u00e4vmaskiner \u00e4r tunga maskiner som anv\u00e4nds f\u00f6r att gr\u00e4va, flytta och lyfta tunga laster inom bygg-, gruv- och andra industrier. En viktig komponent i en gr\u00e4vmaskin \u00e4r dess sv\u00e4nglager, \u00e4ven k\u00e4nt som ett sv\u00e4nglager, som g\u00f6r att maskinen kan rotera 360 grader. Om du \u00e4r p\u00e5 jakt efter ett h\u00f6gkvalitativt sv\u00e4nglager till din CASE-gr\u00e4vmaskin \u00e4r v\u00e5rt urval av produkter helt r\u00e4tt f\u00f6r dig.<\/p>\n<p>V\u00e5rt sortiment av sv\u00e4nglager f\u00f6r CASE gr\u00e4vmaskiner omfattar f\u00f6ljande modeller: CX50B, CX55, CX210, CX210B, CX240A och CX240B. Dessa lager \u00e4r s\u00e4rskilt utformade f\u00f6r att passa din CASE-gr\u00e4vmaskin och ger j\u00e4mn och p\u00e5litlig rotation, \u00e4ven under tunga belastningar.<br \/>\nV\u00e5ra sv\u00e4nglager f\u00f6r gr\u00e4vmaskiner \u00e4r tillverkade av h\u00f6gkvalitativa material f\u00f6r att s\u00e4kerst\u00e4lla maximal h\u00e5llbarhet och prestanda. Komponenterna i vridplattans lager och sv\u00e4ngringens lager bearbetas med sn\u00e4va toleranser f\u00f6r att s\u00e4kerst\u00e4lla perfekt passform och smidig drift. Dessutom \u00e4r lagren konstruerade f\u00f6r att motst\u00e5 slitage, vilket g\u00f6r dem idealiska f\u00f6r tunga applikationer.<\/p>\n<p>F\u00f6rutom sin h\u00f6gkvalitativa konstruktion \u00e4r v\u00e5ra sv\u00e4nglager f\u00f6r CASE-gr\u00e4vmaskiner enkla att installera och underh\u00e5lla. De \u00e4r konstruerade f\u00f6r att ers\u00e4tta OEM-delar (Original Equipment Manufacturer) utan att n\u00e5gra modifieringar kr\u00e4vs, vilket g\u00f6r installationen till en barnlek. Vi erbjuder ocks\u00e5 en rad olika reservdelar f\u00f6r v\u00e5ra lager, s\u00e5 att du kan se till att din gr\u00e4vmaskin fungerar smidigt i m\u00e5nga \u00e5r fram\u00f6ver.<\/p>\n<p>V\u00e5ra sv\u00e4nglager f\u00f6r gr\u00e4vmaskiner \u00e4r en viktig komponent i sv\u00e4ngv\u00e4xelsystemet i din gr\u00e4vmaskin. Sv\u00e4ngv\u00e4xeln, som \u00e4r ansluten till sv\u00e4nglagret, g\u00f6r det m\u00f6jligt f\u00f6r gr\u00e4vmaskinen att rotera. Gr\u00e4vmaskinens sv\u00e4ngv\u00e4xel arbetar ocks\u00e5 tillsammans med sv\u00e4nglagret f\u00f6r att s\u00e4kerst\u00e4lla en smidig och effektiv drift.<br \/>\nSammanfattningsvis \u00e4r v\u00e5rt sortiment av sv\u00e4nglager f\u00f6r CASE-gr\u00e4vmaskiner ett utm\u00e4rkt val f\u00f6r alla som letar efter h\u00f6gkvalitativa, p\u00e5litliga och h\u00e5llbara delar till sin gr\u00e4vmaskin. V\u00e5rt urval av sv\u00e4nglager \u00e4r s\u00e4rskilt utformade f\u00f6r att passa din CASE-gr\u00e4vmaskin och ge smidig och effektiv drift, \u00e4ven under tunga belastningar. Kontakta oss idag om du vill veta mer om v\u00e5ra produkter och hur vi kan hj\u00e4lpa dig att h\u00e5lla din gr\u00e4vmaskin ig\u00e5ng p\u00e5 ett smidigt s\u00e4tt.<br \/>\nVi kan erbjuda alternativa sv\u00e4nglager f\u00f6r din , CAT,HITACHI, KOMATSU,KOBELCO, HYUNDAI, VOLVO, DOOSAN, DAEWOO, JCB,CASE, SUMITOMO, KATO, ,Det finns normala och icke-standard \u00f6ver 1000 hundra typer f\u00f6r dig att v\u00e4lja.<\/p>","protected":false},"excerpt":{"rendered":"<p>CASE sv\u00e4nglager<br \/>\nModel:CX290,CX460,CX240B<br \/>\nCNH E215,CX210C,CX210B<\/p>","protected":false},"featured_media":136,"template":"","meta":[],"product_brand":[],"product_cat":[22,71],"product_tag":[],"class_list":{"0":"post-572","1":"product","2":"type-product","3":"status-publish","4":"has-post-thumbnail","6":"product_cat-swing-bearing","7":"product_cat-case-excavator-swing-bearing","9":"first","10":"instock","11":"shipping-taxable","12":"product-type-simple"},"_links":{"self":[{"href":"https:\/\/swingbearing.net\/sv_se\/wp-json\/wp\/v2\/product\/572","targetHints":{"allow":["GET"]}}],"collection":[{"href":"https:\/\/swingbearing.net\/sv_se\/wp-json\/wp\/v2\/product"}],"about":[{"href":"https:\/\/swingbearing.net\/sv_se\/wp-json\/wp\/v2\/types\/product"}],"wp:featuredmedia":[{"embeddable":true,"href":"https:\/\/swingbearing.net\/sv_se\/wp-json\/wp\/v2\/media\/136"}],"wp:attachment":[{"href":"https:\/\/swingbearing.net\/sv_se\/wp-json\/wp\/v2\/media?parent=572"}],"wp:term":[{"taxonomy":"product_brand","embeddable":true,"href":"https:\/\/swingbearing.net\/sv_se\/wp-json\/wp\/v2\/product_brand?post=572"},{"taxonomy":"product_cat","embeddable":true,"href":"https:\/\/swingbearing.net\/sv_se\/wp-json\/wp\/v2\/product_cat?post=572"},{"taxonomy":"product_tag","embeddable":true,"href":"https:\/\/swingbearing.net\/sv_se\/wp-json\/wp\/v2\/product_tag?post=572"}],"curies":[{"name":"wp","href":"https:\/\/api.w.org\/{rel}","templated":true}]}}