{"id":571,"date":"2023-09-27T05:00:28","date_gmt":"2023-09-27T05:00:28","guid":{"rendered":"https:\/\/swingbearing.net\/?post_type=product&#038;p=571"},"modified":"2024-06-08T09:17:52","modified_gmt":"2024-06-08T09:17:52","slug":"swing-bearing-doosan","status":"publish","type":"product","link":"https:\/\/swingbearing.net\/sv_se\/produkt\/svanglager-doosan\/","title":{"rendered":"Sv\u00e4nglager DOOSAN"},"content":{"rendered":"<h2 style=\"text-align: center;\">Parametrar f\u00f6r lager f\u00f6r DOOSAN Swing<\/h2>\r\n<figure class=\"wp-block-table\" style=\"font-size: 12px;\">\r\n<table>\r\n<tbody>\r\n<tr>\r\n<td>Modell<\/td>\r\n<td>Delnummer<\/td>\r\n<td>Yttre diameter<\/td>\r\n<td>Inv\u00e4ndig diameter<\/td>\r\n<td>Total h\u00f6jd<\/td>\r\n<td>Yttre h\u00f6jd<\/td>\r\n<td>Inre h\u00f6jd<\/td>\r\n<td>Parametrar f\u00f6r yttre h\u00e5l<\/td>\r\n<td>Parametrar f\u00f6r inre h\u00e5l<\/td>\r\n<td>Antal t\u00e4nder<\/td>\r\n<\/tr>\r\n<tr>\r\n<td>S140LC-V<\/td>\r\n<td>109-00165<\/td>\r\n<td>1202<\/td>\r\n<td>945<\/td>\r\n<td>84<\/td>\r\n<td>75<\/td>\r\n<td>70<\/td>\r\n<td>36-\u042422<\/td>\r\n<td>36-M20<\/td>\r\n<td>80<\/td>\r\n<\/tr>\r\n<tr>\r\n<td>DX225<\/td>\r\n<td>109-00162<\/td>\r\n<td>1327<\/td>\r\n<td>1082<\/td>\r\n<td>110<\/td>\r\n<td>90<\/td>\r\n<td>95<\/td>\r\n<td>36<\/td>\r\n<td>36<\/td>\r\n<td>92<\/td>\r\n<\/tr>\r\n<tr>\r\n<td>DX225<\/td>\r\n<td>109-00162A<\/td>\r\n<td>1327<\/td>\r\n<td>1082<\/td>\r\n<td>110<\/td>\r\n<td>90<\/td>\r\n<td>95<\/td>\r\n<td>36-\u03c621<\/td>\r\n<td>36-M20*1.5<\/td>\r\n<td>92<\/td>\r\n<\/tr>\r\n<tr>\r\n<td>DX225LC<\/td>\r\n<td>109-00162<\/td>\r\n<td>1327<\/td>\r\n<td>1082<\/td>\r\n<td>110<\/td>\r\n<td>90<\/td>\r\n<td>95<\/td>\r\n<td>36-\u03c621<\/td>\r\n<td>36-M20*1.5<\/td>\r\n<td>92<\/td>\r\n<\/tr>\r\n<tr>\r\n<td>DX225LCA<\/td>\r\n<td>109-00162A<\/td>\r\n<td>1327<\/td>\r\n<td>1082<\/td>\r\n<td>110<\/td>\r\n<td>90<\/td>\r\n<td>95<\/td>\r\n<td>36-\u03c621<\/td>\r\n<td>36-M20*1.5<\/td>\r\n<td>92<\/td>\r\n<\/tr>\r\n<tr>\r\n<td>DX225LCA<\/td>\r\n<td>140109-00048A<\/td>\r\n<td>1327<\/td>\r\n<td>1082<\/td>\r\n<td>110<\/td>\r\n<td>90<\/td>\r\n<td>95<\/td>\r\n<td>36-\u03c621<\/td>\r\n<td>36-M20*1.5<\/td>\r\n<td>92<\/td>\r\n<\/tr>\r\n<tr>\r\n<td>S225NLC<\/td>\r\n<td>140109-00045<\/td>\r\n<td>1327<\/td>\r\n<td>1082<\/td>\r\n<td>110<\/td>\r\n<td>90<\/td>\r\n<td>95<\/td>\r\n<td>36-\u03c621<\/td>\r\n<td>36-M20*1.5<\/td>\r\n<td>92<\/td>\r\n<\/tr>\r\n<tr>\r\n<td>SL220LC-V<\/td>\r\n<td>109-00052<\/td>\r\n<td>1328<\/td>\r\n<td>1084<\/td>\r\n<td>110<\/td>\r\n<td>91<\/td>\r\n<td>95<\/td>\r\n<td>36-\u03c621<\/td>\r\n<td>36-M20*1.5<\/td>\r\n<td>92<\/td>\r\n<\/tr>\r\n<tr>\r\n<td>225NLC-V<\/td>\r\n<td>109-00052B<\/td>\r\n<td>1328<\/td>\r\n<td>1084<\/td>\r\n<td>110<\/td>\r\n<td>91<\/td>\r\n<td>95<\/td>\r\n<td>36-\u03c621<\/td>\r\n<td>36-M20*1.5<\/td>\r\n<td>92<\/td>\r\n<\/tr>\r\n<tr>\r\n<td>225NLC-V<\/td>\r\n<td>140109-00045<\/td>\r\n<td>1328<\/td>\r\n<td>1084<\/td>\r\n<td>110<\/td>\r\n<td>91<\/td>\r\n<td>95<\/td>\r\n<td>36-\u03c621<\/td>\r\n<td>36-M20*1.5<\/td>\r\n<td>92<\/td>\r\n<\/tr>\r\n<tr>\r\n<td>255LC-V<\/td>\r\n<td>109-00030B<\/td>\r\n<td>1410<\/td>\r\n<td>1131<\/td>\r\n<td>117<\/td>\r\n<td>89<\/td>\r\n<td>105<\/td>\r\n<td>35-\u03c625<\/td>\r\n<td>36-M24*2<\/td>\r\n<td>82<\/td>\r\n<\/tr>\r\n<tr>\r\n<td>255LC-V<\/td>\r\n<td>180-00297D3<\/td>\r\n<td>1410<\/td>\r\n<td>1131<\/td>\r\n<td>117<\/td>\r\n<td>89<\/td>\r\n<td>105<\/td>\r\n<td>35-\u03c625<\/td>\r\n<td>36-M24*2<\/td>\r\n<td>82<\/td>\r\n<\/tr>\r\n<tr>\r\n<td>255lc-v<\/td>\r\n<td>140109-00042<\/td>\r\n<td>1410<\/td>\r\n<td>1131<\/td>\r\n<td>117<\/td>\r\n<td>89<\/td>\r\n<td>105<\/td>\r\n<td>35-\u03c625<\/td>\r\n<td>36-M24*2<\/td>\r\n<td>82<\/td>\r\n<\/tr>\r\n<tr>\r\n<td>255lc-v<\/td>\r\n<td>140109-00043<\/td>\r\n<td>1410<\/td>\r\n<td>1131<\/td>\r\n<td>117<\/td>\r\n<td>89<\/td>\r\n<td>105<\/td>\r\n<td>35-\u03c625<\/td>\r\n<td>36-M24*2<\/td>\r\n<td>82<\/td>\r\n<\/tr>\r\n<tr>\r\n<td>Dx300LCA<\/td>\r\n<td>140109-00010A<\/td>\r\n<td>1475<\/td>\r\n<td>1165<\/td>\r\n<td>120<\/td>\r\n<td>90<\/td>\r\n<td>110<\/td>\r\n<td>35<\/td>\r\n<td>36<\/td>\r\n<td>85<\/td>\r\n<\/tr>\r\n<tr>\r\n<td>S340<\/td>\r\n<td>140109-00038<\/td>\r\n<td>1544<\/td>\r\n<td>1235<\/td>\r\n<td>122<\/td>\r\n<td>87<\/td>\r\n<td>110<\/td>\r\n<td>35-\u03c626<\/td>\r\n<td>40-M24<\/td>\r\n<td>90<\/td>\r\n<\/tr>\r\n<tr>\r\n<td>S340LC-V<\/td>\r\n<td>140109-00038<\/td>\r\n<td>1544<\/td>\r\n<td>1235<\/td>\r\n<td>122<\/td>\r\n<td>87<\/td>\r\n<td>110<\/td>\r\n<td>35-\u03c626<\/td>\r\n<td>40-M24<\/td>\r\n<td>90<\/td>\r\n<\/tr>\r\n<tr>\r\n<td>S340LC-V<\/td>\r\n<td>2109-1059a<\/td>\r\n<td>1544<\/td>\r\n<td>1235<\/td>\r\n<td>122<\/td>\r\n<td>87<\/td>\r\n<td>110<\/td>\r\n<td>35-\u03c626<\/td>\r\n<td>40-M24<\/td>\r\n<td>90<\/td>\r\n<\/tr>\r\n<tr>\r\n<td>DOOSAN 420<\/td>\r\n<td>140109-00039<\/td>\r\n<td>1549<\/td>\r\n<td>1235<\/td>\r\n<td>134<\/td>\r\n<td>103<\/td>\r\n<td>120<\/td>\r\n<td>35-\u03c626<\/td>\r\n<td>40-M24<\/td>\r\n<td>90<\/td>\r\n<\/tr>\r\n<tr>\r\n<td>S420LC-V<\/td>\r\n<td>109-00161<\/td>\r\n<td>1550<\/td>\r\n<td>1235<\/td>\r\n<td>135<\/td>\r\n<td>102<\/td>\r\n<td>120<\/td>\r\n<td>35-\u03c626<\/td>\r\n<td>40-M24<\/td>\r\n<td>90<\/td>\r\n<\/tr>\r\n<tr>\r\n<td>DX420LC<\/td>\r\n<td>140109-00007A<\/td>\r\n<td>1550<\/td>\r\n<td>1236<\/td>\r\n<td>132<\/td>\r\n<td>103<\/td>\r\n<td>120<\/td>\r\n<td>35<\/td>\r\n<td>40<\/td>\r\n<td>90<\/td>\r\n<\/tr>\r\n<tr>\r\n<td>470<\/td>\r\n<td>109-00159<\/td>\r\n<td>1682<\/td>\r\n<td>1320<\/td>\r\n<td>139<\/td>\r\n<td>118<\/td>\r\n<td>111<\/td>\r\n<td>44<\/td>\r\n<td>44<\/td>\r\n<td>111<\/td>\r\n<\/tr>\r\n<\/tbody>\r\n<\/table>\r\n<\/figure>\r\n<h2 class=\"wp-block-heading\">F\u00f6rst\u00e5else f\u00f6r gr\u00e4vmaskinens sv\u00e4nglager<\/h2>\r\nGr\u00e4vmaskiner \u00e4r tunga maskiner som anv\u00e4nds i stor utstr\u00e4ckning inom bygg-, gruv- och andra industrier f\u00f6r jordf\u00f6rflyttning och gr\u00e4vning. Dessa maskiner best\u00e5r av olika komponenter, inklusive gr\u00e4vmaskinens sv\u00e4nglager, som spelar en viktig roll f\u00f6r att gr\u00e4vmaskinen ska fungera smidigt. Sv\u00e4nglagret eller vridbordslagret \u00e4r en viktig komponent som hj\u00e4lper till att rotera gr\u00e4vmaskinens \u00f6vre struktur. Om du letar efter h\u00f6gkvalitativa sv\u00e4nglager till din gr\u00e4vmaskin \u00e4r DOOSAN och DAEWOOs sv\u00e4nglager f\u00f6r gr\u00e4vmaskiner det perfekta valet f\u00f6r dig.\r\n\r\nDOOSAN-gr\u00e4vmaskinens sv\u00e4nglager och DAEWOO-gr\u00e4vmaskinens sv\u00e4nglager \u00e4r p\u00e5litliga och h\u00e5llbara komponenter som t\u00e5l tunga belastningar, extrema temperaturer och tuffa milj\u00f6er. De \u00e4r tillverkade av h\u00f6gkvalitativa material, vilket s\u00e4kerst\u00e4ller deras livsl\u00e4ngd och \u00f6verl\u00e4gsna prestanda. Dessa sv\u00e4nglager \u00e4r utformade f\u00f6r att minska friktion och slitage, vilket s\u00e4kerst\u00e4ller smidig och j\u00e4mn drift \u00e4ven under tunga belastningar.\r\n\r\nEn av de anm\u00e4rkningsv\u00e4rda egenskaperna hos DOOSAN och DAEWOO gr\u00e4vmaskinssv\u00e4ngringar \u00e4r deras kompatibilitet med ett brett utbud av gr\u00e4vmaskinsmodeller, s\u00e5som DH35 DH55 DH60 DH55 DH60 DH80 DH80-7 DH80GOLD DH150 DH200 DH220-3-5 DH280-5 DX60-DX200-DX225 DX260 DH290 DH360 DH420 DH500 DH55-5 DH60\/DX60 DH80\/DH80GLD DH130-5 DH150-7 DX150 DH220-3 DH215-7 DH215-9E DH220-5 DH220-7 DH215-9 DH225-7\/9 DX225-7 DH250-5 DX255-5 DH258-7 DH280 DH290 DH300-5 DH300 DH300-7 DX300-9 DH360-5\/7 DH400-5 DH370-7 DH370-9 DH420 DH450-3 DH500 DH550, och m\u00e5nga fler. Dessa sv\u00e4nglager finns i olika storlekar och konfigurationer f\u00f6r att passa de specifika kraven p\u00e5 din gr\u00e4vmaskin.\r\n<h2 class=\"wp-block-heading\">Sv\u00e4nglagrens betydelse i gr\u00e4vmaskiner<\/h2>\r\nSv\u00e4ngkranslagret eller gr\u00e4vmaskinens sv\u00e4ngkranslager \u00e4r en viktig komponent som st\u00f6der gr\u00e4vmaskinens \u00f6vre struktur. Det g\u00f6r att gr\u00e4vmaskinen kan rotera smidigt och kontinuerligt, vilket g\u00f6r att den enkelt kan utf\u00f6ra olika gr\u00e4vningsuppgifter. Utan ett tillf\u00f6rlitligt sv\u00e4nglager kan gr\u00e4vmaskinens prestanda och effektivitet p\u00e5verkas allvarligt, vilket kan leda till kostsamma driftstopp och reparationer.\r\n\r\nOm du letar efter sv\u00e4nglager f\u00f6r gr\u00e4vmaskinsdelar som erbjuder \u00f6verl\u00e4gsen prestanda och h\u00e5llbarhet, \u00e4r DOOSAN och DAEWOO sv\u00e4ngringar f\u00f6r gr\u00e4vmaskiner det perfekta valet f\u00f6r dig. Dessa sv\u00e4nglager \u00e4r konstruerade f\u00f6r att leverera konsekvent och tillf\u00f6rlitlig prestanda, \u00e4ven under de mest kr\u00e4vande f\u00f6rh\u00e5llandena. De \u00e4r l\u00e4tta att installera och underh\u00e5lla, vilket s\u00e4kerst\u00e4ller problemfri drift och minskade underh\u00e5llskostnader.\r\n<h3 class=\"wp-block-heading\">Vanliga problem med gunglager<\/h3>\r\n<h3 class=\"wp-block-heading\"><!-- \/wp:post-content --><!-- wp:paragraph --><\/h3>\r\nVanliga fr\u00e5gor inkluderar:\r\n<h3 class=\"wp-block-heading\"><!-- \/wp:paragraph --><!-- wp:list --><\/h3>\r\n<ul><!-- wp:list-item -->\r\n \t<li>Slitage och f\u00f6rslitning: Orsakas av kontinuerlig drift och tunga belastningar.<\/li>\r\n<!-- \/wp:list-item --><!-- wp:list-item -->\r\n \t<li>F\u00f6roreningar: Smuts, vatten och skr\u00e4p som tr\u00e4nger in i lagret.<\/li>\r\n<!-- \/wp:list-item --><!-- wp:list-item -->\r\n \t<li>Korrosion: P\u00e5 grund av fukt och tuffa f\u00f6rh\u00e5llanden.<\/li>\r\n<!-- \/wp:list-item --><!-- wp:list-item -->\r\n \t<li>Felaktig inriktning: Beror p\u00e5 felaktig installation eller strukturella problem.<\/li>\r\n<!-- \/wp:list-item --><\/ul>\r\n<h3 class=\"wp-block-heading\"><!-- \/wp:list --><!-- wp:heading --><\/h3>\r\n<h2 class=\"wp-block-heading\">Slutsats<\/h2>\r\n<h3 class=\"wp-block-heading\"><!-- \/wp:heading --><!-- wp:paragraph --><\/h3>\r\nSv\u00e4nglager f\u00f6r gr\u00e4vmaskiner \u00e4r avg\u00f6rande f\u00f6r gr\u00e4vmaskinernas funktion och effektivitet. Att f\u00f6rst\u00e5 deras struktur, typer, betydelse, underh\u00e5ll och vanliga problem \u00e4r avg\u00f6rande f\u00f6r optimal prestanda. Korrekt underh\u00e5ll och probleml\u00f6sning i r\u00e4tt tid kan f\u00f6rl\u00e4nga lagrens livsl\u00e4ngd och tillf\u00f6rlitlighet, vilket \u00f6kar produktiviteten.","protected":false},"excerpt":{"rendered":"<p>DOOSAN sv\u00e4nglager<br \/>\nModel:DH550,DH500,DH450-3<br \/>\nDX420LC,Dx300LCA,,255LC-V<\/p>","protected":false},"featured_media":136,"template":"","meta":[],"product_brand":[],"product_cat":[22,69],"product_tag":[],"class_list":{"0":"post-571","1":"product","2":"type-product","3":"status-publish","4":"has-post-thumbnail","6":"product_cat-swing-bearing","7":"product_cat-doosan-excavator-swing-bearing","9":"first","10":"instock","11":"shipping-taxable","12":"product-type-simple"},"_links":{"self":[{"href":"https:\/\/swingbearing.net\/sv_se\/wp-json\/wp\/v2\/product\/571","targetHints":{"allow":["GET"]}}],"collection":[{"href":"https:\/\/swingbearing.net\/sv_se\/wp-json\/wp\/v2\/product"}],"about":[{"href":"https:\/\/swingbearing.net\/sv_se\/wp-json\/wp\/v2\/types\/product"}],"wp:featuredmedia":[{"embeddable":true,"href":"https:\/\/swingbearing.net\/sv_se\/wp-json\/wp\/v2\/media\/136"}],"wp:attachment":[{"href":"https:\/\/swingbearing.net\/sv_se\/wp-json\/wp\/v2\/media?parent=571"}],"wp:term":[{"taxonomy":"product_brand","embeddable":true,"href":"https:\/\/swingbearing.net\/sv_se\/wp-json\/wp\/v2\/product_brand?post=571"},{"taxonomy":"product_cat","embeddable":true,"href":"https:\/\/swingbearing.net\/sv_se\/wp-json\/wp\/v2\/product_cat?post=571"},{"taxonomy":"product_tag","embeddable":true,"href":"https:\/\/swingbearing.net\/sv_se\/wp-json\/wp\/v2\/product_tag?post=571"}],"curies":[{"name":"wp","href":"https:\/\/api.w.org\/{rel}","templated":true}]}}