{"id":568,"date":"2023-09-27T04:20:00","date_gmt":"2023-09-27T04:20:00","guid":{"rendered":"https:\/\/swingbearing.net\/?post_type=product&#038;p=568"},"modified":"2024-05-15T06:54:01","modified_gmt":"2024-05-15T06:54:01","slug":"swing-bearing-volvo","status":"publish","type":"product","link":"https:\/\/swingbearing.net\/sv_se\/produkt\/svanglager-volvo\/","title":{"rendered":"Sv\u00e4nglager VOLVO"},"content":{"rendered":"<h2 style=\"text-align: center;\">VOLVO Sv\u00e4nglager Parametrar<\/h2>\n<figure class=\"wp-block-table is-style-stripes has-small-font-size\">\n<table class=\"has-cyan-bluish-gray-background-color has-background\">\n<tbody>\n<tr>\n<td>Modell<\/td>\n<td>Delnummer<\/td>\n<td>Yttre diameter<\/td>\n<td>Inv\u00e4ndig diameter<\/td>\n<td>Total h\u00f6jd<\/td>\n<td>Yttre h\u00f6jd<\/td>\n<td>Inre h\u00f6jd<\/td>\n<td>Parametrar f\u00f6r yttre h\u00e5l<\/td>\n<td>Parametrar f\u00f6r inre h\u00e5l<\/td>\n<td>Antal t\u00e4nder<\/td>\n<\/tr>\n<tr>\n<td>EC140B<\/td>\n<td>VOE14520561<\/td>\n<td>1196<\/td>\n<td>963<\/td>\n<td>90<\/td>\n<td>79<\/td>\n<td>80<\/td>\n<td>36-\u042419<\/td>\n<td>36-M16*1.5<\/td>\n<td>98<\/td>\n<\/tr>\n<tr>\n<td>EC210<\/td>\n<td>SA1155-00061<\/td>\n<td>1328<\/td>\n<td>1080<\/td>\n<td>110<\/td>\n<td>90<\/td>\n<td>90<\/td>\n<td>33-\u042422<\/td>\n<td>36-M20<\/td>\n<td>92<\/td>\n<\/tr>\n<tr>\n<td>EC210BLC<\/td>\n<td>14563341<\/td>\n<td>1327<\/td>\n<td>1082<\/td>\n<td>110<\/td>\n<td>90<\/td>\n<td>90<\/td>\n<td>34-\u03c622<\/td>\n<td>36-M20<\/td>\n<td>92<\/td>\n<\/tr>\n<tr>\n<td>EC210BLC<\/td>\n<td>14563342<\/td>\n<td>1327<\/td>\n<td>1082<\/td>\n<td>110<\/td>\n<td>90<\/td>\n<td>90<\/td>\n<td>34-\u03c622<\/td>\n<td>36-M20<\/td>\n<td>92<\/td>\n<\/tr>\n<tr>\n<td>EC210 2005<\/td>\n<td>EC210V13948<\/td>\n<td>1327<\/td>\n<td>1080<\/td>\n<td>110<\/td>\n<td>90<\/td>\n<td>90<\/td>\n<td>34-\u042421.5<\/td>\n<td>36-M20<\/td>\n<td>92<\/td>\n<\/tr>\n<tr>\n<td>EC210B<\/td>\n<td>14563327<\/td>\n<td>1328<\/td>\n<td>1080<\/td>\n<td>110<\/td>\n<td>90<\/td>\n<td>90<\/td>\n<td>34-\u042421.5<\/td>\n<td>36-M20<\/td>\n<td>92<\/td>\n<\/tr>\n<tr>\n<td>EC210B<\/td>\n<td>14505766<\/td>\n<td>1328<\/td>\n<td>1080<\/td>\n<td>110<\/td>\n<td>90<\/td>\n<td>90<\/td>\n<td>34-\u03c622<\/td>\n<td>36-M20<\/td>\n<td>92<\/td>\n<\/tr>\n<tr>\n<td>EC210BLC<\/td>\n<td>14577178<\/td>\n<td>1328<\/td>\n<td>1080<\/td>\n<td>110<\/td>\n<td>90<\/td>\n<td>90<\/td>\n<td>34-\u03c622<\/td>\n<td>36-M20<\/td>\n<td>92<\/td>\n<\/tr>\n<tr>\n<td>EC210BNC<\/td>\n<td>14530323<\/td>\n<td>1328<\/td>\n<td>1080<\/td>\n<td>110<\/td>\n<td>90<\/td>\n<td>90<\/td>\n<td>34-\u03c622<\/td>\n<td>36-M20<\/td>\n<td>92<\/td>\n<\/tr>\n<tr>\n<td>EC210LC<\/td>\n<td>1155-00061<\/td>\n<td>1328<\/td>\n<td>1080<\/td>\n<td>110<\/td>\n<td>90<\/td>\n<td>90<\/td>\n<td>33-\u03c622<\/td>\n<td>36-M20<\/td>\n<td>92<\/td>\n<\/tr>\n<tr>\n<td>EC210LC<\/td>\n<td>14563328<\/td>\n<td>1326<\/td>\n<td>1083<\/td>\n<td>108<\/td>\n<td>90<\/td>\n<td>90<\/td>\n<td>34<\/td>\n<td>36<\/td>\n<td>92<\/td>\n<\/tr>\n<tr>\n<td>EC240BLC<\/td>\n<td>14563334<\/td>\n<td>1462<\/td>\n<td>1162<\/td>\n<td>120<\/td>\n<td>95<\/td>\n<td>105<\/td>\n<td>33<\/td>\n<td>36<\/td>\n<td>85<\/td>\n<\/tr>\n<tr>\n<td>EC240BLC<\/td>\n<td>SA1155-00040<\/td>\n<td>1462<\/td>\n<td>1162<\/td>\n<td>120<\/td>\n<td>95<\/td>\n<td>105<\/td>\n<td>33<\/td>\n<td>36<\/td>\n<td>85<\/td>\n<\/tr>\n<tr>\n<td>EC240BNLC<\/td>\n<td>14520572<\/td>\n<td>1462<\/td>\n<td>1162<\/td>\n<td>120<\/td>\n<td>95<\/td>\n<td>105<\/td>\n<td>33<\/td>\n<td>36<\/td>\n<td>85<\/td>\n<\/tr>\n<tr>\n<td>EC290<\/td>\n<td>14570794<\/td>\n<td>1532<\/td>\n<td>1235<\/td>\n<td>123<\/td>\n<td>90<\/td>\n<td>113<\/td>\n<td>35-\u042426<\/td>\n<td>40-M24<\/td>\n<td>90<\/td>\n<\/tr>\n<tr>\n<td>EC290BLC<\/td>\n<td>14563335<\/td>\n<td>1533<\/td>\n<td>1235<\/td>\n<td>122<\/td>\n<td>90<\/td>\n<td>110<\/td>\n<td>35-\u03c626<\/td>\n<td>40-M24<\/td>\n<td>90<\/td>\n<\/tr>\n<tr>\n<td>EC290B<\/td>\n<td>14563335<\/td>\n<td>1532<\/td>\n<td>1235<\/td>\n<td>122<\/td>\n<td>90<\/td>\n<td>110<\/td>\n<td>35-\u03c626<\/td>\n<td>40-M24<\/td>\n<td>90<\/td>\n<\/tr>\n<tr>\n<td>EC290B<\/td>\n<td>14520573<\/td>\n<td>1532<\/td>\n<td>1235<\/td>\n<td>122<\/td>\n<td>90<\/td>\n<td>110<\/td>\n<td>35-\u03c626<\/td>\n<td>40-M24<\/td>\n<td>90<\/td>\n<\/tr>\n<tr>\n<td>EX300-3C<\/td>\n<td>9112188<\/td>\n<td>1531<\/td>\n<td>1248<\/td>\n<td>117<\/td>\n<td>83<\/td>\n<td>105<\/td>\n<td>32-\u03c626<\/td>\n<td>36-M24*2<\/td>\n<td>91<\/td>\n<\/tr>\n<tr>\n<td>EC360BLC<\/td>\n<td>14563350<\/td>\n<td>1550<\/td>\n<td>1239<\/td>\n<td>150<\/td>\n<td>110<\/td>\n<td>136<\/td>\n<td>35<\/td>\n<td>40<\/td>\n<td>90<\/td>\n<\/tr>\n<tr>\n<td>EC460BLC<\/td>\n<td>14507709<\/td>\n<td>1778<\/td>\n<td>1393<\/td>\n<td>120<\/td>\n<td>110<\/td>\n<td>110<\/td>\n<td>40-\u042433<\/td>\n<td>40-M30<\/td>\n<td>112<\/td>\n<\/tr>\n<tr>\n<td>EC480DL<\/td>\n<td>14559204<\/td>\n<td>1778<\/td>\n<td>1393<\/td>\n<td>120<\/td>\n<td>110<\/td>\n<td>110<\/td>\n<td>40\/33<\/td>\n<td>40\/M30<\/td>\n<td>112<\/td>\n<\/tr>\n<tr>\n<td>EC700BLC<\/td>\n<td>14559205<\/td>\n<td>1815<\/td>\n<td>1375<\/td>\n<td>205<\/td>\n<td>148<\/td>\n<td>180<\/td>\n<td>48<\/td>\n<td>60<\/td>\n<td>100<\/td>\n<\/tr>\n<\/tbody>\n<\/table>\n<\/figure>\n<p>Volvo \u00e4r ett v\u00e4lk\u00e4nt namn inom anl\u00e4ggningsmaskinbranschen och erbjuder h\u00f6gkvalitativa och tillf\u00f6rlitliga maskiner f\u00f6r olika till\u00e4mpningar. Bland Volvos omfattande produktsortiment \u00e4r gr\u00e4vmaskiner ett popul\u00e4rt val bland entrepren\u00f6rer och byggf\u00f6retag p\u00e5 grund av deras prestanda och h\u00e5llbarhet. Volvos sv\u00e4nglagerprodukter f\u00f6r gr\u00e4vmaskiner \u00e4r en viktig komponent i dessa maskiner och s\u00e4kerst\u00e4ller att de fungerar smidigt och effektivt.<\/p>\n<p>Sv\u00e4nglager f\u00f6r gr\u00e4vmaskiner, \u00e4ven k\u00e4nda som sv\u00e4nglager, vridplattlager eller sv\u00e4ngringlager, ansvarar f\u00f6r att ansluta de \u00f6vre och nedre delarna av en gr\u00e4vmaskin. De g\u00f6r att gr\u00e4vmaskinens \u00f6vre struktur kan rotera p\u00e5 dess nedre struktur, vilket ger 360-graders r\u00f6relse och flexibilitet. Denna r\u00f6relse \u00e4r avg\u00f6rande f\u00f6r gr\u00e4vmaskiner, s\u00e5 att de kan arbeta i tr\u00e5nga utrymmen, n\u00e5 sv\u00e5ra vinklar och utf\u00f6ra en m\u00e4ngd olika uppgifter.<\/p>\n<p>Volvos sv\u00e4nglager f\u00f6r gr\u00e4vmaskiner \u00e4r konstruerade f\u00f6r att klara tunga belastningar och extrema f\u00f6rh\u00e5llanden, vilket g\u00f6r dem l\u00e4mpliga f\u00f6r olika till\u00e4mpningar. De \u00e4r tillverkade av h\u00f6gkvalitativa material och genomg\u00e5r en rigor\u00f6s testprocess f\u00f6r att s\u00e4kerst\u00e4lla deras styrka och h\u00e5llbarhet. Volvos sv\u00e4nglager f\u00f6r gr\u00e4vmaskiner har ocks\u00e5 en kompakt design, vilket minskar maskinens totala vikt och f\u00f6rb\u00e4ttrar br\u00e4nsleeffektiviteten.<\/p>\n<p>Sv\u00e4ngringlager \u00e4r viktiga komponenter i gr\u00e4vmaskiner, och fel p\u00e5 dem kan orsaka betydande stillest\u00e5ndstid och dyra reparationer. Genom att anv\u00e4nda sv\u00e4nglager f\u00f6r Volvos gr\u00e4vmaskinsdelar kan entrepren\u00f6rer s\u00e4kerst\u00e4lla att deras gr\u00e4vmaskiner g\u00e5r smidigt, vilket minskar risken f\u00f6r driftstopp och minimerar underh\u00e5llskostnaderna. Volvos sv\u00e4nglager f\u00f6r gr\u00e4vmaskiner \u00e4r konstruerade f\u00f6r att h\u00e5lla l\u00e4nge och ger l\u00e5ngsiktig prestanda och tillf\u00f6rlitlighet.<\/p>\n<p>Volvo erbjuder ett brett sortiment av sv\u00e4nglager f\u00f6r gr\u00e4vmaskiner, l\u00e4mpliga f\u00f6r olika modeller och applikationer. Volvo EC55, EC60, EC140BP, EW145BP, EW160BB, EC210, EC240, EC290, EC360LC, EC380, EC460, EC480, EC700, EC210B, EC360 \u00e4r bara n\u00e5gra av de modeller som anv\u00e4nder Volvos sv\u00e4nglager f\u00f6r gr\u00e4vmaskiner.Sammanfattningsvis \u00e4r Volvos sv\u00e4nglagerprodukter f\u00f6r gr\u00e4vmaskiner en viktig komponent i Volvos gr\u00e4vmaskiner som ger den flexibilitet och man\u00f6vrerbarhet som kr\u00e4vs f\u00f6r olika anl\u00e4ggningsuppgifter. De \u00e4r konstruerade f\u00f6r att klara tunga belastningar och extrema f\u00f6rh\u00e5llanden, vilket s\u00e4kerst\u00e4ller maskinens l\u00e5ngsiktiga prestanda och tillf\u00f6rlitlighet. Genom att anv\u00e4nda Volvos sv\u00e4nglager f\u00f6r gr\u00e4vmaskiner kan entrepren\u00f6rer minimera stillest\u00e5ndstiden, minska underh\u00e5llskostnaderna och \u00f6ka produktiviteten.<\/p>\n<p>Vi kan erbjuda alternativa Swing circle f\u00f6r din , CAT, HITACHI, KOMATSU, KOBELCO, HYUNDAI, VOLVO, DOOSAN, DAEWOO, JCB, CASE, SUMITOMO, KATO.There \u00e4r normal och icke-standard \u00f6ver 1000 hundratals typer f\u00f6r dig att v\u00e4lja.<\/p>","protected":false},"excerpt":{"rendered":"<p>Volvo sv\u00e4nglager<br \/>\nModell:EC700BLC,EC480DL<br \/>\nEC460BLC,EC360BLC,EC290B<\/p>","protected":false},"featured_media":136,"template":"","meta":[],"product_brand":[],"product_cat":[22,68],"product_tag":[],"class_list":{"0":"post-568","1":"product","2":"type-product","3":"status-publish","4":"has-post-thumbnail","6":"product_cat-swing-bearing","7":"product_cat-volvo-excavator-swing-bearing","9":"first","10":"instock","11":"shipping-taxable","12":"product-type-simple"},"_links":{"self":[{"href":"https:\/\/swingbearing.net\/sv_se\/wp-json\/wp\/v2\/product\/568","targetHints":{"allow":["GET"]}}],"collection":[{"href":"https:\/\/swingbearing.net\/sv_se\/wp-json\/wp\/v2\/product"}],"about":[{"href":"https:\/\/swingbearing.net\/sv_se\/wp-json\/wp\/v2\/types\/product"}],"wp:featuredmedia":[{"embeddable":true,"href":"https:\/\/swingbearing.net\/sv_se\/wp-json\/wp\/v2\/media\/136"}],"wp:attachment":[{"href":"https:\/\/swingbearing.net\/sv_se\/wp-json\/wp\/v2\/media?parent=568"}],"wp:term":[{"taxonomy":"product_brand","embeddable":true,"href":"https:\/\/swingbearing.net\/sv_se\/wp-json\/wp\/v2\/product_brand?post=568"},{"taxonomy":"product_cat","embeddable":true,"href":"https:\/\/swingbearing.net\/sv_se\/wp-json\/wp\/v2\/product_cat?post=568"},{"taxonomy":"product_tag","embeddable":true,"href":"https:\/\/swingbearing.net\/sv_se\/wp-json\/wp\/v2\/product_tag?post=568"}],"curies":[{"name":"wp","href":"https:\/\/api.w.org\/{rel}","templated":true}]}}