{"id":4374,"date":"2024-06-27T13:12:18","date_gmt":"2024-06-27T13:12:18","guid":{"rendered":"https:\/\/swingbearing.net\/?post_type=product&#038;p=4374"},"modified":"2024-06-27T13:21:57","modified_gmt":"2024-06-27T13:21:57","slug":"hydraulic-pump-for-708-2g-00024-708-2g-00023-708-2g-00022-for-pc300lc-7-pc350-7-pc300-7","status":"publish","type":"product","link":"https:\/\/swingbearing.net\/sv_se\/produkt\/hydraulic-pump-for-708-2g-00024-708-2g-00023-708-2g-00022-for-pc300lc-7-pc350-7-pc300-7\/","title":{"rendered":"Hydraulisk pump f\u00f6r 708-2G-00024 708-2G-00023 708-2G-00022 f\u00f6r PC300LC-7 PC350-7 PC300-7"},"content":{"rendered":"<h3 class=\"wp-block-heading\"><strong>Produktbeskrivning<\/strong><\/h3>\r\n\r\n\r\n<hr class=\"wp-block-separator has-alpha-channel-opacity\" \/>\r\n\r\n\r\n<h2 class=\"wp-block-heading\">708-2G-00024 708-2G-00023 708-2G-00022\u00a0 Hydraulic Main Pump Fits For Komatsu PC300LC-7 PC350-7 PC300-7<\/h2>\r\n<div id=\"attachment_4330\" style=\"width: 886px\" class=\"wp-caption alignnone\"><img decoding=\"async\" aria-describedby=\"caption-attachment-4330\" class=\"wp-image-4330 size-full\" src=\"https:\/\/swingbearing.net\/wp-content\/uploads\/2024\/06\/pc210-8k.jpg\" alt=\"pc210-8k\" width=\"876\" height=\"843\" srcset=\"https:\/\/swingbearing.net\/wp-content\/uploads\/2024\/06\/pc210-8k.jpg 876w, https:\/\/swingbearing.net\/wp-content\/uploads\/2024\/06\/pc210-8k-300x289.jpg 300w, https:\/\/swingbearing.net\/wp-content\/uploads\/2024\/06\/pc210-8k-768x739.jpg 768w, https:\/\/swingbearing.net\/wp-content\/uploads\/2024\/06\/pc210-8k-12x12.jpg 12w, https:\/\/swingbearing.net\/wp-content\/uploads\/2024\/06\/pc210-8k-600x577.jpg 600w\" sizes=\"(max-width: 876px) 100vw, 876px\" \/><p id=\"caption-attachment-4330\" class=\"wp-caption-text\">\u00a0<\/p><\/div>\r\n<p><img decoding=\"async\" class=\"alignnone wp-image-4375 size-full\" src=\"https:\/\/swingbearing.net\/wp-content\/uploads\/2024\/06\/pc300-7350-7.jpg\" alt=\"hydraulpump\" width=\"738\" height=\"756\" data-wp-editing=\"1\" srcset=\"https:\/\/swingbearing.net\/wp-content\/uploads\/2024\/06\/pc300-7350-7.jpg 738w, https:\/\/swingbearing.net\/wp-content\/uploads\/2024\/06\/pc300-7350-7-293x300.jpg 293w, https:\/\/swingbearing.net\/wp-content\/uploads\/2024\/06\/pc300-7350-7-12x12.jpg 12w, https:\/\/swingbearing.net\/wp-content\/uploads\/2024\/06\/pc300-7350-7-600x615.jpg 600w\" sizes=\"(max-width: 738px) 100vw, 738px\" \/><\/p>\r\n<p><img decoding=\"async\" class=\"alignnone wp-image-4376 size-full\" src=\"https:\/\/swingbearing.net\/wp-content\/uploads\/2024\/06\/pc300-8350-8.jpg\" alt=\"hydraulpump\" width=\"538\" height=\"581\" srcset=\"https:\/\/swingbearing.net\/wp-content\/uploads\/2024\/06\/pc300-8350-8.jpg 538w, https:\/\/swingbearing.net\/wp-content\/uploads\/2024\/06\/pc300-8350-8-278x300.jpg 278w, https:\/\/swingbearing.net\/wp-content\/uploads\/2024\/06\/pc300-8350-8-11x12.jpg 11w\" sizes=\"(max-width: 538px) 100vw, 538px\" \/><\/p>\r\n<table border=\"1\" cellspacing=\"0\" cellpadding=\"0\">\r\n<tbody>\r\n<tr>\r\n<td>Produktens namn\u00a0 \u00a0 \u00a0 \u00a0 \u00a0 \u00a0 \u00a0 \u00a0<\/td>\r\n<td>Hydraulisk pump f\u00f6r gr\u00e4vmaskin<\/td>\r\n<\/tr>\r\n<tr>\r\n<td>Kvalitet\u00a0 \u00a0 \u00a0<\/td>\r\n<td>H\u00f6g kvalitet 100% Ny<\/td>\r\n<\/tr>\r\n<tr>\r\n<td>Maskinmodell\u00a0 \u00a0\u00a0<\/td>\r\n<td>PC300LC-7 PC350-7 PC300-7<\/td>\r\n<\/tr>\r\n<tr>\r\n<td>F\u00f6rpackningsstorlek<\/td>\r\n<td>84*38*49<\/td>\r\n<\/tr>\r\n<tr>\r\n<td>Paket<\/td>\r\n<td>Standard Export Tr\u00e4fodral\u00a0 \u00a0 \u00a0 \u00a0 \u00a0 \u00a0 \u00a0 \u00a0 \u00a0 \u00a0 \u00a0 \u00a0 \u00a0 \u00a0 \u00a0 \u00a0 \u00a0 \u00a0 \u00a0 \u00a0 \u00a0 \u00a0 \u00a0 \u00a0 \u00a0 \u00a0\u00a0<\/td>\r\n<\/tr>\r\n<tr>\r\n<td>Delnummer<\/td>\r\n<td>708-2G-00024 708-2G-00023 708-2G-00022<\/td>\r\n<\/tr>\r\n<tr>\r\n<td>Tryck<\/td>\r\n<td>Standard, h\u00f6gt tryck<\/td>\r\n<\/tr>\r\n<\/tbody>\r\n<\/table>\r\n<h3>\r\n\r\n<\/h3>\r\n<p><\/p>\r\n<h2 class=\"wp-block-heading\">Introduction of\u00a0 PC300LC-7 PC350-7\u00a0 PC300-7 Main Pump<\/h2>\r\n<p><\/p>\r\n<p>\u00c4r du verksam inom byggbranschen och vill optimera prestandan hos dina bandgr\u00e4vmaskiner? D\u00e5 beh\u00f6ver du inte leta l\u00e4ngre \u00e4n till Gr\u00e4vmaskinens hydraulpump, en m\u00e5ngsidig och tillf\u00f6rlitlig produkt som \u00e4r utformad f\u00f6r att uppfylla kraven i olika situationer, t.ex. p\u00e5 byggarbetsplatser, i gruvor och vid v\u00e4garbeten.\u00a0<\/p>\r\n<p>\r\n\r\n<\/p>\r\n<h3 class=\"wp-block-heading\">Maximera effektiviteten med pumpen<\/h3>\r\n<p>\r\n\r\n<\/p>\r\n<p>N\u00e4r det g\u00e4ller gr\u00e4varbeten \u00e4r effektivitet nyckeln. Gr\u00e4vmaskinens hydraulpump, som finns i tv\u00e5 pumpnummer, 708-2L-00202 och 708-2L-41121, \u00e4r s\u00e4rskilt utformad f\u00f6r att ge maximal hydraulkraft till din gr\u00e4vmaskin. Detta s\u00e4kerst\u00e4ller att din maskin fungerar smidigt och effektivt, s\u00e5 att du kan slutf\u00f6ra projekt i tid. Med sin h\u00e5llbara konstruktion och tillf\u00f6rlitliga prestanda \u00e4r den h\u00e4r hydraulpumpen byggd f\u00f6r att h\u00e5lla l\u00e4nge, vilket g\u00f6r den till en v\u00e4rdefull investering f\u00f6r ditt f\u00f6retag.<\/p>\r\n<p>\r\n\r\n<\/p>\r\n<h3 class=\"wp-block-heading\">Kompatibilitet och m\u00e5ngsidighet<\/h3>\r\n<p>\r\n\r\n<\/p>\r\n<p>En av de viktigaste f\u00f6rdelarna med hydraulpumpen f\u00f6r gr\u00e4vmaskiner \u00e4r att den \u00e4r kompatibel med en m\u00e4ngd olika gr\u00e4vmaskinsmodeller. Oavsett om du anv\u00e4nder en E317, E315, PC210-8K eller PC210-8K \u00e4r den h\u00e4r hydraulpumpen utformad f\u00f6r att s\u00f6ml\u00f6st integreras med din maskin och f\u00f6rb\u00e4ttra dess kapacitet och prestanda. Denna m\u00e5ngsidighet g\u00f6r den till ett praktiskt val f\u00f6r entrepren\u00f6rer och f\u00f6rare som arbetar i olika branscher och milj\u00f6er.<\/p>\r\n<p>\r\n\r\n<\/p>\r\n<h3 class=\"wp-block-heading\">Exceptionellt st\u00f6d efter f\u00f6rs\u00e4ljning<\/h3>\r\n<p>\r\n\r\n<\/p>\r\n<p>P\u00e5 Excavator Hydraulic Pump \u00e4r kundn\u00f6jdhet v\u00e5r h\u00f6gsta prioritet. D\u00e4rf\u00f6r erbjuder vi utm\u00e4rkt eftermarknadssupport, inklusive onlinehj\u00e4lp, f\u00f6r att s\u00e4kerst\u00e4lla att v\u00e5ra kunder f\u00e5r snabb hj\u00e4lp vid eventuella problem eller problem. V\u00e5rt team av experter \u00e4r dedikerade till att ge dig det st\u00f6d du beh\u00f6ver f\u00f6r att h\u00e5lla din hydraulpump ig\u00e5ng smidigt och effektivt, s\u00e5 att du kan fokusera p\u00e5 ditt arbete utan n\u00e5gra avbrott.<br \/><br \/><b>Vi kan st\u00f6dja varandra:<\/b><\/p>\r\n<table>\r\n<tbody>\r\n<tr>\r\n<td colspan=\"1\" rowspan=\"1\">\r\n<div>F\u00f6r Kobelco<\/div>\r\n<\/td>\r\n<td colspan=\"1\" rowspan=\"1\">\r\n<div>SK200-6,SK210-6,SK45SR,SK330-6E,SK200-4,SK460-8,SK135,SK235SRLC-1ES,SK250-8,SK210-8,SK350-8,SK350,SK350-9,SK200-8,SK210-8<\/div>\r\n<\/td>\r\n<\/tr>\r\n<tr>\r\n<td colspan=\"1\" rowspan=\"1\">\r\n<div>F\u00f6r Komatsu<\/div>\r\n<\/td>\r\n<td colspan=\"1\" rowspan=\"1\">\r\n<div>PC300-8,PC200-6K,PC130-8,PC200-8,PC220-8,PC270-8,PC400-8,PC60-7,PC300-7,PC400-7,PC200-7,PC200-6,<\/div>\r\n<\/td>\r\n<\/tr>\r\n<tr>\r\n<td colspan=\"1\" rowspan=\"1\">\r\n<div>F\u00f6r CAT<\/div>\r\n<\/td>\r\n<td colspan=\"1\" rowspan=\"1\">\r\n<div>E325C,E330D,E330C,E336D,E336C,E345B,E385C,E320C,E320D,E330,E330L,E345C<\/div>\r\n<\/td>\r\n<\/tr>\r\n<tr>\r\n<td colspan=\"1\" rowspan=\"1\">\r\n<div>F\u00f6r Daewoo<\/div>\r\n<\/td>\r\n<td colspan=\"1\" rowspan=\"1\">\r\n<div>DH80,DH300-5,DH300-7,DH225-7,DH210,DH220,DH150,DH300-5,DH370,DH470-5,DH500-5<\/div>\r\n<\/td>\r\n<\/tr>\r\n<tr>\r\n<td colspan=\"1\" rowspan=\"1\">\r\n<div>F\u00f6r Hitachi<\/div>\r\n<\/td>\r\n<td colspan=\"1\" rowspan=\"1\">\r\n<div>EX120-5, EX120-5 JPN, EX120-5HG, EX120-5LV JPN, EX120-5X, EX120-5Z, EX120SS-5, EX130H-5, EX130H-5 JPN, EX130K-5,<br \/>EX135UR,EX135UR-5, EX135US-5, EX135USR, EX135USRK, EX140US-5, HR240G,EX300-2, EX300-3, EX300-3C, EX310H-3C,EX200-3, EX200-5,<br \/>EX200-5 JPN, EX200-5HG, EX200-5HHE, EX200-5LV JAP, EX200-5X JPN, EX200-5Z JPN, EX200LC-5HHE, EX200SS-5,EX210H-5, EX210H-5 JPN,<br \/>EX210K-5 JPN, EX210LC-5HHE, EX225USR(LC), EX225USRK,EX60-2, EX60-3, EX60LCK-3, EX60LCT-3, EX60WD-2, EX75UR, EX75UR-3,<br \/>EX75URLC-3,EX350-6,EX120-3,EX1200,EX300,EX200 ,EX210,EX75UR-5<\/div>\r\n<\/td>\r\n<\/tr>\r\n<tr>\r\n<td colspan=\"1\" rowspan=\"1\">\r\n<div>F\u00f6r Sumitomo<\/div>\r\n<\/td>\r\n<td colspan=\"1\" rowspan=\"1\">\r\n<div>SH200-2,SH-200A3,SH200,SH120-5-0.5<\/div>\r\n<\/td>\r\n<\/tr>\r\n<tr>\r\n<td colspan=\"1\" rowspan=\"1\">\r\n<div>F\u00f6r Kato<\/div>\r\n<\/td>\r\n<td colspan=\"1\" rowspan=\"1\">\r\n<div>HD1430,HD130<\/div>\r\n<\/td>\r\n<\/tr>\r\n<tr>\r\n<td colspan=\"1\" rowspan=\"1\">\r\n<div>F\u00f6r JCB<\/div>\r\n<\/td>\r\n<td colspan=\"1\" rowspan=\"1\">\r\n<div>JCB220,JCB240,JCB 85Z<\/div>\r\n<\/td>\r\n<\/tr>\r\n<tr>\r\n<td colspan=\"1\" rowspan=\"1\">\r\n<div>\u00d6vriga<\/div>\r\n<\/td>\r\n<td colspan=\"1\" rowspan=\"1\">\r\n<div>&#8230;&#8230;<\/div>\r\n<\/td>\r\n<\/tr>\r\n<\/tbody>\r\n<\/table>\r\n<p><\/p>","protected":false},"excerpt":{"rendered":"<p><strong><b>Del<\/b><\/strong> #: 708-2G-00024 708-2G-00023 708-2G-00022 <br \/><strong><b>G\u00f6r<\/b><\/strong>:Komatsu <br \/><strong><b>Modell<\/b><\/strong>: PC300LC-7 PC350-7 PC350LC-7 PC300-7\u00a0<br \/><strong><b>Skick<\/b><\/strong>: Ny<\/p>","protected":false},"featured_media":4375,"template":"","meta":[],"product_brand":[],"product_cat":[382],"product_tag":[],"class_list":{"0":"post-4374","1":"product","2":"type-product","3":"status-publish","4":"has-post-thumbnail","6":"product_cat-komatsu-hydraulic-pumps","8":"first","9":"instock","10":"shipping-taxable","11":"product-type-simple"},"_links":{"self":[{"href":"https:\/\/swingbearing.net\/sv_se\/wp-json\/wp\/v2\/product\/4374","targetHints":{"allow":["GET"]}}],"collection":[{"href":"https:\/\/swingbearing.net\/sv_se\/wp-json\/wp\/v2\/product"}],"about":[{"href":"https:\/\/swingbearing.net\/sv_se\/wp-json\/wp\/v2\/types\/product"}],"wp:featuredmedia":[{"embeddable":true,"href":"https:\/\/swingbearing.net\/sv_se\/wp-json\/wp\/v2\/media\/4375"}],"wp:attachment":[{"href":"https:\/\/swingbearing.net\/sv_se\/wp-json\/wp\/v2\/media?parent=4374"}],"wp:term":[{"taxonomy":"product_brand","embeddable":true,"href":"https:\/\/swingbearing.net\/sv_se\/wp-json\/wp\/v2\/product_brand?post=4374"},{"taxonomy":"product_cat","embeddable":true,"href":"https:\/\/swingbearing.net\/sv_se\/wp-json\/wp\/v2\/product_cat?post=4374"},{"taxonomy":"product_tag","embeddable":true,"href":"https:\/\/swingbearing.net\/sv_se\/wp-json\/wp\/v2\/product_tag?post=4374"}],"curies":[{"name":"wp","href":"https:\/\/api.w.org\/{rel}","templated":true}]}}