{"id":4354,"date":"2024-06-27T03:48:06","date_gmt":"2024-06-27T03:48:06","guid":{"rendered":"https:\/\/swingbearing.net\/?post_type=product&#038;p=4354"},"modified":"2024-06-27T04:09:24","modified_gmt":"2024-06-27T04:09:24","slug":"hydraulic-pump-708-25-01011-708-25-50101-708-25-04081-for-pc650-3-pc650-5-pc710-5","status":"publish","type":"product","link":"https:\/\/swingbearing.net\/sv_se\/produkt\/hydraulic-pump-708-25-01011-708-25-50101-708-25-04081-for-pc650-3-pc650-5-pc710-5\/","title":{"rendered":"Hydraulisk pump 708-25-01011 708-25-50101 708-25-04081 f\u00f6r PC650-3 PC650-5 PC710-5"},"content":{"rendered":"<h3 class=\"wp-block-heading\"><strong>Produktbeskrivning<\/strong><\/h3>\r\n\r\n\r\n<hr class=\"wp-block-separator has-alpha-channel-opacity\" \/>\r\n\r\n\r\n<h2 class=\"wp-block-heading\">708-25-01011 708-25-50101 708-25-04081 Hydraulisk huvudpump passar f\u00f6r Komatsu PC650-3 PC650-5 PC710-5<\/h2>\r\n<p><img decoding=\"async\" class=\"alignnone wp-image-4306 size-full\" src=\"https:\/\/swingbearing.net\/wp-content\/uploads\/2024\/06\/pc400-3-02.jpg\" alt=\"Hydrauliska huvudpumpar\" width=\"806\" height=\"903\" srcset=\"https:\/\/swingbearing.net\/wp-content\/uploads\/2024\/06\/pc400-3-02.jpg 806w, https:\/\/swingbearing.net\/wp-content\/uploads\/2024\/06\/pc400-3-02-268x300.jpg 268w, https:\/\/swingbearing.net\/wp-content\/uploads\/2024\/06\/pc400-3-02-768x860.jpg 768w, https:\/\/swingbearing.net\/wp-content\/uploads\/2024\/06\/pc400-3-02-11x12.jpg 11w, https:\/\/swingbearing.net\/wp-content\/uploads\/2024\/06\/pc400-3-02-600x672.jpg 600w\" sizes=\"(max-width: 806px) 100vw, 806px\" \/><\/p>\r\n<table border=\"1\" cellspacing=\"0\" cellpadding=\"0\">\r\n<tbody>\r\n<tr>\r\n<td>Produktens namn\u00a0 \u00a0 \u00a0 \u00a0 \u00a0 \u00a0 \u00a0 \u00a0<\/td>\r\n<td>Hydraulisk pump f\u00f6r gr\u00e4vmaskin<\/td>\r\n<\/tr>\r\n<tr>\r\n<td>Kvalitet\u00a0 \u00a0 \u00a0<\/td>\r\n<td>H\u00f6g kvalitet 100% Ny<\/td>\r\n<\/tr>\r\n<tr>\r\n<td>Maskinmodell\u00a0 \u00a0\u00a0<\/td>\r\n<td>PC650-3 PC650-5 PC710-5<\/td>\r\n<\/tr>\r\n<tr>\r\n<td>F\u00f6rpackningsstorlek<\/td>\r\n<td>84*38*49<\/td>\r\n<\/tr>\r\n<tr>\r\n<td>Paket<\/td>\r\n<td>Standard Export Tr\u00e4fodral\u00a0 \u00a0 \u00a0 \u00a0 \u00a0 \u00a0 \u00a0 \u00a0 \u00a0 \u00a0 \u00a0 \u00a0 \u00a0 \u00a0 \u00a0 \u00a0 \u00a0 \u00a0 \u00a0 \u00a0 \u00a0 \u00a0 \u00a0 \u00a0 \u00a0 \u00a0\u00a0<\/td>\r\n<\/tr>\r\n<tr>\r\n<td>Delnummer<\/td>\r\n<td>708-25-01011 708-25-50101 708-25-04081<\/td>\r\n<\/tr>\r\n<tr>\r\n<td>Tryck<\/td>\r\n<td>Standard, h\u00f6gt tryck<\/td>\r\n<\/tr>\r\n<\/tbody>\r\n<\/table>\r\n<h3>\r\n\r\n<\/h3>\r\n<p><\/p>\r\n<h2 class=\"wp-block-heading\">Introduktion av PC650-3 PC650-5 PC710-5 huvudpump<\/h2>\r\n<p><\/p>\r\n<p><\/p>\r\n<p>Hydrauliska pumpar f\u00f6r gr\u00e4vmaskiner spelar en avg\u00f6rande roll f\u00f6r effektiv drift av tunga maskiner som gr\u00e4vmaskiner. Vi kommer att f\u00f6rdjupa oss i de viktigaste egenskaperna och funktionerna hos huvudpumparna PC650-3, PC650-5 och PC710-5, som \u00e4r viktiga komponenter i gr\u00e4vmaskiners hydraulsystem.<\/p>\r\n<p>\r\n\r\n<\/p>\r\n<h3 class=\"wp-block-heading\">PC650-3 Hydraulisk pump<\/h3>\r\n<p>\r\n\r\n<\/p>\r\n<p>PC650-3-huvudpumpen \u00e4r konstruerad f\u00f6r att ge gr\u00e4vmaskinen tillf\u00f6rlitlig och j\u00e4mn hydraulkraft. Med sin h\u00f6ga effektivitet och h\u00e5llbarhet s\u00e4kerst\u00e4ller pumpen smidig drift och optimal prestanda f\u00f6r maskinen. PC650-3-huvudpumpen \u00e4r utrustad med avancerad teknik och levererar det hydraultryck som kr\u00e4vs f\u00f6r att driva gr\u00e4vmaskinens olika hydraulfunktioner.<\/p>\r\n<p>\r\n\r\n<\/p>\r\n<h3 class=\"wp-block-heading\">PC650-5 Hydraulisk pump<\/h3>\r\n<p>\r\n\r\n<\/p>\r\n<p>PC650-5 huvudpump \u00e4r k\u00e4nd f\u00f6r sin robusta konstruktion och \u00f6verl\u00e4gsna prestanda. Den h\u00e4r pumpen \u00e4r konstruerad f\u00f6r att t\u00e5la tung anv\u00e4ndning i kr\u00e4vande arbetsmilj\u00f6er. Med sin exceptionella effektivitet och precision bidrar PC650-5-huvudpumpen till gr\u00e4vmaskinens \u00f6vergripande produktivitet och effektivitet. F\u00f6rarna kan lita p\u00e5 att pumpen levererar den hydraulkraft som kr\u00e4vs f\u00f6r smidig och exakt drift.<\/p>\r\n<p>\r\n\r\n<\/p>\r\n<h3 class=\"wp-block-heading\">PC710-5 Hydraulisk pump<\/h3>\r\n<p>\r\n\r\n<\/p>\r\n<p>PC710-5-huvudpumpen \u00e4r en toppmodern komponent som s\u00e4kerst\u00e4ller optimal hydraulisk prestanda i gr\u00e4vmaskiner. Pumpen \u00e4r byggd med precisionsteknik och avancerad teknologi och levererar h\u00f6gtryckshydraulv\u00e4tska f\u00f6r att driva maskinens olika hydraulfunktioner. PC710-5-huvudpumpen \u00e4r konstruerad f\u00f6r att uppfylla de str\u00e4nga kraven i tunga byggprojekt och ger tillf\u00f6rlitlig och j\u00e4mn hydraulkraft som f\u00f6rb\u00e4ttrar gr\u00e4vmaskinens prestanda.<\/p>\r\n<p>\r\n\r\n<\/p>\r\n<p>Sammanfattningsvis \u00e4r huvudpumparna PC650-3, PC650-5 och PC710-5 viktiga komponenter i gr\u00e4vmaskiners hydraulsystem och spelar en nyckelroll n\u00e4r det g\u00e4ller att leverera den hydraulkraft som kr\u00e4vs f\u00f6r effektiv drift. Operat\u00f6rerna kan lita p\u00e5 att dessa pumpar ger konsekvent prestanda, h\u00e5llbarhet och precision, vilket i slut\u00e4ndan bidrar till den \u00f6vergripande produktiviteten och framg\u00e5ngen f\u00f6r gr\u00e4vmaskinsprojekt.<\/p>\r\n<p>\r\n\r\n<\/p>\r\n<p>Gr\u00e4v med sj\u00e4lvf\u00f6rtroende och kraft med dessa f\u00f6rstklassiga huvudpumpar!<\/p>\r\n<p><\/p>\r\n<p><\/p>","protected":false},"excerpt":{"rendered":"<p><strong><b>Del<\/b><\/strong> #: 708-25-01011 708-25-50101 708-25-04081<br \/><strong><b>G\u00f6r<\/b><\/strong>:Komatsu <br \/><strong><b>Modell<\/b><\/strong>: PC650-3 PC650-5 PC710-5<br \/><strong><b>Skick<\/b><\/strong>: Ny<\/p>","protected":false},"featured_media":4308,"template":"","meta":[],"product_brand":[],"product_cat":[382],"product_tag":[],"class_list":{"0":"post-4354","1":"product","2":"type-product","3":"status-publish","4":"has-post-thumbnail","6":"product_cat-komatsu-hydraulic-pumps","8":"first","9":"instock","10":"shipping-taxable","11":"product-type-simple"},"_links":{"self":[{"href":"https:\/\/swingbearing.net\/sv_se\/wp-json\/wp\/v2\/product\/4354","targetHints":{"allow":["GET"]}}],"collection":[{"href":"https:\/\/swingbearing.net\/sv_se\/wp-json\/wp\/v2\/product"}],"about":[{"href":"https:\/\/swingbearing.net\/sv_se\/wp-json\/wp\/v2\/types\/product"}],"wp:featuredmedia":[{"embeddable":true,"href":"https:\/\/swingbearing.net\/sv_se\/wp-json\/wp\/v2\/media\/4308"}],"wp:attachment":[{"href":"https:\/\/swingbearing.net\/sv_se\/wp-json\/wp\/v2\/media?parent=4354"}],"wp:term":[{"taxonomy":"product_brand","embeddable":true,"href":"https:\/\/swingbearing.net\/sv_se\/wp-json\/wp\/v2\/product_brand?post=4354"},{"taxonomy":"product_cat","embeddable":true,"href":"https:\/\/swingbearing.net\/sv_se\/wp-json\/wp\/v2\/product_cat?post=4354"},{"taxonomy":"product_tag","embeddable":true,"href":"https:\/\/swingbearing.net\/sv_se\/wp-json\/wp\/v2\/product_tag?post=4354"}],"curies":[{"name":"wp","href":"https:\/\/api.w.org\/{rel}","templated":true}]}}