{"id":4303,"date":"2024-06-25T11:55:21","date_gmt":"2024-06-25T11:55:21","guid":{"rendered":"https:\/\/swingbearing.net\/?post_type=product&#038;p=4303"},"modified":"2024-06-25T15:46:04","modified_gmt":"2024-06-25T15:46:04","slug":"hydraulic-pump-pc400lc-3-main-pump-for-komatsu-708-27-02025-708-27-02024","status":"publish","type":"product","link":"https:\/\/swingbearing.net\/sv_se\/produkt\/hydraulic-pump-pc400lc-3-main-pump-for-komatsu-708-27-02025-708-27-02024\/","title":{"rendered":"Hydraulisk pump PC400LC-3 huvudpump f\u00f6r Komatsu 708-27-02025 708-27-02024"},"content":{"rendered":"<h3 class=\"wp-block-heading\"><strong>Produktbeskrivning<\/strong><\/h3>\r\n\r\n\r\n<hr class=\"wp-block-separator has-alpha-channel-opacity\" \/>\r\n\r\n\r\n<h2 class=\"wp-block-heading\">708-27-02025 708-27-02024 Hydraulisk huvudpump f\u00f6r Komatsu PC400LC-3<\/h2>\r\n<p>&nbsp;<\/p>\r\n<p><img decoding=\"async\" class=\"alignnone wp-image-4306 size-full\" src=\"https:\/\/swingbearing.net\/wp-content\/uploads\/2024\/06\/pc400-3-02.jpg\" alt=\"pc400-3 hydraulpump\" width=\"806\" height=\"903\" srcset=\"https:\/\/swingbearing.net\/wp-content\/uploads\/2024\/06\/pc400-3-02.jpg 806w, https:\/\/swingbearing.net\/wp-content\/uploads\/2024\/06\/pc400-3-02-268x300.jpg 268w, https:\/\/swingbearing.net\/wp-content\/uploads\/2024\/06\/pc400-3-02-768x860.jpg 768w, https:\/\/swingbearing.net\/wp-content\/uploads\/2024\/06\/pc400-3-02-11x12.jpg 11w, https:\/\/swingbearing.net\/wp-content\/uploads\/2024\/06\/pc400-3-02-600x672.jpg 600w\" sizes=\"(max-width: 806px) 100vw, 806px\" \/><\/p>\r\n<table style=\"font-size: 16px;\" border=\"1\" cellspacing=\"0\" cellpadding=\"0\">\r\n<tbody>\r\n<tr>\r\n<td>Produktens namn<\/td>\r\n<td>Hydraulisk pump f\u00f6r gr\u00e4vmaskin<\/td>\r\n<\/tr>\r\n<tr>\r\n<td>Kvalitet<\/td>\r\n<td>H\u00f6g kvalitet 100% Ny<\/td>\r\n<\/tr>\r\n<tr>\r\n<td>Maskinmodell\u00a0\u00a0<\/td>\r\n<td>PC400-3 PC400LC-3<\/td>\r\n<\/tr>\r\n<tr>\r\n<td>F\u00f6rpackningsstorlek<\/td>\r\n<td>84*38*49<\/td>\r\n<\/tr>\r\n<tr>\r\n<td>Paket<\/td>\r\n<td>Standard Export Tr\u00e4fodral<\/td>\r\n<\/tr>\r\n<tr>\r\n<td>Delnummer<\/td>\r\n<td>708-27-02025 708-27-02024 708-27-02021 708-27-02020 708-27-01010 708-27-10100\u00a0\u00a0<\/td>\r\n<\/tr>\r\n<tr>\r\n<td>Tryck<\/td>\r\n<td>Standard, h\u00f6gt tryck<\/td>\r\n<\/tr>\r\n<\/tbody>\r\n<\/table>\r\n<h3>\r\n\r\n<\/h3>\r\n<p><\/p>\r\n<h2 class=\"wp-block-heading\">Introduktion av PC400LC-3 Hydraulisk huvudpump<\/h2>\r\n<p>\r\n\r\n<\/p>\r\n<p>Hydrauliska pumpar \u00e4r viktiga komponenter i hydrauliska system och ansvarar f\u00f6r att omvandla mekanisk kraft till hydraulisk energi. Att f\u00f6rst\u00e5 hydraulpumparnas uppbyggnad, funktion och underh\u00e5ll \u00e4r avg\u00f6rande f\u00f6r att s\u00e4kerst\u00e4lla en effektiv drift av maskiner och utrustning i olika branscher.<\/p>\r\n<p>\r\n\r\n<\/p>\r\n<h2 class=\"wp-block-heading\">Komponenter i hydraulisk huvudpump<\/h2>\r\n<p>\r\n\r\n<\/p>\r\n<p>Hydrauliska pumpar best\u00e5r av flera nyckelkomponenter som arbetar tillsammans f\u00f6r att generera v\u00e4tskekraft. De prim\u00e4ra komponenterna i en hydraulpump inkluderar:<\/p>\r\n<p>\r\n\r\n<\/p>\r\n<ul class=\"wp-block-list\">\r\n<li><strong>Pumphus<\/strong>: Det yttre h\u00f6ljet som omsluter och skyddar de inre komponenterna i pumpen.<\/li>\r\n\r\n\r\n\r\n<li><strong>Inlopps- och utloppsportar<\/strong>: Inlopps- och utloppspunkter f\u00f6r hydraulv\u00e4tska som kommer in i och l\u00e4mnar pumpen.<\/li>\r\n\r\n\r\n\r\n<li><strong>Roterande grupp<\/strong>: Best\u00e5r av kugghjul, skovlar eller kolvar som roterar f\u00f6r att skapa fl\u00f6de och tryck i systemet.<\/li>\r\n\r\n\r\n\r\n<li><strong>Drivaxel<\/strong>: \u00d6verf\u00f6r mekanisk energi fr\u00e5n drivmotorn till den roterande gruppen i pumpen.<\/li>\r\n\r\n\r\n\r\n<li><strong>T\u00e4tningar och O-ringar<\/strong>: F\u00f6rhindra l\u00e4ckage och bibeh\u00e5lla hydraulsystemets integritet.<\/li>\r\n<\/ul>\r\n<p>\r\n\r\n<\/p>\r\n<h3 class=\"wp-block-heading\">Funktioner\u00a0<\/h3>\r\n<p>\r\n\r\n<\/p>\r\n<p>Hydrauliska pumpar utf\u00f6r viktiga funktioner som m\u00f6jligg\u00f6r driften av hydrauliska system, inklusive:<\/p>\r\n<p>\r\n\r\n<\/p>\r\n<ul class=\"wp-block-list\">\r\n<li><strong>Generering av v\u00e4tskefl\u00f6de<\/strong>: Skapar ett kontinuerligt fl\u00f6de av hydraulv\u00e4tska f\u00f6r att driva hydraulcylindrar, motorer och st\u00e4lldon.<\/li>\r\n\r\n\r\n\r\n<li><strong>Tryckgenerering<\/strong>: Uppbyggnad av tryck i systemet f\u00f6r att utf\u00f6ra arbetsuppgifter som att lyfta tunga laster eller anv\u00e4nda maskiner.<\/li>\r\n\r\n\r\n\r\n<li><strong>Riktad styrning<\/strong>: Reglering av v\u00e4tskefl\u00f6dets riktning f\u00f6r att m\u00f6jligg\u00f6ra exakta r\u00f6relser och kontroll i utrustning.<\/li>\r\n<\/ul>\r\n<p>\r\n\r\n<\/p>\r\n<h4 class=\"wp-block-heading\">Tips f\u00f6r underh\u00e5ll\u00a0<\/h4>\r\n<p>\r\n\r\n<\/p>\r\n<p>Korrekt underh\u00e5ll \u00e4r avg\u00f6rande f\u00f6r att s\u00e4kerst\u00e4lla hydraulpumparnas livsl\u00e4ngd och tillf\u00f6rlitlighet. H\u00e4r f\u00f6ljer n\u00e5gra viktiga underh\u00e5llstips att ta h\u00e4nsyn till:<\/p>\r\n<p>\r\n\r\n<\/p>\r\n<ul class=\"wp-block-list\">\r\n<li><strong>Regelbunden inspektion<\/strong>: Kontrollera om det finns tecken p\u00e5 slitage, l\u00e4ckage eller skador p\u00e5 pumpkomponenterna och \u00e5tg\u00e4rda eventuella problem omedelbart.<\/li>\r\n\r\n\r\n\r\n<li><strong>V\u00e4tskekvalitet<\/strong>: \u00d6vervaka hydraulv\u00e4tskans skick och niv\u00e5 och byt ut eller fyll p\u00e5 v\u00e4tska efter behov f\u00f6r att bibeh\u00e5lla optimal prestanda.<\/li>\r\n\r\n\r\n\r\n<li><strong>Filtrering<\/strong>: Anv\u00e4nd filter av h\u00f6g kvalitet f\u00f6r att avl\u00e4gsna f\u00f6roreningar fr\u00e5n hydraulv\u00e4tskan och f\u00f6rhindra skador p\u00e5 pumpens komponenter.<\/li>\r\n\r\n\r\n\r\n<li><strong>Sm\u00f6rjning<\/strong>: Sm\u00f6rj r\u00f6rliga delar ordentligt f\u00f6r att minska friktion och slitage och f\u00f6rl\u00e4nga pumpens livsl\u00e4ngd.<\/li>\r\n\r\n\r\n\r\n<li><strong>Underh\u00e5ll av t\u00e4tningar<\/strong>: Inspektera och byt ut t\u00e4tningar och O-ringar regelbundet f\u00f6r att f\u00f6rhindra l\u00e4ckage och s\u00e4kerst\u00e4lla hydraulsystemets integritet.<\/li>\r\n<\/ul>\r\n<p>\r\n\r\n<\/p>\r\n<h2 class=\"wp-block-heading\">Slutsats<\/h2>\r\n<p>\r\n\r\n<\/p>\r\n<p>Sammanfattningsvis \u00e4r hydraulpumpar integrerade komponenter i hydraulsystem och tillhandah\u00e5ller den kraft och kontroll som kr\u00e4vs f\u00f6r drift av maskiner och utrustning. F\u00f6r att maximera prestanda, effektivitet och livsl\u00e4ngd \u00e4r det viktigt att f\u00f6rst\u00e5 hydraulpumparnas komponenter, funktioner och underh\u00e5llskrav. Genom att f\u00f6lja korrekta underh\u00e5llsrutiner och hantera problem proaktivt kan f\u00f6retag s\u00e4kerst\u00e4lla att hydraulsystem fungerar smidigt och minimera stillest\u00e5ndstiden. Att r\u00e5dfr\u00e5ga hydraulikspecialister f\u00f6r underh\u00e5lls- och reparationstj\u00e4nster kan ytterligare f\u00f6rb\u00e4ttra hydraulpumpsystemens tillf\u00f6rlitlighet och livsl\u00e4ngd.<\/p>","protected":false},"excerpt":{"rendered":"<p><strong><b>Del<\/b><\/strong> #: 708-27-02025 708-27-02024<br \/><strong><b>G\u00f6r<\/b><\/strong>:Komatsu <br \/><strong><b>Modell<\/b><\/strong>: PC400LC-3<br \/><strong><b>Skick<\/b><\/strong>: Ny<\/p>","protected":false},"featured_media":4307,"template":"","meta":[],"product_brand":[],"product_cat":[382],"product_tag":[],"class_list":{"0":"post-4303","1":"product","2":"type-product","3":"status-publish","4":"has-post-thumbnail","6":"product_cat-komatsu-hydraulic-pumps","8":"first","9":"instock","10":"shipping-taxable","11":"product-type-simple"},"_links":{"self":[{"href":"https:\/\/swingbearing.net\/sv_se\/wp-json\/wp\/v2\/product\/4303","targetHints":{"allow":["GET"]}}],"collection":[{"href":"https:\/\/swingbearing.net\/sv_se\/wp-json\/wp\/v2\/product"}],"about":[{"href":"https:\/\/swingbearing.net\/sv_se\/wp-json\/wp\/v2\/types\/product"}],"wp:featuredmedia":[{"embeddable":true,"href":"https:\/\/swingbearing.net\/sv_se\/wp-json\/wp\/v2\/media\/4307"}],"wp:attachment":[{"href":"https:\/\/swingbearing.net\/sv_se\/wp-json\/wp\/v2\/media?parent=4303"}],"wp:term":[{"taxonomy":"product_brand","embeddable":true,"href":"https:\/\/swingbearing.net\/sv_se\/wp-json\/wp\/v2\/product_brand?post=4303"},{"taxonomy":"product_cat","embeddable":true,"href":"https:\/\/swingbearing.net\/sv_se\/wp-json\/wp\/v2\/product_cat?post=4303"},{"taxonomy":"product_tag","embeddable":true,"href":"https:\/\/swingbearing.net\/sv_se\/wp-json\/wp\/v2\/product_tag?post=4303"}],"curies":[{"name":"wp","href":"https:\/\/api.w.org\/{rel}","templated":true}]}}