{"id":4083,"date":"2024-06-11T04:06:19","date_gmt":"2024-06-11T04:06:19","guid":{"rendered":"https:\/\/swingbearing.net\/product\/225nlc-v-excavator-swing-bearing-140109-00045-slewing-ring\/"},"modified":"2024-06-12T02:35:05","modified_gmt":"2024-06-12T02:35:05","slug":"225nlc-v-excavator-swing-bearing-140109-00045-slewing-ring","status":"publish","type":"product","link":"https:\/\/swingbearing.net\/sv_se\/produkt\/225nlc-v-excavator-swing-bearing-140109-00045-slewing-ring\/","title":{"rendered":"Swing Bearing 140109-00045 for Doosan 225NLC-V"},"content":{"rendered":"<figure class=\"wp-block-table\" style=\"font-size: 12px;\">\r\n<h2 style=\"text-align: center;\">Byte av sv\u00e4nglager f\u00f6r Doosan<\/h2>\r\n<table>\r\n<tbody>\r\n<tr>\r\n<td>Modell<\/td>\r\n<td>Delnummer<\/td>\r\n<td>Yttre diameter<\/td>\r\n<td>Inv\u00e4ndig diameter<\/td>\r\n<td>Total h\u00f6jd<\/td>\r\n<td>Yttre h\u00f6jd<\/td>\r\n<td>Inre h\u00f6jd<\/td>\r\n<td>Parametrar f\u00f6r yttre h\u00e5l<\/td>\r\n<td>Parametrar f\u00f6r inre h\u00e5l<\/td>\r\n<td>Antal t\u00e4nder<\/td>\r\n<\/tr>\r\n<tr>\r\n<td>S140LC-V<\/td>\r\n<td>109-00165<\/td>\r\n<td>1202<\/td>\r\n<td>945<\/td>\r\n<td>84<\/td>\r\n<td>75<\/td>\r\n<td>70<\/td>\r\n<td>36-\u042422<\/td>\r\n<td>36-M20<\/td>\r\n<td>80<\/td>\r\n<\/tr>\r\n<tr>\r\n<td>DX225<\/td>\r\n<td>109-00162<\/td>\r\n<td>1327<\/td>\r\n<td>1082<\/td>\r\n<td>110<\/td>\r\n<td>90<\/td>\r\n<td>95<\/td>\r\n<td>36<\/td>\r\n<td>36<\/td>\r\n<td>92<\/td>\r\n<\/tr>\r\n<tr>\r\n<td>DX225<\/td>\r\n<td>109-00162A<\/td>\r\n<td>1327<\/td>\r\n<td>1082<\/td>\r\n<td>110<\/td>\r\n<td>90<\/td>\r\n<td>95<\/td>\r\n<td>36-\u03c621<\/td>\r\n<td>36-M20*1.5<\/td>\r\n<td>92<\/td>\r\n<\/tr>\r\n<tr>\r\n<td>DX225LC<\/td>\r\n<td>109-00162<\/td>\r\n<td>1327<\/td>\r\n<td>1082<\/td>\r\n<td>110<\/td>\r\n<td>90<\/td>\r\n<td>95<\/td>\r\n<td>36-\u03c621<\/td>\r\n<td>36-M20*1.5<\/td>\r\n<td>92<\/td>\r\n<\/tr>\r\n<tr>\r\n<td>DX225LCA<\/td>\r\n<td>109-00162A<\/td>\r\n<td>1327<\/td>\r\n<td>1082<\/td>\r\n<td>110<\/td>\r\n<td>90<\/td>\r\n<td>95<\/td>\r\n<td>36-\u03c621<\/td>\r\n<td>36-M20*1.5<\/td>\r\n<td>92<\/td>\r\n<\/tr>\r\n<tr>\r\n<td>DX225LCA<\/td>\r\n<td>140109-00048A<\/td>\r\n<td>1327<\/td>\r\n<td>1082<\/td>\r\n<td>110<\/td>\r\n<td>90<\/td>\r\n<td>95<\/td>\r\n<td>36-\u03c621<\/td>\r\n<td>36-M20*1.5<\/td>\r\n<td>92<\/td>\r\n<\/tr>\r\n<tr>\r\n<td>S225NLC<\/td>\r\n<td>140109-00045<\/td>\r\n<td>1327<\/td>\r\n<td>1082<\/td>\r\n<td>110<\/td>\r\n<td>90<\/td>\r\n<td>95<\/td>\r\n<td>36-\u03c621<\/td>\r\n<td>36-M20*1.5<\/td>\r\n<td>92<\/td>\r\n<\/tr>\r\n<tr>\r\n<td>SL220LC-V<\/td>\r\n<td>109-00052<\/td>\r\n<td>1328<\/td>\r\n<td>1084<\/td>\r\n<td>110<\/td>\r\n<td>91<\/td>\r\n<td>95<\/td>\r\n<td>36-\u03c621<\/td>\r\n<td>36-M20*1.5<\/td>\r\n<td>92<\/td>\r\n<\/tr>\r\n<tr>\r\n<td>225NLC-V<\/td>\r\n<td>109-00052B<\/td>\r\n<td>1328<\/td>\r\n<td>1084<\/td>\r\n<td>110<\/td>\r\n<td>91<\/td>\r\n<td>95<\/td>\r\n<td>36-\u03c621<\/td>\r\n<td>36-M20*1.5<\/td>\r\n<td>92<\/td>\r\n<\/tr>\r\n<tr>\r\n<td>225NLC-V<\/td>\r\n<td>140109-00045<\/td>\r\n<td>1328<\/td>\r\n<td>1084<\/td>\r\n<td>110<\/td>\r\n<td>91<\/td>\r\n<td>95<\/td>\r\n<td>36-\u03c621<\/td>\r\n<td>36-M20*1.5<\/td>\r\n<td>92<\/td>\r\n<\/tr>\r\n<tr>\r\n<td>255LC-V<\/td>\r\n<td>109-00030B<\/td>\r\n<td>1410<\/td>\r\n<td>1131<\/td>\r\n<td>117<\/td>\r\n<td>89<\/td>\r\n<td>105<\/td>\r\n<td>35-\u03c625<\/td>\r\n<td>36-M24*2<\/td>\r\n<td>82<\/td>\r\n<\/tr>\r\n<tr>\r\n<td>255LC-V<\/td>\r\n<td>180-00297D3<\/td>\r\n<td>1410<\/td>\r\n<td>1131<\/td>\r\n<td>117<\/td>\r\n<td>89<\/td>\r\n<td>105<\/td>\r\n<td>35-\u03c625<\/td>\r\n<td>36-M24*2<\/td>\r\n<td>82<\/td>\r\n<\/tr>\r\n<tr>\r\n<td>255lc-v<\/td>\r\n<td>140109-00042<\/td>\r\n<td>1410<\/td>\r\n<td>1131<\/td>\r\n<td>117<\/td>\r\n<td>89<\/td>\r\n<td>105<\/td>\r\n<td>35-\u03c625<\/td>\r\n<td>36-M24*2<\/td>\r\n<td>82<\/td>\r\n<\/tr>\r\n<tr>\r\n<td>255lc-v<\/td>\r\n<td>140109-00043<\/td>\r\n<td>1410<\/td>\r\n<td>1131<\/td>\r\n<td>117<\/td>\r\n<td>89<\/td>\r\n<td>105<\/td>\r\n<td>35-\u03c625<\/td>\r\n<td>36-M24*2<\/td>\r\n<td>82<\/td>\r\n<\/tr>\r\n<tr>\r\n<td>Dx300LCA<\/td>\r\n<td>140109-00010A<\/td>\r\n<td>1475<\/td>\r\n<td>1165<\/td>\r\n<td>120<\/td>\r\n<td>90<\/td>\r\n<td>110<\/td>\r\n<td>35<\/td>\r\n<td>36<\/td>\r\n<td>85<\/td>\r\n<\/tr>\r\n<tr>\r\n<td>S340<\/td>\r\n<td>140109-00038<\/td>\r\n<td>1544<\/td>\r\n<td>1235<\/td>\r\n<td>122<\/td>\r\n<td>87<\/td>\r\n<td>110<\/td>\r\n<td>35-\u03c626<\/td>\r\n<td>40-M24<\/td>\r\n<td>90<\/td>\r\n<\/tr>\r\n<tr>\r\n<td>S340LC-V<\/td>\r\n<td>140109-00038<\/td>\r\n<td>1544<\/td>\r\n<td>1235<\/td>\r\n<td>122<\/td>\r\n<td>87<\/td>\r\n<td>110<\/td>\r\n<td>35-\u03c626<\/td>\r\n<td>40-M24<\/td>\r\n<td>90<\/td>\r\n<\/tr>\r\n<tr>\r\n<td>S340LC-V<\/td>\r\n<td>2109-1059a<\/td>\r\n<td>1544<\/td>\r\n<td>1235<\/td>\r\n<td>122<\/td>\r\n<td>87<\/td>\r\n<td>110<\/td>\r\n<td>35-\u03c626<\/td>\r\n<td>40-M24<\/td>\r\n<td>90<\/td>\r\n<\/tr>\r\n<tr>\r\n<td>DOOSAN 420<\/td>\r\n<td>140109-00039<\/td>\r\n<td>1549<\/td>\r\n<td>1235<\/td>\r\n<td>134<\/td>\r\n<td>103<\/td>\r\n<td>120<\/td>\r\n<td>35-\u03c626<\/td>\r\n<td>40-M24<\/td>\r\n<td>90<\/td>\r\n<\/tr>\r\n<tr>\r\n<td>S420LC-V<\/td>\r\n<td>109-00161<\/td>\r\n<td>1550<\/td>\r\n<td>1235<\/td>\r\n<td>135<\/td>\r\n<td>102<\/td>\r\n<td>120<\/td>\r\n<td>35-\u03c626<\/td>\r\n<td>40-M24<\/td>\r\n<td>90<\/td>\r\n<\/tr>\r\n<tr>\r\n<td>DX420LC<\/td>\r\n<td>140109-00007A<\/td>\r\n<td>1550<\/td>\r\n<td>1236<\/td>\r\n<td>132<\/td>\r\n<td>103<\/td>\r\n<td>120<\/td>\r\n<td>35<\/td>\r\n<td>40<\/td>\r\n<td>90<\/td>\r\n<\/tr>\r\n<tr>\r\n<td>470<\/td>\r\n<td>109-00159<\/td>\r\n<td>1682<\/td>\r\n<td>1320<\/td>\r\n<td>139<\/td>\r\n<td>118<\/td>\r\n<td>111<\/td>\r\n<td>44<\/td>\r\n<td>44<\/td>\r\n<td>111<\/td>\r\n<\/tr>\r\n<\/tbody>\r\n<\/table>\r\n<\/figure>\r\n\r\n<h3 class=\"wp-block-heading\"><\/h3>\r\nGr\u00e4vmaskiner \u00e4r oumb\u00e4rliga inom bygg-, gruv- och skogsindustrin. En nyckelkomponent som s\u00e4kerst\u00e4ller att de fungerar effektivt \u00e4r sv\u00e4nglagret. Den h\u00e4r artikeln handlar om betydelse, uppbyggnad, typer, underh\u00e5ll och vanliga problem med sv\u00e4nglager f\u00f6r gr\u00e4vmaskiner.\r\n<h3 class=\"wp-block-heading\"><\/h3>\r\n\r\n<h2 class=\"wp-block-heading\">F\u00f6rst\u00e5else f\u00f6r gr\u00e4vmaskinens sv\u00e4nglager<\/h2>\r\n<h3 class=\"wp-block-heading\"><\/h3>\r\n\r\n\r\nEtt sv\u00e4nglager f\u00f6r gr\u00e4vmaskiner, \u00e4ven kallat sv\u00e4ngring eller sv\u00e4nglager, g\u00f6r det m\u00f6jligt f\u00f6r den \u00f6vre strukturen att rotera 360 grader. Denna rotation \u00e4r avg\u00f6rande f\u00f6r gr\u00e4vning, f\u00f6rflyttning och lossning av material. Lagret st\u00f6der axiella, radiella och momentbelastningar, vilket g\u00f6r det viktigt f\u00f6r maskinen.\r\n<h3 class=\"wp-block-heading\"><\/h3>\r\n\r\n<h2 class=\"wp-block-heading\">Uppbyggnad av ett sv\u00e4nglager f\u00f6r gr\u00e4vmaskin<\/h2>\r\n<h3 class=\"wp-block-heading\"><\/h3>\r\n\r\n\r\nEtt sv\u00e4nglager f\u00f6r en gr\u00e4vmaskin best\u00e5r av:\r\n<h3 class=\"wp-block-heading\"><\/h3>\r\n\r\n<ul class=\"wp-block-list\">\r\n \t<li style=\"list-style-type: none;\">\r\n<ul>\r\n \t<li>Inre och yttre ringar: Tillverkade av h\u00f6gh\u00e5llfast st\u00e5l f\u00f6r att klara tunga belastningar.<\/li>\r\n<\/ul>\r\n<\/li>\r\n<\/ul>\r\n\r\n<ul>\r\n \t<li style=\"list-style-type: none;\">\r\n<ul>\r\n \t<li>Rullande element: Kulor eller rullar som underl\u00e4ttar en j\u00e4mn rotation.<\/li>\r\n<\/ul>\r\n<\/li>\r\n<\/ul>\r\n\r\n<ul>\r\n \t<li style=\"list-style-type: none;\">\r\n<ul>\r\n \t<li>Burar: H\u00e5ll de rullande elementen j\u00e4mnt f\u00f6rdelade.<\/li>\r\n<\/ul>\r\n<\/li>\r\n<\/ul>\r\n\r\n<ul>\r\n \t<li style=\"list-style-type: none;\">\r\n<ul>\r\n \t<li>T\u00e4tningar: Skydda lagret fr\u00e5n smuts, vatten och skr\u00e4p.<\/li>\r\n<\/ul>\r\n<\/li>\r\n<\/ul>\r\n\r\n<h3 class=\"wp-block-heading\"><\/h3>\r\n\r\n<h2 class=\"wp-block-heading\">Olika typer av sv\u00e4nglager f\u00f6r gr\u00e4vmaskiner<\/h2>\r\n<h3 class=\"wp-block-heading\"><\/h3>\r\n\r\n<h4 class=\"wp-block-heading\">Sv\u00e4nglager finns i olika utf\u00f6randen:<\/h4>\r\n<h3 class=\"wp-block-heading\"><\/h3>\r\n\r\n<ul class=\"wp-block-list\">\r\n \t<li style=\"list-style-type: none;\">\r\n<ul>\r\n \t<li>Enkelradiga kullager: Balansera lastkapacitet och rotationshastighet.<\/li>\r\n<\/ul>\r\n<\/li>\r\n<\/ul>\r\n\r\n<ul>\r\n \t<li style=\"list-style-type: none;\">\r\n<ul>\r\n \t<li>Dubbelradiga kullager: Ger h\u00f6gre lastkapacitet f\u00f6r st\u00f6rre gr\u00e4vmaskiner.<\/li>\r\n<\/ul>\r\n<\/li>\r\n<\/ul>\r\n\r\n<ul>\r\n \t<li style=\"list-style-type: none;\">\r\n<ul>\r\n \t<li>Korsade rullager: Hanterar tunga axiella och radiella belastningar samtidigt.<\/li>\r\n<\/ul>\r\n<\/li>\r\n<\/ul>\r\n\r\n<ul>\r\n \t<li style=\"list-style-type: none;\">\r\n<ul>\r\n \t<li>Tre-radiga rullager: Erbjuder maximal lastkapacitet f\u00f6r robusta gr\u00e4vmaskiner.<\/li>\r\n<\/ul>\r\n<\/li>\r\n<\/ul>\r\n\r\n<h3 class=\"wp-block-heading\"><\/h3>\r\n\r\n<h2 class=\"wp-block-heading\">Sv\u00e4nglagrens betydelse i gr\u00e4vmaskiner<\/h2>\r\n<h3 class=\"wp-block-heading\"><\/h3>\r\n\r\n\r\nSv\u00e4nglagren s\u00e4kerst\u00e4ller en j\u00e4mn lastf\u00f6rdelning och bibeh\u00e5ller gr\u00e4vmaskinens strukturella integritet. De m\u00f6jligg\u00f6r 360-graders rotation, vilket f\u00f6rb\u00e4ttrar effektiviteten i tr\u00e5nga utrymmen. Deras h\u00e5llbarhet minskar stillest\u00e5ndstiden och underh\u00e5llskostnaderna.\r\n<h3 class=\"wp-block-heading\"><\/h3>\r\n\r\n<h2 class=\"wp-block-heading\">Underh\u00e5ll av sv\u00e4nglager f\u00f6r gr\u00e4vmaskiner<\/h2>\r\n<h3 class=\"wp-block-heading\"><\/h3>\r\n\r\n<h4 class=\"wp-block-heading\">Korrekt underh\u00e5ll omfattar:<\/h4>\r\n<h3 class=\"wp-block-heading\"><\/h3>\r\n\r\n<ul class=\"wp-block-list\">\r\n \t<li style=\"list-style-type: none;\">\r\n<ul>\r\n \t<li>Regelbundna inspektioner: Kontrollera om det finns slitage, korrosion eller skador.<\/li>\r\n<\/ul>\r\n<\/li>\r\n<\/ul>\r\n\r\n<ul>\r\n \t<li style=\"list-style-type: none;\">\r\n<ul>\r\n \t<li>Sm\u00f6rjning: Minskar friktionen och f\u00f6rhindrar slitage.<\/li>\r\n<\/ul>\r\n<\/li>\r\n<\/ul>\r\n\r\n<ul>\r\n \t<li style=\"list-style-type: none;\">\r\n<ul>\r\n \t<li>F\u00f6rseglingens integritet: Se till att t\u00e4tningarna \u00e4r intakta f\u00f6r att f\u00f6rhindra kontaminering.<\/li>\r\n<\/ul>\r\n<\/li>\r\n<\/ul>\r\n\r\n<ul>\r\n \t<li style=\"list-style-type: none;\">\r\n<ul>\r\n \t<li>Hantering av last: Undvik att \u00f6verbelasta gr\u00e4vmaskinen.<\/li>\r\n<\/ul>\r\n<\/li>\r\n<\/ul>\r\n\r\n<ul>\r\n \t<li style=\"list-style-type: none;\">\r\n<ul>\r\n \t<li>Inriktning: S\u00e4kerst\u00e4ll korrekt uppriktning f\u00f6r att f\u00f6rhindra oj\u00e4mnt slitage.<\/li>\r\n<\/ul>\r\n<\/li>\r\n<\/ul>\r\n\r\n<h3 class=\"wp-block-heading\"><\/h3>\r\n\r\n<h3 class=\"wp-block-heading\">Vanliga problem med gunglager<\/h3>\r\n<h3 class=\"wp-block-heading\"><\/h3>\r\n\r\n\r\nVanliga fr\u00e5gor inkluderar:\r\n<h3 class=\"wp-block-heading\"><\/h3>\r\n\r\n<ul class=\"wp-block-list\">\r\n \t<li style=\"list-style-type: none;\">\r\n<ul>\r\n \t<li>Slitage och f\u00f6rslitning: Orsakas av kontinuerlig drift och tunga belastningar.<\/li>\r\n<\/ul>\r\n<\/li>\r\n<\/ul>\r\n\r\n<ul>\r\n \t<li style=\"list-style-type: none;\">\r\n<ul>\r\n \t<li>F\u00f6roreningar: Smuts, vatten och skr\u00e4p som tr\u00e4nger in i lagret.<\/li>\r\n<\/ul>\r\n<\/li>\r\n<\/ul>\r\n\r\n<ul>\r\n \t<li style=\"list-style-type: none;\">\r\n<ul>\r\n \t<li>Korrosion: P\u00e5 grund av fukt och tuffa f\u00f6rh\u00e5llanden.<\/li>\r\n<\/ul>\r\n<\/li>\r\n<\/ul>\r\n\r\n<ul>\r\n \t<li style=\"list-style-type: none;\">\r\n<ul>\r\n \t<li>Felaktig inriktning: Beror p\u00e5 felaktig installation eller strukturella problem.\r\n\r\n<div id=\"attachment_3345\" style=\"width: 1071px\" class=\"wp-caption alignnone\"><img decoding=\"async\" aria-describedby=\"caption-attachment-3345\" class=\"wp-image-3345 size-full\" src=\"https:\/\/swingbearing.net\/wp-content\/uploads\/2024\/05\/115.jpg\" alt=\"sv\u00e4nglager f\u00f6r gr\u00e4vmaskin\" width=\"1061\" height=\"865\" srcset=\"https:\/\/swingbearing.net\/wp-content\/uploads\/2024\/05\/115.jpg 1061w, https:\/\/swingbearing.net\/wp-content\/uploads\/2024\/05\/115-300x245.jpg 300w, https:\/\/swingbearing.net\/wp-content\/uploads\/2024\/05\/115-1024x835.jpg 1024w, https:\/\/swingbearing.net\/wp-content\/uploads\/2024\/05\/115-768x626.jpg 768w, https:\/\/swingbearing.net\/wp-content\/uploads\/2024\/05\/115-15x12.jpg 15w, https:\/\/swingbearing.net\/wp-content\/uploads\/2024\/05\/115-600x489.jpg 600w\" sizes=\"(max-width: 1061px) 100vw, 1061px\" \/><p id=\"caption-attachment-3345\" class=\"wp-caption-text\">sv\u00e4nglager f\u00f6r gr\u00e4vmaskin<\/p><\/div><\/li>\r\n<\/ul>\r\n<\/li>\r\n<\/ul>\r\n\r\n<h3 class=\"wp-block-heading\"><\/h3>\r\n\r\n<h2 class=\"wp-block-heading\">Slutsats<\/h2>\r\n<h3 class=\"wp-block-heading\"><\/h3>\r\n\r\n\r\nSv\u00e4nglager f\u00f6r gr\u00e4vmaskiner \u00e4r avg\u00f6rande f\u00f6r gr\u00e4vmaskinernas funktion och effektivitet. Att f\u00f6rst\u00e5 deras struktur, typer, betydelse, underh\u00e5ll och vanliga problem \u00e4r avg\u00f6rande f\u00f6r optimal prestanda. Korrekt underh\u00e5ll och probleml\u00f6sning i r\u00e4tt tid kan f\u00f6rl\u00e4nga lagrens livsl\u00e4ngd och tillf\u00f6rlitlighet, vilket \u00f6kar produktiviteten.","protected":false},"excerpt":{"rendered":"<p><strong><b>Del<\/b><\/strong> #: 140109-00045<br \/>\n<strong><b>G\u00f6r<\/b><\/strong>:Doosan<br \/>\n<strong><b>Modell<\/b><\/strong>: 225NLC-V<br \/>\n<strong><b>Skick<\/b><\/strong>: Ny<\/p>","protected":false},"featured_media":2863,"template":"","meta":[],"product_brand":[],"product_cat":[69],"product_tag":[78],"class_list":{"0":"post-4083","1":"product","2":"type-product","3":"status-publish","4":"has-post-thumbnail","6":"product_cat-doosan-excavator-swing-bearing","7":"product_tag-swing-circle","9":"first","10":"instock","11":"shipping-taxable","12":"product-type-simple"},"_links":{"self":[{"href":"https:\/\/swingbearing.net\/sv_se\/wp-json\/wp\/v2\/product\/4083","targetHints":{"allow":["GET"]}}],"collection":[{"href":"https:\/\/swingbearing.net\/sv_se\/wp-json\/wp\/v2\/product"}],"about":[{"href":"https:\/\/swingbearing.net\/sv_se\/wp-json\/wp\/v2\/types\/product"}],"wp:featuredmedia":[{"embeddable":true,"href":"https:\/\/swingbearing.net\/sv_se\/wp-json\/wp\/v2\/media\/2863"}],"wp:attachment":[{"href":"https:\/\/swingbearing.net\/sv_se\/wp-json\/wp\/v2\/media?parent=4083"}],"wp:term":[{"taxonomy":"product_brand","embeddable":true,"href":"https:\/\/swingbearing.net\/sv_se\/wp-json\/wp\/v2\/product_brand?post=4083"},{"taxonomy":"product_cat","embeddable":true,"href":"https:\/\/swingbearing.net\/sv_se\/wp-json\/wp\/v2\/product_cat?post=4083"},{"taxonomy":"product_tag","embeddable":true,"href":"https:\/\/swingbearing.net\/sv_se\/wp-json\/wp\/v2\/product_tag?post=4083"}],"curies":[{"name":"wp","href":"https:\/\/api.w.org\/{rel}","templated":true}]}}