{"id":3459,"date":"2024-05-29T15:27:37","date_gmt":"2024-05-29T15:27:37","guid":{"rendered":"https:\/\/swingbearing.net\/product\/hitachi-zx240-swing-bearing-9196732-excavator-slewing-ring-bearing\/"},"modified":"2024-06-04T13:41:04","modified_gmt":"2024-06-04T13:41:04","slug":"hitachi-zx240-swing-bearing-9196732-excavator-slewing-ring-bearing","status":"publish","type":"product","link":"https:\/\/swingbearing.net\/sv_se\/produkt\/hitachi-zx240-swing-bearing-9196732-excavator-slewing-ring-bearing\/","title":{"rendered":"Sv\u00e4nglager 9196732 f\u00f6r HITACHI ZX240"},"content":{"rendered":"<h2 style=\"text-align: center;\">Parametrar f\u00f6r HITACHI Swing-lager<\/h2>\n<figure class=\"wp-block-table\" style=\"font-size: 12px;\">\n<table>\n<tbody>\n<tr>\n<td>Modell<\/td>\n<td>Delnummer<\/td>\n<td>Yttre diameter<\/td>\n<td>Inv\u00e4ndig diameter<\/td>\n<td>Total h\u00f6jd<\/td>\n<td>Yttre h\u00f6jd<\/td>\n<td>Inre h\u00f6jd<\/td>\n<td>Parametrar f\u00f6r yttre h\u00e5l<\/td>\n<td>Parametrar f\u00f6r inre h\u00e5l<\/td>\n<td>Antal t\u00e4nder<\/td>\n<\/tr>\n<tr>\n<td>EX60-2<\/td>\n<td>4193433<\/td>\n<td>772<\/td>\n<td>554.4<\/td>\n<td>78<\/td>\n<td>60<\/td>\n<td>65<\/td>\n<td>24-\u03c618<\/td>\n<td>24-\u03c618<\/td>\n<td>71<\/td>\n<\/tr>\n<tr>\n<td>EX60WD -2<\/td>\n<td>4193433<\/td>\n<td>772<\/td>\n<td>554.4<\/td>\n<td>78<\/td>\n<td>60<\/td>\n<td>65<\/td>\n<td>24-\u03c618<\/td>\n<td>24-\u03c618<\/td>\n<td>71<\/td>\n<\/tr>\n<tr>\n<td>Ex60-5<\/td>\n<td>43767553<\/td>\n<td>781<\/td>\n<td>554<\/td>\n<td>76<\/td>\n<td>60<\/td>\n<td>63<\/td>\n<td>24-\u042417<\/td>\n<td>24-\u042417<\/td>\n<td>71<\/td>\n<\/tr>\n<tr>\n<td>EX100<\/td>\n<td>9098995<\/td>\n<td>1195<\/td>\n<td>962<\/td>\n<td>87<\/td>\n<td>72<\/td>\n<td>69<\/td>\n<td>36-\u03c619<\/td>\n<td>36-\u03c617<\/td>\n<td>98<\/td>\n<\/tr>\n<tr>\n<td>EX100-3<\/td>\n<td>9102726<\/td>\n<td>1092<\/td>\n<td>862<\/td>\n<td>84<\/td>\n<td>68<\/td>\n<td>70<\/td>\n<td>36-\u042420<\/td>\n<td>36-\u042418<\/td>\n<td>88<\/td>\n<\/tr>\n<tr>\n<td>EX150-5<\/td>\n<td>9146953<\/td>\n<td>1197<\/td>\n<td>939<\/td>\n<td>98<\/td>\n<td>69<\/td>\n<td>81<\/td>\n<td>36<\/td>\n<td>40<\/td>\n<td>80<\/td>\n<\/tr>\n<tr>\n<td>EX200<\/td>\n<td>9098993<\/td>\n<td>1312<\/td>\n<td>1084<\/td>\n<td>106<\/td>\n<td>72<\/td>\n<td>95<\/td>\n<td>36-\u03c622<\/td>\n<td>36-M20*1.5<\/td>\n<td>92<\/td>\n<\/tr>\n<tr>\n<td>ZX200LC-5G<\/td>\n<td>9260971<\/td>\n<td>1316<\/td>\n<td>1082<\/td>\n<td>96<\/td>\n<td>76<\/td>\n<td>85<\/td>\n<td>37-\u03c621<\/td>\n<td>36-M20*1.5<\/td>\n<td>92<\/td>\n<\/tr>\n<tr>\n<td>ZX200-3<\/td>\n<td>9260971<\/td>\n<td>1316<\/td>\n<td>1082<\/td>\n<td>96<\/td>\n<td>76<\/td>\n<td>85<\/td>\n<td>37-\u03c621<\/td>\n<td>36-M20*1.5<\/td>\n<td>92<\/td>\n<\/tr>\n<tr>\n<td>ZX200<\/td>\n<td>9196732<\/td>\n<td>1312<\/td>\n<td>1082<\/td>\n<td>106<\/td>\n<td>72<\/td>\n<td>95<\/td>\n<td>32-\u042421<\/td>\n<td>36-M20<\/td>\n<td>92<\/td>\n<\/tr>\n<tr>\n<td>ZX200-5G<\/td>\n<td>9260971<\/td>\n<td>1316<\/td>\n<td>1082<\/td>\n<td>96<\/td>\n<td>76<\/td>\n<td>85<\/td>\n<td>37-\u03c621<\/td>\n<td>36-M20*1.5<\/td>\n<td>92<\/td>\n<\/tr>\n<tr>\n<td>EX210-5<\/td>\n<td>9102727<\/td>\n<td>1310<\/td>\n<td>1083<\/td>\n<td>106<\/td>\n<td>72<\/td>\n<td>95<\/td>\n<td>36-\u042422<\/td>\n<td>36-M20<\/td>\n<td>92<\/td>\n<\/tr>\n<tr>\n<td>ZX210LCK<\/td>\n<td>9169646<\/td>\n<td>1312<\/td>\n<td>1082<\/td>\n<td>106<\/td>\n<td>72<\/td>\n<td>95<\/td>\n<td>32-\u042421<\/td>\n<td>36-M20*1.5<\/td>\n<td>92<\/td>\n<\/tr>\n<tr>\n<td>ZX220<\/td>\n<td>9262248<\/td>\n<td>1416<\/td>\n<td>1137<\/td>\n<td>110<\/td>\n<td>84<\/td>\n<td>97<\/td>\n<td>36-\u042424<\/td>\n<td>36-M22*1.5<\/td>\n<td>83<\/td>\n<\/tr>\n<tr>\n<td>EX220-1<\/td>\n<td>9154037<\/td>\n<td>1416<\/td>\n<td>1137<\/td>\n<td>110<\/td>\n<td>84<\/td>\n<td>97<\/td>\n<td>36-\u042424<\/td>\n<td>36-M22<\/td>\n<td>83<\/td>\n<\/tr>\n<tr>\n<td>ZX225US<\/td>\n<td>9196732<\/td>\n<td>1312<\/td>\n<td>1082<\/td>\n<td>106<\/td>\n<td>72<\/td>\n<td>95<\/td>\n<td>32-\u042421<\/td>\n<td>36-M20<\/td>\n<td>92<\/td>\n<\/tr>\n<tr>\n<td>ZX330-3LC<\/td>\n<td>9260971<\/td>\n<td>1312<\/td>\n<td>1082<\/td>\n<td>106<\/td>\n<td>72<\/td>\n<td>95<\/td>\n<td>32\/21<\/td>\n<td>36-M20*1.5<\/td>\n<td>92<\/td>\n<\/tr>\n<tr>\n<td>EX270-5<\/td>\n<td>9154037<\/td>\n<td>1416<\/td>\n<td>1137<\/td>\n<td>110<\/td>\n<td>84<\/td>\n<td>97<\/td>\n<td>36-\u042424<\/td>\n<td>36-M22<\/td>\n<td>83<\/td>\n<\/tr>\n<tr>\n<td>ZX230<\/td>\n<td>9154037<\/td>\n<td>1416<\/td>\n<td>1137<\/td>\n<td>110<\/td>\n<td>84<\/td>\n<td>97<\/td>\n<td>36-\u042424<\/td>\n<td>36-M22*1.5<\/td>\n<td>83<\/td>\n<\/tr>\n<tr>\n<td>ZX230<\/td>\n<td>9159646<\/td>\n<td>1416<\/td>\n<td>1137<\/td>\n<td>110<\/td>\n<td>84<\/td>\n<td>97<\/td>\n<td>36-\u042424<\/td>\n<td>36-M22*1.5<\/td>\n<td>83<\/td>\n<\/tr>\n<tr>\n<td>ZX240<\/td>\n<td>9196732<\/td>\n<td>1416<\/td>\n<td>1137<\/td>\n<td>110<\/td>\n<td>84<\/td>\n<td>97<\/td>\n<td>36-\u042424<\/td>\n<td>36-M22*1.5<\/td>\n<td>83<\/td>\n<\/tr>\n<tr>\n<td>ZX240<\/td>\n<td>9245728<\/td>\n<td>1416<\/td>\n<td>1137<\/td>\n<td>110<\/td>\n<td>84<\/td>\n<td>97<\/td>\n<td>35-\u03c624<\/td>\n<td>36-M22*1.5<\/td>\n<td>83<\/td>\n<\/tr>\n<tr>\n<td>EX300-3<\/td>\n<td>9112188<\/td>\n<td>1531<\/td>\n<td>1248<\/td>\n<td>117<\/td>\n<td>83<\/td>\n<td>105<\/td>\n<td>32-\u03c626<\/td>\n<td>36-M24*2<\/td>\n<td>91<\/td>\n<\/tr>\n<tr>\n<td>ZX330LC-5G<\/td>\n<td>9245698<\/td>\n<td>1930<\/td>\n<td>1297<\/td>\n<td>121<\/td>\n<td>95<\/td>\n<td>110<\/td>\n<td>36-\u03c629<\/td>\n<td>36-M27*2<\/td>\n<td>83<\/td>\n<\/tr>\n<tr>\n<td>340 LCV<\/td>\n<td>140109-00047<\/td>\n<td>1543<\/td>\n<td>1236<\/td>\n<td>132<\/td>\n<td>103<\/td>\n<td>120<\/td>\n<td>35-\u03c626<\/td>\n<td>40-M24<\/td>\n<td>90<\/td>\n<\/tr>\n<tr>\n<td>ZX350-3<\/td>\n<td>9245698<\/td>\n<td>1629<\/td>\n<td>1296<\/td>\n<td>121<\/td>\n<td>95<\/td>\n<td>110<\/td>\n<td>40-\u042429<\/td>\n<td>36-M27*2<\/td>\n<td>83<\/td>\n<\/tr>\n<tr>\n<td>ZX370<\/td>\n<td>9166468<\/td>\n<td>1629<\/td>\n<td>1296<\/td>\n<td>121<\/td>\n<td>95<\/td>\n<td>110<\/td>\n<td>40-\u042429<\/td>\n<td>36-M27*2<\/td>\n<td>83<\/td>\n<\/tr>\n<tr>\n<td>ZX370<\/td>\n<td>9169894<\/td>\n<td>1629<\/td>\n<td>1296<\/td>\n<td>121<\/td>\n<td>95<\/td>\n<td>110<\/td>\n<td>40-\u042429<\/td>\n<td>36-M27*2<\/td>\n<td>83<\/td>\n<\/tr>\n<tr>\n<td>KH180-3<\/td>\n<td>9099074<\/td>\n<td>1630<\/td>\n<td>1218<\/td>\n<td>162<\/td>\n<td>144<\/td>\n<td>136<\/td>\n<td>22-29<\/td>\n<td>36-M27<\/td>\n<td>88<\/td>\n<\/tr>\n<tr>\n<td>EX400-5<\/td>\n<td>9129521<\/td>\n<td>1654<\/td>\n<td>1275<\/td>\n<td>129<\/td>\n<td>117<\/td>\n<td>110<\/td>\n<td>36-\u042429<\/td>\n<td>36-\u042429<\/td>\n<td>107<\/td>\n<\/tr>\n<tr>\n<td>ZX450<\/td>\n<td>9129521<\/td>\n<td>1652<\/td>\n<td>1273<\/td>\n<td>130<\/td>\n<td>120<\/td>\n<td>110<\/td>\n<td>36-\u042429<\/td>\n<td>36-\u042429<\/td>\n<td>107<\/td>\n<\/tr>\n<tr>\n<td>ZX650LCH<\/td>\n<td>6016584<\/td>\n<td>1754<\/td>\n<td>1342<\/td>\n<td>150<\/td>\n<td>130<\/td>\n<td>117<\/td>\n<td>36<\/td>\n<td>36<\/td>\n<td>97<\/td>\n<\/tr>\n<tr>\n<td>ZX800LD<\/td>\n<td>9229741<\/td>\n<td>1930<\/td>\n<td>1495<\/td>\n<td>160<\/td>\n<td>148<\/td>\n<td>135<\/td>\n<td>40<\/td>\n<td>40<\/td>\n<td>108<\/td>\n<\/tr>\n<tr>\n<td>ZX870-3<\/td>\n<td>9321216<\/td>\n<td>2040<\/td>\n<td>1595<\/td>\n<td>160<\/td>\n<td>147<\/td>\n<td>136<\/td>\n<td>41-\u042435<\/td>\n<td>48-\u042431.5<\/td>\n<td>115<\/td>\n<\/tr>\n<tr>\n<td>ZX870<\/td>\n<td>6023643<\/td>\n<td>2037<\/td>\n<td>1595<\/td>\n<td>160<\/td>\n<td>148<\/td>\n<td>136<\/td>\n<td>41<\/td>\n<td>48<\/td>\n<td>115<\/td>\n<\/tr>\n<\/tbody>\n<\/table>\n<\/figure>\n<p>Vi kan tillhandah\u00e5lla alternativa sv\u00e4nglager f\u00f6r din CAT, HITACHI, KOMATSU, KOBELCO, HYUNDAI, VOLVO, DOOSAN, DAEWOO, JCB, CASE, SUMITOMO, XCMG.Det finns normala och icke-standardiserade \u00f6ver 1000 hundratals typer f\u00f6r dig att v\u00e4lja mellan.V\u00e5ra sv\u00e4nglager \u00e4r speciellt utformade f\u00f6r att uppfylla kraven p\u00e5 gr\u00e4vmaskiner, vilket ger p\u00e5litlig, l\u00e5ngvarig prestanda under en rad olika f\u00f6rh\u00e5llanden. Oavsett om du beh\u00f6ver ett sv\u00e4nglager f\u00f6r en gr\u00e4vmaskin, ett sv\u00e4ngringlager eller ett sv\u00e4ngringlager f\u00f6r gr\u00e4vmaskin, \u00e4r v\u00e5ra produkter den perfekta l\u00f6sningen.<\/p>\n<p>V\u00e5ra sv\u00e4nglager f\u00f6r gr\u00e4vmaskiner \u00e4r tillverkade av h\u00f6gkvalitativa material som garanterar styrka, h\u00e5llbarhet och motst\u00e5ndskraft mot slitage. V\u00e5ra ingenj\u00f6rer har \u00e4gnat otaliga timmar \u00e5t att f\u00f6rb\u00e4ttra utformningen av v\u00e5ra sv\u00e4nglager f\u00f6r att s\u00e4kerst\u00e4lla att de levererar optimal prestanda \u00e4ven under de tuffaste f\u00f6rh\u00e5llandena. Vi \u00e4r stolta \u00f6ver v\u00e5rt arbete och vi \u00e4r \u00f6vertygade om att du kommer att se skillnaden n\u00e4r du v\u00e4ljer v\u00e5ra produkter.<\/p>\n<p>Vi erbjuder ett brett utbud av sv\u00e4nglageralternativ f\u00f6r gr\u00e4vmaskinsdelar, inklusive de mest popul\u00e4ra modellerna som UH025, UH045, UH063 och UH083.<br \/>\nVi har \u00e4ven gunglager till andra popul\u00e4ra modeller som EX200, EX300, EX310, ZX60, ZX70, ZA80, ZX110, ZX120, ZX200, ZX210, ZX250, ZX290, ZX330, ZX470, ZX870EX1000, EX1200, ZX225UR, ZX520, EX120-3, EX120-5, EX130H-5, ZAX110, ZAX120-6, ZAX120, UH07-7, ZAX200, ZXA210, ZAX200-3G, ZAX250-3G, ZAX200-3, ZAX200LC-3, ZAX210H-3, ZAX210LCH-3, ZAX210K-3, EX210LCH-5, ZAX225, ZX230, EX220-2, EX220-3, EX220-5, EX270-5, EX230H-3, EX280H-5, ZAX240H, ZAX240LCH, ZAX240K, ZAX250, ZAX270, ZAX280LC, EX290LCH-5, EX300-1, EX300-2, EX300H-2, EX300-3, EX300-3C, EX300H-3, EX310H-3C, EX310LCH-3C, ZAX330, EX350, ZXA360, ZAX450-6, EX100-5, EX110-5 och EX120-2.<\/p>\n<p>V\u00e5ra sv\u00e4nglager f\u00f6r gr\u00e4vmaskiner och sv\u00e4ngv\u00e4xlar f\u00f6r gr\u00e4vmaskiner finns ocks\u00e5 tillg\u00e4ngliga f\u00f6r dem som beh\u00f6ver dem, vilket s\u00e4kerst\u00e4ller att du har allt du beh\u00f6ver f\u00f6r att h\u00e5lla din maskin ig\u00e5ng smidigt.<\/p>","protected":false},"excerpt":{"rendered":"<p><strong><b>Del<\/b><\/strong> #: 9196732<br \/>\n<strong><b>G\u00f6r<\/b><\/strong>: HITACHI<br \/>\n<strong><b>Modell<\/b><\/strong>: ZX240<br \/>\n<strong><b>Skick<\/b><\/strong>: Ny<\/p>","protected":false},"featured_media":2928,"template":"","meta":[],"product_brand":[],"product_cat":[65,22],"product_tag":[46],"class_list":{"0":"post-3459","1":"product","2":"type-product","3":"status-publish","4":"has-post-thumbnail","6":"product_cat-hitachi-excavator-swing-bearing","7":"product_cat-swing-bearing","8":"product_tag-slewing-bearing","10":"first","11":"instock","12":"shipping-taxable","13":"product-type-simple"},"_links":{"self":[{"href":"https:\/\/swingbearing.net\/sv_se\/wp-json\/wp\/v2\/product\/3459","targetHints":{"allow":["GET"]}}],"collection":[{"href":"https:\/\/swingbearing.net\/sv_se\/wp-json\/wp\/v2\/product"}],"about":[{"href":"https:\/\/swingbearing.net\/sv_se\/wp-json\/wp\/v2\/types\/product"}],"wp:featuredmedia":[{"embeddable":true,"href":"https:\/\/swingbearing.net\/sv_se\/wp-json\/wp\/v2\/media\/2928"}],"wp:attachment":[{"href":"https:\/\/swingbearing.net\/sv_se\/wp-json\/wp\/v2\/media?parent=3459"}],"wp:term":[{"taxonomy":"product_brand","embeddable":true,"href":"https:\/\/swingbearing.net\/sv_se\/wp-json\/wp\/v2\/product_brand?post=3459"},{"taxonomy":"product_cat","embeddable":true,"href":"https:\/\/swingbearing.net\/sv_se\/wp-json\/wp\/v2\/product_cat?post=3459"},{"taxonomy":"product_tag","embeddable":true,"href":"https:\/\/swingbearing.net\/sv_se\/wp-json\/wp\/v2\/product_tag?post=3459"}],"curies":[{"name":"wp","href":"https:\/\/api.w.org\/{rel}","templated":true}]}}