{"id":3389,"date":"2024-05-27T09:08:44","date_gmt":"2024-05-27T09:08:44","guid":{"rendered":"https:\/\/swingbearing.net\/product\/hyundai-r360lc-7-excavator-swing-bearing-81na-01022gg-slewing-ring\/"},"modified":"2024-05-27T15:19:11","modified_gmt":"2024-05-27T15:19:11","slug":"hyundai-r360lc-7-excavator-swing-bearing-81na-01022gg-slewing-ring","status":"publish","type":"product","link":"https:\/\/swingbearing.net\/sv_se\/produkt\/hyundai-r360lc-7-excavator-swing-bearing-81na-01022gg-slewing-ring\/","title":{"rendered":"Sv\u00e4nglager 81NA-01022GG f\u00f6r HYUNDAI R360LC-7"},"content":{"rendered":"<h2 style=\"text-align: center;\">Parametrar f\u00f6r HYUNDAI Swing-lager<\/h2>\n<div class=\"bde-rich-text-243-405 bde-rich-text breakdance-rich-text-styles\">\n<figure class=\"wp-block-table\">\n<table>\n<tbody>\n<tr>\n<td>Modell<\/td>\n<td>Delnummer<\/td>\n<td>Yttre diameter<\/td>\n<td>Inv\u00e4ndig diameter<\/td>\n<td>Total h\u00f6jd<\/td>\n<td>Yttre h\u00f6jd<\/td>\n<td>Inre h\u00f6jd<\/td>\n<td>Parametrar f\u00f6r yttre h\u00e5l<\/td>\n<td>Parametrar f\u00f6r inre h\u00e5l<\/td>\n<td>Antal t\u00e4nder<\/td>\n<\/tr>\n<tr>\n<td>R140LC-7<\/td>\n<td>81N4-01020<\/td>\n<td>1196<\/td>\n<td>963<\/td>\n<td>90<\/td>\n<td>79<\/td>\n<td>80<\/td>\n<td>36-\u03c619<\/td>\n<td>36-M16*1.5<\/td>\n<td>98<\/td>\n<\/tr>\n<tr>\n<td>R210LC-3<\/td>\n<td>81EM-00020<\/td>\n<td>1202<\/td>\n<td>945<\/td>\n<td>84<\/td>\n<td>75<\/td>\n<td>70<\/td>\n<td>36<\/td>\n<td>36<\/td>\n<td>80<\/td>\n<\/tr>\n<tr>\n<td>R170W-7<\/td>\n<td>81EM-00021<\/td>\n<td>1202<\/td>\n<td>947<\/td>\n<td>83<\/td>\n<td>75<\/td>\n<td>70<\/td>\n<td>36-\u03c622<\/td>\n<td>36-M20*1.5<\/td>\n<td>80<\/td>\n<\/tr>\n<tr>\n<td>R180W-9S<\/td>\n<td>81EM-00021GG<\/td>\n<td>1202<\/td>\n<td>947<\/td>\n<td>83<\/td>\n<td>75<\/td>\n<td>70<\/td>\n<td>36-\u03c622<\/td>\n<td>36-M20*1.5<\/td>\n<td>80<\/td>\n<\/tr>\n<tr>\n<td>R200W-7<\/td>\n<td>81EM-00021GG<\/td>\n<td>1327<\/td>\n<td>1083<\/td>\n<td>110<\/td>\n<td>89<\/td>\n<td>94<\/td>\n<td>30-\u03c622<\/td>\n<td>36-M20<\/td>\n<td>92<\/td>\n<\/tr>\n<tr>\n<td>R210-7<\/td>\n<td>81N6-00023BG<\/td>\n<td>1327<\/td>\n<td>1084<\/td>\n<td>110<\/td>\n<td>89<\/td>\n<td>94<\/td>\n<td>30-\u03c622<\/td>\n<td>36-M20<\/td>\n<td>92<\/td>\n<\/tr>\n<tr>\n<td>R210LC-7<\/td>\n<td>81N6-01020<\/td>\n<td>1326<\/td>\n<td>1084<\/td>\n<td>110<\/td>\n<td>89<\/td>\n<td>94<\/td>\n<td>30-\u03c622<\/td>\n<td>36-M20<\/td>\n<td>92<\/td>\n<\/tr>\n<tr>\n<td>R210-7<\/td>\n<td>81N6-00022<\/td>\n<td>1326<\/td>\n<td>1084<\/td>\n<td>110<\/td>\n<td>89<\/td>\n<td>94<\/td>\n<td>30-\u03c622<\/td>\n<td>36-M20<\/td>\n<td>92<\/td>\n<\/tr>\n<tr>\n<td>R210-7<\/td>\n<td>81N6-00021<\/td>\n<td>1326<\/td>\n<td>1084<\/td>\n<td>110<\/td>\n<td>89<\/td>\n<td>94<\/td>\n<td>30-\u03c622<\/td>\n<td>36-M20<\/td>\n<td>92<\/td>\n<\/tr>\n<tr>\n<td>R210LC7<\/td>\n<td>31N 812020<\/td>\n<td>1326<\/td>\n<td>1084<\/td>\n<td>110<\/td>\n<td>89<\/td>\n<td>94<\/td>\n<td>30-\u03a622<\/td>\n<td>36-M20<\/td>\n<td>92<\/td>\n<\/tr>\n<tr>\n<td>R210W-9S<\/td>\n<td>81Q5-01020<\/td>\n<td>1327<\/td>\n<td>1083<\/td>\n<td>110<\/td>\n<td>89<\/td>\n<td>94<\/td>\n<td>30-\u03c622<\/td>\n<td>36-M20<\/td>\n<td>92<\/td>\n<\/tr>\n<tr>\n<td>R210W-9S<\/td>\n<td>81Q5-01021<\/td>\n<td>1327<\/td>\n<td>1083<\/td>\n<td>110<\/td>\n<td>89<\/td>\n<td>94<\/td>\n<td>30-\u03c622<\/td>\n<td>36-M20<\/td>\n<td>92<\/td>\n<\/tr>\n<tr>\n<td>R220LC-9S<\/td>\n<td>81Q6-00020<\/td>\n<td>1326<\/td>\n<td>1084<\/td>\n<td>110<\/td>\n<td>89<\/td>\n<td>94<\/td>\n<td>30-\u03c622<\/td>\n<td>36-M20<\/td>\n<td>92<\/td>\n<\/tr>\n<tr>\n<td>R220LC-9S<\/td>\n<td>81Q6-01020<\/td>\n<td>1326<\/td>\n<td>1084<\/td>\n<td>110<\/td>\n<td>89<\/td>\n<td>94<\/td>\n<td>30-\u03c622<\/td>\n<td>36-M20<\/td>\n<td>92<\/td>\n<\/tr>\n<tr>\n<td>R220LC-9S<\/td>\n<td>81Q6-01021<\/td>\n<td>1326<\/td>\n<td>1084<\/td>\n<td>110<\/td>\n<td>89<\/td>\n<td>94<\/td>\n<td>30-\u03c622<\/td>\n<td>36-M20<\/td>\n<td>92<\/td>\n<\/tr>\n<tr>\n<td>R220LC-9S<\/td>\n<td>81Q6-00021<\/td>\n<td>1326<\/td>\n<td>1084<\/td>\n<td>110<\/td>\n<td>89<\/td>\n<td>94<\/td>\n<td>30-\u03c622<\/td>\n<td>36-M20<\/td>\n<td>92<\/td>\n<\/tr>\n<tr>\n<td>R250LC-7<\/td>\n<td>81EN-00052<\/td>\n<td>1410<\/td>\n<td>1131<\/td>\n<td>120<\/td>\n<td>88<\/td>\n<td>110<\/td>\n<td>34-\u03c623<\/td>\n<td>36-M20<\/td>\n<td>82<\/td>\n<\/tr>\n<tr>\n<td>290LC-7<\/td>\n<td>81N8-0003<\/td>\n<td>1526<\/td>\n<td>1235<\/td>\n<td>123<\/td>\n<td>97<\/td>\n<td>110<\/td>\n<td>38-\u03c626<\/td>\n<td>40-M24<\/td>\n<td>90<\/td>\n<\/tr>\n<tr>\n<td>R290<\/td>\n<td>81N8-00021<\/td>\n<td>1526<\/td>\n<td>1235<\/td>\n<td>122<\/td>\n<td>87<\/td>\n<td>110<\/td>\n<td>37-\u042426<\/td>\n<td>40-M24<\/td>\n<td>90<\/td>\n<\/tr>\n<tr>\n<td>R290<\/td>\n<td>81N8-00022<\/td>\n<td>1526<\/td>\n<td>1235<\/td>\n<td>122<\/td>\n<td>87<\/td>\n<td>110<\/td>\n<td>37-\u042426<\/td>\n<td>40-M24<\/td>\n<td>90<\/td>\n<\/tr>\n<tr>\n<td>R290LC 7A<\/td>\n<td>4921797<\/td>\n<td>1526<\/td>\n<td>1235<\/td>\n<td>123<\/td>\n<td>97<\/td>\n<td>110<\/td>\n<td>38-\u03c626<\/td>\n<td>40-M24<\/td>\n<td>90<\/td>\n<\/tr>\n<tr>\n<td>R290LC-7<\/td>\n<td>81N8-00023<\/td>\n<td>1526<\/td>\n<td>1235<\/td>\n<td>123<\/td>\n<td>97<\/td>\n<td>110<\/td>\n<td>38-\u03c626<\/td>\n<td>40-M24<\/td>\n<td>90<\/td>\n<\/tr>\n<tr>\n<td>R290LC-7A<\/td>\n<td>81N8-00024GG<\/td>\n<td>1526<\/td>\n<td>1235<\/td>\n<td>122<\/td>\n<td>97<\/td>\n<td>110<\/td>\n<td>38-\u03c626<\/td>\n<td>40-M24<\/td>\n<td>90<\/td>\n<\/tr>\n<tr>\n<td>R320-7<\/td>\n<td>81N9-01020<\/td>\n<td>1526<\/td>\n<td>1235<\/td>\n<td>122<\/td>\n<td>97<\/td>\n<td>110<\/td>\n<td>38-\u042426<\/td>\n<td>40-M24<\/td>\n<td>90<\/td>\n<\/tr>\n<tr>\n<td>R320LC-7<\/td>\n<td>81N9-01021<\/td>\n<td>1526<\/td>\n<td>1235<\/td>\n<td>122<\/td>\n<td>97<\/td>\n<td>110<\/td>\n<td>38-\u042426<\/td>\n<td>40-M24<\/td>\n<td>90<\/td>\n<\/tr>\n<tr>\n<td>R320LC-7<\/td>\n<td>81N9-01022<\/td>\n<td>1526<\/td>\n<td>1235<\/td>\n<td>122<\/td>\n<td>97<\/td>\n<td>110<\/td>\n<td>38-\u042426<\/td>\n<td>40-M24<\/td>\n<td>90<\/td>\n<\/tr>\n<tr>\n<td>R320LC-7<\/td>\n<td>81n9-01022 BG<\/td>\n<td>1526<\/td>\n<td>1235<\/td>\n<td>122<\/td>\n<td>97<\/td>\n<td>110<\/td>\n<td>38-\u042426<\/td>\n<td>40-M24<\/td>\n<td>90<\/td>\n<\/tr>\n<tr>\n<td>R320LC-7<\/td>\n<td>81N9-00021<\/td>\n<td>1526<\/td>\n<td>1235<\/td>\n<td>122<\/td>\n<td>97<\/td>\n<td>110<\/td>\n<td>38<\/td>\n<td>40<\/td>\n<td>90<\/td>\n<\/tr>\n<tr>\n<td>R360LC-7<\/td>\n<td>81NA-01020<\/td>\n<td>1550<\/td>\n<td>1250<\/td>\n<td><\/td>\n<td>108<\/td>\n<td>140<\/td>\n<td>35<\/td>\n<td>40<\/td>\n<td>106<\/td>\n<\/tr>\n<tr>\n<td>R360LC-7<\/td>\n<td>81NA-01022GG<\/td>\n<td>1550<\/td>\n<td>1250<\/td>\n<td>152<\/td>\n<td>108<\/td>\n<td>140<\/td>\n<td>35<\/td>\n<td>40<\/td>\n<td>106<\/td>\n<\/tr>\n<tr>\n<td>R360LC-7A<\/td>\n<td>81NA-01021BG<\/td>\n<td>1550<\/td>\n<td>1250<\/td>\n<td>152<\/td>\n<td>108<\/td>\n<td>140<\/td>\n<td>35<\/td>\n<td>40<\/td>\n<td>106<\/td>\n<\/tr>\n<\/tbody>\n<\/table>\n<\/figure>\n<\/div>\n<h3>Introduktion till sv\u00e4nglager f\u00f6r gr\u00e4vmaskiner<\/h3>\n<p>Bland de tunga maskinerna \u00e4r gr\u00e4vmaskinerna oumb\u00e4rliga verktyg f\u00f6r en m\u00e4ngd olika bygg- och gr\u00e4varbeten. En av de kritiska komponenter som bidrar till deras exceptionella prestanda \u00e4r sv\u00e4nglagret. Denna viktiga komponent spelar en central roll f\u00f6r att gr\u00e4vmaskinens \u00f6vre struktur ska kunna rotera smidigt och effektivt.<\/p>\n<p>Sv\u00e4nglagret \u00e4r ett stort, cirkul\u00e4rt lager som \u00e4r placerat vid basen av gr\u00e4vmaskinens \u00f6verdel. Det ger en yta med l\u00e5g friktion som g\u00f6r att den \u00f6vre strukturen kan rotera fritt p\u00e5 den nedre strukturen. Denna rotation \u00e4r n\u00f6dv\u00e4ndig f\u00f6r att gr\u00e4vmaskinen ska kunna utf\u00f6ra sina prim\u00e4ra funktioner, t.ex. gr\u00e4vning, dikning och materialhantering.<\/p>\n<p>Konstruktionen av sv\u00e4nglagret \u00e4r avg\u00f6rande f\u00f6r gr\u00e4vmaskinens totala prestanda. Det m\u00e5ste kunna motst\u00e5 de enorma belastningar och krafter som genereras under drift. Dessa belastningar inkluderar vikten av den \u00f6vre strukturen, gr\u00e4vkrafterna och de tr\u00f6ghetskrafter som uppst\u00e5r under acceleration och retardation.<\/p>\n<p>F\u00f6r att uppfylla dessa krav \u00e4r gunglagren vanligtvis tillverkade av h\u00f6gh\u00e5llfasta material, t.ex. smidesst\u00e5l eller gjutj\u00e4rn. De \u00e4r ocks\u00e5 utrustade med flera rader av rullelement, som f\u00f6rdelar belastningen och minskar friktionen. Rullelementen \u00e4r vanligtvis tillverkade av h\u00e4rdat st\u00e5l eller keramiska material f\u00f6r att s\u00e4kerst\u00e4lla h\u00e5llbarhet och l\u00e5ng livsl\u00e4ngd.<\/p>\n<p>Korrekt underh\u00e5ll av sv\u00e4nglagren \u00e4r avg\u00f6rande f\u00f6r att s\u00e4kerst\u00e4lla gr\u00e4vmaskinens optimala prestanda och livsl\u00e4ngd. Regelbunden sm\u00f6rjning \u00e4r avg\u00f6rande f\u00f6r att f\u00f6rhindra slitage och f\u00f6rl\u00e4nga lagrets livsl\u00e4ngd. Dessutom b\u00f6r regelbundna inspektioner utf\u00f6ras f\u00f6r att identifiera eventuella tecken p\u00e5 skador eller \u00f6verdrivet slitage.<\/p>\n<p>N\u00e4r man v\u00e4ljer ett sv\u00e4nglager till en gr\u00e4vmaskin \u00e4r det viktigt att ta h\u00e4nsyn till de specifika kraven f\u00f6r applikationen. Faktorer som gr\u00e4vmaskinens storlek, vikt och avsedda anv\u00e4ndning b\u00f6r tas med i ber\u00e4kningen. Det \u00e4r ocks\u00e5 l\u00e4mpligt att r\u00e5dg\u00f6ra med gr\u00e4vmaskinens tillverkare eller en kvalificerad lagerleverant\u00f6r f\u00f6r att s\u00e4kerst\u00e4lla att lagret v\u00e4ljs och installeras p\u00e5 r\u00e4tt s\u00e4tt.<\/p>\n<p>Sammanfattningsvis \u00e4r sv\u00e4nglagret en kritisk komponent som spelar en avg\u00f6rande roll f\u00f6r gr\u00e4vmaskinernas prestanda och effektivitet. Genom att f\u00f6rst\u00e5 sv\u00e4nglagrens konstruktion, funktion och underh\u00e5llskrav kan f\u00f6rare och underh\u00e5llspersonal se till att deras gr\u00e4vmaskiner fungerar med topprestanda under m\u00e5nga \u00e5r fram\u00f6ver.<\/p>\n<h4><a href=\"https:\/\/swingbearing.net\/sv_se\/swing-bearing\/\">Hyundai sv\u00e4nglager<\/a><\/h4>\n<p>Hyundai \u00e4r ett v\u00e4lk\u00e4nt varum\u00e4rke inom bygg- och anl\u00e4ggningsindustrin och tillhandah\u00e5ller kvalitetsmaskiner och reservdelar f\u00f6r gr\u00e4vmaskiner. Hyundais produkt f\u00f6r sv\u00e4nglager till gr\u00e4vmaskiner \u00e4r utformad f\u00f6r att ge h\u00e5llbarhet, precision och prestanda, vilket g\u00f6r den till ett idealiskt val f\u00f6r \u00e4gare och operat\u00f6rer av gr\u00e4vmaskiner.<\/p>\n<p>Gr\u00e4vmaskinens sv\u00e4nglager fr\u00e5n Hyundai \u00e4r tillg\u00e4ngligt f\u00f6r ett brett utbud av gr\u00e4vmaskinsmodeller, inklusive R55, R60, R80, R130LC-3-5, R150, R190, R200, R200-5, R210, R215-7\/9, R220, R225LC-7\/9, R245, R260, R265, R290, R290LC-7, R300LC, R305LC, R330LC, R340, R375, R360LC-7, R390, R450LC, R470, R485, R500, R55-5, R60-5, R55-7, R60-7, R70-7, R80, R110LC-7, R130-5, R130-7, R140LC-7, R150LC-7, R150LC-9, R200W-7, R200, R200-3, R200-5, R210-3, R210-5, R210-5D, R220-3, R220-5, R210-7, R210-9, R215-7, R225-7, R220-9, R225-9, R260-7, R265-7, R290-3, R300-5, R290-7, R305-7, R305-9, R320-7, R300, R350, R400, R450, R480 och R550.<\/p>","protected":false},"excerpt":{"rendered":"<p><strong><b>Del<\/b><\/strong> #: 81NA-01022GG<br \/>\n<strong><b>G\u00f6r<\/b><\/strong>: HYUNDAI<br \/>\n<strong><b>Modell<\/b><\/strong>:R360LC-7<br \/>\n<strong><b>Skick<\/b><\/strong>: Ny<\/p>","protected":false},"featured_media":3038,"template":"","meta":[],"product_brand":[],"product_cat":[66,22],"product_tag":[],"class_list":{"0":"post-3389","1":"product","2":"type-product","3":"status-publish","4":"has-post-thumbnail","6":"product_cat-hyundai-excavator-swing-bearing","7":"product_cat-swing-bearing","9":"first","10":"instock","11":"shipping-taxable","12":"product-type-simple"},"_links":{"self":[{"href":"https:\/\/swingbearing.net\/sv_se\/wp-json\/wp\/v2\/product\/3389","targetHints":{"allow":["GET"]}}],"collection":[{"href":"https:\/\/swingbearing.net\/sv_se\/wp-json\/wp\/v2\/product"}],"about":[{"href":"https:\/\/swingbearing.net\/sv_se\/wp-json\/wp\/v2\/types\/product"}],"wp:featuredmedia":[{"embeddable":true,"href":"https:\/\/swingbearing.net\/sv_se\/wp-json\/wp\/v2\/media\/3038"}],"wp:attachment":[{"href":"https:\/\/swingbearing.net\/sv_se\/wp-json\/wp\/v2\/media?parent=3389"}],"wp:term":[{"taxonomy":"product_brand","embeddable":true,"href":"https:\/\/swingbearing.net\/sv_se\/wp-json\/wp\/v2\/product_brand?post=3389"},{"taxonomy":"product_cat","embeddable":true,"href":"https:\/\/swingbearing.net\/sv_se\/wp-json\/wp\/v2\/product_cat?post=3389"},{"taxonomy":"product_tag","embeddable":true,"href":"https:\/\/swingbearing.net\/sv_se\/wp-json\/wp\/v2\/product_tag?post=3389"}],"curies":[{"name":"wp","href":"https:\/\/api.w.org\/{rel}","templated":true}]}}