{"id":575,"date":"2023-09-27T05:22:14","date_gmt":"2023-09-27T05:22:14","guid":{"rendered":"https:\/\/swingbearing.net\/?post_type=product&#038;p=575"},"modified":"2024-05-15T06:44:50","modified_gmt":"2024-05-15T06:44:50","slug":"swing-bearing-liugong","status":"publish","type":"product","link":"https:\/\/swingbearing.net\/sl\/product\/swing-bearing-liugong\/","title":{"rendered":"Le\u017eaj za gugalnico LIUGONG"},"content":{"rendered":"<h2 style=\"text-align: center;\">Parametri le\u017eaja LIUGONG Swing<\/h2>\n<figure class=\"wp-block-table is-style-stripes has-small-font-size\">\n<table class=\"has-cyan-bluish-gray-background-color has-background\">\n<tbody>\n<tr>\n<td width=\"52\">Model<\/td>\n<td width=\"62\">\u0160tevilka dela<\/td>\n<td width=\"81\">Zunanji premer<\/td>\n<td width=\"111\">Notranji premer<\/td>\n<td width=\"77\">Skupna vi\u0161ina<\/td>\n<td width=\"77\">Zunanja vi\u0161ina<\/td>\n<td width=\"104\">Notranja vi\u0161ina<\/td>\n<td width=\"141\">Parametri zunanje luknje<\/td>\n<td width=\"103\">Parametri notranje luknje<\/td>\n<td width=\"85\">\u0160tevilo zob<\/td>\n<\/tr>\n<tr>\n<td width=\"52\">922<\/td>\n<td width=\"62\">26b0272<\/td>\n<td width=\"81\">1405<\/td>\n<td width=\"111\">1129<\/td>\n<td width=\"77\">100<\/td>\n<td width=\"77\">70<\/td>\n<td width=\"104\">90<\/td>\n<td width=\"141\">36-\u03c624 neenakomerno<\/td>\n<td width=\"103\">36-M22<\/td>\n<td width=\"85\">95<\/td>\n<\/tr>\n<tr>\n<td width=\"52\">922<\/td>\n<td width=\"62\">26b0122<\/td>\n<td width=\"81\">1405<\/td>\n<td width=\"111\">1129<\/td>\n<td width=\"77\">100<\/td>\n<td width=\"77\">70<\/td>\n<td width=\"104\">90<\/td>\n<td width=\"141\">36-\u03c624 neenakomerno<\/td>\n<td width=\"103\">36-M22<\/td>\n<td width=\"85\">95<\/td>\n<\/tr>\n<tr>\n<td width=\"52\">922<\/td>\n<td width=\"62\">26b0010<\/td>\n<td width=\"81\">1405<\/td>\n<td width=\"111\">1129<\/td>\n<td width=\"77\">100<\/td>\n<td width=\"77\">70<\/td>\n<td width=\"104\">90<\/td>\n<td width=\"141\">36 Enakomerno porazdeljeno<\/td>\n<td width=\"103\">36-M22<\/td>\n<td width=\"85\">91<\/td>\n<\/tr>\n<tr>\n<td width=\"52\">LG922D<\/td>\n<td width=\"62\">26B0122<\/td>\n<td width=\"81\">1405<\/td>\n<td width=\"111\">1129<\/td>\n<td width=\"77\">100<\/td>\n<td width=\"77\">70<\/td>\n<td width=\"104\">90<\/td>\n<td width=\"141\">36-\u03c624 neenakomerno<\/td>\n<td width=\"103\">36-M22<\/td>\n<td width=\"85\">95<\/td>\n<\/tr>\n<tr>\n<td width=\"52\"><strong><b>936D<\/b><\/strong><\/td>\n<td width=\"62\">26B0120<\/td>\n<td width=\"81\">1658<\/td>\n<td width=\"111\">1334.3<\/td>\n<td width=\"77\">125<\/td>\n<td width=\"77\">82<\/td>\n<td width=\"104\">115<\/td>\n<td width=\"141\">40-\u03c626 neenakomerno<\/td>\n<td width=\"103\">40-M24 Enakomerno porazdeljeno<\/td>\n<td width=\"85\">97<\/td>\n<\/tr>\n<\/tbody>\n<\/table>\n<\/figure>\n<h5 class=\"wp-block-heading has-medium-font-size\">Liugong bagri Swing le\u017eaji<\/h5>\n<p>Liugong bagri Swing Bearing: Trajna in zanesljiva izbira za va\u0161 bager<br \/>\nLe\u017eaji nihajnega mehanizma, znani tudi kot le\u017eaji obra\u010dalne mize, so bistven sestavni del bagerjev. Ti le\u017eaji omogo\u010dajo nemoteno in varno vrtenje zgornje konstrukcije bagra. Krilni le\u017eaji bagrov imajo klju\u010dno vlogo pri delovanju in zanesljivosti stroja. Zato je izbira visokokakovostnih vrtljivih le\u017eajev bistvenega pomena za dolgo \u017eivljenjsko dobo in u\u010dinkovitost va\u0161ega bagra.<br \/>\nLiugong je priznana blagovna znamka v industriji gradbene opreme in ponuja vrsto vrtljivih le\u017eajev za bagre, ki so znani po svoji vzdr\u017eljivosti in zanesljivosti. Vrtljivi le\u017eaji za bagre Liugong so zasnovani tako, da prenesejo te\u017eke pogoje in velike obremenitve, kar zagotavlja, da bo va\u0161 bager lahko opravil vsako delo, veliko ali majhno.<\/p>\n<h5 class=\"wp-block-heading has-medium-font-size\">Veljavni model nihajnega le\u017eaja bagra<\/h5>\n<p class=\"has-text-align-left\">Na voljo so naslednji modeli nihajnih le\u017eajev za bagre Liugong: CLG904, CLG9055, CLG906, CLG907, CLG9075, CLG908, CLG915, CLG150, CLG920, CLG921, CLG922, CLG225, CLG924, CLG925, CLG933, CLG936, CLG939, CLG942, CLG948, CLG950, CLG952, CLG200, CLG205, CLG220 in CLG225.<br \/>\nTi vrtljivi le\u017eaji za bagre Liugong so zasnovani natan\u010dno in natan\u010dno, da zagotavljajo optimalno delovanje in vzdr\u017eljivost. Izdelani so iz visokokakovostnih materialov, zato so odporni na ekstremne vremenske razmere in uporabo v te\u017ekih pogojih.<br \/>\nLiugongova zavezanost kakovosti in zanesljivosti se odra\u017ea v vseh vidikih njegovih izdelkov, pri \u010demer nihajni le\u017eaji za bagre niso izjema. Zasnovani so tako, da zagotavljajo odli\u010dno nosilnost in visoko natan\u010dnost ter zagotavljajo nemoteno in u\u010dinkovito delovanje va\u0161ega bagra.<br \/>\nPoleg u\u010dinkovitosti so vrtljivi le\u017eaji Liugong za bagre enostavni za vgradnjo in zahtevajo minimalno vzdr\u017eevanje, kar zmanj\u0161uje \u010das izpada in stro\u0161ke popravil.<br \/>\nPri izbiri delov za bagre je izbira visokokakovostne blagovne znamke, kot je Liugong, klju\u010dnega pomena za dolgo \u017eivljenjsko dobo in zanesljivost va\u0161ega stroja. Krilni le\u017eaj za bagre Liugong je zasnovan tako, da zagotavlja najbolj\u0161o zmogljivost, vzdr\u017eljivost in zanesljivost, zato je odli\u010dna izbira za vsak projekt izkopavanja.<br \/>\n\u010ce i\u0161\u010dete visokokakovostne vrtljive le\u017eaje za bagre, se obrnite na podjetje Liugong. Z njihovim naborom vzdr\u017eljivih in zanesljivih le\u017eajev nihajnega obro\u010da ste lahko prepri\u010dani, da bo va\u0161 bager deloval u\u010dinkovito in nemoteno ter vam zagotavljal zmogljivost in zanesljivost, ki ju potrebujete za opravljanje dela.<br \/>\nZagotovimo vam lahko alternativni Swing krog za va\u0161 ,<a href=\"https:\/\/national-bearing.com\/excavator-swing-bearings-slewing-rings-cat\/\" target=\"_blank\" rel=\"noopener\">\u00a0CAT<\/a>,HITACHI, KOMATSU,KOBELCO, HYUNDAI, VOLVO, DOOSAN, DAEWOO, JCB,CASE, SUMITOMO, KATO, ,Na voljo so normalni in nestandardni ve\u010d kot 1000 sto vrst za vas.<\/p>\n<figure class=\"wp-block-image size-full\"><\/figure>\n<p>Na voljo smo vam za vse vrste, modele in znamke obro\u010dev.\u0160e danes se obrnite na nas z vsemi vpra\u0161anji o svojih potrebah.<\/p>\n<figure class=\"wp-block-table\">\n<table>\n<tbody>\n<tr>\n<td><img decoding=\"async\" class=\"wp-image-177\" src=\"https:\/\/national-bearing.com\/wp-content\/uploads\/2023\/04\/0001.jpg\" sizes=\"(max-width: 600px) 100vw, 600px\" srcset=\"https:\/\/national-bearing.com\/wp-content\/uploads\/2023\/04\/0001.jpg 600w, https:\/\/national-bearing.com\/wp-content\/uploads\/2023\/04\/0001-300x200.jpg 300w\" alt=\"le\u017eaja nihajnega mehanizma bagra \" width=\"600\" height=\"400\" \/><\/td>\n<td><img decoding=\"async\" class=\"wp-image-643\" src=\"https:\/\/national-bearing.com\/wp-content\/uploads\/2023\/04\/66.jpg\" sizes=\"(max-width: 600px) 100vw, 600px\" srcset=\"https:\/\/national-bearing.com\/wp-content\/uploads\/2023\/04\/66.jpg 600w, https:\/\/national-bearing.com\/wp-content\/uploads\/2023\/04\/66-300x200.jpg 300w\" alt=\"merjenje nihajnega le\u017eaja bagra\" width=\"600\" height=\"400\" \/><\/td>\n<\/tr>\n<\/tbody>\n<\/table>\n<\/figure>","protected":false},"excerpt":{"rendered":"<p>LIUGONG Swing Bearing<br \/>\nModel:CLG950,CLG948,LG922D<br \/>\nCLG907,CLG9075,CLG952,CLG904<\/p>","protected":false},"featured_media":136,"template":"","meta":[],"product_brand":[],"product_cat":[22,73],"product_tag":[],"class_list":{"0":"post-575","1":"product","2":"type-product","3":"status-publish","4":"has-post-thumbnail","6":"product_cat-swing-bearing","7":"product_cat-liugong-excavator-swing-bearing","9":"first","10":"instock","11":"shipping-taxable","12":"product-type-simple"},"_links":{"self":[{"href":"https:\/\/swingbearing.net\/sl\/wp-json\/wp\/v2\/product\/575","targetHints":{"allow":["GET"]}}],"collection":[{"href":"https:\/\/swingbearing.net\/sl\/wp-json\/wp\/v2\/product"}],"about":[{"href":"https:\/\/swingbearing.net\/sl\/wp-json\/wp\/v2\/types\/product"}],"wp:featuredmedia":[{"embeddable":true,"href":"https:\/\/swingbearing.net\/sl\/wp-json\/wp\/v2\/media\/136"}],"wp:attachment":[{"href":"https:\/\/swingbearing.net\/sl\/wp-json\/wp\/v2\/media?parent=575"}],"wp:term":[{"taxonomy":"product_brand","embeddable":true,"href":"https:\/\/swingbearing.net\/sl\/wp-json\/wp\/v2\/product_brand?post=575"},{"taxonomy":"product_cat","embeddable":true,"href":"https:\/\/swingbearing.net\/sl\/wp-json\/wp\/v2\/product_cat?post=575"},{"taxonomy":"product_tag","embeddable":true,"href":"https:\/\/swingbearing.net\/sl\/wp-json\/wp\/v2\/product_tag?post=575"}],"curies":[{"name":"wp","href":"https:\/\/api.w.org\/{rel}","templated":true}]}}