{"id":574,"date":"2023-09-27T05:19:35","date_gmt":"2023-09-27T05:19:35","guid":{"rendered":"https:\/\/swingbearing.net\/?post_type=product&#038;p=574"},"modified":"2024-06-12T02:15:53","modified_gmt":"2024-06-12T02:15:53","slug":"swing-bearings-sany","status":"publish","type":"product","link":"https:\/\/swingbearing.net\/sl\/product\/swing-bearings-sany\/","title":{"rendered":"Le\u017eaji za nihajne mehanizme SANY"},"content":{"rendered":"<h2 style=\"text-align: center;\">Parametri nihajnih le\u017eajev SANY<\/h2>\n<figure class=\"wp-block-table is-style-stripes has-small-font-size\">\n<table class=\"has-cyan-bluish-gray-background-color has-background\">\n<tbody>\n<tr>\n<td>Zunanji premer Da<\/td>\n<td>Notranji premer Di<\/td>\n<td>Vi\u0161ina monta\u017ee H<\/td>\n<td>Poimenovanje<\/td>\n<\/tr>\n<tr>\n<td>811<\/td>\n<td>622<\/td>\n<td>75<\/td>\n<td>SY65<\/td>\n<\/tr>\n<tr>\n<td>810<\/td>\n<td>621<\/td>\n<td>75<\/td>\n<td>SY75(90Z)<\/td>\n<\/tr>\n<tr>\n<td>811<\/td>\n<td>601.6<\/td>\n<td>75<\/td>\n<td>SY75(76Z)<\/td>\n<\/tr>\n<tr>\n<td>1122<\/td>\n<td>821<\/td>\n<td>100<\/td>\n<td>SY135<\/td>\n<\/tr>\n<tr>\n<td>1327<\/td>\n<td>1071<\/td>\n<td>99.5<\/td>\n<td>SY185<\/td>\n<\/tr>\n<tr>\n<td>1327<\/td>\n<td>1071<\/td>\n<td>99.5<\/td>\n<td>SY195<\/td>\n<\/tr>\n<tr>\n<td>1322<\/td>\n<td>1071<\/td>\n<td>100<\/td>\n<td>SY200<\/td>\n<\/tr>\n<tr>\n<td>1327<\/td>\n<td>1071<\/td>\n<td>99.5<\/td>\n<td>SY205<\/td>\n<\/tr>\n<tr>\n<td>1322<\/td>\n<td>1071<\/td>\n<td>100<\/td>\n<td>SY210<\/td>\n<\/tr>\n<tr>\n<td>1322<\/td>\n<td>1071<\/td>\n<td>100<\/td>\n<td>SY215-7<\/td>\n<\/tr>\n<tr>\n<td>1322<\/td>\n<td>1071<\/td>\n<td>100<\/td>\n<td>SY215-8<\/td>\n<\/tr>\n<tr>\n<td>1322<\/td>\n<td>1071<\/td>\n<td>100<\/td>\n<td>SY215-9<\/td>\n<\/tr>\n<tr>\n<td>1320<\/td>\n<td>1071<\/td>\n<td>100<\/td>\n<td>SY215<\/td>\n<\/tr>\n<tr>\n<td>1327<\/td>\n<td>1071<\/td>\n<td>99.5<\/td>\n<td>SY235<\/td>\n<\/tr>\n<tr>\n<td>1532<\/td>\n<td>1235<\/td>\n<td>125<\/td>\n<td>SY300<\/td>\n<\/tr>\n<tr>\n<td>1550<\/td>\n<td>1238<\/td>\n<td>152<\/td>\n<td>SY305<\/td>\n<\/tr>\n<tr>\n<td>1532<\/td>\n<td>1235<\/td>\n<td>125<\/td>\n<td>SY310<\/td>\n<\/tr>\n<tr>\n<td>1550<\/td>\n<td>1238<\/td>\n<td>152<\/td>\n<td>SY335<\/td>\n<\/tr>\n<tr>\n<td>1532<\/td>\n<td>1235<\/td>\n<td>125<\/td>\n<td>SY360<\/td>\n<\/tr>\n<tr>\n<td>1550<\/td>\n<td>1238<\/td>\n<td>152<\/td>\n<td>SY365<\/td>\n<\/tr>\n<tr>\n<td>1550<\/td>\n<td>1238.5<\/td>\n<td>152<\/td>\n<td>SY420<\/td>\n<\/tr>\n<\/tbody>\n<\/table>\n<\/figure>\n<p>Sanyjevi le\u017eaji nihajnega mehanizma bagra so bistveni sestavni deli nihajnega sistema vsakega bagra. Ti le\u017eaji omogo\u010dajo vrtenje in nihanje bagra, kar upravljavcem omogo\u010da, da z lahkoto opravljajo razli\u010dne naloge kopanja, dvigovanja in nakladanja. Pri Sanyju ponujamo vrsto visokokakovostnih vrtljivih le\u017eajev, zasnovanih posebej za bagre, vklju\u010dno z modeli, ki ustrezajo modelom bagrov SY55, SY60, SY65, SY70, SY75, SY85, SY95, SY115, SY135, SY155, SY195, SY200, SY205, SY215, SY220, SY225, SY235, SY245, SY285, SY305, SY335, SY365, SY375, SY395, SY415 in SY485.<\/p>\n<p>Na\u0161i vrtljivi le\u017eaji za bagre Sany so zasnovani tako, da zagotavljajo optimalno zmogljivost in vzdr\u017eljivost tudi v najte\u017ejih delovnih pogojih. Izdelani so iz visokokakovostnih materialov, vklju\u010dno s kovanim jeklom in specializiranim le\u017eajnim jeklom, ter imajo napredne proizvodne postopke, ki zagotavljajo njihovo natan\u010dnost, zanesljivost in dolgo \u017eivljenjsko dobo.<\/p>\n<p>Ena od klju\u010dnih prednosti na\u0161ih Sanyjevih vrtljivih obro\u010dev za bagre je njihova sposobnost prena\u0161anja velikih obremenitev in ekstremnih delovnih pogojev. Zasnovani so tako, da prenesejo aksialne in radialne obremenitve ter visoke ravni udarcev in vibracij, zato so idealni za uporabo v zahtevnih aplikacijah, kot so rudarstvo, gradbeni\u0161tvo in gozdarstvo.<\/p>\n<p>Na\u0161i Sanyjevi vrtljivi le\u017eaji za bagre so poleg svoje trdnosti in vzdr\u017eljivosti zasnovani tudi za enostavno namestitev in vzdr\u017eevanje. Zasnovani so tako, da jih je enostavno namestiti in zamenjati ter zahtevajo minimalno vzdr\u017eevanje, kar zagotavlja optimalno delovanje in dolgo \u017eivljenjsko dobo.V podjetju Sany smo zavezani, da svojim strankam zagotavljamo izdelke in storitve najvi\u0161je kakovosti, pri \u010demer na\u0161i Sanyjevi vrtljivi le\u017eaji za bagre niso izjema. Ne glede na to, ali i\u0161\u010dete nadomestni le\u017eaj za obstoje\u010di bager ali opremljate nov stroj, vam lahko na\u0161a ekipa strokovnjakov pomaga najti popolno re\u0161itev za va\u0161e potrebe.<\/p>\n<p>Zaklju\u010dimo lahko, da so nihajni le\u017eaji bagrov Sany bistvene komponente vsakega bagra, izbira pravega pa lahko pomembno vpliva na zmogljivost in \u017eivljenjsko dobo va\u0161ega stroja. Z na\u0161o ponudbo visokokakovostnih le\u017eajev, zasnovanih posebej za bagre, ste lahko prepri\u010dani, da ste dobili zanesljiv in trpe\u017een izdelek, ki bo zagotavljal optimalno delovanje in dolgo \u017eivljenjsko dobo tudi v najte\u017ejih razmerah.<br \/>\nZagotovimo vam lahko alternativne vrtljive obro\u010de za va\u0161e, CAT, HITACHI, KOMATSU, KOBELCO, HYUNDAI, VOLVO, DOOSAN, DAEWOO, JCB, CASE, SUMITOMO, KATO, , Obstajajo normalni in nestandardni ve\u010d kot 1000 sto vrst za vas.<\/p>\n<figure class=\"wp-block-image size-full is-resized\"><img decoding=\"async\" class=\"wp-image-177\" src=\"https:\/\/national-bearing.com\/wp-content\/uploads\/2023\/04\/0001.jpg\" sizes=\"(max-width: 843px) 100vw, 843px\" srcset=\"https:\/\/national-bearing.com\/wp-content\/uploads\/2023\/04\/0001.jpg 600w, https:\/\/national-bearing.com\/wp-content\/uploads\/2023\/04\/0001-300x200.jpg 300w\" alt=\"\" width=\"515\" height=\"343\" \/><\/figure>\n<p>&nbsp;<\/p>","protected":false},"excerpt":{"rendered":"<p>Le\u017eaji za gugalnice SANY<br \/>\nModel:SY485,SY415,SY395<br \/>\nSY365,SY375,SY335,SY310<\/p>","protected":false},"featured_media":136,"template":"","meta":[],"product_brand":[],"product_cat":[22,74],"product_tag":[],"class_list":{"0":"post-574","1":"product","2":"type-product","3":"status-publish","4":"has-post-thumbnail","6":"product_cat-swing-bearing","7":"product_cat-sany-excavator-swing-bearing","9":"first","10":"instock","11":"shipping-taxable","12":"product-type-simple"},"_links":{"self":[{"href":"https:\/\/swingbearing.net\/sl\/wp-json\/wp\/v2\/product\/574","targetHints":{"allow":["GET"]}}],"collection":[{"href":"https:\/\/swingbearing.net\/sl\/wp-json\/wp\/v2\/product"}],"about":[{"href":"https:\/\/swingbearing.net\/sl\/wp-json\/wp\/v2\/types\/product"}],"wp:featuredmedia":[{"embeddable":true,"href":"https:\/\/swingbearing.net\/sl\/wp-json\/wp\/v2\/media\/136"}],"wp:attachment":[{"href":"https:\/\/swingbearing.net\/sl\/wp-json\/wp\/v2\/media?parent=574"}],"wp:term":[{"taxonomy":"product_brand","embeddable":true,"href":"https:\/\/swingbearing.net\/sl\/wp-json\/wp\/v2\/product_brand?post=574"},{"taxonomy":"product_cat","embeddable":true,"href":"https:\/\/swingbearing.net\/sl\/wp-json\/wp\/v2\/product_cat?post=574"},{"taxonomy":"product_tag","embeddable":true,"href":"https:\/\/swingbearing.net\/sl\/wp-json\/wp\/v2\/product_tag?post=574"}],"curies":[{"name":"wp","href":"https:\/\/api.w.org\/{rel}","templated":true}]}}