{"id":573,"date":"2023-09-27T05:12:21","date_gmt":"2023-09-27T05:12:21","guid":{"rendered":"https:\/\/swingbearing.net\/?post_type=product&#038;p=573"},"modified":"2024-05-15T06:48:42","modified_gmt":"2024-05-15T06:48:42","slug":"swing-bearing-liebherr","status":"publish","type":"product","link":"https:\/\/swingbearing.net\/sl\/product\/swing-bearing-liebherr\/","title":{"rendered":"Le\u017eaj za gugalnico LIEBHERR"},"content":{"rendered":"<h2 style=\"text-align: center;\">Parametri nihajnega le\u017eaja LIEBHERR<\/h2>\n<figure class=\"wp-block-table is-style-stripes has-small-font-size\">\n<table class=\"has-cyan-bluish-gray-background-color has-background\">\n<tbody>\n<tr>\n<td>Model<\/td>\n<td>\u0160tevilka dela<\/td>\n<td>Zunanji premer<\/td>\n<td>Notranji premer<\/td>\n<td>Skupna vi\u0161ina<\/td>\n<td>Zunanja vi\u0161ina<\/td>\n<td>Notranja vi\u0161ina<\/td>\n<td>Parametri zunanje luknje<\/td>\n<td>Parametri notranje luknje<\/td>\n<td>\u0160tevilo zob<\/td>\n<\/tr>\n<tr>\n<td>R922<\/td>\n<td>LE982706001<\/td>\n<td>1215<\/td>\n<td>940<\/td>\n<td>115<\/td>\n<td>72<\/td>\n<td>105<\/td>\n<td>48-\u03c622<\/td>\n<td>56-M20<\/td>\n<td>94<\/td>\n<\/tr>\n<tr>\n<td>924HDSL<\/td>\n<td>LE982751901<\/td>\n<td>1215<\/td>\n<td>940<\/td>\n<td>115<\/td>\n<td>72<\/td>\n<td>105<\/td>\n<td>48-\u042422<\/td>\n<td>56-M20cloth<\/td>\n<td>94<\/td>\n<\/tr>\n<tr>\n<td>R924C<\/td>\n<td>982751901<\/td>\n<td>1215<\/td>\n<td>940<\/td>\n<td>115<\/td>\n<td>72<\/td>\n<td>105<\/td>\n<td>48-\u042422<\/td>\n<td>56-M20cloth<\/td>\n<td>94<\/td>\n<\/tr>\n<tr>\n<td>R924C<\/td>\n<td>932833001<\/td>\n<td>1215<\/td>\n<td>940<\/td>\n<td>115<\/td>\n<td>72<\/td>\n<td>105<\/td>\n<td>48-\u042422<\/td>\n<td>56-M20cloth<\/td>\n<td>94<\/td>\n<\/tr>\n<tr>\n<td>R924B<\/td>\n<td>982751901<\/td>\n<td>1215<\/td>\n<td>940<\/td>\n<td>115<\/td>\n<td>72<\/td>\n<td>105<\/td>\n<td>48-\u042422<\/td>\n<td>56-M20cloth<\/td>\n<td>94<\/td>\n<\/tr>\n<tr>\n<td>R934<\/td>\n<td>933816501<\/td>\n<td>1355<\/td>\n<td>1012<\/td>\n<td>125<\/td>\n<td><\/td>\n<td><\/td>\n<td>40<\/td>\n<td>48<\/td>\n<td>92<\/td>\n<\/tr>\n<tr>\n<td>R934HD-S<\/td>\n<td>LE939500601<\/td>\n<td>1355<\/td>\n<td>1012<\/td>\n<td>125<\/td>\n<td>92<\/td>\n<td>113<\/td>\n<td>40-26preko luknje<\/td>\n<td>48-M24<\/td>\n<td>92<\/td>\n<\/tr>\n<tr>\n<td>934<\/td>\n<td>982752401<\/td>\n<td>1355<\/td>\n<td>1012<\/td>\n<td>125<\/td>\n<td>92<\/td>\n<td>113<\/td>\n<td>40-26preko luknje<\/td>\n<td>48-M24<\/td>\n<td>92<\/td>\n<\/tr>\n<tr>\n<td>R-944C<\/td>\n<td>933628601<\/td>\n<td>1365<\/td>\n<td>1008<\/td>\n<td>150<\/td>\n<td>112<\/td>\n<td>140<\/td>\n<td>60-\u042426<\/td>\n<td>72-M24cloth<\/td>\n<td>84<\/td>\n<\/tr>\n<tr>\n<td>R944B<\/td>\n<td>933626601<\/td>\n<td>1365<\/td>\n<td>1008<\/td>\n<td>150<\/td>\n<td>112<\/td>\n<td>140<\/td>\n<td>60<\/td>\n<td>72<\/td>\n<td>84<\/td>\n<\/tr>\n<\/tbody>\n<\/table>\n<\/figure>\n<p>Liebherrjevi bagri slovijo po svoji zanesljivosti in vzdr\u017eljivosti, zato so priljubljena izbira v gradbeni\u0161tvu in rudarstvu. Eden od klju\u010dnih sestavnih delov, ki prispevajo k zmogljivosti stroja, je nihajni le\u017eaj bagra. Le\u017eaji nihajnega mehanizma bagrov Liebherr so zasnovani tako, da prenesejo te\u017eke zahteve te\u017ekega dela v zahtevnih okoljih.<\/p>\n<p>Krilni le\u017eaji za bagre imajo klju\u010dno vlogo pri delovanju stroja, saj podpirajo vrtenje zgornje konstrukcije. Brez kakovostnega nihajnega le\u017eaja za bager se zgornja konstrukcija ne more nemoteno vrteti, kar vpliva na celotno delovanje stroja. Liebherrjevi vrtljivi le\u017eaji za bagre so zasnovani tako, da zagotavljajo visoko nosilnost, natan\u010dnost in dolgo \u017eivljenjsko dobo, kar zagotavlja optimalno delovanje stroja.<\/p>\n<p>Liebherrjevi vrtljivi le\u017eaji za bagre so znani tudi kot vrtljivi obro\u010dni le\u017eaji, vrtljivi obro\u010dni le\u017eaji za bagre ali vrtljivi le\u017eaji. Ti le\u017eaji so zasnovani s tekalno stezo, ki podpira te\u017eo stroja in omogo\u010da enostavno vrtenje zgornje konstrukcije. Vrtljivi le\u017eaj delov bagra je izdelan iz materialov visoke trdnosti, kar zagotavlja, da lahko prenese velike obremenitve, ekstremne temperature in te\u017eke pogoje.<\/p>\n<p>Liebherr ponuja vrsto vrtljivih le\u017eajev za bagre, ki so zdru\u017eljivi z razli\u010dnimi modeli bagrov. Modeli, ki so trenutno na voljo na trgu, so R914, R924, R944, R934 in R944CLC. Ti modeli so zasnovani tako, da zagotavljajo najve\u010djo vzdr\u017eljivost in zmogljivost, kar zagotavlja, da bo va\u0161 stroj kos vsakemu opravilu, ki mu ga boste nalo\u017eili.<\/p>\n<p>Poleg nihajnega le\u017eaja bagra Liebherr zagotavlja tudi<a href=\"https:\/\/swingbearing.net\/sl\/swing-bearing\/\"> vrtljivi mehanizem za bagre<\/a> in vrtljivega mehanizma bagra. Te komponente skupaj zagotavljajo nemoteno in u\u010dinkovito vrtenje zgornje konstrukcije stroja, zato so bistveni deli vsakega bagra Liebherr.<br \/>\nSkratka, Liebherr je ime, ki mu lahko zaupate, ko gre za vrtljive le\u017eaje za bagre. Njihovi kakovostni vrtljivi le\u017eaji za bagre so zasnovani tako, da vzdr\u017eijo najte\u017eje pogoje, zagotavljajo visoko nosilnost, natan\u010dnost in dolgo \u017eivljenjsko dobo. Ne glede na to, ali se ukvarjate z gradbeni\u0161tvom ali rudarstvom, so Liebherrjevi vrtljivi le\u017eaji za bagre idealna izbira za optimalno delovanje stroja.<\/p>\n<p>Zagotavljamo lahko alternativni Swing krog za va\u0161e , CAT, HITACHI, KOMATSU, KOBELCO, HYUNDAI, VOLVO, DOOSAN, DAEWOO, JCB, CASE, SUMITOMO, KATO.There so normalne in nestandardne ve\u010d 1000 sto vrst za vas izbrati.<\/p>\n<figure class=\"wp-block-image size-full is-resized\"><img decoding=\"async\" class=\"wp-image-177\" src=\"https:\/\/national-bearing.com\/wp-content\/uploads\/2023\/04\/0001.jpg\" sizes=\"(max-width: 843px) 100vw, 843px\" srcset=\"https:\/\/national-bearing.com\/wp-content\/uploads\/2023\/04\/0001.jpg 600w, https:\/\/national-bearing.com\/wp-content\/uploads\/2023\/04\/0001-300x200.jpg 300w\" alt=\"\" width=\"515\" height=\"343\" \/><\/figure>","protected":false},"excerpt":{"rendered":"<p>LIEBHERR Swing Bearing<br \/>\nModel:R944B,934,R-944C<br \/>\nR924B, R924C, 924HDSL<\/p>","protected":false},"featured_media":136,"template":"","meta":[],"product_brand":[],"product_cat":[22,72],"product_tag":[],"class_list":{"0":"post-573","1":"product","2":"type-product","3":"status-publish","4":"has-post-thumbnail","6":"product_cat-swing-bearing","7":"product_cat-liebherr-excavator-swing-bearing","9":"first","10":"instock","11":"shipping-taxable","12":"product-type-simple"},"_links":{"self":[{"href":"https:\/\/swingbearing.net\/sl\/wp-json\/wp\/v2\/product\/573","targetHints":{"allow":["GET"]}}],"collection":[{"href":"https:\/\/swingbearing.net\/sl\/wp-json\/wp\/v2\/product"}],"about":[{"href":"https:\/\/swingbearing.net\/sl\/wp-json\/wp\/v2\/types\/product"}],"wp:featuredmedia":[{"embeddable":true,"href":"https:\/\/swingbearing.net\/sl\/wp-json\/wp\/v2\/media\/136"}],"wp:attachment":[{"href":"https:\/\/swingbearing.net\/sl\/wp-json\/wp\/v2\/media?parent=573"}],"wp:term":[{"taxonomy":"product_brand","embeddable":true,"href":"https:\/\/swingbearing.net\/sl\/wp-json\/wp\/v2\/product_brand?post=573"},{"taxonomy":"product_cat","embeddable":true,"href":"https:\/\/swingbearing.net\/sl\/wp-json\/wp\/v2\/product_cat?post=573"},{"taxonomy":"product_tag","embeddable":true,"href":"https:\/\/swingbearing.net\/sl\/wp-json\/wp\/v2\/product_tag?post=573"}],"curies":[{"name":"wp","href":"https:\/\/api.w.org\/{rel}","templated":true}]}}