{"id":572,"date":"2023-09-27T05:08:54","date_gmt":"2023-09-27T05:08:54","guid":{"rendered":"https:\/\/swingbearing.net\/?post_type=product&#038;p=572"},"modified":"2024-05-15T06:51:15","modified_gmt":"2024-05-15T06:51:15","slug":"swing-bearing-case","status":"publish","type":"product","link":"https:\/\/swingbearing.net\/sl\/product\/swing-bearing-case\/","title":{"rendered":"Le\u017eaj za gugalnico CASE"},"content":{"rendered":"<h2 style=\"text-align: center;\">Parametri le\u017eaja CASE Swing<\/h2>\n<figure class=\"wp-block-table is-style-stripes has-small-font-size\">\n<table class=\"has-cyan-bluish-gray-background-color has-background\">\n<tbody>\n<tr>\n<td style=\"text-align: right;\">Model<\/td>\n<td style=\"text-align: right;\">\u0160tevilka dela<\/td>\n<td style=\"text-align: right;\">Zunanji premer<\/td>\n<td style=\"text-align: right;\">Notranji premer<\/td>\n<td style=\"text-align: right;\">Skupna vi\u0161ina<\/td>\n<td style=\"text-align: right;\">Zunanja vi\u0161ina<\/td>\n<td style=\"text-align: right;\">Notranja vi\u0161ina<\/td>\n<td style=\"text-align: right;\">Parametri zunanje luknje<\/td>\n<td style=\"text-align: right;\">Parametri notranje luknje<\/td>\n<td style=\"text-align: right;\">\u0160tevilo zob<\/td>\n<\/tr>\n<tr>\n<td>CX130<\/td>\n<td>KNB10130<\/td>\n<td>1172<\/td>\n<td>972<\/td>\n<td>88<\/td>\n<td>65<\/td>\n<td>78<\/td>\n<td>28<\/td>\n<td>36<\/td>\n<td>98<\/td>\n<\/tr>\n<tr>\n<td>CX130<\/td>\n<td>KNB 11840<\/td>\n<td>1172<\/td>\n<td>973<\/td>\n<td>88<\/td>\n<td>65<\/td>\n<td>78<\/td>\n<td>28<\/td>\n<td>36<\/td>\n<td>98<\/td>\n<\/tr>\n<tr>\n<td>CX210<\/td>\n<td>KRB1347<\/td>\n<td>1330<\/td>\n<td>1094<\/td>\n<td>103<\/td>\n<td>74<\/td>\n<td>92<\/td>\n<td>31<\/td>\n<td>36<\/td>\n<td>92<\/td>\n<\/tr>\n<tr>\n<td>CX210<\/td>\n<td>KRB1603<\/td>\n<td>1330<\/td>\n<td>1094<\/td>\n<td>103<\/td>\n<td>74<\/td>\n<td>92<\/td>\n<td>31<\/td>\n<td>36<\/td>\n<td>92<\/td>\n<\/tr>\n<tr>\n<td>CX210<\/td>\n<td>KRB10160<\/td>\n<td>1330<\/td>\n<td>1093<\/td>\n<td>102<\/td>\n<td>74<\/td>\n<td>92<\/td>\n<td>31-\u03c622<\/td>\n<td>36-M20<\/td>\n<td>92<\/td>\n<\/tr>\n<tr>\n<td>CX210B<\/td>\n<td>KRB10160<\/td>\n<td>1330<\/td>\n<td>1093<\/td>\n<td>102<\/td>\n<td>74<\/td>\n<td>92<\/td>\n<td>31-\u03c622<\/td>\n<td>36-M20<\/td>\n<td>92<\/td>\n<\/tr>\n<tr>\n<td>CX210<\/td>\n<td>KRB10180<\/td>\n<td>1330<\/td>\n<td>1093<\/td>\n<td>102<\/td>\n<td>74<\/td>\n<td>92<\/td>\n<td>31-\u03c622.5<\/td>\n<td>36-M20<\/td>\n<td>92<\/td>\n<\/tr>\n<tr>\n<td>CX210B<\/td>\n<td>KRB11710<\/td>\n<td>1330<\/td>\n<td>1093<\/td>\n<td>102<\/td>\n<td>74<\/td>\n<td>92<\/td>\n<td>31-\u03c622<\/td>\n<td>36-M20<\/td>\n<td>92<\/td>\n<\/tr>\n<tr>\n<td>CX210C<\/td>\n<td>KRB11710<\/td>\n<td>1330<\/td>\n<td>1093<\/td>\n<td>102<\/td>\n<td>74<\/td>\n<td>92<\/td>\n<td>31-\u03c622<\/td>\n<td>36-M20<\/td>\n<td>92<\/td>\n<\/tr>\n<tr>\n<td>CNH E215<\/td>\n<td>72203516<\/td>\n<td>1312<\/td>\n<td>1082<\/td>\n<td>110<\/td>\n<td>79<\/td>\n<td>98<\/td>\n<td>33<\/td>\n<td>36<\/td>\n<td>110<\/td>\n<\/tr>\n<tr>\n<td>CNH E215<\/td>\n<td>87472588<\/td>\n<td>1312<\/td>\n<td>1082<\/td>\n<td>110<\/td>\n<td>79<\/td>\n<td>98<\/td>\n<td>33<\/td>\n<td>36<\/td>\n<td>110<\/td>\n<\/tr>\n<tr>\n<td>CX240<\/td>\n<td>KBB0878<\/td>\n<td>1375<\/td>\n<td>1094<\/td>\n<td>124<\/td>\n<td>88<\/td>\n<td>114<\/td>\n<td>27-\u03a626<\/td>\n<td>36-M24<\/td>\n<td>92<\/td>\n<\/tr>\n<tr>\n<td>CX240<\/td>\n<td>KBB0282<\/td>\n<td>1375<\/td>\n<td>1094<\/td>\n<td>124<\/td>\n<td>80<\/td>\n<td>114<\/td>\n<td>26-\u03c626<\/td>\n<td>36-M24<\/td>\n<td>92<\/td>\n<\/tr>\n<tr>\n<td>CX240<\/td>\n<td>KBB 10080<\/td>\n<td>1376<\/td>\n<td>1093<\/td>\n<td>125<\/td>\n<td>88<\/td>\n<td>114<\/td>\n<td>27<\/td>\n<td>36<\/td>\n<td>92<\/td>\n<\/tr>\n<tr>\n<td>CX240B<\/td>\n<td>KBB11350<\/td>\n<td>1377<\/td>\n<td>1094<\/td>\n<td>124<\/td>\n<td>88<\/td>\n<td>114<\/td>\n<td>28-26<\/td>\n<td>36-M24<\/td>\n<td>92<\/td>\n<\/tr>\n<tr>\n<td>CX460<\/td>\n<td>KTB10010<\/td>\n<td>1615<\/td>\n<td>1275<\/td>\n<td>145<\/td>\n<td>125<\/td>\n<td>135<\/td>\n<td>41-\u03a626<\/td>\n<td>46-M24<\/td>\n<td>92<\/td>\n<\/tr>\n<tr>\n<td>CX290<\/td>\n<td>KBB10100<\/td>\n<td>1615<\/td>\n<td>1274<\/td>\n<td>122<\/td>\n<td>100<\/td>\n<td>110<\/td>\n<td>41<\/td>\n<td>46<\/td>\n<td>92<\/td>\n<\/tr>\n<\/tbody>\n<\/table>\n<\/figure>\n<p>Bagerji so te\u017eki stroji, ki se uporabljajo za kopanje, premikanje in dvigovanje te\u017ekih bremen v gradbeni\u0161tvu, rudarstvu in drugih panogah. Klju\u010dni sestavni del bagra je vrtljivi le\u017eaj, znan tudi kot nihajni le\u017eaj, ki stroju omogo\u010da vrtenje za 360 stopinj. \u010ce i\u0161\u010dete visokokakovostne vrtljive le\u017eaje za svoj bager CASE, ne i\u0161\u010dite ve\u010d v na\u0161i ponudbi izdelkov.<\/p>\n<p>Na\u0161a ponudba nihajnih le\u017eajev za bagre CASE vklju\u010duje naslednje modele: CX50B, CX55, CX210, CX210B, CX240A in CX240B. Ti le\u017eaji so posebej zasnovani za va\u0161 bager CASE ter zagotavljajo nemoteno in zanesljivo vrtenje tudi pri velikih obremenitvah.<br \/>\nNa\u0161i vrtljivi le\u017eaji za bagre so izdelani iz visokokakovostnih materialov, ki zagotavljajo maksimalno vzdr\u017eljivost in zmogljivost. Sestavni deli le\u017eaja vrtljive mize in le\u017eaja nihajnega obro\u010da so obdelani po strogih tolerancah, kar zagotavlja popolno prileganje in nemoteno delovanje. Poleg tega so le\u017eaji zasnovani tako, da so odporni proti obrabi, zato so idealni za uporabo v te\u017ekih pogojih.<\/p>\n<p>Poleg visokokakovostne izdelave so na\u0161i nihajni le\u017eaji bagrov CASE enostavni za namestitev in vzdr\u017eevanje. Zasnovani so tako, da nadomestijo dele proizvajalca originalne opreme (OEM) brez potrebnih sprememb, zato je namestitev enostavna. Za na\u0161e le\u017eaje ponujamo tudi vrsto nadomestnih delov, kar zagotavlja, da bo va\u0161 bager nemoteno deloval \u0161e vrsto let.<\/p>\n<p>Na\u0161i vrtljivi le\u017eaji za bagre so bistveni sestavni del sistema vrtljivega mehanizma v va\u0161em bagru. Vrtljivi mehanizem, ki je povezan z vrtljivim le\u017eajem, omogo\u010da vrtenje bagra. Vrtljivi mehanizem bagra prav tako deluje v povezavi z vrtljivim le\u017eajem, kar zagotavlja nemoteno in u\u010dinkovito delovanje.<br \/>\nNa\u0161a ponudba nihajnih le\u017eajev za bagre CASE je odli\u010dna izbira za vse, ki i\u0161\u010dejo visokokakovostne, zanesljive in vzdr\u017eljive dele za svoje bagre. Na\u0161 izbor nihajnih le\u017eajev je posebej zasnovan tako, da ustreza va\u0161emu bagru CASE ter zagotavlja nemoteno in u\u010dinkovito delovanje tudi pri velikih obremenitvah. \u0160e danes se obrnite na nas in izvedite ve\u010d o na\u0161ih izdelkih in kako vam lahko pomagamo, da bo va\u0161 bager deloval nemoteno.<br \/>\nZagotovimo vam lahko alternativne le\u017eaje Swing za va\u0161e , CAT,HITACHI, KOMATSU,KOBELCO, HYUNDAI, VOLVO, DOOSAN, DAEWOO, JCB,CASE, SUMITOMO, KATO, , Obstajajo normalni in nestandardni ve\u010d kot 1000 sto vrst za va\u0161o izbiro.<\/p>","protected":false},"excerpt":{"rendered":"<p>Le\u017eaj vrtljivega mehanizma CASE<br \/>\nModel:CX290,CX460,CX240B<br \/>\nCNH E215,CX210C,CX210B<\/p>","protected":false},"featured_media":136,"template":"","meta":[],"product_brand":[],"product_cat":[22,71],"product_tag":[],"class_list":{"0":"post-572","1":"product","2":"type-product","3":"status-publish","4":"has-post-thumbnail","6":"product_cat-swing-bearing","7":"product_cat-case-excavator-swing-bearing","9":"first","10":"instock","11":"shipping-taxable","12":"product-type-simple"},"_links":{"self":[{"href":"https:\/\/swingbearing.net\/sl\/wp-json\/wp\/v2\/product\/572","targetHints":{"allow":["GET"]}}],"collection":[{"href":"https:\/\/swingbearing.net\/sl\/wp-json\/wp\/v2\/product"}],"about":[{"href":"https:\/\/swingbearing.net\/sl\/wp-json\/wp\/v2\/types\/product"}],"wp:featuredmedia":[{"embeddable":true,"href":"https:\/\/swingbearing.net\/sl\/wp-json\/wp\/v2\/media\/136"}],"wp:attachment":[{"href":"https:\/\/swingbearing.net\/sl\/wp-json\/wp\/v2\/media?parent=572"}],"wp:term":[{"taxonomy":"product_brand","embeddable":true,"href":"https:\/\/swingbearing.net\/sl\/wp-json\/wp\/v2\/product_brand?post=572"},{"taxonomy":"product_cat","embeddable":true,"href":"https:\/\/swingbearing.net\/sl\/wp-json\/wp\/v2\/product_cat?post=572"},{"taxonomy":"product_tag","embeddable":true,"href":"https:\/\/swingbearing.net\/sl\/wp-json\/wp\/v2\/product_tag?post=572"}],"curies":[{"name":"wp","href":"https:\/\/api.w.org\/{rel}","templated":true}]}}