{"id":4895,"date":"2024-08-28T06:49:07","date_gmt":"2024-08-28T06:49:07","guid":{"rendered":"https:\/\/swingbearing.net\/?post_type=product&#038;p=4895"},"modified":"2024-08-28T06:50:31","modified_gmt":"2024-08-28T06:50:31","slug":"liebherr-r934hd-s-swing-bearing-le939500601-excavator-slewing-ring","status":"publish","type":"product","link":"https:\/\/swingbearing.net\/sl\/product\/liebherr-r934hd-s-swing-bearing-le939500601-excavator-slewing-ring\/","title":{"rendered":"LIEBHERR R934HD-S Swing Bearing LE939500601 Excavator Slewing Ring"},"content":{"rendered":"<h2 style=\"text-align: center;\">Parametri nihajnega le\u017eaja LIEBHERR<\/h2>\n<figure class=\"wp-block-table is-style-stripes has-small-font-size\">\n<table class=\"has-cyan-bluish-gray-background-color has-background\">\n<tbody>\n<tr>\n<td>Model<\/td>\n<td>\u0160tevilka dela<\/td>\n<td>Zunanji premer<\/td>\n<td>Notranji premer<\/td>\n<td>Skupna vi\u0161ina<\/td>\n<td>Zunanja vi\u0161ina<\/td>\n<td>Notranja vi\u0161ina<\/td>\n<td>Parametri zunanje luknje<\/td>\n<td>Parametri notranje luknje<\/td>\n<td>\u0160tevilo zob<\/td>\n<\/tr>\n<tr>\n<td>R922<\/td>\n<td>LE982706001<\/td>\n<td>1215<\/td>\n<td>940<\/td>\n<td>115<\/td>\n<td>72<\/td>\n<td>105<\/td>\n<td>48-\u03c622<\/td>\n<td>56-M20<\/td>\n<td>94<\/td>\n<\/tr>\n<tr>\n<td>924HDSL<\/td>\n<td>LE982751901<\/td>\n<td>1215<\/td>\n<td>940<\/td>\n<td>115<\/td>\n<td>72<\/td>\n<td>105<\/td>\n<td>48-\u042422<\/td>\n<td>56-M20cloth<\/td>\n<td>94<\/td>\n<\/tr>\n<tr>\n<td>R924C<\/td>\n<td>982751901<\/td>\n<td>1215<\/td>\n<td>940<\/td>\n<td>115<\/td>\n<td>72<\/td>\n<td>105<\/td>\n<td>48-\u042422<\/td>\n<td>56-M20cloth<\/td>\n<td>94<\/td>\n<\/tr>\n<tr>\n<td>R924C<\/td>\n<td>932833001<\/td>\n<td>1215<\/td>\n<td>940<\/td>\n<td>115<\/td>\n<td>72<\/td>\n<td>105<\/td>\n<td>48-\u042422<\/td>\n<td>56-M20cloth<\/td>\n<td>94<\/td>\n<\/tr>\n<tr>\n<td>R924B<\/td>\n<td>982751901<\/td>\n<td>1215<\/td>\n<td>940<\/td>\n<td>115<\/td>\n<td>72<\/td>\n<td>105<\/td>\n<td>48-\u042422<\/td>\n<td>56-M20cloth<\/td>\n<td>94<\/td>\n<\/tr>\n<tr>\n<td>R934<\/td>\n<td>933816501<\/td>\n<td>1355<\/td>\n<td>1012<\/td>\n<td>125<\/td>\n<td><\/td>\n<td><\/td>\n<td>40<\/td>\n<td>48<\/td>\n<td>92<\/td>\n<\/tr>\n<tr>\n<td>R934HD-S<\/td>\n<td>LE939500601<\/td>\n<td>1355<\/td>\n<td>1012<\/td>\n<td>125<\/td>\n<td>92<\/td>\n<td>113<\/td>\n<td>40-26preko luknje<\/td>\n<td>48-M24<\/td>\n<td>92<\/td>\n<\/tr>\n<tr>\n<td>934<\/td>\n<td>982752401<\/td>\n<td>1355<\/td>\n<td>1012<\/td>\n<td>125<\/td>\n<td>92<\/td>\n<td>113<\/td>\n<td>40-26preko luknje<\/td>\n<td>48-M24<\/td>\n<td>92<\/td>\n<\/tr>\n<tr>\n<td>R-944C<\/td>\n<td>933628601<\/td>\n<td>1365<\/td>\n<td>1008<\/td>\n<td>150<\/td>\n<td>112<\/td>\n<td>140<\/td>\n<td>60-\u042426<\/td>\n<td>72-M24cloth<\/td>\n<td>84<\/td>\n<\/tr>\n<tr>\n<td>R944B<\/td>\n<td>933626601<\/td>\n<td>1365<\/td>\n<td>1008<\/td>\n<td>150<\/td>\n<td>112<\/td>\n<td>140<\/td>\n<td>60<\/td>\n<td>72<\/td>\n<td>84<\/td>\n<\/tr>\n<\/tbody>\n<\/table>\n<\/figure>\n<p>Liebherrjevi bagri slovijo po svoji zanesljivosti in vzdr\u017eljivosti, zato so priljubljena izbira v gradbeni\u0161tvu in rudarstvu. Eden od klju\u010dnih sestavnih delov, ki prispevajo k zmogljivosti stroja, je nihajni le\u017eaj bagra. Le\u017eaji nihajnega mehanizma bagrov Liebherr so zasnovani tako, da prenesejo te\u017eke zahteve te\u017ekega dela v zahtevnih okoljih.<\/p>\n<p>Slewing bearing for excavators play a crucial role in the machine&#8217;s operation as they support the upper structure&#8217;s rotation. Without a quality slewing bearing for an excavator, the upper structure cannot rotate smoothly, which affects the overall performance of the machine. Liebherr excavator slewing bearings are engineered to provide high load capacity, accuracy, and long service life, ensuring optimal machine performance.<\/p>\n<p>Liebherrjevi vrtljivi le\u017eaji za bagre so znani tudi kot vrtljivi obro\u010dni le\u017eaji, vrtljivi obro\u010dni le\u017eaji za bagre ali vrtljivi le\u017eaji. Ti le\u017eaji so zasnovani s tekalno stezo, ki podpira te\u017eo stroja in omogo\u010da enostavno vrtenje zgornje konstrukcije. Vrtljivi le\u017eaj delov bagra je izdelan iz materialov visoke trdnosti, kar zagotavlja, da lahko prenese velike obremenitve, ekstremne temperature in te\u017eke pogoje.<\/p>\n<p>Liebherr ponuja vrsto vrtljivih le\u017eajev za bagre, ki so zdru\u017eljivi z razli\u010dnimi modeli bagrov. Modeli, ki so trenutno na voljo na trgu, so R914, R924, R944, R934 in R944CLC. Ti modeli so zasnovani tako, da zagotavljajo najve\u010djo vzdr\u017eljivost in zmogljivost, kar zagotavlja, da bo va\u0161 stroj kos vsakemu opravilu, ki mu ga boste nalo\u017eili.<\/p>","protected":false},"excerpt":{"rendered":"<p><strong>Del<\/strong> #: R934HD-S<br \/>\n<strong>Naredite<\/strong>: LIEBHERR<br \/>\n<strong>Model<\/strong>: LE939500601<br \/>\n<strong>Stanje<\/strong>: Novo<\/p>","protected":false},"featured_media":3040,"template":"","meta":[],"product_brand":[],"product_cat":[22,72],"product_tag":[52],"class_list":{"0":"post-4895","1":"product","2":"type-product","3":"status-publish","4":"has-post-thumbnail","6":"product_cat-swing-bearing","7":"product_cat-liebherr-excavator-swing-bearing","8":"product_tag-swing-bearing","10":"first","11":"instock","12":"shipping-taxable","13":"product-type-simple"},"_links":{"self":[{"href":"https:\/\/swingbearing.net\/sl\/wp-json\/wp\/v2\/product\/4895","targetHints":{"allow":["GET"]}}],"collection":[{"href":"https:\/\/swingbearing.net\/sl\/wp-json\/wp\/v2\/product"}],"about":[{"href":"https:\/\/swingbearing.net\/sl\/wp-json\/wp\/v2\/types\/product"}],"wp:featuredmedia":[{"embeddable":true,"href":"https:\/\/swingbearing.net\/sl\/wp-json\/wp\/v2\/media\/3040"}],"wp:attachment":[{"href":"https:\/\/swingbearing.net\/sl\/wp-json\/wp\/v2\/media?parent=4895"}],"wp:term":[{"taxonomy":"product_brand","embeddable":true,"href":"https:\/\/swingbearing.net\/sl\/wp-json\/wp\/v2\/product_brand?post=4895"},{"taxonomy":"product_cat","embeddable":true,"href":"https:\/\/swingbearing.net\/sl\/wp-json\/wp\/v2\/product_cat?post=4895"},{"taxonomy":"product_tag","embeddable":true,"href":"https:\/\/swingbearing.net\/sl\/wp-json\/wp\/v2\/product_tag?post=4895"}],"curies":[{"name":"wp","href":"https:\/\/api.w.org\/{rel}","templated":true}]}}