{"id":4888,"date":"2024-08-27T06:02:38","date_gmt":"2024-08-27T06:02:38","guid":{"rendered":"https:\/\/swingbearing.net\/?post_type=product&#038;p=4888"},"modified":"2024-08-27T06:11:21","modified_gmt":"2024-08-27T06:11:21","slug":"jcb-205-swing-bearing-333-p7280excavator-slewing-ring-jcb160-331-12091","status":"publish","type":"product","link":"https:\/\/swingbearing.net\/sl\/product\/jcb-205-swing-bearing-333-p7280excavator-slewing-ring-jcb160-331-12091\/","title":{"rendered":"JCB 205 Swing Bearing 333\/P7280\tExcavator Slewing Ring JCB160 331\/12091"},"content":{"rendered":"<h2 style=\"text-align: center;\">Parametri le\u017eaja JCB Swing<\/h2>\n<figure class=\"wp-block-table is-style-stripes has-small-font-size\">\n<table class=\"has-cyan-bluish-gray-background-color has-background\">\n<tbody>\n<tr>\n<td>Model<\/td>\n<td>\u0160tevilka dela<\/td>\n<td>Zunanji premer<\/td>\n<td>Notranji premer<\/td>\n<td>Skupna vi\u0161ina<\/td>\n<td>Zunanja vi\u0161ina<\/td>\n<td>Notranja vi\u0161ina<\/td>\n<td>Parametri zunanje luknje<\/td>\n<td>Parametri notranje luknje<\/td>\n<td>\u0160tevilo zob<\/td>\n<\/tr>\n<tr>\n<td>JCB 8060<\/td>\n<td>234\/11000<\/td>\n<td>852<\/td>\n<td>648.5<\/td>\n<td>70<\/td>\n<td>55<\/td>\n<td>60<\/td>\n<td>24<\/td>\n<td>24<\/td>\n<td>109<\/td>\n<\/tr>\n<tr>\n<td>JCB JS130<\/td>\n<td>332\/K8067\uff08New)<\/td>\n<td>1174<\/td>\n<td>972<\/td>\n<td>88<\/td>\n<td>56<\/td>\n<td>78<\/td>\n<td>32-\u042418<\/td>\n<td>36-M16<\/td>\n<td>98<\/td>\n<\/tr>\n<tr>\n<td>JCB JS130<\/td>\n<td>JNB0146\uff08Old\uff09<\/td>\n<td>1174<\/td>\n<td>972<\/td>\n<td>80<\/td>\n<td>56<\/td>\n<td>70<\/td>\n<td>28-\u042418<\/td>\n<td>36-M16<\/td>\n<td>98<\/td>\n<\/tr>\n<tr>\n<td>JCB JS130<\/td>\n<td>JNB0160<\/td>\n<td>1174<\/td>\n<td>972<\/td>\n<td>80<\/td>\n<td>56<\/td>\n<td>70<\/td>\n<td>28-\u042418<\/td>\n<td>36-M16<\/td>\n<td>98<\/td>\n<\/tr>\n<tr>\n<td>JCB160<\/td>\n<td>331\/12091<\/td>\n<td>1330<\/td>\n<td>1093<\/td>\n<td>102<\/td>\n<td>74<\/td>\n<td>92<\/td>\n<td>31-\u042422.5<\/td>\n<td>36-M20<\/td>\n<td>92<\/td>\n<\/tr>\n<tr>\n<td>JCB 205<\/td>\n<td>333\/P7280<\/td>\n<td>1328<\/td>\n<td>1092<\/td>\n<td>102<\/td>\n<td>74<\/td>\n<td>92<\/td>\n<td>31-\u03c622<\/td>\n<td>36-M20<\/td>\n<td>92<\/td>\n<\/tr>\n<tr>\n<td>JS200LC<\/td>\n<td>JRB0017<\/td>\n<td>1328<\/td>\n<td>1092<\/td>\n<td>102<\/td>\n<td>74<\/td>\n<td>92<\/td>\n<td>31-\u042422.5<\/td>\n<td>36-M20<\/td>\n<td>92<\/td>\n<\/tr>\n<tr>\n<td>JCB JS220<\/td>\n<td>JRB0017<\/td>\n<td>1328<\/td>\n<td>1092<\/td>\n<td>102<\/td>\n<td>74<\/td>\n<td>92<\/td>\n<td>31-\u042422.5<\/td>\n<td>36-M20<\/td>\n<td>92<\/td>\n<\/tr>\n<tr>\n<td>JCB JS220<\/td>\n<td>JRB0017<\/td>\n<td>1328<\/td>\n<td>1092<\/td>\n<td>102<\/td>\n<td>74<\/td>\n<td>92<\/td>\n<td>31-\u042422.5<\/td>\n<td>36-M20<\/td>\n<td>92<\/td>\n<\/tr>\n<tr>\n<td>JCB 240<\/td>\n<td>JBB0001<\/td>\n<td>1375<\/td>\n<td>1094<\/td>\n<td>125<\/td>\n<td>80<\/td>\n<td>115<\/td>\n<td>26<\/td>\n<td>36<\/td>\n<td>92<\/td>\n<\/tr>\n<tr>\n<td>JCB JS240<\/td>\n<td>916\/10029<\/td>\n<td>1375<\/td>\n<td>1094<\/td>\n<td>124<\/td>\n<td>80<\/td>\n<td>114<\/td>\n<td>26-\u042426<\/td>\n<td>36-M24<\/td>\n<td>92<\/td>\n<\/tr>\n<tr>\n<td>JCB JS330<\/td>\n<td>JSB0022<\/td>\n<td>1509<\/td>\n<td>1192<\/td>\n<td>135<\/td>\n<td>100<\/td>\n<td>125<\/td>\n<td>38-\u03c626<\/td>\n<td>43-M24<\/td>\n<td>86<\/td>\n<\/tr>\n<tr>\n<td>JCB 360<\/td>\n<td>JSB0022<\/td>\n<td>1510<\/td>\n<td>1193<\/td>\n<td>135<\/td>\n<td>101<\/td>\n<td>125<\/td>\n<td>38-\u03c626<\/td>\n<td>30-M22<\/td>\n<td>86<\/td>\n<\/tr>\n<\/tbody>\n<\/table>\n<figure class=\"wp-block-table is-style-stripes has-small-font-size\"><\/figure>\n<figure class=\"wp-block-table\" style=\"font-size: 12px;\">\n\t\t<style type=\"text\/css\">\n\t\t\t#gallery-1 {\n\t\t\t\tmargin: auto;\n\t\t\t}\n\t\t\t#gallery-1 .gallery-item {\n\t\t\t\tfloat: left;\n\t\t\t\tmargin-top: 10px;\n\t\t\t\ttext-align: center;\n\t\t\t\twidth: 25%;\n\t\t\t}\n\t\t\t#gallery-1 img {\n\t\t\t\tborder: 2px solid #cfcfcf;\n\t\t\t}\n\t\t\t#gallery-1 .gallery-caption {\n\t\t\t\tmargin-left: 0;\n\t\t\t}\n\t\t\t\/* see gallery_shortcode() in wp-includes\/media.php *\/\n\t\t<\/style>\n\t\t<div id='gallery-1' class='gallery galleryid-4888 gallery-columns-4 gallery-size-medium'><dl class='gallery-item'>\n\t\t\t<dt class='gallery-icon landscape'>\n\t\t\t\t<a href='https:\/\/swingbearing.net\/wp-content\/uploads\/2024\/07\/106.jpg'><img decoding=\"async\" width=\"300\" height=\"221\" src=\"https:\/\/swingbearing.net\/wp-content\/uploads\/2024\/07\/106-300x221.jpg\" class=\"attachment-medium size-medium\" alt=\"Kaljenje zobnikov\" aria-describedby=\"gallery-1-4456\" srcset=\"https:\/\/swingbearing.net\/wp-content\/uploads\/2024\/07\/106-300x221.jpg 300w, https:\/\/swingbearing.net\/wp-content\/uploads\/2024\/07\/106-16x12.jpg 16w, https:\/\/swingbearing.net\/wp-content\/uploads\/2024\/07\/106.jpg 410w\" sizes=\"(max-width: 300px) 100vw, 300px\" \/><\/a>\n\t\t\t<\/dt>\n\t\t\t\t<dd class='wp-caption-text gallery-caption' id='gallery-1-4456'>\n\t\t\t\tKaljenje zobnikov\n\t\t\t\t<\/dd><\/dl><dl class='gallery-item'>\n\t\t\t<dt class='gallery-icon landscape'>\n\t\t\t\t<a href='https:\/\/swingbearing.net\/wp-content\/uploads\/2024\/07\/104.jpg'><img decoding=\"async\" width=\"300\" height=\"221\" src=\"https:\/\/swingbearing.net\/wp-content\/uploads\/2024\/07\/104-300x221.jpg\" class=\"attachment-medium size-medium\" alt=\"Kaljenje zobnikov\" aria-describedby=\"gallery-1-4454\" srcset=\"https:\/\/swingbearing.net\/wp-content\/uploads\/2024\/07\/104-300x221.jpg 300w, https:\/\/swingbearing.net\/wp-content\/uploads\/2024\/07\/104-16x12.jpg 16w, https:\/\/swingbearing.net\/wp-content\/uploads\/2024\/07\/104.jpg 410w\" sizes=\"(max-width: 300px) 100vw, 300px\" \/><\/a>\n\t\t\t<\/dt>\n\t\t\t\t<dd class='wp-caption-text gallery-caption' id='gallery-1-4454'>\n\t\t\t\tKaljenje zobnikov\n\t\t\t\t<\/dd><\/dl><dl class='gallery-item'>\n\t\t\t<dt class='gallery-icon landscape'>\n\t\t\t\t<a href='https:\/\/swingbearing.net\/wp-content\/uploads\/2024\/07\/00\u76f4\u8bfb\u5f0f\u5149\u8c31\u4eea.jpg'><img decoding=\"async\" width=\"300\" height=\"240\" src=\"https:\/\/swingbearing.net\/wp-content\/uploads\/2024\/07\/00\u76f4\u8bfb\u5f0f\u5149\u8c31\u4eea-300x240.jpg\" class=\"attachment-medium size-medium\" alt=\"Spektrometer z neposrednim od\u010ditavanjem\" aria-describedby=\"gallery-1-4483\" srcset=\"https:\/\/swingbearing.net\/wp-content\/uploads\/2024\/07\/00\u76f4\u8bfb\u5f0f\u5149\u8c31\u4eea-300x240.jpg 300w, https:\/\/swingbearing.net\/wp-content\/uploads\/2024\/07\/00\u76f4\u8bfb\u5f0f\u5149\u8c31\u4eea-768x614.jpg 768w, https:\/\/swingbearing.net\/wp-content\/uploads\/2024\/07\/00\u76f4\u8bfb\u5f0f\u5149\u8c31\u4eea-15x12.jpg 15w, https:\/\/swingbearing.net\/wp-content\/uploads\/2024\/07\/00\u76f4\u8bfb\u5f0f\u5149\u8c31\u4eea-600x480.jpg 600w, https:\/\/swingbearing.net\/wp-content\/uploads\/2024\/07\/00\u76f4\u8bfb\u5f0f\u5149\u8c31\u4eea.jpg 800w\" sizes=\"(max-width: 300px) 100vw, 300px\" \/><\/a>\n\t\t\t<\/dt>\n\t\t\t\t<dd class='wp-caption-text gallery-caption' id='gallery-1-4483'>\n\t\t\t\tSpektrometer z neposrednim od\u010ditavanjem\n\t\t\t\t<\/dd><\/dl><dl class='gallery-item'>\n\t\t\t<dt class='gallery-icon landscape'>\n\t\t\t\t<a href='https:\/\/swingbearing.net\/wp-content\/uploads\/2024\/07\/00\u6d1b\u6c0f\u786c\u5ea6\u8ba1.jpg'><img decoding=\"async\" width=\"300\" height=\"240\" src=\"https:\/\/swingbearing.net\/wp-content\/uploads\/2024\/07\/00\u6d1b\u6c0f\u786c\u5ea6\u8ba1-300x240.jpg\" class=\"attachment-medium size-medium\" alt=\"Trdota po Rockwellu\" aria-describedby=\"gallery-1-4482\" srcset=\"https:\/\/swingbearing.net\/wp-content\/uploads\/2024\/07\/00\u6d1b\u6c0f\u786c\u5ea6\u8ba1-300x240.jpg 300w, https:\/\/swingbearing.net\/wp-content\/uploads\/2024\/07\/00\u6d1b\u6c0f\u786c\u5ea6\u8ba1-768x614.jpg 768w, https:\/\/swingbearing.net\/wp-content\/uploads\/2024\/07\/00\u6d1b\u6c0f\u786c\u5ea6\u8ba1-15x12.jpg 15w, https:\/\/swingbearing.net\/wp-content\/uploads\/2024\/07\/00\u6d1b\u6c0f\u786c\u5ea6\u8ba1-600x480.jpg 600w, https:\/\/swingbearing.net\/wp-content\/uploads\/2024\/07\/00\u6d1b\u6c0f\u786c\u5ea6\u8ba1.jpg 800w\" sizes=\"(max-width: 300px) 100vw, 300px\" \/><\/a>\n\t\t\t<\/dt>\n\t\t\t\t<dd class='wp-caption-text gallery-caption' id='gallery-1-4482'>\n\t\t\t\tTrdota po Rockwellu\n\t\t\t\t<\/dd><\/dl><br style=\"clear: both\" \/><dl class='gallery-item'>\n\t\t\t<dt class='gallery-icon landscape'>\n\t\t\t\t<a href='https:\/\/swingbearing.net\/wp-content\/uploads\/2024\/07\/00\u6570\u63a7\u7acb\u8f66.jpg'><img decoding=\"async\" width=\"300\" height=\"240\" src=\"https:\/\/swingbearing.net\/wp-content\/uploads\/2024\/07\/00\u6570\u63a7\u7acb\u8f66-300x240.jpg\" class=\"attachment-medium size-medium\" alt=\"Navpi\u010dna stru\u017enica CNC\" aria-describedby=\"gallery-1-4473\" srcset=\"https:\/\/swingbearing.net\/wp-content\/uploads\/2024\/07\/00\u6570\u63a7\u7acb\u8f66-300x240.jpg 300w, https:\/\/swingbearing.net\/wp-content\/uploads\/2024\/07\/00\u6570\u63a7\u7acb\u8f66-768x614.jpg 768w, https:\/\/swingbearing.net\/wp-content\/uploads\/2024\/07\/00\u6570\u63a7\u7acb\u8f66-15x12.jpg 15w, https:\/\/swingbearing.net\/wp-content\/uploads\/2024\/07\/00\u6570\u63a7\u7acb\u8f66-600x480.jpg 600w, https:\/\/swingbearing.net\/wp-content\/uploads\/2024\/07\/00\u6570\u63a7\u7acb\u8f66.jpg 800w\" sizes=\"(max-width: 300px) 100vw, 300px\" \/><\/a>\n\t\t\t<\/dt>\n\t\t\t\t<dd class='wp-caption-text gallery-caption' id='gallery-1-4473'>\n\t\t\t\tNavpi\u010dna stru\u017enica CNC\n\t\t\t\t<\/dd><\/dl><dl class='gallery-item'>\n\t\t\t<dt class='gallery-icon landscape'>\n\t\t\t\t<a href='https:\/\/swingbearing.net\/wp-content\/uploads\/2024\/07\/00\u6570\u63a7\u6eda\u9f7f\u673a-1.jpg'><img decoding=\"async\" width=\"300\" height=\"240\" src=\"https:\/\/swingbearing.net\/wp-content\/uploads\/2024\/07\/00\u6570\u63a7\u6eda\u9f7f\u673a-1-300x240.jpg\" class=\"attachment-medium size-medium\" alt=\"Stroj za rezkanje zobnikov CNC\" aria-describedby=\"gallery-1-4472\" srcset=\"https:\/\/swingbearing.net\/wp-content\/uploads\/2024\/07\/00\u6570\u63a7\u6eda\u9f7f\u673a-1-300x240.jpg 300w, https:\/\/swingbearing.net\/wp-content\/uploads\/2024\/07\/00\u6570\u63a7\u6eda\u9f7f\u673a-1-768x614.jpg 768w, https:\/\/swingbearing.net\/wp-content\/uploads\/2024\/07\/00\u6570\u63a7\u6eda\u9f7f\u673a-1-15x12.jpg 15w, https:\/\/swingbearing.net\/wp-content\/uploads\/2024\/07\/00\u6570\u63a7\u6eda\u9f7f\u673a-1-600x480.jpg 600w, https:\/\/swingbearing.net\/wp-content\/uploads\/2024\/07\/00\u6570\u63a7\u6eda\u9f7f\u673a-1.jpg 800w\" sizes=\"(max-width: 300px) 100vw, 300px\" \/><\/a>\n\t\t\t<\/dt>\n\t\t\t\t<dd class='wp-caption-text gallery-caption' id='gallery-1-4472'>\n\t\t\t\tStroj za rezkanje zobnikov CNC\n\t\t\t\t<\/dd><\/dl><dl class='gallery-item'>\n\t\t\t<dt class='gallery-icon landscape'>\n\t\t\t\t<a href='https:\/\/swingbearing.net\/wp-content\/uploads\/2024\/07\/00\u7acb\u5f0f\u52a0\u5de5\u4e2d\u5fc3.jpg'><img decoding=\"async\" width=\"300\" height=\"240\" src=\"https:\/\/swingbearing.net\/wp-content\/uploads\/2024\/07\/00\u7acb\u5f0f\u52a0\u5de5\u4e2d\u5fc3-300x240.jpg\" class=\"attachment-medium size-medium\" alt=\"Vertikalni obdelovalni center\" aria-describedby=\"gallery-1-4468\" srcset=\"https:\/\/swingbearing.net\/wp-content\/uploads\/2024\/07\/00\u7acb\u5f0f\u52a0\u5de5\u4e2d\u5fc3-300x240.jpg 300w, https:\/\/swingbearing.net\/wp-content\/uploads\/2024\/07\/00\u7acb\u5f0f\u52a0\u5de5\u4e2d\u5fc3-768x614.jpg 768w, https:\/\/swingbearing.net\/wp-content\/uploads\/2024\/07\/00\u7acb\u5f0f\u52a0\u5de5\u4e2d\u5fc3-15x12.jpg 15w, https:\/\/swingbearing.net\/wp-content\/uploads\/2024\/07\/00\u7acb\u5f0f\u52a0\u5de5\u4e2d\u5fc3-600x480.jpg 600w, https:\/\/swingbearing.net\/wp-content\/uploads\/2024\/07\/00\u7acb\u5f0f\u52a0\u5de5\u4e2d\u5fc3.jpg 800w\" sizes=\"(max-width: 300px) 100vw, 300px\" \/><\/a>\n\t\t\t<\/dt>\n\t\t\t\t<dd class='wp-caption-text gallery-caption' id='gallery-1-4468'>\n\t\t\t\tVertikalni obdelovalni center\n\t\t\t\t<\/dd><\/dl><dl class='gallery-item'>\n\t\t\t<dt class='gallery-icon landscape'>\n\t\t\t\t<a href='https:\/\/swingbearing.net\/wp-content\/uploads\/2024\/07\/\u6570\u63a7\u8f66\u78e8\u673a\u5e8a.jpg'><img decoding=\"async\" width=\"300\" height=\"240\" src=\"https:\/\/swingbearing.net\/wp-content\/uploads\/2024\/07\/\u6570\u63a7\u8f66\u78e8\u673a\u5e8a-300x240.jpg\" class=\"attachment-medium size-medium\" alt=\"vrtljivi le\u017eaj\" srcset=\"https:\/\/swingbearing.net\/wp-content\/uploads\/2024\/07\/\u6570\u63a7\u8f66\u78e8\u673a\u5e8a-300x240.jpg 300w, https:\/\/swingbearing.net\/wp-content\/uploads\/2024\/07\/\u6570\u63a7\u8f66\u78e8\u673a\u5e8a-768x614.jpg 768w, https:\/\/swingbearing.net\/wp-content\/uploads\/2024\/07\/\u6570\u63a7\u8f66\u78e8\u673a\u5e8a-15x12.jpg 15w, https:\/\/swingbearing.net\/wp-content\/uploads\/2024\/07\/\u6570\u63a7\u8f66\u78e8\u673a\u5e8a-600x480.jpg 600w, https:\/\/swingbearing.net\/wp-content\/uploads\/2024\/07\/\u6570\u63a7\u8f66\u78e8\u673a\u5e8a.jpg 800w\" sizes=\"(max-width: 300px) 100vw, 300px\" \/><\/a>\n\t\t\t<\/dt><\/dl><br style=\"clear: both\" \/><dl class='gallery-item'>\n\t\t\t<dt class='gallery-icon portrait'>\n\t\t\t\t<a href='https:\/\/swingbearing.net\/wp-content\/uploads\/2024\/07\/\u5fae\u4fe1\u56fe\u7247_20240517203249.jpg'><img decoding=\"async\" width=\"293\" height=\"300\" src=\"https:\/\/swingbearing.net\/wp-content\/uploads\/2024\/07\/\u5fae\u4fe1\u56fe\u7247_20240517203249-293x300.jpg\" class=\"attachment-medium size-medium\" alt=\"CAT374F 378-9586 Swing Bearing\" srcset=\"https:\/\/swingbearing.net\/wp-content\/uploads\/2024\/07\/\u5fae\u4fe1\u56fe\u7247_20240517203249-293x300.jpg 293w, https:\/\/swingbearing.net\/wp-content\/uploads\/2024\/07\/\u5fae\u4fe1\u56fe\u7247_20240517203249-1002x1024.jpg 1002w, https:\/\/swingbearing.net\/wp-content\/uploads\/2024\/07\/\u5fae\u4fe1\u56fe\u7247_20240517203249-768x785.jpg 768w, https:\/\/swingbearing.net\/wp-content\/uploads\/2024\/07\/\u5fae\u4fe1\u56fe\u7247_20240517203249-12x12.jpg 12w, https:\/\/swingbearing.net\/wp-content\/uploads\/2024\/07\/\u5fae\u4fe1\u56fe\u7247_20240517203249-600x613.jpg 600w, https:\/\/swingbearing.net\/wp-content\/uploads\/2024\/07\/\u5fae\u4fe1\u56fe\u7247_20240517203249.jpg 1080w\" sizes=\"(max-width: 293px) 100vw, 293px\" \/><\/a>\n\t\t\t<\/dt><\/dl><dl class='gallery-item'>\n\t\t\t<dt class='gallery-icon landscape'>\n\t\t\t\t<a href='https:\/\/swingbearing.net\/wp-content\/uploads\/2024\/07\/6556401.jpg'><img decoding=\"async\" width=\"300\" height=\"293\" src=\"https:\/\/swingbearing.net\/wp-content\/uploads\/2024\/07\/6556401-300x293.jpg\" class=\"attachment-medium size-medium\" alt=\"Vztrajnostni le\u017eaj CAT 349D 353-049\" srcset=\"https:\/\/swingbearing.net\/wp-content\/uploads\/2024\/07\/6556401-300x293.jpg 300w, https:\/\/swingbearing.net\/wp-content\/uploads\/2024\/07\/6556401-12x12.jpg 12w, https:\/\/swingbearing.net\/wp-content\/uploads\/2024\/07\/6556401-600x586.jpg 600w, https:\/\/swingbearing.net\/wp-content\/uploads\/2024\/07\/6556401.jpg 655w\" sizes=\"(max-width: 300px) 100vw, 300px\" \/><\/a>\n\t\t\t<\/dt><\/dl><dl class='gallery-item'>\n\t\t\t<dt class='gallery-icon landscape'>\n\t\t\t\t<a href='https:\/\/swingbearing.net\/wp-content\/uploads\/2024\/07\/6556402.jpg'><img decoding=\"async\" width=\"300\" height=\"293\" src=\"https:\/\/swingbearing.net\/wp-content\/uploads\/2024\/07\/6556402-300x293.jpg\" class=\"attachment-medium size-medium\" alt=\"Rotacijski le\u017eaj\" srcset=\"https:\/\/swingbearing.net\/wp-content\/uploads\/2024\/07\/6556402-300x293.jpg 300w, https:\/\/swingbearing.net\/wp-content\/uploads\/2024\/07\/6556402-12x12.jpg 12w, https:\/\/swingbearing.net\/wp-content\/uploads\/2024\/07\/6556402-600x586.jpg 600w, https:\/\/swingbearing.net\/wp-content\/uploads\/2024\/07\/6556402.jpg 655w\" sizes=\"(max-width: 300px) 100vw, 300px\" \/><\/a>\n\t\t\t<\/dt><\/dl><dl class='gallery-item'>\n\t\t\t<dt class='gallery-icon landscape'>\n\t\t\t\t<a href='https:\/\/swingbearing.net\/wp-content\/uploads\/2024\/07\/655640.jpg'><img decoding=\"async\" width=\"300\" height=\"293\" src=\"https:\/\/swingbearing.net\/wp-content\/uploads\/2024\/07\/655640-300x293.jpg\" class=\"attachment-medium size-medium\" alt=\"Tesnjenje le\u017eajev z vija\u010dnim mehanizmom\" srcset=\"https:\/\/swingbearing.net\/wp-content\/uploads\/2024\/07\/655640-300x293.jpg 300w, https:\/\/swingbearing.net\/wp-content\/uploads\/2024\/07\/655640-12x12.jpg 12w, https:\/\/swingbearing.net\/wp-content\/uploads\/2024\/07\/655640-600x586.jpg 600w, https:\/\/swingbearing.net\/wp-content\/uploads\/2024\/07\/655640.jpg 655w\" sizes=\"(max-width: 300px) 100vw, 300px\" \/><\/a>\n\t\t\t<\/dt><\/dl><br style=\"clear: both\" \/>\n\t\t<\/div>\n<\/figure>\n<\/figure>\n<p>Krilni le\u017eaji so bistveni sestavni deli konstrukcije bagra, ki mu omogo\u010dajo vrtenje okoli svoje osi. Ti le\u017eaji morajo biti robustni in visokokakovostni, da zdr\u017eijo te\u017eke pogoje in delovno obremenitev na gradbi\u0161\u010dih. Krilni le\u017eaji za bagre JCB so odli\u010dna izbira za tiste, ki i\u0161\u010dejo zanesljive, vzdr\u017eljive in visoko zmogljive izdelke.<\/p>\n<p>Gibljivi le\u017eaji se med drugim v\u010dasih imenujejo tudi vrtljivi le\u017eaji za bagre ali vrtljivi obro\u010dni le\u017eaji, le\u017eaji vrtljive mize in vrtljivi obro\u010dki za bagre. Vendar imajo vsi enako funkcijo: zagotavljajo nemoteno in stabilno vrtenje zgornje konstrukcije bagra.<\/p>\n<p>Le\u017eaji nihajnega mehanizma bagrov JCB so enostavni za namestitev in zahtevajo minimalno vzdr\u017eevanje. Ti le\u017eaji so zasnovani tako, da zmanj\u0161ujejo \u010das izpada in pove\u010dujejo produktivnost ter zagotavljajo odli\u010dno donosnost nalo\u017ebe. Z zagotavljanjem gladkega in zanesljivega vrtenja zgornje konstrukcije bagra nihajni le\u017eaji za bagre JCB pomagajo upravljavcem, da projekte dokon\u010dajo pravo\u010dasno in v okviru prora\u010duna.<\/p>\n<p>Zaklju\u010dimo lahko, da so nihajni le\u017eaji bagrov JCB odli\u010dna izbira za tiste, ki i\u0161\u010dejo visoko zmogljive, vzdr\u017eljive in zanesljive izdelke. Na voljo so za razli\u010dne modele, vklju\u010dno z JCB8045, JCB8055, JCB8056, JCB8060, JCB8061, JCB8065, JS130, JS140, JS200, JS210, JS220, JCB70, JCB360 in JS205. Ti le\u017eaji so enostavni za namestitev, zahtevajo minimalno vzdr\u017eevanje in so izdelani tako, da prenesejo velike obremenitve in te\u017eke okoljske pogoje, kar zagotavlja dolgo \u017eivljenjsko dobo vrtljivega sistema bagra. Z vrtljivimi le\u017eaji za bagre JCB ste lahko prepri\u010dani, da bo va\u0161 bager deloval optimalno, kar bo pove\u010dalo produktivnost in zagotovilo dobro donosnost nalo\u017ebe.<\/p>","protected":false},"excerpt":{"rendered":"<p><strong>Del<\/strong> #: 333\/P7280 331\/12091<br \/>\n<strong>Naredite<\/strong>: JCB<br \/>\n<strong>Model<\/strong>: JCB 205\u00a0 JCB160<br \/>\n<strong>Stanje<\/strong>: Novo<\/p>","protected":false},"featured_media":3038,"template":"","meta":[],"product_brand":[],"product_cat":[70,22],"product_tag":[52],"class_list":{"0":"post-4888","1":"product","2":"type-product","3":"status-publish","4":"has-post-thumbnail","6":"product_cat-jcb-excavator-swing-bearing","7":"product_cat-swing-bearing","8":"product_tag-swing-bearing","10":"first","11":"instock","12":"shipping-taxable","13":"product-type-simple"},"_links":{"self":[{"href":"https:\/\/swingbearing.net\/sl\/wp-json\/wp\/v2\/product\/4888","targetHints":{"allow":["GET"]}}],"collection":[{"href":"https:\/\/swingbearing.net\/sl\/wp-json\/wp\/v2\/product"}],"about":[{"href":"https:\/\/swingbearing.net\/sl\/wp-json\/wp\/v2\/types\/product"}],"wp:featuredmedia":[{"embeddable":true,"href":"https:\/\/swingbearing.net\/sl\/wp-json\/wp\/v2\/media\/3038"}],"wp:attachment":[{"href":"https:\/\/swingbearing.net\/sl\/wp-json\/wp\/v2\/media?parent=4888"}],"wp:term":[{"taxonomy":"product_brand","embeddable":true,"href":"https:\/\/swingbearing.net\/sl\/wp-json\/wp\/v2\/product_brand?post=4888"},{"taxonomy":"product_cat","embeddable":true,"href":"https:\/\/swingbearing.net\/sl\/wp-json\/wp\/v2\/product_cat?post=4888"},{"taxonomy":"product_tag","embeddable":true,"href":"https:\/\/swingbearing.net\/sl\/wp-json\/wp\/v2\/product_tag?post=4888"}],"curies":[{"name":"wp","href":"https:\/\/api.w.org\/{rel}","templated":true}]}}