{"id":4387,"date":"2024-06-27T15:00:13","date_gmt":"2024-06-27T15:00:13","guid":{"rendered":"https:\/\/swingbearing.net\/?post_type=product&#038;p=4387"},"modified":"2024-06-27T15:03:33","modified_gmt":"2024-06-27T15:03:33","slug":"hydraulic-pump-708-23-04014-708-23-04013-708-23-04012-for-komatsu-pc100-5-pc120-5-pc130-5","status":"publish","type":"product","link":"https:\/\/swingbearing.net\/sl\/product\/hydraulic-pump-708-23-04014-708-23-04013-708-23-04012-for-komatsu-pc100-5-pc120-5-pc130-5\/","title":{"rendered":"Hidravli\u010dna \u010drpalka 708-23-04014 708-23-04013 708-23-04012 Za Komatsu PC100-5 PC120-5 PC130-5"},"content":{"rendered":"<h3 class=\"wp-block-heading\"><strong>Opis izdelka<\/strong><\/h3>\r\n\r\n\r\n<hr class=\"wp-block-separator has-alpha-channel-opacity\" \/>\r\n\r\n\r\n<h2 class=\"wp-block-heading\">708-23-04014 708-23-04013 708-23-04012 Hydraulic Main Pump Fits For Komatsu PC100-5 PC120-5 PC130-5<\/h2>\r\n<p>&nbsp;<\/p>\r\n<p><img decoding=\"async\" class=\"alignnone wp-image-4322 size-full\" src=\"https:\/\/swingbearing.net\/wp-content\/uploads\/2024\/06\/pc200-6.jpg\" alt=\"pc200-6 hydraulic pump\" width=\"778\" height=\"561\" srcset=\"https:\/\/swingbearing.net\/wp-content\/uploads\/2024\/06\/pc200-6.jpg 778w, https:\/\/swingbearing.net\/wp-content\/uploads\/2024\/06\/pc200-6-300x216.jpg 300w, https:\/\/swingbearing.net\/wp-content\/uploads\/2024\/06\/pc200-6-768x554.jpg 768w, https:\/\/swingbearing.net\/wp-content\/uploads\/2024\/06\/pc200-6-18x12.jpg 18w, https:\/\/swingbearing.net\/wp-content\/uploads\/2024\/06\/pc200-6-600x433.jpg 600w\" sizes=\"(max-width: 778px) 100vw, 778px\" \/><\/p>\r\n<table border=\"1\" cellspacing=\"0\" cellpadding=\"0\">\r\n<tbody>\r\n<tr>\r\n<td>Ime izdelka\u00a0 \u00a0 \u00a0 \u00a0 \u00a0 \u00a0 \u00a0 \u00a0<\/td>\r\n<td>Hidravli\u010dna \u010drpalka za bagre<\/td>\r\n<\/tr>\r\n<tr>\r\n<td>Kakovost\u00a0 \u00a0 \u00a0<\/td>\r\n<td>Visoka kakovost 100% Novo<\/td>\r\n<\/tr>\r\n<tr>\r\n<td>Model stroja\u00a0 \u00a0\u00a0<\/td>\r\n<td>PC100-5 PC120-5 PC130-5<\/td>\r\n<\/tr>\r\n<tr>\r\n<td>Velikost pakiranja<\/td>\r\n<td>84*38*49<\/td>\r\n<\/tr>\r\n<tr>\r\n<td>Paket<\/td>\r\n<td>Standardni izvozni leseni primer\u00a0 \u00a0 \u00a0 \u00a0 \u00a0 \u00a0 \u00a0 \u00a0 \u00a0 \u00a0 \u00a0 \u00a0 \u00a0 \u00a0 \u00a0 \u00a0 \u00a0 \u00a0 \u00a0 \u00a0 \u00a0 \u00a0 \u00a0 \u00a0 \u00a0 \u00a0\u00a0<\/td>\r\n<\/tr>\r\n<tr>\r\n<td>\u0160tevilka dela<\/td>\r\n<td>708-23-04014 708-23-04013 708-23-04012<\/td>\r\n<\/tr>\r\n<tr>\r\n<td>Tlak<\/td>\r\n<td>Standardni, visokotla\u010dni<\/td>\r\n<\/tr>\r\n<\/tbody>\r\n<\/table>\r\n<h3>\r\n\r\n<\/h3>\r\n<p><\/p>\r\n<h2 class=\"wp-block-heading\">Introduction of\u00a0 PC100-5 PC120-5 PC130-5 Main Pump<\/h2>\r\n<p><\/p>\r\n<p>Delujete v gradbeni\u0161tvu in \u017eelite optimizirati delovanje svojih goseni\u010dnih bagerjev? Poi\u0161\u010dite hidravli\u010dno \u010drpalko za bagre, ki je vsestranski in zanesljiv izdelek, zasnovan za izpolnjevanje zahtev razli\u010dnih scenarijev, vklju\u010dno z gradbi\u0161\u010di, rudarjenjem in cestnimi deli.\u00a0<\/p>\r\n<p>\r\n\r\n<\/p>\r\n<h3 class=\"wp-block-heading\">Pove\u010danje u\u010dinkovitosti s \u010drpalko<\/h3>\r\n<p>\r\n\r\n<\/p>\r\n<p>Pri izkopavanju je klju\u010dnega pomena u\u010dinkovitost. Hidravli\u010dna \u010drpalka za bagre, ki je na voljo v dveh \u0161tevilkah \u010drpalke, 708-2L-00202 in 708-2L-41121, je posebej zasnovana za zagotavljanje najve\u010dje hidravli\u010dne mo\u010di va\u0161ega bagra. To zagotavlja nemoteno in u\u010dinkovito delovanje va\u0161ega stroja, kar vam omogo\u010da pravo\u010dasno dokon\u010danje projektov. Ta hidravli\u010dna \u010drpalka je s svojo trpe\u017eno konstrukcijo in zanesljivim delovanjem izdelana za dolgo \u017eivljenjsko dobo, zato je dragocena nalo\u017eba za va\u0161e podjetje.<\/p>\r\n<p>\r\n\r\n<\/p>\r\n<h3 class=\"wp-block-heading\">Zdru\u017eljivost in vsestranskost<\/h3>\r\n<p>\r\n\r\n<\/p>\r\n<p>Ena od klju\u010dnih prednosti hidravli\u010dne \u010drpalke za bagre je njena zdru\u017eljivost z razli\u010dnimi modeli bagrov. Ne glede na to, ali uporabljate model E317, E315, PC210-8K ali PC210-8K, je ta hidravli\u010dna \u010drpalka zasnovana tako, da se brez te\u017eav pove\u017ee z va\u0161im strojem ter izbolj\u0161a njegove zmogljivosti in zmogljivost. Zaradi te vsestranskosti je prakti\u010dna izbira za izvajalce in upravljavce, ki delajo v razli\u010dnih panogah in okoljih.<\/p>\r\n<p>\r\n\r\n<\/p>\r\n<h3 class=\"wp-block-heading\">Izjemna poprodajna podpora<\/h3>\r\n<p>\r\n\r\n<\/p>\r\n<p>V podjetju Excavator Hydraulic Pump je zadovoljstvo strank na\u0161a glavna prednostna naloga. Zato nudimo odli\u010dno poprodajno podporo, vklju\u010dno s spletno pomo\u010djo, da bi na\u0161im strankam zagotovili takoj\u0161njo pomo\u010d v primeru kakr\u0161nih koli te\u017eav ali pomislekov. Na\u0161a ekipa strokovnjakov je predana zagotavljanju podpore, ki jo potrebujete za nemoteno in u\u010dinkovito delovanje hidravli\u010dne \u010drpalke, kar vam omogo\u010da, da se brez prekinitev osredoto\u010dite na svoje delo.<br \/><br \/><b>Podpiramo lahko druge:<\/b><\/p>\r\n<table>\r\n<tbody>\r\n<tr>\r\n<td colspan=\"1\" rowspan=\"1\">\r\n<div>Za dru\u017ebo Kobelco<\/div>\r\n<\/td>\r\n<td colspan=\"1\" rowspan=\"1\">\r\n<div>SK200-6,SK210-6,SK45SR,SK330-6E,SK200-4,SK460-8,SK135,SK235SRLC-1ES,SK250-8,SK210-8,SK350-8,SK350,SK350-9,SK200-8,SK210-8<\/div>\r\n<\/td>\r\n<\/tr>\r\n<tr>\r\n<td colspan=\"1\" rowspan=\"1\">\r\n<div>Za dru\u017ebo Komatsu<\/div>\r\n<\/td>\r\n<td colspan=\"1\" rowspan=\"1\">\r\n<div>PC300-8,PC200-6K,PC130-8,PC200-8,PC220-8,PC270-8,PC400-8,PC60-7,PC300-7,PC400-7,PC200-7,PC200-6,<\/div>\r\n<\/td>\r\n<\/tr>\r\n<tr>\r\n<td colspan=\"1\" rowspan=\"1\">\r\n<div>Za CAT<\/div>\r\n<\/td>\r\n<td colspan=\"1\" rowspan=\"1\">\r\n<div>E325C,E330D,E330C,E336D,E336C,E345B,E385C,E320C,E320D,E330,E330L,E345C<\/div>\r\n<\/td>\r\n<\/tr>\r\n<tr>\r\n<td colspan=\"1\" rowspan=\"1\">\r\n<div>Za Daewoo<\/div>\r\n<\/td>\r\n<td colspan=\"1\" rowspan=\"1\">\r\n<div>DH80,DH300-5,DH300-7,DH225-7,DH210,DH220,DH150,DH300-5,DH370,DH470-5,DH500-5<\/div>\r\n<\/td>\r\n<\/tr>\r\n<tr>\r\n<td colspan=\"1\" rowspan=\"1\">\r\n<div>Za dru\u017ebo Hitachi<\/div>\r\n<\/td>\r\n<td colspan=\"1\" rowspan=\"1\">\r\n<div>EX120-5, EX120-5 JPN, EX120-5HG, EX120-5LV JPN, EX120-5X, EX120-5Z, EX120SS-5, EX130H-5, EX130H-5 JPN, EX130K-5,<br \/>EX135UR, EX135UR-5, EX135US-5, EX135USR, EX135USRK, EX140US-5, HR240G, EX300-2, EX300-3, EX300-3C, EX310H-3C, EX200-3, EX200-5,<br \/>EX200-5 JPN, EX200-5HG, EX200-5HHE, EX200-5LV JAP, EX200-5X JPN, EX200-5Z JPN, EX200LC-5HHE, EX200SS-5,EX210H-5, EX210H-5 JPN,<br \/>EX210K-5 JPN, EX210LC-5HHE, EX225USR(LC), EX225USRK,EX60-2, EX60-3, EX60LCK-3, EX60LCT-3, EX60WD-2, EX75UR, EX75UR-3,<br \/>EX75URLC-3,EX350-6,EX120-3,EX1200,EX300,EX200 ,EX210,EX75UR-5<\/div>\r\n<\/td>\r\n<\/tr>\r\n<tr>\r\n<td colspan=\"1\" rowspan=\"1\">\r\n<div>Za podjetje Sumitomo<\/div>\r\n<\/td>\r\n<td colspan=\"1\" rowspan=\"1\">\r\n<div>SH200-2,SH-200A3,SH200,SH120-5-0.5<\/div>\r\n<\/td>\r\n<\/tr>\r\n<tr>\r\n<td colspan=\"1\" rowspan=\"1\">\r\n<div>Za Kato<\/div>\r\n<\/td>\r\n<td colspan=\"1\" rowspan=\"1\">\r\n<div>HD1430,HD130<\/div>\r\n<\/td>\r\n<\/tr>\r\n<tr>\r\n<td colspan=\"1\" rowspan=\"1\">\r\n<div>Za JCB<\/div>\r\n<\/td>\r\n<td colspan=\"1\" rowspan=\"1\">\r\n<div>JCB220,JCB240,JCB 85Z<\/div>\r\n<\/td>\r\n<\/tr>\r\n<tr>\r\n<td colspan=\"1\" rowspan=\"1\">\r\n<div>Drugo<\/div>\r\n<\/td>\r\n<td colspan=\"1\" rowspan=\"1\">\r\n<div>&#8230;&#8230;<\/div>\r\n<\/td>\r\n<\/tr>\r\n<\/tbody>\r\n<\/table>\r\n<p><\/p>","protected":false},"excerpt":{"rendered":"<p><strong><b>Del<\/b><\/strong> #: 708-23-04014 708-23-04013 708-23-04012 <br \/><strong><b>Naredite<\/b><\/strong>:Komatsu <br \/><strong><b>Model<\/b><\/strong>: PC100-5 PC120-5 PC130-5<br \/><strong><b>Stanje<\/b><\/strong>: Novo<\/p>","protected":false},"featured_media":4310,"template":"","meta":[],"product_brand":[],"product_cat":[382],"product_tag":[],"class_list":{"0":"post-4387","1":"product","2":"type-product","3":"status-publish","4":"has-post-thumbnail","6":"product_cat-komatsu-hydraulic-pumps","8":"first","9":"instock","10":"shipping-taxable","11":"product-type-simple"},"_links":{"self":[{"href":"https:\/\/swingbearing.net\/sl\/wp-json\/wp\/v2\/product\/4387","targetHints":{"allow":["GET"]}}],"collection":[{"href":"https:\/\/swingbearing.net\/sl\/wp-json\/wp\/v2\/product"}],"about":[{"href":"https:\/\/swingbearing.net\/sl\/wp-json\/wp\/v2\/types\/product"}],"wp:featuredmedia":[{"embeddable":true,"href":"https:\/\/swingbearing.net\/sl\/wp-json\/wp\/v2\/media\/4310"}],"wp:attachment":[{"href":"https:\/\/swingbearing.net\/sl\/wp-json\/wp\/v2\/media?parent=4387"}],"wp:term":[{"taxonomy":"product_brand","embeddable":true,"href":"https:\/\/swingbearing.net\/sl\/wp-json\/wp\/v2\/product_brand?post=4387"},{"taxonomy":"product_cat","embeddable":true,"href":"https:\/\/swingbearing.net\/sl\/wp-json\/wp\/v2\/product_cat?post=4387"},{"taxonomy":"product_tag","embeddable":true,"href":"https:\/\/swingbearing.net\/sl\/wp-json\/wp\/v2\/product_tag?post=4387"}],"curies":[{"name":"wp","href":"https:\/\/api.w.org\/{rel}","templated":true}]}}