{"id":362,"date":"2023-09-18T08:17:17","date_gmt":"2023-09-18T08:17:17","guid":{"rendered":"https:\/\/swingbearing.net\/?post_type=product&#038;p=362"},"modified":"2023-11-09T07:16:57","modified_gmt":"2023-11-09T07:16:57","slug":"swing-bearing-kobelco","status":"publish","type":"product","link":"https:\/\/swingbearing.net\/sl\/product\/swing-bearing-kobelco\/","title":{"rendered":"nihajni le\u017eaj KOBELCO"},"content":{"rendered":"<figure class=\"wp-block-table is-style-stripes has-small-font-size\">\n<table class=\"has-cyan-bluish-white-background-color has-background\">\n<tbody>\n<tr>\n<td width=\"113\"><strong><a href=\"https:\/\/swingbearing.net\/sl\/product\/swing-bearing-cat\/\" target=\"_parent\" rel=\"noopener\">CAT<\/a><\/strong><\/td>\n<td width=\"113\"><strong><a href=\"https:\/\/swingbearing.net\/sl\/product\/swing-bearing-komatsu\/\" rel=\"noopener\">KOMATSU<\/a><\/strong><\/td>\n<td width=\"113\"><strong><a href=\"https:\/\/swingbearing.net\/sl\/product\/swing-bearings-hitachi\/\" rel=\"noopener\">HITACHI<\/a><\/strong><\/td>\n<td width=\"113\"><strong><a href=\"https:\/\/swingbearing.net\/sl\/product\/swing-bearing-kobelco\/\" target=\"_parent\" rel=\"noopener\">KOBELCO<\/a><\/strong><\/td>\n<td width=\"113\"><strong><a href=\"https:\/\/swingbearing.net\/sl\/product\/swing-bearing-hyundai\/\" target=\"_parent\" rel=\"noopener\">HYUNDAI<\/a><\/strong><\/td>\n<\/tr>\n<tr>\n<td width=\"113\"><strong><a href=\"https:\/\/swingbearing.net\/sl\/product\/swing-bearing-doosan\/\" target=\"_parent\" rel=\"noopener\">DOOSAN<\/a><\/strong><\/td>\n<td width=\"113\"><strong><a href=\"https:\/\/swingbearing.net\/sl\/product\/swing-bearing-volvo\/\" target=\"_parent\" rel=\"noopener\">VOLVO<\/a><\/strong><\/td>\n<td width=\"113\"><strong><a href=\"https:\/\/swingbearing.net\/sl\/product\/swing-bearing-jcb\/\" target=\"_parent\" rel=\"noopener\">JCB<\/a><\/strong><\/td>\n<td width=\"113\"><strong><a href=\"https:\/\/swingbearing.net\/sl\/product\/swing-bearing-case\/\" target=\"_parent\" rel=\"noopener\">CASE<\/a><\/strong><\/td>\n<td width=\"113\"><strong><a href=\"https:\/\/swingbearing.net\/sl\/product\/swing-bearing-liebherr\/\" target=\"_parent\" rel=\"noopener\">LIEBHERR<\/a><\/strong><\/td>\n<\/tr>\n<tr>\n<td width=\"113\"><strong><a href=\"https:\/\/swingbearing.net\/sl\/product\/swing-bearing-liugong\/\" target=\"_parent\" rel=\"noopener\">LIUGONG<\/a><\/strong><\/td>\n<td width=\"113\"><strong><a href=\"https:\/\/swingbearing.net\/sl\/product\/swing-bearings-sany\/\" target=\"_parent\" rel=\"noopener\">SANY<\/a><\/strong><\/td>\n<td width=\"113\"><strong><a href=\"https:\/\/swingbearing.net\/sl\/product\/swing-bearing-yuchai\/\" target=\"_parent\" rel=\"noopener\">YUCHAI<\/a><\/strong><\/td>\n<td width=\"113\"><strong><a href=\"https:\/\/swingbearing.net\/sl\/product\/swing-bearing-xcmg\/\" target=\"_parent\" rel=\"noopener\">XCMG<\/a><\/strong><\/td>\n<td width=\"113\"><strong><a href=\"https:\/\/swingbearing.net\/sl\/product\/swing-bearing-sumitomo\/\" target=\"_parent\" rel=\"noopener\">SUMITOMO<\/a><\/strong><\/td>\n<\/tr>\n<\/tbody>\n<\/table>\n<\/figure>\n<h4 style=\"text-align: center;\">Parametri le\u017eaja KOBELCO Swing<\/h4>\n<figure class=\"wp-block-table is-style-stripes has-small-font-size\">\n<table class=\"has-cyan-bluish-gray-background-color has-background\">\n<tbody>\n<tr>\n<td>Model<\/td>\n<td>\u0160tevilka dela<\/td>\n<td>Zunanji premer<\/td>\n<td>Notranji premer<\/td>\n<td>Skupna vi\u0161ina<\/td>\n<td>Zunanja vi\u0161ina<\/td>\n<td>Notranja vi\u0161ina<\/td>\n<td>Parametri zunanje luknje<\/td>\n<td>Parametri notranje luknje<\/td>\n<td>\u0160tevilo zob<\/td>\n<\/tr>\n<tr>\n<td>SK75-8<\/td>\n<td>YT40F00004F1<\/td>\n<td>810<\/td>\n<td>586<\/td>\n<td>80<\/td>\n<td>62<\/td>\n<td>61<\/td>\n<td>24<\/td>\n<td>30<\/td>\n<td>75<\/td>\n<\/tr>\n<tr>\n<td>SK75 UR-3<\/td>\n<td>2425U261F1<\/td>\n<td>810<\/td>\n<td>587<\/td>\n<td>84<\/td>\n<td>67<\/td>\n<td>67<\/td>\n<td>25<\/td>\n<td>30<\/td>\n<td>75<\/td>\n<\/tr>\n<tr>\n<td>SK130LC IV<\/td>\n<td>LP40FU0001F1<\/td>\n<td>1093<\/td>\n<td>880<\/td>\n<td>85<\/td>\n<td>60<\/td>\n<td>75<\/td>\n<td>28-\u03c617<\/td>\n<td>36-M16<\/td>\n<td>89<\/td>\n<\/tr>\n<tr>\n<td>SK-140<\/td>\n<td>YY40F00009F1<\/td>\n<td>1131<\/td>\n<td>921<\/td>\n<td>85<\/td>\n<td>60<\/td>\n<td>75<\/td>\n<td>34-\u03c617<\/td>\n<td>36-M16<\/td>\n<td>93<\/td>\n<\/tr>\n<tr>\n<td>SK140SR<\/td>\n<td>YY40F00009F1<\/td>\n<td>1129<\/td>\n<td>919.5<\/td>\n<td>85<\/td>\n<td>60<\/td>\n<td>75<\/td>\n<td>34<\/td>\n<td>36<\/td>\n<td>93<\/td>\n<\/tr>\n<tr>\n<td>SK200<\/td>\n<td>24100N7440F1<\/td>\n<td>1312<\/td>\n<td>1082<\/td>\n<td>106<\/td>\n<td>78<\/td>\n<td>95<\/td>\n<td>33-\u042422<\/td>\n<td>36-M20<\/td>\n<td>110<\/td>\n<\/tr>\n<tr>\n<td>K907LC-2<\/td>\n<td>24100N3978F<\/td>\n<td>1312<\/td>\n<td>1084<\/td>\n<td>105<\/td>\n<td>78<\/td>\n<td>95<\/td>\n<td>32-\u03c622<\/td>\n<td>36-M20*1.5<\/td>\n<td>110<\/td>\n<\/tr>\n<tr>\n<td>SK200<\/td>\n<td>YN40FU0001F1<\/td>\n<td>1312<\/td>\n<td>1082<\/td>\n<td>106<\/td>\n<td>\uff1f<\/td>\n<td>\uff1f<\/td>\n<td>33<\/td>\n<td>36<\/td>\n<td>110<\/td>\n<\/tr>\n<tr>\n<td>SK200-6<\/td>\n<td>YN40F00008F1<\/td>\n<td>1312<\/td>\n<td>1081.5<\/td>\n<td>106<\/td>\n<td>78<\/td>\n<td>95<\/td>\n<td>33-\u042422<\/td>\n<td>36-M20<\/td>\n<td>110<\/td>\n<\/tr>\n<tr>\n<td>SK200-6<\/td>\n<td>YN40F00004F2<\/td>\n<td>1312<\/td>\n<td>1082<\/td>\n<td>105<\/td>\n<td>78<\/td>\n<td>95<\/td>\n<td>33-\u042422<\/td>\n<td>36-M20<\/td>\n<td>110<\/td>\n<\/tr>\n<tr>\n<td>SK200-8\/ E215<\/td>\n<td>YN40F00026F1<\/td>\n<td>1310<\/td>\n<td>1081<\/td>\n<td>109<\/td>\n<td>78<\/td>\n<td>97<\/td>\n<td>33<\/td>\n<td>36<\/td>\n<td>110<\/td>\n<\/tr>\n<tr>\n<td>SK200-8<\/td>\n<td>YN40F00026F2<\/td>\n<td>1312<\/td>\n<td>1082<\/td>\n<td>106<\/td>\n<td>78<\/td>\n<td>95<\/td>\n<td>33-\u03c622<\/td>\n<td>36-M20*1.5<\/td>\n<td>110<\/td>\n<\/tr>\n<tr>\n<td>SK200-10<\/td>\n<td>Yn40f00042f2<\/td>\n<td>1310<\/td>\n<td>1082<\/td>\n<td>108<\/td>\n<td>78<\/td>\n<td>98<\/td>\n<td>33-\u03c621.5<\/td>\n<td>36-M20*1.5<\/td>\n<td>110<\/td>\n<\/tr>\n<tr>\n<td>SK210LC<\/td>\n<td>YN40F00019F2<\/td>\n<td>1312<\/td>\n<td>1081.5<\/td>\n<td>106<\/td>\n<td>78<\/td>\n<td>95<\/td>\n<td>33-\u042422<\/td>\n<td>36-M20*1.5<\/td>\n<td>110<\/td>\n<\/tr>\n<tr>\n<td>SK210LC-6<\/td>\n<td>Yn40f00004f1<\/td>\n<td>1312<\/td>\n<td>1081.5<\/td>\n<td>106<\/td>\n<td>78<\/td>\n<td>95<\/td>\n<td>33-\u042422<\/td>\n<td>36-M20*1.5<\/td>\n<td>110<\/td>\n<\/tr>\n<tr>\n<td>SK210LC-8<\/td>\n<td>YN40F00026F1<\/td>\n<td>1310<\/td>\n<td>1081<\/td>\n<td>109<\/td>\n<td>78<\/td>\n<td>97<\/td>\n<td>33<\/td>\n<td>36<\/td>\n<td>110<\/td>\n<\/tr>\n<tr>\n<td>SK220LC III\/IV<\/td>\n<td>24100N7441F1<\/td>\n<td>1312<\/td>\n<td>1082<\/td>\n<td>106<\/td>\n<td>78<\/td>\n<td>95<\/td>\n<td>33-\u042423<\/td>\n<td>36-M20*1.5<\/td>\n<td>110<\/td>\n<\/tr>\n<tr>\n<td>SK230-6<\/td>\n<td>LQ40F00004F1<\/td>\n<td>1410<\/td>\n<td>1131<\/td>\n<td>120<\/td>\n<td>88<\/td>\n<td>110<\/td>\n<td>33-\u03c622<\/td>\n<td>36-M20*1.5<\/td>\n<td>82<\/td>\n<\/tr>\n<tr>\n<td>SK235<\/td>\n<td>YN40F01004P1<\/td>\n<td>1409<\/td>\n<td>1080<\/td>\n<td>116<\/td>\n<td>88<\/td>\n<td>106<\/td>\n<td>33<\/td>\n<td>36<\/td>\n<td>110<\/td>\n<\/tr>\n<tr>\n<td>SK250-6E<\/td>\n<td>LQ40F00005F1<\/td>\n<td>1416<\/td>\n<td>1131<\/td>\n<td>120<\/td>\n<td>85<\/td>\n<td>110<\/td>\n<td>33-\u03c621<\/td>\n<td>36-M20*1.5<\/td>\n<td>82<\/td>\n<\/tr>\n<tr>\n<td>SK250-8<\/td>\n<td>LQ40F00014F1<\/td>\n<td>1416<\/td>\n<td>1131<\/td>\n<td>120<\/td>\n<td>85<\/td>\n<td>110<\/td>\n<td>33-\u03c621<\/td>\n<td>36-M20*1.5<\/td>\n<td>82<\/td>\n<\/tr>\n<tr>\n<td>SK250LC-6E<\/td>\n<td>LQ40f00004f1<\/td>\n<td>1410<\/td>\n<td>1131<\/td>\n<td>120<\/td>\n<td>88<\/td>\n<td>110<\/td>\n<td>33-\u03c622<\/td>\n<td>36-M20<\/td>\n<td>82<\/td>\n<\/tr>\n<tr>\n<td>SK250NLC-6<\/td>\n<td>24100N7441F1<\/td>\n<td>1410<\/td>\n<td>1131<\/td>\n<td>120<\/td>\n<td>88<\/td>\n<td>110<\/td>\n<td>33-\u03c622<\/td>\n<td>36-M20*1.5<\/td>\n<td>82<\/td>\n<\/tr>\n<tr>\n<td>SK260-8<\/td>\n<td>LQ40F000014F1<\/td>\n<td>1418<\/td>\n<td>1132<\/td>\n<td>120<\/td>\n<td>86<\/td>\n<td>110<\/td>\n<td>33-\u042421<\/td>\n<td>36-M20*1.5<\/td>\n<td>82<\/td>\n<\/tr>\n<tr>\n<td>SK330<\/td>\n<td>LC40F00019F1<\/td>\n<td>1613<\/td>\n<td>1272<\/td>\n<td>120<\/td>\n<td>100<\/td>\n<td>110<\/td>\n<td>35-\u03c626<\/td>\n<td>36-M24*2<\/td>\n<td>92<\/td>\n<\/tr>\n<tr>\n<td>SK330-6E<\/td>\n<td>LC40F00009F1<\/td>\n<td>1564<\/td>\n<td>1200<\/td>\n<td>125<\/td>\n<td>105<\/td>\n<td>115<\/td>\n<td>35-\u03a626<\/td>\n<td>36-M24<\/td>\n<td>77<\/td>\n<\/tr>\n<tr>\n<td>SK330LC V1<\/td>\n<td>LC40FU0001F1<\/td>\n<td>1564<\/td>\n<td>1200<\/td>\n<td>125<\/td>\n<td>105<\/td>\n<td>115<\/td>\n<td>35-\u03a626<\/td>\n<td>36-M24<\/td>\n<td>77<\/td>\n<\/tr>\n<tr>\n<td>SK330LC-6E<\/td>\n<td>LC40F00009F1<\/td>\n<td>1564<\/td>\n<td>1200<\/td>\n<td>125<\/td>\n<td>105<\/td>\n<td>115<\/td>\n<td>35-\u03a626<\/td>\n<td>36-M24<\/td>\n<td>77<\/td>\n<\/tr>\n<tr>\n<td>SK330-6E<\/td>\n<td>LC40F00012F<\/td>\n<td>1560<\/td>\n<td>1200<\/td>\n<td>125<\/td>\n<td>105<\/td>\n<td>115<\/td>\n<td>35<\/td>\n<td>36<\/td>\n<td>77<\/td>\n<\/tr>\n<tr>\n<td>SK350<\/td>\n<td>LC40F00018F1<\/td>\n<td>1613<\/td>\n<td>1272<\/td>\n<td>120<\/td>\n<td>100<\/td>\n<td>110<\/td>\n<td>35-\u042426<\/td>\n<td>36-M24*2<\/td>\n<td>92<\/td>\n<\/tr>\n<tr>\n<td>SK350ME<\/td>\n<td>FG4E9648E-J6<\/td>\n<td>1613<\/td>\n<td>1272<\/td>\n<td>120<\/td>\n<td>100<\/td>\n<td>110<\/td>\n<td>35-\u03c626<\/td>\n<td>36-M24*2<\/td>\n<td>92<\/td>\n<\/tr>\n<\/tbody>\n<\/table>\n<\/figure>\n<p>Le\u017eaji nihajnega mehanizma bagra so klju\u010dni sestavni deli sistema vrtenja bagra. Povezujejo zgornjo konstrukcijo s podvozjem in omogo\u010dajo vrtenje bagra okoli njegove osi. Va\u0161e podjetje proizvaja visokokakovostne vrtljive le\u017eaje za bagre, vklju\u010dno z vrtljivimi le\u017eaji, vrtljivimi obro\u010dki, le\u017eaji obra\u010dalne mize in drugimi, ki so zasnovani posebej za razli\u010dne modele bagrov KOBELCO.<\/p>\n<p>Ti vrtljivi le\u017eaji za bagre so izdelani tako, da so odporni na ekstremne delovne pogoje, kar zagotavlja zanesljivo in trajno delovanje v dalj\u0161em \u010dasovnem obdobju. Izdelani so iz visokokakovostnih materialov in so podvr\u017eeni strogemu testiranju, ki zagotavlja, da izpolnjujejo najvi\u0161je industrijske standarde. To zagotavlja optimalno zmogljivost, varnost in zanesljivost, hkrati pa zmanj\u0161uje zastoje in stro\u0161ke vzdr\u017eevanja.<\/p>\n<p>Va\u0161e podjetje ponuja \u0161iroko paleto modelov vrtljivih le\u017eajev za bagre KOBELCO, vklju\u010dno z modeli SK35, SK50, SK60, SK75, SK100, SK120, SK200-1-2-3-4-5-6, SK230, SK250, SK260, SK280, SK300, SK330, SK330-6, SK350, SK400, SK450, SK480, RK200, SK55, SK60-3, SK60-5, SK60-8, SK60SR, SK75\/SK75-8, K904C, SK905C, SK907B, K907C, SK100, SK120-3, SK120-5, SK135, SK03, SK04, SK045N2, SK130, SK140-8, SK07-1-N2, SK07-N2, SK200-1, SK200-2, SK200-3, SK200-5, SK200-6, SK210-6-6, SK200-8, SK210-8, SK230-6E, SK250-6, SK250-8, SK260-8, SK270D, SK330-8, SK350-8, SK480-6 in SK480-8.<\/p>\n<p>Poleg vrtljivih le\u017eajev za bagre va\u0161e podjetje proizvaja tudi druge dele za bagre, kot so vrtljivi zobniki za bagre in vrtljivi le\u017eaji. Ti so zasnovani tako, da brezhibno delujejo z vrtljivimi le\u017eaji bagrov ter zagotavljajo najve\u010djo u\u010dinkovitost, produktivnost in varnost na gradbi\u0161\u010du.<br \/>\n\u010ce i\u0161\u010dete zanesljive in visokokakovostne vrtljive le\u017eaje za bagre KOBELCO, ne i\u0161\u010dite drugega kot svoje podjetje. S \u0161iroko paleto modelov, med katerimi lahko izbirate, ste lahko prepri\u010dani, da boste na\u0161li popolno ustreznost za svoj bager. Zavezanost va\u0161ega podjetja h kakovosti in zadovoljstvu strank zagotavlja, da boste prejeli najbolj\u0161i mo\u017eni izdelek in storitev.<\/p>\n<figure class=\"wp-block-image size-full is-resized\"><a href=\"https:\/\/national-bearing.com\/\" target=\"_blank\" rel=\"noopener\"><img decoding=\"async\" class=\"ls-is-cached lazyloaded alignnone wp-image-177\" src=\"https:\/\/national-bearing.com\/wp-content\/uploads\/2023\/04\/0001.jpg\" sizes=\"(max-width: 843px) 100vw, 843px\" srcset=\"https:\/\/national-bearing.com\/wp-content\/uploads\/2023\/04\/0001.jpg 600w, https:\/\/national-bearing.com\/wp-content\/uploads\/2023\/04\/0001-300x200.jpg 300w\" alt=\"\" width=\"699\" height=\"466\" data-srcset=\"https:\/\/national-bearing.com\/wp-content\/uploads\/2023\/04\/0001.jpg 600w, https:\/\/national-bearing.com\/wp-content\/uploads\/2023\/04\/0001-300x200.jpg 300w\" data-src=\"https:\/\/national-bearing.com\/wp-content\/uploads\/2023\/04\/0001.jpg\" data-sizes=\"(max-width: 843px) 100vw, 843px\" \/><\/a><\/figure>","protected":false},"excerpt":{"rendered":"<p>KOBELCO Le\u017eaj gugalnice<br \/>\nModel:K904C,SK480-8,SK330-8<br \/>\n,SK350-8SK905C,SK907B,SK350<\/p>","protected":false},"featured_media":136,"template":"","meta":[],"product_brand":[],"product_cat":[22],"product_tag":[],"class_list":{"0":"post-362","1":"product","2":"type-product","3":"status-publish","4":"has-post-thumbnail","6":"product_cat-swing-bearing","8":"first","9":"instock","10":"shipping-taxable","11":"product-type-simple"},"_links":{"self":[{"href":"https:\/\/swingbearing.net\/sl\/wp-json\/wp\/v2\/product\/362","targetHints":{"allow":["GET"]}}],"collection":[{"href":"https:\/\/swingbearing.net\/sl\/wp-json\/wp\/v2\/product"}],"about":[{"href":"https:\/\/swingbearing.net\/sl\/wp-json\/wp\/v2\/types\/product"}],"wp:featuredmedia":[{"embeddable":true,"href":"https:\/\/swingbearing.net\/sl\/wp-json\/wp\/v2\/media\/136"}],"wp:attachment":[{"href":"https:\/\/swingbearing.net\/sl\/wp-json\/wp\/v2\/media?parent=362"}],"wp:term":[{"taxonomy":"product_brand","embeddable":true,"href":"https:\/\/swingbearing.net\/sl\/wp-json\/wp\/v2\/product_brand?post=362"},{"taxonomy":"product_cat","embeddable":true,"href":"https:\/\/swingbearing.net\/sl\/wp-json\/wp\/v2\/product_cat?post=362"},{"taxonomy":"product_tag","embeddable":true,"href":"https:\/\/swingbearing.net\/sl\/wp-json\/wp\/v2\/product_tag?post=362"}],"curies":[{"name":"wp","href":"https:\/\/api.w.org\/{rel}","templated":true}]}}