{"id":3193,"date":"2024-05-17T06:19:05","date_gmt":"2024-05-17T06:19:05","guid":{"rendered":"https:\/\/swingbearing.net\/product\/komatsu-pc300-8-swing-bearing-207-25-00121-excavator-parts-slewing-bearing\/"},"modified":"2024-05-25T06:45:02","modified_gmt":"2024-05-25T06:45:02","slug":"komatsu-pc300-8-swing-bearing-207-25-00121-excavator-parts-slewing-bearing","status":"publish","type":"product","link":"https:\/\/swingbearing.net\/sl\/product\/komatsu-pc300-8-swing-bearing-207-25-00121-excavator-parts-slewing-bearing\/","title":{"rendered":"Le\u017eaj nihajnega mehanizma 207-25-00121 za KOMATSU PC300-8"},"content":{"rendered":"<h2 style=\"text-align: center;\">KOMATSU Le\u017eaj vrtljivega bagra<\/h2>\n<figure class=\"wp-block-table has-small-font-size\">\n<table>\n<tbody>\n<tr>\n<td>Model<\/td>\n<td>\u0160tevilka dela<\/td>\n<td>Zunanji premer<\/td>\n<td>Notranji premer<\/td>\n<td>Skupna vi\u0161ina<\/td>\n<td>Zunanja vi\u0161ina<\/td>\n<td>Notranja vi\u0161ina<\/td>\n<td>Parametri zunanje luknje<\/td>\n<td>Parametri notranje luknje<\/td>\n<td>\u0160tevilo zob<\/td>\n<\/tr>\n<tr>\n<td>PC75UU-2<\/td>\n<td>201-25-61100<\/td>\n<td>806<\/td>\n<td>594<\/td>\n<td>74<\/td>\n<td>59<\/td>\n<td>61<\/td>\n<td>24-\u03c618<\/td>\n<td>24-\u03c618<\/td>\n<td>76<\/td>\n<\/tr>\n<tr>\n<td>PC100-6<\/td>\n<td>203-25-62100<\/td>\n<td>1105.5<\/td>\n<td>883.5<\/td>\n<td>75<\/td>\n<td>65<\/td>\n<td>65<\/td>\n<td>34-\u03c618<\/td>\n<td>38-M16<\/td>\n<td>90<\/td>\n<\/tr>\n<tr>\n<td>PC110R<\/td>\n<td>206-25-11100<\/td>\n<td>1106<\/td>\n<td>884<\/td>\n<td>75<\/td>\n<td>65<\/td>\n<td>64<\/td>\n<td>34-\u03c618<\/td>\n<td>36-M16<\/td>\n<td>90<\/td>\n<\/tr>\n<tr>\n<td>PC120-6<\/td>\n<td>203-25-62100<\/td>\n<td>1105.5<\/td>\n<td>883.5<\/td>\n<td>75<\/td>\n<td>65<\/td>\n<td>65<\/td>\n<td>34-\u03c618<\/td>\n<td>38-M16<\/td>\n<td>90<\/td>\n<\/tr>\n<tr>\n<td>PC130-7<\/td>\n<td>SAA4D95L<\/td>\n<td>1106<\/td>\n<td>884<\/td>\n<td>75<\/td>\n<td>65<\/td>\n<td>64<\/td>\n<td>34-\u042418<\/td>\n<td>38-M16<\/td>\n<td>110<\/td>\n<\/tr>\n<tr>\n<td>PC150LCK-6<\/td>\n<td>21P-25-K1100<\/td>\n<td>1188<\/td>\n<td>923<\/td>\n<td>83<\/td>\n<td>73<\/td>\n<td>67<\/td>\n<td>26-\u03a622<\/td>\n<td>30-\u042422<\/td>\n<td>94<\/td>\n<\/tr>\n<tr>\n<td>PC160-6K<\/td>\n<td>21P-25-K1100<\/td>\n<td>1188<\/td>\n<td>923<\/td>\n<td>83<\/td>\n<td>73<\/td>\n<td>67<\/td>\n<td>26-\u03a622<\/td>\n<td>30-\u042422<\/td>\n<td>94<\/td>\n<\/tr>\n<tr>\n<td>PC160-7<\/td>\n<td>21K-25-00101<\/td>\n<td>1224<\/td>\n<td>973<\/td>\n<td>82<\/td>\n<td>67<\/td>\n<td>74<\/td>\n<td>32-\u03c624<\/td>\n<td>36-M20<\/td>\n<td>99<\/td>\n<\/tr>\n<tr>\n<td>PC200<\/td>\n<td>205-25-00015<\/td>\n<td>1242<\/td>\n<td>916<\/td>\n<td>100<\/td>\n<td>90<\/td>\n<td>90<\/td>\n<td>22<\/td>\n<td>36<\/td>\n<td>78<\/td>\n<\/tr>\n<tr>\n<td>PC210NlC-7K<\/td>\n<td>20Y-25-00301<\/td>\n<td>1323<\/td>\n<td>1074<\/td>\n<td>112<\/td>\n<td>78<\/td>\n<td>102<\/td>\n<td>33-\u042424<\/td>\n<td>36-M22<\/td>\n<td>92<\/td>\n<\/tr>\n<tr>\n<td>PC200-5<\/td>\n<td>20Y-25-11103<\/td>\n<td>1303<\/td>\n<td>1083.5<\/td>\n<td>109<\/td>\n<td>86<\/td>\n<td>90<\/td>\n<td>26-M24<\/td>\n<td>36-M20<\/td>\n<td>110<\/td>\n<\/tr>\n<tr>\n<td>PC200-8<\/td>\n<td>206-25-00200<\/td>\n<td>1321<\/td>\n<td>1077<\/td>\n<td>100<\/td>\n<td>77<\/td>\n<td>90<\/td>\n<td>32-\u042424<\/td>\n<td>36-M20<\/td>\n<td>96<\/td>\n<\/tr>\n<tr>\n<td>PC200-6<\/td>\n<td>20Y-25-20200<\/td>\n<td>1322<\/td>\n<td>1083<\/td>\n<td>100<\/td>\n<td>77<\/td>\n<td>90<\/td>\n<td>32-\u042424<\/td>\n<td>36-M20<\/td>\n<td>110<\/td>\n<\/tr>\n<tr>\n<td>PC200-6Z<\/td>\n<td>20Y-25-22200<\/td>\n<td>1322<\/td>\n<td>1083.5<\/td>\n<td>99<\/td>\n<td>76<\/td>\n<td>90<\/td>\n<td>32-\u03c624<\/td>\n<td>36-M20<\/td>\n<td>110<\/td>\n<\/tr>\n<tr>\n<td>PC200-6<\/td>\n<td>S6D102-1<\/td>\n<td>1323<\/td>\n<td>1083<\/td>\n<td>100<\/td>\n<td>77<\/td>\n<td>90<\/td>\n<td>32-\u042426<\/td>\n<td>32-M20<\/td>\n<td>92<\/td>\n<\/tr>\n<tr>\n<td>PC200-7<\/td>\n<td>20Y-25-21200<\/td>\n<td>1322<\/td>\n<td>1083.5<\/td>\n<td>99<\/td>\n<td>76<\/td>\n<td>90<\/td>\n<td>32-\u03c624<\/td>\n<td>36-M20<\/td>\n<td>110<\/td>\n<\/tr>\n<tr>\n<td>PC220-7<\/td>\n<td>120Y-25-21300<\/td>\n<td>1322<\/td>\n<td>1082<\/td>\n<td>100<\/td>\n<td>76<\/td>\n<td>90<\/td>\n<td>32-\u03c624<\/td>\n<td>36-M20<\/td>\n<td>110<\/td>\n<\/tr>\n<tr>\n<td>PC200LC-7<\/td>\n<td>20Y-25-21200<\/td>\n<td>1323<\/td>\n<td>1083<\/td>\n<td>100<\/td>\n<td>77<\/td>\n<td>90<\/td>\n<td>32-\u042426<\/td>\n<td>36-M20<\/td>\n<td>110<\/td>\n<\/tr>\n<tr>\n<td>PC220<\/td>\n<td>205-25-00022<\/td>\n<td>1302<\/td>\n<td>1083<\/td>\n<td>104<\/td>\n<td>82<\/td>\n<td>90<\/td>\n<td>26<\/td>\n<td>36<\/td>\n<td>110<\/td>\n<\/tr>\n<tr>\n<td>PC220LC-6LE<\/td>\n<td>20Y-25-A1101<\/td>\n<td>1322<\/td>\n<td>1082<\/td>\n<td>100<\/td>\n<td>76<\/td>\n<td>90<\/td>\n<td>32-\u042426<\/td>\n<td>36-M22<\/td>\n<td>110<\/td>\n<\/tr>\n<tr>\n<td>PC220-6<\/td>\n<td>20Y-25-21200<\/td>\n<td>1323<\/td>\n<td>1083<\/td>\n<td>100<\/td>\n<td>77<\/td>\n<td>90<\/td>\n<td>32-\u042426<\/td>\n<td>36-M20<\/td>\n<td>110<\/td>\n<\/tr>\n<tr>\n<td>PC220-6<\/td>\n<td>20Y-25-21100<\/td>\n<td>1323<\/td>\n<td>1083<\/td>\n<td>100<\/td>\n<td>77<\/td>\n<td>90<\/td>\n<td>32-\u042426<\/td>\n<td>36-M20<\/td>\n<td>110<\/td>\n<\/tr>\n<tr>\n<td>PC220-7<\/td>\n<td>206-25-00301<\/td>\n<td>1323<\/td>\n<td>1074<\/td>\n<td>112<\/td>\n<td>78<\/td>\n<td>102<\/td>\n<td>32-\u042424<\/td>\n<td>36-M22<\/td>\n<td>92<\/td>\n<\/tr>\n<tr>\n<td>PC220-8<\/td>\n<td>206-25-00320<\/td>\n<td>1321<\/td>\n<td>1077<\/td>\n<td>100<\/td>\n<td>77<\/td>\n<td>90<\/td>\n<td>32-\u03c624<\/td>\n<td>36-M20<\/td>\n<td>96<\/td>\n<\/tr>\n<tr>\n<td>PC220LC-8<\/td>\n<td>206-25-00301<\/td>\n<td>1323<\/td>\n<td>1072<\/td>\n<td>112<\/td>\n<td>77<\/td>\n<td>102<\/td>\n<td>32-\u042424<\/td>\n<td>36-M22<\/td>\n<td>92<\/td>\n<\/tr>\n<tr>\n<td>PC228US-3<\/td>\n<td>22U-25-00201<\/td>\n<td>1322<\/td>\n<td>1082<\/td>\n<td>100<\/td>\n<td>76<\/td>\n<td>90<\/td>\n<td>32-\u042426<\/td>\n<td>36-M20<\/td>\n<td>110<\/td>\n<\/tr>\n<tr>\n<td>PC228<\/td>\n<td>22U-25-00210<\/td>\n<td>1322<\/td>\n<td>1082<\/td>\n<td>100<\/td>\n<td>76<\/td>\n<td>90<\/td>\n<td>32-\u042426<\/td>\n<td>36-M20<\/td>\n<td>110<\/td>\n<\/tr>\n<tr>\n<td>PC228<\/td>\n<td>22U-25-00220<\/td>\n<td>1322<\/td>\n<td>1082<\/td>\n<td>100<\/td>\n<td>76<\/td>\n<td>90<\/td>\n<td>32-\u042426<\/td>\n<td>36-M20<\/td>\n<td>110<\/td>\n<\/tr>\n<tr>\n<td>PC240-3<\/td>\n<td>205-25-00023<\/td>\n<td>1303<\/td>\n<td>1084<\/td>\n<td>104<\/td>\n<td>83<\/td>\n<td>90<\/td>\n<td>26<\/td>\n<td>36<\/td>\n<td>110<\/td>\n<\/tr>\n<tr>\n<td>PC240-7<\/td>\n<td>206-25-00301<\/td>\n<td>1323<\/td>\n<td>1072<\/td>\n<td>112<\/td>\n<td>77<\/td>\n<td>102<\/td>\n<td>32<\/td>\n<td>36<\/td>\n<td>92<\/td>\n<\/tr>\n<tr>\n<td>PC300-6<\/td>\n<td>207-25-61100<\/td>\n<td>1532<\/td>\n<td>1235<\/td>\n<td>125<\/td>\n<td>95<\/td>\n<td>113<\/td>\n<td>35-\u03c626<\/td>\n<td>40-M24<\/td>\n<td>90<\/td>\n<\/tr>\n<tr>\n<td>PC300-7<\/td>\n<td>207-25-61100<\/td>\n<td>1532<\/td>\n<td>1235<\/td>\n<td>125<\/td>\n<td>95<\/td>\n<td>113<\/td>\n<td>35-\u03c626<\/td>\n<td>40-M24<\/td>\n<td>90<\/td>\n<\/tr>\n<tr>\n<td>PC300-7<\/td>\n<td>207-25-61700<\/td>\n<td>1532<\/td>\n<td>1235<\/td>\n<td>125<\/td>\n<td>95<\/td>\n<td>113<\/td>\n<td>35-\u03c626<\/td>\n<td>40-M24<\/td>\n<td>90<\/td>\n<\/tr>\n<tr>\n<td>PC300LC-5<\/td>\n<td>207-25-51100<\/td>\n<td>1532<\/td>\n<td>1235<\/td>\n<td>125<\/td>\n<td>95<\/td>\n<td>113<\/td>\n<td>35-M24<\/td>\n<td>40-M24<\/td>\n<td>90<\/td>\n<\/tr>\n<tr>\n<td>PC300LC-6<\/td>\n<td>207-25-61100<\/td>\n<td>1532<\/td>\n<td>1235<\/td>\n<td>125<\/td>\n<td>95<\/td>\n<td>113<\/td>\n<td>35-\u03c626<\/td>\n<td>40-M24<\/td>\n<td>90<\/td>\n<\/tr>\n<tr>\n<td>PC300LC-7<\/td>\n<td>207-25-61100<\/td>\n<td>1532<\/td>\n<td>1235<\/td>\n<td>125<\/td>\n<td>95<\/td>\n<td>113<\/td>\n<td>35-\u03c626<\/td>\n<td>40-M24<\/td>\n<td>90<\/td>\n<\/tr>\n<tr>\n<td>PC300-8<\/td>\n<td>207-25-61100<\/td>\n<td>1532<\/td>\n<td>1235<\/td>\n<td>124<\/td>\n<td>95<\/td>\n<td>113<\/td>\n<td>35<\/td>\n<td>40<\/td>\n<td>90<\/td>\n<\/tr>\n<tr>\n<td>PC300-8<\/td>\n<td>207-25-00121<\/td>\n<td>1532<\/td>\n<td>1235<\/td>\n<td>124<\/td>\n<td>95<\/td>\n<td>113<\/td>\n<td>35-\u03c626<\/td>\n<td>40-M24*3<\/td>\n<td>90<\/td>\n<\/tr>\n<tr>\n<td>PC340<\/td>\n<td>207-25-61200<\/td>\n<td>1532<\/td>\n<td>1235<\/td>\n<td>124<\/td>\n<td>95<\/td>\n<td>113<\/td>\n<td>35-\u03c626<\/td>\n<td>40-M24*3<\/td>\n<td>90<\/td>\n<\/tr>\n<tr>\n<td>PC380LC-6K<\/td>\n<td>207-25-61200<\/td>\n<td>1532<\/td>\n<td>1235<\/td>\n<td>124<\/td>\n<td>95<\/td>\n<td>113<\/td>\n<td>35-\u03c626<\/td>\n<td>40-M24*3<\/td>\n<td>90<\/td>\n<\/tr>\n<tr>\n<td>PC400-7<\/td>\n<td>208-25-61100<\/td>\n<td>1563<\/td>\n<td>1240<\/td>\n<td>152<\/td>\n<td>108<\/td>\n<td>140<\/td>\n<td>35-\u042429<\/td>\n<td>40-M24<\/td>\n<td>84<\/td>\n<\/tr>\n<tr>\n<td>PC400LC-5<\/td>\n<td>208-25-52100<\/td>\n<td>1563<\/td>\n<td>1238<\/td>\n<td>152<\/td>\n<td>108<\/td>\n<td>140<\/td>\n<td>35-\u042429<\/td>\n<td>40-M24<\/td>\n<td>84<\/td>\n<\/tr>\n<tr>\n<td>PC400LC-5<\/td>\n<td>208-25-52101<\/td>\n<td>1563<\/td>\n<td>1238<\/td>\n<td>152<\/td>\n<td>108<\/td>\n<td>140<\/td>\n<td>35-\u042429<\/td>\n<td>40-M24<\/td>\n<td>84<\/td>\n<\/tr>\n<tr>\n<td>PC400LC-5<\/td>\n<td>208-25-A2100<\/td>\n<td>1563<\/td>\n<td>1238<\/td>\n<td>152<\/td>\n<td>108<\/td>\n<td>140<\/td>\n<td>35-\u042429<\/td>\n<td>40-M24<\/td>\n<td>84<\/td>\n<\/tr>\n<tr>\n<td>PC400LC-6<\/td>\n<td>208-25-61100<\/td>\n<td>1563<\/td>\n<td>1238<\/td>\n<td>152<\/td>\n<td>108<\/td>\n<td>140<\/td>\n<td>35-\u042429<\/td>\n<td>40-M24<\/td>\n<td>84<\/td>\n<\/tr>\n<tr>\n<td>PC400<\/td>\n<td>208-25-61100<\/td>\n<td>1563<\/td>\n<td>1240<\/td>\n<td>152<\/td>\n<td>108<\/td>\n<td>140<\/td>\n<td>35-\u03c629<\/td>\n<td>40-M24<\/td>\n<td>84<\/td>\n<\/tr>\n<tr>\n<td>PC450-7<\/td>\n<td>208-25-61100<\/td>\n<td>1563<\/td>\n<td>1240<\/td>\n<td>152<\/td>\n<td>108<\/td>\n<td>140<\/td>\n<td>35-\u03c629<\/td>\n<td>40-M24<\/td>\n<td>84<\/td>\n<\/tr>\n<tr>\n<td>PC600-7<\/td>\n<td>21M-25-11100<\/td>\n<td>1794<\/td>\n<td>1380<\/td>\n<td>190<\/td>\n<td>138<\/td>\n<td>160<\/td>\n<td>35-\u042433<\/td>\n<td>44-\u042429<\/td>\n<td>100<\/td>\n<\/tr>\n<tr>\n<td>pc600-7<\/td>\n<td>21M-25-11102<\/td>\n<td>1794<\/td>\n<td>1380<\/td>\n<td>190<\/td>\n<td>138<\/td>\n<td>160<\/td>\n<td>35-\u042433<\/td>\n<td>44-\u042429<\/td>\n<td>100<\/td>\n<\/tr>\n<tr>\n<td>PC600LC-6<\/td>\n<td>21M-25-11100<\/td>\n<td>1794<\/td>\n<td>1380<\/td>\n<td>190<\/td>\n<td>138<\/td>\n<td>160<\/td>\n<td>35-\u042433<\/td>\n<td>44-\u042429<\/td>\n<td>92<\/td>\n<\/tr>\n<tr>\n<td>PC600LC-8<\/td>\n<td>21M-25-11101<\/td>\n<td>1794<\/td>\n<td>1380<\/td>\n<td>190<\/td>\n<td>138<\/td>\n<td>160<\/td>\n<td>35-\u042433<\/td>\n<td>44-\u042429<\/td>\n<td>100<\/td>\n<\/tr>\n<tr>\n<td>PC800LC-8<\/td>\n<td>209-25-00102<\/td>\n<td>1980<\/td>\n<td>1540<\/td>\n<td>205<\/td>\n<td>153<\/td>\n<td>173<\/td>\n<td>44<\/td>\n<td>48<\/td>\n<td>112<\/td>\n<\/tr>\n<tr>\n<td>PC1250<\/td>\n<td>21N-25-00201<\/td>\n<td>2440<\/td>\n<td>1955<\/td>\n<td>238<\/td>\n<td>168<\/td>\n<td>200<\/td>\n<td>56<\/td>\n<td>60<\/td>\n<td>132<\/td>\n<\/tr>\n<\/tbody>\n<\/table>\n<\/figure>\n<p><img decoding=\"async\" class=\"alignnone wp-image-2788 size-full\" src=\"https:\/\/swingbearing.net\/wp-content\/uploads\/2024\/05\/777.jpg\" alt=\"le\u017eaja nihajnega mehanizma bagra \" width=\"1980\" height=\"700\" srcset=\"https:\/\/swingbearing.net\/wp-content\/uploads\/2024\/05\/777.jpg 1980w, https:\/\/swingbearing.net\/wp-content\/uploads\/2024\/05\/777-300x106.jpg 300w, https:\/\/swingbearing.net\/wp-content\/uploads\/2024\/05\/777-1024x362.jpg 1024w, https:\/\/swingbearing.net\/wp-content\/uploads\/2024\/05\/777-768x272.jpg 768w, https:\/\/swingbearing.net\/wp-content\/uploads\/2024\/05\/777-1536x543.jpg 1536w, https:\/\/swingbearing.net\/wp-content\/uploads\/2024\/05\/777-18x6.jpg 18w, https:\/\/swingbearing.net\/wp-content\/uploads\/2024\/05\/777-600x212.jpg 600w\" sizes=\"(max-width: 1980px) 100vw, 1980px\" \/><br \/>\n<img decoding=\"async\" class=\"alignnone wp-image-2754 size-full\" src=\"https:\/\/swingbearing.net\/wp-content\/uploads\/2024\/05\/\u672a\u6807\u9898-3_03-e1715445132148.jpg\" alt=\"Le\u017eaj vrtljivega bagra\" width=\"1970\" height=\"590\" srcset=\"https:\/\/swingbearing.net\/wp-content\/uploads\/2024\/05\/\u672a\u6807\u9898-3_03-e1715445132148.jpg 1970w, https:\/\/swingbearing.net\/wp-content\/uploads\/2024\/05\/\u672a\u6807\u9898-3_03-e1715445132148-300x90.jpg 300w, https:\/\/swingbearing.net\/wp-content\/uploads\/2024\/05\/\u672a\u6807\u9898-3_03-e1715445132148-1024x307.jpg 1024w, https:\/\/swingbearing.net\/wp-content\/uploads\/2024\/05\/\u672a\u6807\u9898-3_03-e1715445132148-768x230.jpg 768w, https:\/\/swingbearing.net\/wp-content\/uploads\/2024\/05\/\u672a\u6807\u9898-3_03-e1715445132148-1536x460.jpg 1536w, https:\/\/swingbearing.net\/wp-content\/uploads\/2024\/05\/\u672a\u6807\u9898-3_03-e1715445132148-18x5.jpg 18w, https:\/\/swingbearing.net\/wp-content\/uploads\/2024\/05\/\u672a\u6807\u9898-3_03-e1715445132148-600x180.jpg 600w\" sizes=\"(max-width: 1970px) 100vw, 1970px\" \/><\/p>\n\n\t\t<style type=\"text\/css\">\n\t\t\t#gallery-1 {\n\t\t\t\tmargin: auto;\n\t\t\t}\n\t\t\t#gallery-1 .gallery-item {\n\t\t\t\tfloat: left;\n\t\t\t\tmargin-top: 10px;\n\t\t\t\ttext-align: center;\n\t\t\t\twidth: 33%;\n\t\t\t}\n\t\t\t#gallery-1 img {\n\t\t\t\tborder: 2px solid #cfcfcf;\n\t\t\t}\n\t\t\t#gallery-1 .gallery-caption {\n\t\t\t\tmargin-left: 0;\n\t\t\t}\n\t\t\t\/* see gallery_shortcode() in wp-includes\/media.php *\/\n\t\t<\/style>\n\t\t<div id='gallery-1' class='gallery galleryid-3193 gallery-columns-3 gallery-size-full'><dl class='gallery-item'>\n\t\t\t<dt class='gallery-icon landscape'>\n\t\t\t\t<a href='https:\/\/swingbearing.net\/sl\/?attachment_id=3203'><img decoding=\"async\" width=\"600\" height=\"400\" src=\"https:\/\/swingbearing.net\/wp-content\/uploads\/2024\/05\/008.jpg\" class=\"attachment-full size-full\" alt=\"vrtljivi le\u017eaj\" aria-describedby=\"gallery-1-3203\" srcset=\"https:\/\/swingbearing.net\/wp-content\/uploads\/2024\/05\/008.jpg 600w, https:\/\/swingbearing.net\/wp-content\/uploads\/2024\/05\/008-300x200.jpg 300w, https:\/\/swingbearing.net\/wp-content\/uploads\/2024\/05\/008-18x12.jpg 18w\" sizes=\"(max-width: 600px) 100vw, 600px\" \/><\/a>\n\t\t\t<\/dt>\n\t\t\t\t<dd class='wp-caption-text gallery-caption' id='gallery-1-3203'>\n\t\t\t\tvrtljivi le\u017eaj\n\t\t\t\t<\/dd><\/dl><dl class='gallery-item'>\n\t\t\t<dt class='gallery-icon landscape'>\n\t\t\t\t<a href='https:\/\/swingbearing.net\/sl\/?attachment_id=3203'><img decoding=\"async\" width=\"600\" height=\"400\" src=\"https:\/\/swingbearing.net\/wp-content\/uploads\/2024\/05\/005.jpg\" class=\"attachment-full size-full\" alt=\"vrtljivi le\u017eaj\" aria-describedby=\"gallery-1-3200\" srcset=\"https:\/\/swingbearing.net\/wp-content\/uploads\/2024\/05\/005.jpg 600w, https:\/\/swingbearing.net\/wp-content\/uploads\/2024\/05\/005-300x200.jpg 300w, https:\/\/swingbearing.net\/wp-content\/uploads\/2024\/05\/005-18x12.jpg 18w\" sizes=\"(max-width: 600px) 100vw, 600px\" \/><\/a>\n\t\t\t<\/dt>\n\t\t\t\t<dd class='wp-caption-text gallery-caption' id='gallery-1-3200'>\n\t\t\t\tvrtljivi le\u017eaj\n\t\t\t\t<\/dd><\/dl><dl class='gallery-item'>\n\t\t\t<dt class='gallery-icon landscape'>\n\t\t\t\t<a href='https:\/\/swingbearing.net\/sl\/?attachment_id=3203'><img decoding=\"async\" width=\"600\" height=\"400\" src=\"https:\/\/swingbearing.net\/wp-content\/uploads\/2024\/05\/007.jpg\" class=\"attachment-full size-full\" alt=\"vrtljivi le\u017eaj\" aria-describedby=\"gallery-1-3202\" srcset=\"https:\/\/swingbearing.net\/wp-content\/uploads\/2024\/05\/007.jpg 600w, https:\/\/swingbearing.net\/wp-content\/uploads\/2024\/05\/007-300x200.jpg 300w, https:\/\/swingbearing.net\/wp-content\/uploads\/2024\/05\/007-18x12.jpg 18w\" sizes=\"(max-width: 600px) 100vw, 600px\" \/><\/a>\n\t\t\t<\/dt>\n\t\t\t\t<dd class='wp-caption-text gallery-caption' id='gallery-1-3202'>\n\t\t\t\tvrtljivi le\u017eaj\n\t\t\t\t<\/dd><\/dl><br style=\"clear: both\" \/>\n\t\t<\/div>\n\n<h2><strong>Vloga vrtljivega le\u017ei\u0161\u010da bagra<\/strong><\/h2>\n<h4><strong>Razumevanje klju\u010dne funkcionalnosti vrtljivega le\u017ei\u0161\u010da bagra<\/strong><\/h4>\n<p>Krilni le\u017eaj bagra je klju\u010dni sestavni del, ki omogo\u010da popolno vrtenje zgornje konstrukcije bagra in s tem nemoteno delovanje na celotnem delovnem obmo\u010dju. Ta klju\u010dni le\u017eaj u\u010dinkovito obvladuje velike obremenitve in obremenitve, vklju\u010dno z osnimi, radialnimi in prevra\u010dalnimi silami, ter tako zagotavlja funkcionalnost in okretnost bagra.<\/p>\n<h4><strong>Prepoznavanje znakov obrabe: Kazalniki degradacije nihajnega le\u017eaja bagra<\/strong><\/h4>\n<p>Prepoznavanje znakov poslab\u0161anja stanja nihajnih le\u017eajev bagrov je klju\u010dnega pomena za preventivno vzdr\u017eevanje in zamenjavo. Ve\u010d klju\u010dnih kazalnikov opozarja na morebitne te\u017eave:<\/p>\n<ul>\n<li><strong>Prisotnost kovinskih delcev<\/strong>: Prisotnost kovinskih delcev ali kosmi\u010dev v mazivu ka\u017ee na znatno obrabo v le\u017eajnem sklopu.<\/li>\n<li><strong>Zvo\u010dni znaki<\/strong>: Brusenje, pokanje ali klikanje iz nihajnega le\u017eaja lahko pomeni potrebo po mazanju ali prekomerno obrabo tekalne steze.<\/li>\n<li><strong>Prekomerno igranje<\/strong>: Opazna zra\u010dnost ali gibanje mehanizma gugalnice ka\u017eeta na obrabljene tekalne poti, kar ogro\u017ea stabilnost in zmogljivost.<\/li>\n<li><strong>Pove\u010dan navor in vezava<\/strong>: Pove\u010danje navora ali vezave med nihanjem ka\u017ee na neenakomerno obrabo tekalne steze, kar vpliva na gladkost gibanja.<\/li>\n<li><strong>Nenavadno gibanje<\/strong>: Nihanje ali zibanje, zlasti pri prena\u0161anju te\u017ekih bremen, ka\u017ee na morebitne te\u017eave z le\u017eajem, ki zahtevajo pozornost.<\/li>\n<li><strong>Odpornost in prekomerno raztezanje<\/strong>: Odpor med nihanjem ali zgornja konstrukcija, ki presega pri\u010dakovano to\u010dko zaustavitve, lahko ka\u017ee na osnovne te\u017eave z le\u017ei\u0161\u010dem nihanja.<\/li>\n<\/ul>\n<p><strong>Odpravljanje kriti\u010dnih napak: Obravnava hudih po\u0161kodb v nihajnih le\u017eajih bagrov<\/strong><\/p>\n<p>Med temi znaki sta nenadno pokanje in pokanje le\u017eaja med kopanjem, ki pomenita resno po\u0161kodbo in kriti\u010dno okvaro. Takoj\u0161nja pozornost in zamenjava sta bistvenega pomena za prepre\u010ditev nadaljnjih po\u0161kodb in zagotovitev varnosti obratovanja.<\/p>","protected":false},"excerpt":{"rendered":"<p><strong><b>Del<\/b><\/strong> #: 207-25-00121<br \/>\n<strong><b>Naredite<\/b><\/strong>: KOMATSU<br \/>\n<strong><b>Model<\/b><\/strong>:PC300-8<br \/>\n<strong><b>Stanje<\/b><\/strong>: Novo<\/p>","protected":false},"featured_media":3038,"template":"","meta":[],"product_brand":[],"product_cat":[64,22],"product_tag":[52],"class_list":{"0":"post-3193","1":"product","2":"type-product","3":"status-publish","4":"has-post-thumbnail","6":"product_cat-komatsu-excavator-swing-bearing","7":"product_cat-swing-bearing","8":"product_tag-swing-bearing","10":"first","11":"instock","12":"shipping-taxable","13":"product-type-simple"},"_links":{"self":[{"href":"https:\/\/swingbearing.net\/sl\/wp-json\/wp\/v2\/product\/3193","targetHints":{"allow":["GET"]}}],"collection":[{"href":"https:\/\/swingbearing.net\/sl\/wp-json\/wp\/v2\/product"}],"about":[{"href":"https:\/\/swingbearing.net\/sl\/wp-json\/wp\/v2\/types\/product"}],"wp:featuredmedia":[{"embeddable":true,"href":"https:\/\/swingbearing.net\/sl\/wp-json\/wp\/v2\/media\/3038"}],"wp:attachment":[{"href":"https:\/\/swingbearing.net\/sl\/wp-json\/wp\/v2\/media?parent=3193"}],"wp:term":[{"taxonomy":"product_brand","embeddable":true,"href":"https:\/\/swingbearing.net\/sl\/wp-json\/wp\/v2\/product_brand?post=3193"},{"taxonomy":"product_cat","embeddable":true,"href":"https:\/\/swingbearing.net\/sl\/wp-json\/wp\/v2\/product_cat?post=3193"},{"taxonomy":"product_tag","embeddable":true,"href":"https:\/\/swingbearing.net\/sl\/wp-json\/wp\/v2\/product_tag?post=3193"}],"curies":[{"name":"wp","href":"https:\/\/api.w.org\/{rel}","templated":true}]}}