{"id":2321,"date":"2024-04-12T06:49:03","date_gmt":"2024-04-12T06:49:03","guid":{"rendered":"https:\/\/swingbearing.net\/?post_type=product&#038;p=2321"},"modified":"2024-06-12T01:50:14","modified_gmt":"2024-06-12T01:50:14","slug":"swing-circle-255lc-v","status":"publish","type":"product","link":"https:\/\/swingbearing.net\/sl\/product\/swing-circle-255lc-v\/","title":{"rendered":"DOOSAN Swing Circle"},"content":{"rendered":"<h2 style=\"text-align: center;\">Zamenjava kroga gugalnice DOOSAN<\/h2>\n<figure class=\"wp-block-table\" style=\"font-size: 12px;\">\n<table>\n<tbody>\n<tr>\n<td>Model<\/td>\n<td>\u0160tevilka dela<\/td>\n<td>Zunanji premer<\/td>\n<td>Notranji premer<\/td>\n<td>Skupna vi\u0161ina<\/td>\n<td>Zunanja vi\u0161ina<\/td>\n<td>Notranja vi\u0161ina<\/td>\n<td>Parametri zunanje luknje<\/td>\n<td>Parametri notranje luknje<\/td>\n<td>\u0160tevilo zob<\/td>\n<\/tr>\n<tr>\n<td>S140LC-V<\/td>\n<td>109-00165<\/td>\n<td>1202<\/td>\n<td>945<\/td>\n<td>84<\/td>\n<td>75<\/td>\n<td>70<\/td>\n<td>36-\u042422<\/td>\n<td>36-M20<\/td>\n<td>80<\/td>\n<\/tr>\n<tr>\n<td>DX225<\/td>\n<td>109-00162<\/td>\n<td>1327<\/td>\n<td>1082<\/td>\n<td>110<\/td>\n<td>90<\/td>\n<td>95<\/td>\n<td>36<\/td>\n<td>36<\/td>\n<td>92<\/td>\n<\/tr>\n<tr>\n<td>DX225<\/td>\n<td>109-00162A<\/td>\n<td>1327<\/td>\n<td>1082<\/td>\n<td>110<\/td>\n<td>90<\/td>\n<td>95<\/td>\n<td>36-\u03c621<\/td>\n<td>36-M20*1.5<\/td>\n<td>92<\/td>\n<\/tr>\n<tr>\n<td>DX225LC<\/td>\n<td>109-00162<\/td>\n<td>1327<\/td>\n<td>1082<\/td>\n<td>110<\/td>\n<td>90<\/td>\n<td>95<\/td>\n<td>36-\u03c621<\/td>\n<td>36-M20*1.5<\/td>\n<td>92<\/td>\n<\/tr>\n<tr>\n<td>DX225LCA<\/td>\n<td>109-00162A<\/td>\n<td>1327<\/td>\n<td>1082<\/td>\n<td>110<\/td>\n<td>90<\/td>\n<td>95<\/td>\n<td>36-\u03c621<\/td>\n<td>36-M20*1.5<\/td>\n<td>92<\/td>\n<\/tr>\n<tr>\n<td>DX225LCA<\/td>\n<td>140109-00048A<\/td>\n<td>1327<\/td>\n<td>1082<\/td>\n<td>110<\/td>\n<td>90<\/td>\n<td>95<\/td>\n<td>36-\u03c621<\/td>\n<td>36-M20*1.5<\/td>\n<td>92<\/td>\n<\/tr>\n<tr>\n<td>S225NLC<\/td>\n<td>140109-00045<\/td>\n<td>1327<\/td>\n<td>1082<\/td>\n<td>110<\/td>\n<td>90<\/td>\n<td>95<\/td>\n<td>36-\u03c621<\/td>\n<td>36-M20*1.5<\/td>\n<td>92<\/td>\n<\/tr>\n<tr>\n<td>SL220LC-V<\/td>\n<td>109-00052<\/td>\n<td>1328<\/td>\n<td>1084<\/td>\n<td>110<\/td>\n<td>91<\/td>\n<td>95<\/td>\n<td>36-\u03c621<\/td>\n<td>36-M20*1.5<\/td>\n<td>92<\/td>\n<\/tr>\n<tr>\n<td>225NLC-V<\/td>\n<td>109-00052B<\/td>\n<td>1328<\/td>\n<td>1084<\/td>\n<td>110<\/td>\n<td>91<\/td>\n<td>95<\/td>\n<td>36-\u03c621<\/td>\n<td>36-M20*1.5<\/td>\n<td>92<\/td>\n<\/tr>\n<tr>\n<td>225NLC-V<\/td>\n<td>140109-00045<\/td>\n<td>1328<\/td>\n<td>1084<\/td>\n<td>110<\/td>\n<td>91<\/td>\n<td>95<\/td>\n<td>36-\u03c621<\/td>\n<td>36-M20*1.5<\/td>\n<td>92<\/td>\n<\/tr>\n<tr>\n<td>255LC-V<\/td>\n<td>109-00030B<\/td>\n<td>1410<\/td>\n<td>1131<\/td>\n<td>117<\/td>\n<td>89<\/td>\n<td>105<\/td>\n<td>35-\u03c625<\/td>\n<td>36-M24*2<\/td>\n<td>82<\/td>\n<\/tr>\n<tr>\n<td>255LC-V<\/td>\n<td>180-00297D3<\/td>\n<td>1410<\/td>\n<td>1131<\/td>\n<td>117<\/td>\n<td>89<\/td>\n<td>105<\/td>\n<td>35-\u03c625<\/td>\n<td>36-M24*2<\/td>\n<td>82<\/td>\n<\/tr>\n<tr>\n<td>255lc-v<\/td>\n<td>140109-00042<\/td>\n<td>1410<\/td>\n<td>1131<\/td>\n<td>117<\/td>\n<td>89<\/td>\n<td>105<\/td>\n<td>35-\u03c625<\/td>\n<td>36-M24*2<\/td>\n<td>82<\/td>\n<\/tr>\n<tr>\n<td>255lc-v<\/td>\n<td>140109-00043<\/td>\n<td>1410<\/td>\n<td>1131<\/td>\n<td>117<\/td>\n<td>89<\/td>\n<td>105<\/td>\n<td>35-\u03c625<\/td>\n<td>36-M24*2<\/td>\n<td>82<\/td>\n<\/tr>\n<tr>\n<td>Dx300LCA<\/td>\n<td>140109-00010A<\/td>\n<td>1475<\/td>\n<td>1165<\/td>\n<td>120<\/td>\n<td>90<\/td>\n<td>110<\/td>\n<td>35<\/td>\n<td>36<\/td>\n<td>85<\/td>\n<\/tr>\n<tr>\n<td>S340<\/td>\n<td>140109-00038<\/td>\n<td>1544<\/td>\n<td>1235<\/td>\n<td>122<\/td>\n<td>87<\/td>\n<td>110<\/td>\n<td>35-\u03c626<\/td>\n<td>40-M24<\/td>\n<td>90<\/td>\n<\/tr>\n<tr>\n<td>S340LC-V<\/td>\n<td>140109-00038<\/td>\n<td>1544<\/td>\n<td>1235<\/td>\n<td>122<\/td>\n<td>87<\/td>\n<td>110<\/td>\n<td>35-\u03c626<\/td>\n<td>40-M24<\/td>\n<td>90<\/td>\n<\/tr>\n<tr>\n<td>S340LC-V<\/td>\n<td>2109-1059a<\/td>\n<td>1544<\/td>\n<td>1235<\/td>\n<td>122<\/td>\n<td>87<\/td>\n<td>110<\/td>\n<td>35-\u03c626<\/td>\n<td>40-M24<\/td>\n<td>90<\/td>\n<\/tr>\n<tr>\n<td>DOOSAN 420<\/td>\n<td>140109-00039<\/td>\n<td>1549<\/td>\n<td>1235<\/td>\n<td>134<\/td>\n<td>103<\/td>\n<td>120<\/td>\n<td>35-\u03c626<\/td>\n<td>40-M24<\/td>\n<td>90<\/td>\n<\/tr>\n<tr>\n<td>S420LC-V<\/td>\n<td>109-00161<\/td>\n<td>1550<\/td>\n<td>1235<\/td>\n<td>135<\/td>\n<td>102<\/td>\n<td>120<\/td>\n<td>35-\u03c626<\/td>\n<td>40-M24<\/td>\n<td>90<\/td>\n<\/tr>\n<tr>\n<td>DX420LC<\/td>\n<td>140109-00007A<\/td>\n<td>1550<\/td>\n<td>1236<\/td>\n<td>132<\/td>\n<td>103<\/td>\n<td>120<\/td>\n<td>35<\/td>\n<td>40<\/td>\n<td>90<\/td>\n<\/tr>\n<tr>\n<td>470<\/td>\n<td>109-00159<\/td>\n<td>1682<\/td>\n<td>1320<\/td>\n<td>139<\/td>\n<td>118<\/td>\n<td>111<\/td>\n<td>44<\/td>\n<td>44<\/td>\n<td>111<\/td>\n<\/tr>\n<\/tbody>\n<\/table>\n<p><img decoding=\"async\" class=\"alignnone wp-image-2788 size-full\" src=\"https:\/\/swingbearing.net\/wp-content\/uploads\/2024\/05\/777.jpg\" alt=\"le\u017eaji vrtljivega obro\u010da\" width=\"1980\" height=\"700\" srcset=\"https:\/\/swingbearing.net\/wp-content\/uploads\/2024\/05\/777.jpg 1980w, https:\/\/swingbearing.net\/wp-content\/uploads\/2024\/05\/777-300x106.jpg 300w, https:\/\/swingbearing.net\/wp-content\/uploads\/2024\/05\/777-1024x362.jpg 1024w, https:\/\/swingbearing.net\/wp-content\/uploads\/2024\/05\/777-768x272.jpg 768w, https:\/\/swingbearing.net\/wp-content\/uploads\/2024\/05\/777-1536x543.jpg 1536w, https:\/\/swingbearing.net\/wp-content\/uploads\/2024\/05\/777-18x6.jpg 18w, https:\/\/swingbearing.net\/wp-content\/uploads\/2024\/05\/777-600x212.jpg 600w\" sizes=\"(max-width: 1980px) 100vw, 1980px\" \/><\/p>\n<p><img decoding=\"async\" class=\"alignnone wp-image-2754 size-full\" src=\"https:\/\/swingbearing.net\/wp-content\/uploads\/2024\/05\/\u672a\u6807\u9898-3_03-e1715445132148.jpg\" alt=\"Le\u017eaj gugalnice\" width=\"1970\" height=\"590\" srcset=\"https:\/\/swingbearing.net\/wp-content\/uploads\/2024\/05\/\u672a\u6807\u9898-3_03-e1715445132148.jpg 1970w, https:\/\/swingbearing.net\/wp-content\/uploads\/2024\/05\/\u672a\u6807\u9898-3_03-e1715445132148-300x90.jpg 300w, https:\/\/swingbearing.net\/wp-content\/uploads\/2024\/05\/\u672a\u6807\u9898-3_03-e1715445132148-1024x307.jpg 1024w, https:\/\/swingbearing.net\/wp-content\/uploads\/2024\/05\/\u672a\u6807\u9898-3_03-e1715445132148-768x230.jpg 768w, https:\/\/swingbearing.net\/wp-content\/uploads\/2024\/05\/\u672a\u6807\u9898-3_03-e1715445132148-1536x460.jpg 1536w, https:\/\/swingbearing.net\/wp-content\/uploads\/2024\/05\/\u672a\u6807\u9898-3_03-e1715445132148-18x5.jpg 18w, https:\/\/swingbearing.net\/wp-content\/uploads\/2024\/05\/\u672a\u6807\u9898-3_03-e1715445132148-600x180.jpg 600w\" sizes=\"(max-width: 1970px) 100vw, 1970px\" \/><\/figure>\n<h2>Vrtljivi krog za bagre<\/h2>\n<p>Bagerji so te\u017eki stroji, ki se pogosto uporabljajo v gradbeni\u0161tvu, rudarstvu in drugih panogah za zemeljska dela in kopanje. Ti stroji so sestavljeni iz razli\u010dnih sestavnih delov, vklju\u010dno z nihajnim krogom bagra, ki ima klju\u010dno vlogo pri nemotenem delovanju bagra. Vrtljivi krog ali vrtljivi le\u017eaj je bistvena sestavina, ki pomaga pri vrtenju zgornje konstrukcije bagra. \u010ce i\u0161\u010dete visokokakovostne nihajne le\u017eaje za svoj bager, so nihajni le\u017eaji za bagerje DOOSAN in DAEWOO kot nala\u0161\u010d za vas.<\/p>\n<p>Krilni obro\u010d za bagre DOOSAN in DAEWOO je zanesljiv in vzdr\u017eljiv sestavni del, ki lahko prenese velike obremenitve, ekstremne temperature in zahtevna okolja. Izdelani so iz visokokakovostnih materialov, kar zagotavlja njihovo dolgo \u017eivljenjsko dobo in vrhunsko zmogljivost. Ti nihajni krogi so zasnovani tako, da zmanj\u0161ujejo trenje in obrabo ter zagotavljajo nemoteno in dosledno delovanje tudi pri velikih obremenitvah.<\/p>\n<p>Ena od pomembnih zna\u010dilnosti nihajnih le\u017eajev DOOSAN in DAEWOO je njuna zdru\u017eljivost s \u0161tevilnimi modeli bagrov, kot so DH35 DH55 DH60 DH55 DH60 DH80 DH80-7 DH80GOLD DH150 DH200 DH220-3-5 DH280-5 DX60-DX200-DX225 DX260 DH290 DH360 DH420 DH500 DH55-5 DH60\/DX60 DH80\/DH80GLD DH130-5 DH150-7 DX150 DH220-3 DH215-7 DH215-9E DH220-5 DH220-7 DH215-9 DH225-7\/9 DX225-7 DH250-5 DX255-5 DH258-7 DH280 DH290 DH300-5 DH300 DH300-7 DX300-9 DH360-5\/7 DH400-5 DH370-7 DH370-9 DH420 DH450-3 DH500 DH550, in \u0161tevilne druge.<\/p>\n<h3>Ti nihajni krogi so na voljo v razli\u010dnih velikostih in konfiguracijah, da ustrezajo posebnim zahtevam va\u0161ega bagra.<\/h3>\n<p>\u010ce i\u0161\u010dete nihajne le\u017eaje za dele bagrov, ki zagotavljajo vrhunsko zmogljivost in vzdr\u017eljivost, so nihajni krogi za bagre DOOSAN in DAEWOO odli\u010dna izbira za vas. Ti nihajni krogi so zasnovani tako, da zagotavljajo dosledno in zanesljivo delovanje tudi v najzahtevnej\u0161ih pogojih. Enostavno jih je namestiti in vzdr\u017eevati, kar zagotavlja brezskrbno delovanje in manj\u0161e stro\u0161ke vzdr\u017eevanja.<\/p>\n<p>Skratka, nihajni le\u017eaj za bagre DOOSAN in nihajni le\u017eaj za bagre DAEWOO sta odli\u010dna izbira, \u010de i\u0161\u010dete visokokakovostne, vzdr\u017eljive in zanesljive nihajne le\u017eaje za svoj bager. Zasnovani so tako, da zagotavljajo izjemno zmogljivost, zmanj\u0161ujejo \u0161tevilo izpadov in izbolj\u0161ujejo splo\u0161no produktivnost. S svojo zdru\u017eljivostjo s \u0161irokim naborom bagrov.<\/p>","protected":false},"excerpt":{"rendered":"<div class=\"woocommerce-product-details__short-description\">\n<p><strong>Del<\/strong> #: 140109-00043<br \/>\n<strong>Naredite<\/strong>: DOOSAN<br \/>\n<strong>Model<\/strong>: 255LC-V<br \/>\nStanje: Swing Circle: nov<br \/>\n<strong>Ve\u010d<\/strong>:DH550,DH500,DH450-3<br \/>\nDX420LC, Dx300LCA, S140LC-V<\/p>\n<\/div>","protected":false},"featured_media":2858,"template":"","meta":[],"product_brand":[],"product_cat":[22,69],"product_tag":[52],"class_list":{"0":"post-2321","1":"product","2":"type-product","3":"status-publish","4":"has-post-thumbnail","6":"product_cat-swing-bearing","7":"product_cat-doosan-excavator-swing-bearing","8":"product_tag-swing-bearing","10":"first","11":"instock","12":"shipping-taxable","13":"product-type-simple"},"_links":{"self":[{"href":"https:\/\/swingbearing.net\/sl\/wp-json\/wp\/v2\/product\/2321","targetHints":{"allow":["GET"]}}],"collection":[{"href":"https:\/\/swingbearing.net\/sl\/wp-json\/wp\/v2\/product"}],"about":[{"href":"https:\/\/swingbearing.net\/sl\/wp-json\/wp\/v2\/types\/product"}],"wp:featuredmedia":[{"embeddable":true,"href":"https:\/\/swingbearing.net\/sl\/wp-json\/wp\/v2\/media\/2858"}],"wp:attachment":[{"href":"https:\/\/swingbearing.net\/sl\/wp-json\/wp\/v2\/media?parent=2321"}],"wp:term":[{"taxonomy":"product_brand","embeddable":true,"href":"https:\/\/swingbearing.net\/sl\/wp-json\/wp\/v2\/product_brand?post=2321"},{"taxonomy":"product_cat","embeddable":true,"href":"https:\/\/swingbearing.net\/sl\/wp-json\/wp\/v2\/product_cat?post=2321"},{"taxonomy":"product_tag","embeddable":true,"href":"https:\/\/swingbearing.net\/sl\/wp-json\/wp\/v2\/product_tag?post=2321"}],"curies":[{"name":"wp","href":"https:\/\/api.w.org\/{rel}","templated":true}]}}