{"id":2319,"date":"2024-04-12T06:48:22","date_gmt":"2024-04-12T06:48:22","guid":{"rendered":"https:\/\/swingbearing.net\/?post_type=product&#038;p=2319"},"modified":"2024-08-27T05:48:19","modified_gmt":"2024-08-27T05:48:19","slug":"jcb-swing-bearing","status":"publish","type":"product","link":"https:\/\/swingbearing.net\/sl\/product\/jcb-swing-bearing\/","title":{"rendered":"JCB Swing Bearing"},"content":{"rendered":"<h2 style=\"text-align: center;\">Parametri le\u017eaja JCB Swing<\/h2>\n<figure class=\"wp-block-table is-style-stripes has-small-font-size\">\n<table class=\"has-cyan-bluish-gray-background-color has-background\">\n<tbody>\n<tr>\n<td>Model<\/td>\n<td>\u0160tevilka dela<\/td>\n<td>Zunanji premer<\/td>\n<td>Notranji premer<\/td>\n<td>Skupna vi\u0161ina<\/td>\n<td>Zunanja vi\u0161ina<\/td>\n<td>Notranja vi\u0161ina<\/td>\n<td>Parametri zunanje luknje<\/td>\n<td>Parametri notranje luknje<\/td>\n<td>\u0160tevilo zob<\/td>\n<\/tr>\n<tr>\n<td>JCB 8060<\/td>\n<td>234\/11000<\/td>\n<td>852<\/td>\n<td>648.5<\/td>\n<td>70<\/td>\n<td>55<\/td>\n<td>60<\/td>\n<td>24<\/td>\n<td>24<\/td>\n<td>109<\/td>\n<\/tr>\n<tr>\n<td>JCB JS130<\/td>\n<td>332\/K8067\uff08New)<\/td>\n<td>1174<\/td>\n<td>972<\/td>\n<td>88<\/td>\n<td>56<\/td>\n<td>78<\/td>\n<td>32-\u042418<\/td>\n<td>36-M16<\/td>\n<td>98<\/td>\n<\/tr>\n<tr>\n<td>JCB JS130<\/td>\n<td>JNB0146\uff08Old\uff09<\/td>\n<td>1174<\/td>\n<td>972<\/td>\n<td>80<\/td>\n<td>56<\/td>\n<td>70<\/td>\n<td>28-\u042418<\/td>\n<td>36-M16<\/td>\n<td>98<\/td>\n<\/tr>\n<tr>\n<td>JCB JS130<\/td>\n<td>JNB0160<\/td>\n<td>1174<\/td>\n<td>972<\/td>\n<td>80<\/td>\n<td>56<\/td>\n<td>70<\/td>\n<td>28-\u042418<\/td>\n<td>36-M16<\/td>\n<td>98<\/td>\n<\/tr>\n<tr>\n<td>JCB160<\/td>\n<td>331\/12091<\/td>\n<td>1330<\/td>\n<td>1093<\/td>\n<td>102<\/td>\n<td>74<\/td>\n<td>92<\/td>\n<td>31-\u042422.5<\/td>\n<td>36-M20<\/td>\n<td>92<\/td>\n<\/tr>\n<tr>\n<td>JCB 205<\/td>\n<td>333\/P7280<\/td>\n<td>1328<\/td>\n<td>1092<\/td>\n<td>102<\/td>\n<td>74<\/td>\n<td>92<\/td>\n<td>31-\u03c622<\/td>\n<td>36-M20<\/td>\n<td>92<\/td>\n<\/tr>\n<tr>\n<td>JS200LC<\/td>\n<td>JRB0017<\/td>\n<td>1328<\/td>\n<td>1092<\/td>\n<td>102<\/td>\n<td>74<\/td>\n<td>92<\/td>\n<td>31-\u042422.5<\/td>\n<td>36-M20<\/td>\n<td>92<\/td>\n<\/tr>\n<tr>\n<td>JCB JS220<\/td>\n<td>JRB0017<\/td>\n<td>1328<\/td>\n<td>1092<\/td>\n<td>102<\/td>\n<td>74<\/td>\n<td>92<\/td>\n<td>31-\u042422.5<\/td>\n<td>36-M20<\/td>\n<td>92<\/td>\n<\/tr>\n<tr>\n<td>JCB JS220<\/td>\n<td>JRB0017<\/td>\n<td>1328<\/td>\n<td>1092<\/td>\n<td>102<\/td>\n<td>74<\/td>\n<td>92<\/td>\n<td>31-\u042422.5<\/td>\n<td>36-M20<\/td>\n<td>92<\/td>\n<\/tr>\n<tr>\n<td>JCB 240<\/td>\n<td>JBB0001<\/td>\n<td>1375<\/td>\n<td>1094<\/td>\n<td>125<\/td>\n<td>80<\/td>\n<td>115<\/td>\n<td>26<\/td>\n<td>36<\/td>\n<td>92<\/td>\n<\/tr>\n<tr>\n<td>JCB JS240<\/td>\n<td>916\/10029<\/td>\n<td>1375<\/td>\n<td>1094<\/td>\n<td>124<\/td>\n<td>80<\/td>\n<td>114<\/td>\n<td>26-\u042426<\/td>\n<td>36-M24<\/td>\n<td>92<\/td>\n<\/tr>\n<tr>\n<td>JCB JS330<\/td>\n<td>JSB0022<\/td>\n<td>1509<\/td>\n<td>1192<\/td>\n<td>135<\/td>\n<td>100<\/td>\n<td>125<\/td>\n<td>38-\u03c626<\/td>\n<td>43-M24<\/td>\n<td>86<\/td>\n<\/tr>\n<tr>\n<td>JCB 360<\/td>\n<td>JSB0022<\/td>\n<td>1510<\/td>\n<td>1193<\/td>\n<td>135<\/td>\n<td>101<\/td>\n<td>125<\/td>\n<td>38-\u03c626<\/td>\n<td>30-M22<\/td>\n<td>86<\/td>\n<\/tr>\n<\/tbody>\n<\/table>\n<\/figure>\n<p>Krilni le\u017eaji so bistveni sestavni deli konstrukcije bagra, ki mu omogo\u010dajo vrtenje okoli svoje osi. Ti le\u017eaji morajo biti robustni in visokokakovostni, da zdr\u017eijo te\u017eke pogoje in delovno obremenitev na gradbi\u0161\u010dih. Krilni le\u017eaji za bagre JCB so odli\u010dna izbira za tiste, ki i\u0161\u010dejo zanesljive, vzdr\u017eljive in visoko zmogljive izdelke.<\/p>\n<p>Gibljivi le\u017eaji se med drugim v\u010dasih imenujejo tudi vrtljivi le\u017eaji za bagre ali vrtljivi obro\u010dni le\u017eaji, le\u017eaji vrtljive mize in vrtljivi obro\u010dki za bagre. Vendar imajo vsi enako funkcijo: zagotavljajo nemoteno in stabilno vrtenje zgornje konstrukcije bagra.<\/p>\n<p>Krilni le\u017eaj bagra je eden najpomembnej\u0161ih delov stroja, ki mora biti trden in zanesljiv, da zagotavlja optimalno delovanje. Le\u017eaji nihajnega mehanizma bagrov JCB so izdelani iz visokokakovostnih materialov, v proizvodnem procesu pa se upo\u0161tevajo strogi ukrepi za nadzor kakovosti, da se zagotovijo odli\u010dna zmogljivost, zanesljivost in vzdr\u017eljivost. Ti le\u017eaji prenesejo velike obremenitve in delujejo v te\u017ekih okoljskih razmerah, kar zagotavlja dolgo \u017eivljenjsko dobo vrtljivega sistema bagra.<\/p>\n<p>Le\u017eaji nihajnega mehanizma bagrov JCB so enostavni za namestitev in zahtevajo minimalno vzdr\u017eevanje. Ti le\u017eaji so zasnovani tako, da zmanj\u0161ujejo \u010das izpada in pove\u010dujejo produktivnost ter zagotavljajo odli\u010dno donosnost nalo\u017ebe. Z zagotavljanjem gladkega in zanesljivega vrtenja zgornje konstrukcije bagra nihajni le\u017eaji za bagre JCB pomagajo upravljavcem, da projekte dokon\u010dajo pravo\u010dasno in v okviru prora\u010duna.<\/p>\n<p>Zaklju\u010dimo lahko, da so nihajni le\u017eaji bagrov JCB odli\u010dna izbira za tiste, ki i\u0161\u010dejo visoko zmogljive, vzdr\u017eljive in zanesljive izdelke. Na voljo so za razli\u010dne modele, vklju\u010dno z JCB8045, JCB8055, JCB8056, JCB8060, JCB8061, JCB8065, JS130, JS140, JS200, JS210, JS220, JCB70, JCB360 in JS205. Ti le\u017eaji so enostavni za namestitev, zahtevajo minimalno vzdr\u017eevanje in so izdelani tako, da prenesejo velike obremenitve in te\u017eke okoljske pogoje, kar zagotavlja dolgo \u017eivljenjsko dobo vrtljivega sistema bagra. Z vrtljivimi le\u017eaji za bagre JCB ste lahko prepri\u010dani, da bo va\u0161 bager deloval optimalno, kar bo pove\u010dalo produktivnost in zagotovilo dobro donosnost nalo\u017ebe.<\/p>","protected":false},"excerpt":{"rendered":"<p><strong>Del<\/strong> #: JSB0022<br \/>\n<strong>Naredite<\/strong>: JCB<br \/>\n<strong>Model<\/strong>: JCB 36<br \/>\n<strong>Stanje<\/strong>: Nov le\u017eaj gugalnice<br \/>\n<strong>Ve\u010d<\/strong>:JCB8045,JCB8055,8056<br \/>\nJCB8061,JCB360,JS330,JS240<\/p>","protected":false},"featured_media":2336,"template":"","meta":[],"product_brand":[],"product_cat":[22,70],"product_tag":[52],"class_list":{"0":"post-2319","1":"product","2":"type-product","3":"status-publish","4":"has-post-thumbnail","6":"product_cat-swing-bearing","7":"product_cat-jcb-excavator-swing-bearing","8":"product_tag-swing-bearing","10":"first","11":"instock","12":"shipping-taxable","13":"product-type-simple"},"_links":{"self":[{"href":"https:\/\/swingbearing.net\/sl\/wp-json\/wp\/v2\/product\/2319","targetHints":{"allow":["GET"]}}],"collection":[{"href":"https:\/\/swingbearing.net\/sl\/wp-json\/wp\/v2\/product"}],"about":[{"href":"https:\/\/swingbearing.net\/sl\/wp-json\/wp\/v2\/types\/product"}],"wp:featuredmedia":[{"embeddable":true,"href":"https:\/\/swingbearing.net\/sl\/wp-json\/wp\/v2\/media\/2336"}],"wp:attachment":[{"href":"https:\/\/swingbearing.net\/sl\/wp-json\/wp\/v2\/media?parent=2319"}],"wp:term":[{"taxonomy":"product_brand","embeddable":true,"href":"https:\/\/swingbearing.net\/sl\/wp-json\/wp\/v2\/product_brand?post=2319"},{"taxonomy":"product_cat","embeddable":true,"href":"https:\/\/swingbearing.net\/sl\/wp-json\/wp\/v2\/product_cat?post=2319"},{"taxonomy":"product_tag","embeddable":true,"href":"https:\/\/swingbearing.net\/sl\/wp-json\/wp\/v2\/product_tag?post=2319"}],"curies":[{"name":"wp","href":"https:\/\/api.w.org\/{rel}","templated":true}]}}