{"id":2179,"date":"2024-03-26T07:53:51","date_gmt":"2024-03-26T07:53:51","guid":{"rendered":"https:\/\/swingbearing.net\/?post_type=product&#038;p=2179"},"modified":"2024-06-13T08:48:49","modified_gmt":"2024-06-13T08:48:49","slug":"excavator-hydraulic-pump-k5v160dth5","status":"publish","type":"product","link":"https:\/\/swingbearing.net\/sl\/product\/excavator-hydraulic-pump-k5v160dth5\/","title":{"rendered":"K5V160DTH-9T06 za hidravli\u010dno \u010drpalko bagra SY335 SY365"},"content":{"rendered":"<h4>Na\u010delo delovanja hidravli\u010dne \u010drpalke za bagre<\/h4>\n<p>Bagerji so pogosta vrsta gradbenih strojev in opreme, ki se pogosto uporabljajo pri zemeljskih delih, prevozu, nakladanju in drugih in\u017eenirskih dejavnostih. Hidravli\u010dna \u010drpalka je eden od osrednjih sestavnih delov bagra, odgovoren za zagotavljanje stabilne hidravli\u010dne mo\u010di. Kako torej deluje hidravli\u010dna \u010drpalka bagra? Zdaj podrobno spoznajmo na\u010delo delovanja hidravli\u010dne \u010drpalke za bagre.<\/p>\n<p>Hidravli\u010dna \u010drpalka bagra je v glavnem sestavljena iz telesa hidravli\u010dne \u010drpalke, prenosne gredi, sklopke in krmilnega sistema \u010drpalke. Njeno na\u010delo delovanja je pretvarjanje mehanske energije v hidravli\u010dno energijo in prenos na druge hidravli\u010dne pogone prek hidravli\u010dnega sistema za doseganje delovanja bagra.<\/p>\n<p><b>Sorodni bagri Hidravli\u010dna \u010drpalka Dobavljamo:<\/b><\/p>\n<div class=\"rich-text-table\">\n<figure class=\"wp-block-table is-style-stripes has-small-font-size\">\n<table class=\"has-cyan-bluish-gray-background-color has-background\">\n<tbody>\n<tr>\n<td>K3V63DT Hidravli\u010dna \u010drpalka 9C\/14T<\/td>\n<td>K7V63DTP Hidravli\u010dna \u010drpalka 9N0E\/14T(LG915)<\/td>\n<td>K3V112DT Hidravli\u010dna \u010drpalka 9N\/14T<\/td>\n<td>K3V112DTP OE11\/14T(SY215-8S\/9)<\/td>\n<td>K5V140DTP 9N\/17T(DH300-7\/19)<\/td>\n<\/tr>\n<tr>\n<td>K3V63DT Hidravli\u010dna \u010drpalka 9N\/14T<\/td>\n<td>Hidravli\u010dna \u010drpalka K5V80DTP 9N\/12T (R150-9)<\/td>\n<td>K3V112DTP 9Y14\/14T(SH210A5)<\/td>\n<td>K3V112DT 1E42\/14T(EC220D)<\/td>\n<td>K5V140DTP 9C\/17T(R305-7\/25)<\/td>\n<\/tr>\n<tr>\n<td>K3V63DT Hidravli\u010dna \u010drpalka HN\/14T<\/td>\n<td>K5V80DTP HN\/12T(DH150W-7)<\/td>\n<td>K3V112DT 9T1L\/14T(SK200-6)<\/td>\n<td>K3V112DTP 9C\/14T(JCB220\/25)<\/td>\n<td>K5V140DTP 9N\/17T(DX300-7\/25)<\/td>\n<\/tr>\n<tr>\n<td>K3V63DT Hidravli\u010dna \u010drpalka 9P\/14T<\/td>\n<td>K3V112DT Hidravli\u010dna \u010drpalka 9C\/12T<\/td>\n<td>K3V112DTP Hidravli\u010dna \u010drpalka 9TCM\/14T (SK200-6)<\/td>\n<td>K3V112DTP 9P12\/12T(R225-9)<\/td>\n<td>K5V140DT 9N\/17T(Liu Gong933E)<\/td>\n<\/tr>\n<tr>\n<td>K3V63DTP 9N\/14T(Takeuchi135)<\/td>\n<td>K3V112DT Hidravli\u010dna \u010drpalka 9N\/12T<\/td>\n<td>K3V112DTP 9TEL\/14T(SK200-6E)<\/td>\n<td>K3V112DTP Hidravli\u010dna \u010drpalka 9N\/14T (LG920E)<\/td>\n<td>K5V140DTPYT6K\/17T(SK350-8)<\/td>\n<\/tr>\n<tr>\n<td>K3V63DTP OE02\/14T(SK135)<\/td>\n<td>K3V112DT Hidravli\u010dna \u010drpalka HN\/12T<\/td>\n<td>K3V112DTP Hidravli\u010dna \u010drpalka YT6K\/17T (SK200-8)<\/td>\n<td>K3V112DTP 9N\/14T(SH200A3)<\/td>\n<td>K5V140DT 1E05\/17T(EC250D)<\/td>\n<\/tr>\n<tr>\n<td>K3V63DTP 9C\/14T(JCB130)<\/td>\n<td>K3V112DT 9C\/14T<\/td>\n<td>K3V112DTP Hidravli\u010dna \u010drpalka 9T8L\/14T (SY215-8)<\/td>\n<td>K3V112DTP 9P12\/16T(PC200-7)<\/td>\n<td>K5V140DTP 9T1L\/17T(SY235-8)<\/td>\n<\/tr>\n<\/tbody>\n<\/table>\n<p><strong>V na\u0161em obse\u017enem katalogu je na voljo \u0161irok izbor delov za bagre, med drugim:<\/strong><\/p>\n<table class=\"has-cyan-bluish-gray-background-color has-background\">\n<tbody>\n<tr>\n<td rowspan=\"2\">omatsu<\/td>\n<td>PC40, PC60-5-6-7, PC100, PC120, PC130, PC240, PC270, PC300, PC360, PC400, PC450, PC650, PC1250<\/td>\n<\/tr>\n<tr>\n<td>PC200-1-3-5-6, PC220-1-3-5, PC300-3-5, PC400-1-3-5, D20, D30, D31, D50, D60, D75, D80 (D85), D155<\/td>\n<\/tr>\n<tr>\n<td rowspan=\"2\">Hitachi<\/td>\n<td>EX40, EX60, EX150, EX100M, EX100, EX120, EX150,<\/td>\n<\/tr>\n<tr>\n<td>EX200-1-2-3, EX300-1-3-5, EX400, ZX450,ZX470,ZX870,ZX1200<\/td>\n<\/tr>\n<tr>\n<td>Volvo<\/td>\n<td>EC55\/60, EC140,EC210, EC240, EC290, EC360, EC460, EC700<\/td>\n<\/tr>\n<tr>\n<td>Doosan<\/td>\n<td>DH215, DH220, DH260, DH280, DH300, DH370, DH420, DH450, DH500<\/td>\n<\/tr>\n<tr>\n<td>Hyundai<\/td>\n<td>R200, R210, R225, R265, R335, R455, R505<\/td>\n<\/tr>\n<tr>\n<td>Kobelco<\/td>\n<td>SK200, SK210, SK220, SK260, SK300, SK330, SK350, SK450, SK460, SK480, SK800<\/td>\n<\/tr>\n<tr>\n<td>Sumitomo<\/td>\n<td>SH120, SH200, SH280, SH300, SH350, SH400, SH450, SH460, SH70<\/td>\n<\/tr>\n<\/tbody>\n<\/table>\n<p>Serija Caterpilla r:<br \/>\nVRD63, E200B, AP12, AP14, CAT320C, SPK10\/10, SPV10\/10, CAT12G, CAT14G, CAT16G, CAT215, CAT245, CAT330B, PSV450, CAT992.<br \/>\nSerija Liebher:<br \/>\nLPVD45, LPVD64, LPVD90, LPVD100, LPVD125, LPVD140, LPVD250<br \/>\nKawasaki Serija:<br \/>\nK3SP30, K3SP36C, K3V63DT\/BDT, K3V112DT, K3V140DT, K3V180DT, K5V140, K5V200, NV64, NV84, NV111DT, NV137, NV172, NV270, NX15, NVK45, KVC925, KVC930, KVC932, M2X63, M2X96, M2X120, M2X146, M2X120, M2X1150\/170, M2X210, M5X130, M5X180, MX150, MX173, MX500, MAG150, MAG170, GM05VL, GM06VL, GM05VA, GM07VA, GM08, GM09, GM10, GM23, GM24, GM30, GM35, GM38.<br \/>\nKobelco Serija:<br \/>\nSK200-1\/3,SK220-3(MA340),SK220-2,SK200-6,SK320,SK430.<br \/>\nSerija VOLVO:<br \/>\nF11-28, F11-39, F11-010, F11-150, F11-250, F12-060, F12-080, F12-110.<\/figure>\n<\/div>\n<p><img decoding=\"async\" class=\"wp-image-2162 size-full\" src=\"https:\/\/swingbearing.net\/wp-content\/uploads\/2024\/03\/00001.jpg\" alt=\"hidravli\u010dna \u010drpalka za bagre\" width=\"837\" height=\"777\" srcset=\"https:\/\/swingbearing.net\/wp-content\/uploads\/2024\/03\/00001.jpg 837w, https:\/\/swingbearing.net\/wp-content\/uploads\/2024\/03\/00001-300x278.jpg 300w, https:\/\/swingbearing.net\/wp-content\/uploads\/2024\/03\/00001-768x713.jpg 768w, https:\/\/swingbearing.net\/wp-content\/uploads\/2024\/03\/00001-13x12.jpg 13w, https:\/\/swingbearing.net\/wp-content\/uploads\/2024\/03\/00001-600x557.jpg 600w\" sizes=\"(max-width: 837px) 100vw, 837px\" \/><\/p>\n<div id=\"attachment_2163\" style=\"width: 847px\" class=\"wp-caption alignnone\"><img decoding=\"async\" aria-describedby=\"caption-attachment-2163\" class=\"wp-image-2163 size-full\" src=\"https:\/\/swingbearing.net\/wp-content\/uploads\/2024\/03\/00002.jpg\" alt=\"hidravli\u010dna \u010drpalka za bagre\" width=\"837\" height=\"677\" srcset=\"https:\/\/swingbearing.net\/wp-content\/uploads\/2024\/03\/00002.jpg 837w, https:\/\/swingbearing.net\/wp-content\/uploads\/2024\/03\/00002-300x243.jpg 300w, https:\/\/swingbearing.net\/wp-content\/uploads\/2024\/03\/00002-768x621.jpg 768w, https:\/\/swingbearing.net\/wp-content\/uploads\/2024\/03\/00002-15x12.jpg 15w, https:\/\/swingbearing.net\/wp-content\/uploads\/2024\/03\/00002-600x485.jpg 600w\" sizes=\"(max-width: 837px) 100vw, 837px\" \/><p id=\"caption-attachment-2163\" class=\"wp-caption-text\"><a href=\"https:\/\/swingbearing.net\/sl\/hydraulic-motor\/\">hidravli\u010dna \u010drpalka za bagre<\/a><\/p><\/div>\n<p>Ohi\u0161je hidravli\u010dne \u010drpalke je osrednji sestavni del hidravli\u010dne \u010drpalke bagra, ki obi\u010dajno uporablja zobni\u0161ko ali batno \u010drpalko.V ohi\u0161ju hidravli\u010dne \u010drpalke je par zobnikov ali batov, ki se med seboj povezujejo in tvorijo dolo\u010deno prostornino v ohi\u0161ju \u010drpalke. Ko se vrti prenosna gred hidravli\u010dne \u010drpalke, se ustrezno vrti zobnik ali bat, s \u010dimer se spreminja prostornina komore \u010drpalke.<\/p>\n<p>Ko se prostornina \u010drpalne komore pove\u010da, se tlak v \u010drpalki zmanj\u0161a in hidravli\u010dno olje vstopi v \u010drpalno komoro skozi sesalno odprtino; ko se prostornina \u010drpalne komore zmanj\u0161a, se tlak v \u010drpalki pove\u010da in hidravli\u010dno olje izte\u010de iz \u010drpalne komore skozi tla\u010dno odprtino. S tem na\u010delom delovanja lahko hidravli\u010dna \u010drpalka neprekinjeno sesa in odvaja hidravli\u010dno olje ter tako ustvarja stabilno hidravli\u010dno energijo.<\/p>\n<p>Hidravli\u010dna \u010drpalka mora biti med delovanjem povezana z drugimi sistemi, za kar je potrebno delovanje prenosne gredi in sklopke. Prenosna gred prena\u0161a mo\u010d motorja na hidravli\u010dno \u010drpalko, zaradi \u010desar se ta vrti; sklopka povezuje hidravli\u010dno \u010drpalko s prenosno gredjo in zagotavlja njuno sinhrono delovanje. Krmilni sistem hidravli\u010dne \u010drpalke je odgovoren za krmiljenje parametrov zagona, ustavitve in delovnega tlaka hidravli\u010dne \u010drpalke. Ko mora bager delati, nadzorni sistem po\u0161lje signal hidravli\u010dni \u010drpalki, da se za\u017eene, in zagotovi ustrezen delovni tlak.<\/p>\n<p>Ko bager ne potrebuje dela, nadzorni sistem ustavi delovanje hidravli\u010dne \u010drpalke, da prihrani energijo. Na splo\u0161no je na\u010delo delovanja hidravli\u010dne \u010drpalke bagra pretvorba mehanske energije v hidravli\u010dno preko telesa hidravli\u010dne \u010drpalke in prenos na druge hidravli\u010dne pogone preko hidravli\u010dnega sistema, da se dose\u017ee delovanje bagra.<\/p>\n<p>Delovanje hidravli\u010dnih \u010drpalk zahteva usklajevanje prenosne gredi in sklopke, nadzorni sistem pa nadzoruje parametre zagona, zaustavitve in delovnega tlaka. Na\u010delo delovanja hidravli\u010dne \u010drpalke bagra je preprosto, vendar je klju\u010dnega pomena za normalno delovanje bagra. Samo z zagotavljanjem normalnega delovanja hidravli\u010dne \u010drpalke je mogo\u010de izbolj\u0161ati u\u010dinkovitost in zmogljivost bagra. Zato je treba v procesu delovanja in vzdr\u017eevanja bagerjev jasno razumeti na\u010delo delovanja hidravli\u010dnih \u010drpalk ter pravo\u010dasno izvajati vzdr\u017eevanje in vzdr\u017eevanje, da se zagotovi normalno delovanje bagerjev.<\/p>\n<p><a href=\"https:\/\/national-bearing.com\/excavator-swing-bearings-slewing-rings-cat\/\" target=\"_blank\" rel=\"noopener\"><img decoding=\"async\" class=\"aligncenter wp-image-2158 size-full\" src=\"https:\/\/swingbearing.net\/wp-content\/uploads\/2024\/03\/\u5fae\u4fe1\u622a\u56fe_20240320145420.jpg\" alt=\" hidravli\u010dna \u010drpalka za bagre\" width=\"842\" height=\"500\" srcset=\"https:\/\/swingbearing.net\/wp-content\/uploads\/2024\/03\/\u5fae\u4fe1\u622a\u56fe_20240320145420.jpg 842w, https:\/\/swingbearing.net\/wp-content\/uploads\/2024\/03\/\u5fae\u4fe1\u622a\u56fe_20240320145420-300x178.jpg 300w, https:\/\/swingbearing.net\/wp-content\/uploads\/2024\/03\/\u5fae\u4fe1\u622a\u56fe_20240320145420-768x456.jpg 768w, https:\/\/swingbearing.net\/wp-content\/uploads\/2024\/03\/\u5fae\u4fe1\u622a\u56fe_20240320145420-18x12.jpg 18w, https:\/\/swingbearing.net\/wp-content\/uploads\/2024\/03\/\u5fae\u4fe1\u622a\u56fe_20240320145420-600x356.jpg 600w\" sizes=\"(max-width: 842px) 100vw, 842px\" \/><\/a><\/p>\n<p>hidravli\u010dna \u010drpalka za bagre<\/p>","protected":false},"excerpt":{"rendered":"<p>hidravli\u010dna \u010drpalka za bagre<\/p>\n<pre title=\"K7V63DTP-9N03 za Doosan Dx140lcr-3 Proizvajalec dobavitelj Hidravli\u010dna \u010drpalka Assy za dele bagrov s solenoidnim ventilom\" data-spm-anchor-id=\"a2700.details.0.i49.7222be96aP5ElP\"><\/pre>","protected":false},"featured_media":2140,"template":"","meta":[],"product_brand":[],"product_cat":[34],"product_tag":[],"class_list":{"0":"post-2179","1":"product","2":"type-product","3":"status-publish","4":"has-post-thumbnail","6":"product_cat-hydraulic-pumps","8":"first","9":"instock","10":"shipping-taxable","11":"product-type-simple"},"_links":{"self":[{"href":"https:\/\/swingbearing.net\/sl\/wp-json\/wp\/v2\/product\/2179","targetHints":{"allow":["GET"]}}],"collection":[{"href":"https:\/\/swingbearing.net\/sl\/wp-json\/wp\/v2\/product"}],"about":[{"href":"https:\/\/swingbearing.net\/sl\/wp-json\/wp\/v2\/types\/product"}],"wp:featuredmedia":[{"embeddable":true,"href":"https:\/\/swingbearing.net\/sl\/wp-json\/wp\/v2\/media\/2140"}],"wp:attachment":[{"href":"https:\/\/swingbearing.net\/sl\/wp-json\/wp\/v2\/media?parent=2179"}],"wp:term":[{"taxonomy":"product_brand","embeddable":true,"href":"https:\/\/swingbearing.net\/sl\/wp-json\/wp\/v2\/product_brand?post=2179"},{"taxonomy":"product_cat","embeddable":true,"href":"https:\/\/swingbearing.net\/sl\/wp-json\/wp\/v2\/product_cat?post=2179"},{"taxonomy":"product_tag","embeddable":true,"href":"https:\/\/swingbearing.net\/sl\/wp-json\/wp\/v2\/product_tag?post=2179"}],"curies":[{"name":"wp","href":"https:\/\/api.w.org\/{rel}","templated":true}]}}