{"id":2073,"date":"2024-03-08T07:01:41","date_gmt":"2024-03-08T07:01:41","guid":{"rendered":"https:\/\/swingbearing.net\/?post_type=product&#038;p=2073"},"modified":"2024-03-11T03:06:06","modified_gmt":"2024-03-11T03:06:06","slug":"travel-motor-ec360","status":"publish","type":"product","link":"https:\/\/swingbearing.net\/sl\/product\/travel-motor-ec360\/","title":{"rendered":"Potovalni motor 7117-45010 Volvo EC360 SA7117-45010 14551150"},"content":{"rendered":"<h4>Ponujamo \u0161iroko paleto motorjev za premikanje\/kon\u010dnih pogonskih sklopov\/ reduktorjev za premikanje za bagre.<\/h4>\n<p>Potovalni motor (kon\u010dni pogon) je mehanska naprava, ki se ve\u010dinoma uporablja za pogon elektri\u010dnih naprav, kot so roboti, skuterji in elektri\u010dna kolesa, naprej ali za delo. Njegovo osnovno na\u010delo delovanja je uporaba na\u010dela elektromagnetne indukcije za ustvarjanje vrtilnega navora, nato pa zmanj\u0161anje hitrosti prek notranje reduktorske naprave za pogon zunanjih koles ali verig. Strukturno je potovalni motor obi\u010dajno sestavljen iz hitrega hidravli\u010dnega motorja, zavore, planetarnega reduktorja, skupine ventilov itd. in ima zasnovo sto\u017e\u010dastih valj\u010dnih le\u017eajev z visoko nosilnostjo, ki prena\u0161ajo aksialne in radialne sile, ki jih med delovanjem in obra\u010danjem ustvarja bager.<br \/>\nNa\u0161a izku\u0161ena prodajna ekipa ima na dosegu roke bogato znanje in izku\u0161nje o kon\u010dnih pogonih za potovanja, zato lahko hitro in stro\u0161kovno u\u010dinkovito izpolnimo va\u0161e zahteve glede potovalnih motorjev.<\/p>\n<p><strong>\u00a0Podprte znamke<\/strong><br \/>\nTrenutno lahko zagotovimo potovalne motorje za \u0161irok izbor bagrov, ki jih proizvajajo podjetja, kot so Komatsu, Caterpillar, Volvo, Case, Doosan, Sumitomo, Hyundai, Kobelco, JCB, Liugong, Sany, XCMG in Hitachi.<\/p>\n<h4>Povezani Volvo Excavator Travel Motor Assy<\/h4>\n<figure class=\"wp-block-table is-style-stripes has-small-font-size\">\n<table class=\"has-cyan-bluish-gray-background-color has-background\">\n<tbody>\n<tr>\n<td width=\"598\">\u00a0Volvo EC150, Volvo EC150LC potovalna pogonska enota: SA7117-30011,Volvo 150: 14216035,150C, menjalnik Volvo 150 Akerman: 14214704 motor: 14268106<\/td>\n<td width=\"614\">Pogonska enota Volvo 160 travel: 14370176,<br \/>\nVolvo 160BLC\/BNLC potovalna pogonska enota: 14515045, 14528730,<br \/>\nVolvo 160CL\/CNL potovalna pogonska enota: 14538585<\/td>\n<\/tr>\n<tr>\n<td width=\"598\">Volvo 180BLC potovalna pogonska enota: 145212111, 14528731,<br \/>\n180CL 14538586<\/td>\n<td width=\"614\">EC210\/F\/LC\/NLC\/BF\/BFX\/BLC\/BLR\/BNLC\/BNC\/CL\/LD\/LR\/N\/NL SA7117-30030, 14525366, 14528732, 14528930<\/td>\n<\/tr>\n<tr>\n<td width=\"598\">Pogonska enota Volvo EC 200\/200B: 14528732<\/td>\n<td width=\"614\">Volvo EC 235\/235-C potovalna pogonska enota: 14550250<\/td>\n<\/tr>\n<tr>\n<td width=\"598\">Volvo EC210, EC210F, EC210LC, EC210NLC, Volvo EC210BF, EC210BFX, EC210BLC, Volvo EC210BLR, EC210BNLC, Volvo EC210BNC, EC210CL, EC210LD, EC210LR, EC210N, EC210NL : SA7117-30030, 14525366, 14528732, 14528930.<\/td>\n<td width=\"614\">EC290,290LC, 290LR, 290NLC: kon\u010dni pogon: SA7117-38001, goseni\u010dni pogon: SA7240-10402, menjalnik: SA7240-10402: SA7117-38050,<br \/>\nEC290BFX ,EC 290BLC: SA7117-38020, VOE14521691, VOE14522894, VOE14551154EC290 BLR , EC290 BNLC: kon\u010dni pogon: VOJA\u0160KI MOTOR: VOE14509996, VOE14521389, VOE14528280.<\/td>\n<\/tr>\n<tr>\n<td width=\"598\">Volvo EC 240\/LC\/LR\/NLC\/B\/B-LC\/B-LR\/B-NLC\/C\/CL\/C-LD\/C-LR\/C-NL SA7117-34001, SA8230-21631, 14528734, 14533652, 14528258<\/td>\n<td width=\"614\">\u0160tevilke delov za potovalno pogonsko enoto Volvo ECR 88: 14516538, potovalni motor:14520757<\/td>\n<\/tr>\n<tr>\n<td width=\"598\">\u00a0EC360, EC360LC, EC360NLC, EC360B, EC360B-LC, EC360B-LR, EC360B-NLC, EC360C EC360CL<\/td>\n<td width=\"614\">EC360C-LD, Volvo EC360C-LR, Volvo EC360C-NL EC 360 SA7117-45010, 14551150, 14566400, 14513049, 14521695, 14522994<\/td>\n<\/tr>\n<tr>\n<td width=\"598\">Volvo ECR 145 14573820, 14614941<\/td>\n<td width=\"614\">Volvo G726 potovalna pogonska enota: 12725795<\/td>\n<\/tr>\n<tr>\n<td width=\"598\">EC460 EC460B VOE 14508165 EC460 EC480<\/td>\n<td width=\"614\">EC700 EC700B EC700BLC VOE 14522564<\/td>\n<\/tr>\n<tr>\n<td width=\"598\">EC460 EC480 14733880 14727995 EC460 EC460 EC460B<\/td>\n<td width=\"614\">7117-38020 EC290 sklop kon\u010dnega pogona Vol Vo<\/td>\n<\/tr>\n<tr>\n<td width=\"598\">\u00a0EC460 EC460B VOE 14508165 14522563<\/td>\n<td width=\"614\">Vol Vo EC700BHR EC700C EC700B<\/td>\n<\/tr>\n<tr>\n<td width=\"598\">Kon\u010dni pogon bagra EC290 Vol Vo<\/td>\n<td width=\"614\">\u00a07117-38020 14551154 14524707 14522894 14528257 14521691<\/td>\n<\/tr>\n<tr>\n<td width=\"598\">Motor EC360C EC360B EC290B<\/td>\n<td width=\"614\">\u00a014528259 14513049 14521695<\/td>\n<\/tr>\n<tr>\n<td width=\"598\">\u00a0Vol Vo bager EC290B EC330B EC360B EC360C<\/td>\n<td width=\"614\">\u00a0VOE14551150 14528260 14528281<\/td>\n<\/tr>\n<tr>\n<td width=\"598\">Vol Vo EC290B 7117-38020 14551154 14592030<\/td>\n<td width=\"614\">\u00a07117-38020 14551154 14592030<\/td>\n<\/tr>\n<tr>\n<td width=\"598\">EC460 EC460B<\/td>\n<td width=\"614\">VOE 14508165<\/td>\n<\/tr>\n<tr>\n<td width=\"598\">EC210BLC VOE14533651<\/td>\n<td width=\"614\">EC210BLC VOE14533651<\/td>\n<\/tr>\n<tr>\n<td width=\"598\">R140LC-9 R140-9 31Q4-4003 sklop potovalnega motorja<\/td>\n<td width=\"614\">R140LC-9 R140-9 31Q4-4003<\/td>\n<\/tr>\n<tr>\n<td width=\"598\">E349D2 209-5992 215-9982<\/td>\n<td width=\"614\">E349D2 209-5992 215-9982<\/td>\n<\/tr>\n<tr>\n<td width=\"598\">VIO50-3 TM06F MAG33VP-550F-10 Reduktor<\/td>\n<td width=\"614\">VIO50-3 TM06F MAG33VP-550F-10 Reduktor<\/td>\n<\/tr>\n<tr>\n<td width=\"598\">E349D2 MCA250 MOBA250 390-1088<\/td>\n<td width=\"614\">E349D2 MCA250 MOBA250 390-1088<\/td>\n<\/tr>\n<tr>\n<td width=\"598\">EC210BLC SA1143-01270 Hidravli\u010dni potovalni motor<\/td>\n<td width=\"614\">EC210BLC SA1143-01270<\/td>\n<\/tr>\n<\/tbody>\n<\/table>\n<\/figure>\n<h4><strong>\u00a0Motor in menjalnik Na voljo Model:<\/strong><\/h4>\n<figure class=\"wp-block-table is-style-stripes has-small-font-size\">EC13 XR EC13 XTV EC14 EC140 EC140 EC140B LC EC140B LCM EC140C L EC140C LM EC140D EC140D LM EC15 XR EC15 XT EC15 XTV EC150 EC15B XR EC15B XT EC15B XTV EC160B EC160B LC EC160B NLC EC160C L EC17C EC180 EC180B LC EC180C L EC180D EC18C EC20 XT EC20 XTV EC200D LR EC20B XT EC20B XTV EC20C EC210 EC210B EC210B LC EC210C L EC220D EC220D N EC220D NL EC235C LD\/NL EC240 EC240 LC EC240 LR EC240 NLC EC240B EC240B LC EC240B LR EC240B NLC EC240C L EC240C LD EC240C LR EC240C NL EC25 EC280 EC290 EC290 LC EC290B EC290C L EC30 EC330B LC EC330C L EC330C LD EC35 EC35C EC360 EC360B LC EC360B NLC EC360C HR EC360C L EC360C LD EC360C NL EC380D HR EC460 EC460 LC EC460B LC EC460C L EC480D HR EC480D L EC50 EC50 VV EC55 EC55-2 EC55B EC55C EC55-EU EC60C EC70 EC70 VV ECR145C L ECR235C L ECR28 ECR305C L ECR38 ECR88 ECR88 PLUS FC2121C FC2421C FC2924C FF3329C PL4608 PL4611 ECR145D L EC140D L EC240LC EC240BLC EC240CL EC240CLD EC240CLR FC3329C EC210C N<\/figure>\n<div id=\"attachment_2045\" style=\"width: 425px\" class=\"wp-caption alignnone\"><img decoding=\"async\" aria-describedby=\"caption-attachment-2045\" class=\"wp-image-2045\" src=\"https:\/\/swingbearing.net\/wp-content\/uploads\/2024\/03\/\u884c\u8d70_01-300x99.jpg\" alt=\"potovalni motor\" width=\"415\" height=\"137\" srcset=\"https:\/\/swingbearing.net\/wp-content\/uploads\/2024\/03\/\u884c\u8d70_01-300x99.jpg 300w, https:\/\/swingbearing.net\/wp-content\/uploads\/2024\/03\/\u884c\u8d70_01-18x6.jpg 18w, https:\/\/swingbearing.net\/wp-content\/uploads\/2024\/03\/\u884c\u8d70_01-600x199.jpg 600w, https:\/\/swingbearing.net\/wp-content\/uploads\/2024\/03\/\u884c\u8d70_01.jpg 749w\" sizes=\"(max-width: 415px) 100vw, 415px\" \/><p id=\"caption-attachment-2045\" class=\"wp-caption-text\"><a href=\"https:\/\/swingbearing.net\/sl\/travel-reducer\/\">motor za hojo<\/a><\/p><\/div>\n<div id=\"attachment_2046\" style=\"width: 445px\" class=\"wp-caption alignnone\"><img decoding=\"async\" aria-describedby=\"caption-attachment-2046\" class=\"wp-image-2046\" src=\"https:\/\/swingbearing.net\/wp-content\/uploads\/2024\/03\/\u884c\u8d70_03-300x100.jpg\" alt=\"potovalni motor\" width=\"435\" height=\"145\" srcset=\"https:\/\/swingbearing.net\/wp-content\/uploads\/2024\/03\/\u884c\u8d70_03-300x100.jpg 300w, https:\/\/swingbearing.net\/wp-content\/uploads\/2024\/03\/\u884c\u8d70_03-18x6.jpg 18w, https:\/\/swingbearing.net\/wp-content\/uploads\/2024\/03\/\u884c\u8d70_03-600x201.jpg 600w, https:\/\/swingbearing.net\/wp-content\/uploads\/2024\/03\/\u884c\u8d70_03.jpg 750w\" sizes=\"(max-width: 435px) 100vw, 435px\" \/><p id=\"caption-attachment-2046\" class=\"wp-caption-text\"><a href=\"https:\/\/swingbearing.net\/sl\/hydraulic-motor\/\">potovalni kon\u010dni pogon<\/a><\/p><\/div>\n<div id=\"attachment_2047\" style=\"width: 450px\" class=\"wp-caption alignnone\"><img decoding=\"async\" aria-describedby=\"caption-attachment-2047\" class=\"wp-image-2047\" src=\"https:\/\/swingbearing.net\/wp-content\/uploads\/2024\/03\/\u884c\u8d70_04-300x101.jpg\" alt=\"Zmanj\u0161anje \u0161tevila potovanj\" width=\"440\" height=\"148\" srcset=\"https:\/\/swingbearing.net\/wp-content\/uploads\/2024\/03\/\u884c\u8d70_04-300x101.jpg 300w, https:\/\/swingbearing.net\/wp-content\/uploads\/2024\/03\/\u884c\u8d70_04-18x6.jpg 18w, https:\/\/swingbearing.net\/wp-content\/uploads\/2024\/03\/\u884c\u8d70_04-600x202.jpg 600w, https:\/\/swingbearing.net\/wp-content\/uploads\/2024\/03\/\u884c\u8d70_04.jpg 750w\" sizes=\"(max-width: 440px) 100vw, 440px\" \/><p id=\"caption-attachment-2047\" class=\"wp-caption-text\"><a href=\"https:\/\/swingbearing.net\/sl\/swing-bearing\/\">Zmanj\u0161anje \u0161tevila potovanj<\/a><\/p><\/div>","protected":false},"excerpt":{"rendered":"<h5 class=\"ct-headline\">Kategorije: Volvo Travel Motor Hidravli\u010dni motor Kon\u010dni pogon<br \/>\nModel:  EC360<br \/>\n\u0160t. dela:7117-45010 Volvo SA7117-45010, 14551150<\/h5>","protected":false},"featured_media":2059,"template":"","meta":[],"product_brand":[],"product_cat":[26],"product_tag":[],"class_list":{"0":"post-2073","1":"product","2":"type-product","3":"status-publish","4":"has-post-thumbnail","6":"product_cat-hydraulic-motors","8":"first","9":"instock","10":"shipping-taxable","11":"product-type-simple"},"_links":{"self":[{"href":"https:\/\/swingbearing.net\/sl\/wp-json\/wp\/v2\/product\/2073","targetHints":{"allow":["GET"]}}],"collection":[{"href":"https:\/\/swingbearing.net\/sl\/wp-json\/wp\/v2\/product"}],"about":[{"href":"https:\/\/swingbearing.net\/sl\/wp-json\/wp\/v2\/types\/product"}],"wp:featuredmedia":[{"embeddable":true,"href":"https:\/\/swingbearing.net\/sl\/wp-json\/wp\/v2\/media\/2059"}],"wp:attachment":[{"href":"https:\/\/swingbearing.net\/sl\/wp-json\/wp\/v2\/media?parent=2073"}],"wp:term":[{"taxonomy":"product_brand","embeddable":true,"href":"https:\/\/swingbearing.net\/sl\/wp-json\/wp\/v2\/product_brand?post=2073"},{"taxonomy":"product_cat","embeddable":true,"href":"https:\/\/swingbearing.net\/sl\/wp-json\/wp\/v2\/product_cat?post=2073"},{"taxonomy":"product_tag","embeddable":true,"href":"https:\/\/swingbearing.net\/sl\/wp-json\/wp\/v2\/product_tag?post=2073"}],"curies":[{"name":"wp","href":"https:\/\/api.w.org\/{rel}","templated":true}]}}