{"id":2069,"date":"2024-03-08T06:40:15","date_gmt":"2024-03-08T06:40:15","guid":{"rendered":"https:\/\/swingbearing.net\/?post_type=product&#038;p=2069"},"modified":"2024-03-08T06:44:36","modified_gmt":"2024-03-08T06:44:36","slug":"final-drive-kla0156cx160","status":"publish","type":"product","link":"https:\/\/swingbearing.net\/sl\/product\/final-drive-kla0156cx160\/","title":{"rendered":"Kon\u010dni pogon CASE Cx160 Travel Reduction Kla0156 Kla10030,Kla10710"},"content":{"rendered":"<h4>Ponujamo \u0161iroko paleto motorjev za premikanje\/kon\u010dnih pogonskih sklopov\/ reduktorjev za premikanje za bagre.<\/h4>\n<p>Potovalni motor (kon\u010dni pogon) je mehanska naprava, ki se ve\u010dinoma uporablja za pogon elektri\u010dnih naprav, kot so roboti, skuterji in elektri\u010dna kolesa, naprej ali za delo. Njegovo osnovno na\u010delo delovanja je uporaba na\u010dela elektromagnetne indukcije za ustvarjanje vrtilnega navora, nato pa zmanj\u0161anje hitrosti prek notranje reduktorske naprave za pogon zunanjih koles ali verig. Strukturno je potovalni motor obi\u010dajno sestavljen iz hitrega hidravli\u010dnega motorja, zavore, planetarnega reduktorja, skupine ventilov itd. in ima zasnovo sto\u017e\u010dastih valj\u010dnih le\u017eajev z visoko nosilnostjo, ki prena\u0161ajo aksialne in radialne sile, ki jih med delovanjem in obra\u010danjem ustvarja bager.<br \/>\nNa\u0161a izku\u0161ena prodajna ekipa ima na dosegu roke bogato znanje in izku\u0161nje o kon\u010dnih pogonih za potovanja, zato lahko hitro in stro\u0161kovno u\u010dinkovito izpolnimo va\u0161e zahteve glede potovalnih motorjev.<\/p>\n<p><strong>\u00a0Podprte znamke<\/strong><br \/>\nTrenutno lahko zagotovimo potovalne motorje za \u0161irok izbor bagrov, ki jih proizvajajo podjetja, kot so Komatsu, Caterpillar, Volvo, Case, Doosan, Sumitomo, Hyundai, Kobelco, JCB, Liugong, Sany, XCMG in Hitachi.<\/p>\n<h4>Sorodni Case Excavator Travel Motor Assy<\/h4>\n<figure class=\"wp-block-table is-style-stripes has-small-font-size\">\n<table class=\"has-cyan-bluish-gray-background-color has-background\" style=\"height: 675px;\" width=\"807\">\n<tbody>\n<tr>\n<td width=\"413\">LJ015920 KLA10710 CX130B<\/td>\n<td width=\"357\">\u00a0KSA10220 LJ013790 LN001600 CX370B<\/td>\n<\/tr>\n<tr>\n<td width=\"413\">\u00a0LJ015920 CX135SR<\/td>\n<td width=\"357\">\u00a0KSA10222 LJ018710 LN002190 CX350B<\/td>\n<\/tr>\n<tr>\n<td width=\"413\">\u00a0LJ013420 KNA10460 LJ013420 164693A1 CX130<\/td>\n<td width=\"357\">KSA10221 LJ013790 LN001600 CX350B<\/td>\n<\/tr>\n<tr>\n<td width=\"413\">\u00a0KWA0018 CX700<\/td>\n<td width=\"357\">\u00a0KSA10220 LJ013790 LN001600 CX350B<\/td>\n<\/tr>\n<tr>\n<td width=\"413\">\u00a0KWA0017 KWA0019 KWA0018 CX700B<\/td>\n<td width=\"357\">\u00a0KRA1860 KRA10120 CX180<\/td>\n<\/tr>\n<tr>\n<td width=\"413\">\u00a0KWA0017 KWA0019 CX750D<\/td>\n<td width=\"357\">KSA10220 KSA10221 KSA10222 CX330<\/td>\n<\/tr>\n<tr>\n<td width=\"413\">\u00a0KUA10590 KUA10580 CX800 CX800B<\/td>\n<td width=\"357\">\u00a0KBA14710 CX250D<\/td>\n<\/tr>\n<tr>\n<td width=\"413\">\u00a0KTA1070 LN00102 LJ00993 CX460<\/td>\n<td width=\"357\">\u00a0KRA15450 KRA14000 KRA10150 CX210B CX220B<\/td>\n<\/tr>\n<tr>\n<td width=\"413\">\u00a0KTA10192 LN003780 CX490C CX500C<\/td>\n<td width=\"357\">KBA14710 CX230D CX240C CX260C CX290D<\/td>\n<\/tr>\n<tr>\n<td width=\"413\">\u00a0KTA10192 LN001990 LJ018720 CX470C<\/td>\n<td width=\"357\">\u00a0KBA13690 CX235C<\/td>\n<\/tr>\n<tr>\n<td width=\"413\">\u00a0KTA10192 KTA10192 CX490D CX500D<\/td>\n<td width=\"357\">\u00a0KBA1319 LN00092 KBA1312 LN00133 CX290<\/td>\n<\/tr>\n<tr>\n<td width=\"413\">\u00a0KTA10192 LN001990 LJ018720 CX470B<\/td>\n<td width=\"357\">\u00a0KBA12640 KBA13690 CX250C<\/td>\n<\/tr>\n<tr>\n<td width=\"413\">\u00a0KTA10191 LN001990 LJ015030 CX470B<\/td>\n<td width=\"357\">\u00a0KBA10750 LJ014910 LN001980 CX300B<\/td>\n<\/tr>\n<tr>\n<td width=\"413\">\u00a0KTA10190 LN001990 LJ015030 CX470B<\/td>\n<td width=\"357\">\u00a0KBA10750 LJ014910 LN001980 CX290B<\/td>\n<\/tr>\n<tr>\n<td width=\"413\">\u00a0KSA15860 LJ018770 CX300C<\/td>\n<td width=\"357\">\u00a0KBA10290 KBA12640 CX230B CX240B<\/td>\n<\/tr>\n<tr>\n<td width=\"413\">\u00a0KSA14090 CX350D CX370D<\/td>\n<td width=\"357\">KBA10060 LN001410 CX230<\/td>\n<\/tr>\n<tr>\n<td width=\"413\">\u00a0KSA13050 CX380C LN002190 LJ018710 CX350C<\/td>\n<td width=\"357\">\u00a0KBA10060 KBA1024 CX225SR<\/td>\n<\/tr>\n<tr>\n<td width=\"413\">\u00a0KSA1298 KSA1288 CX350<\/td>\n<td width=\"357\">\u00a0KBA10060 CX240<\/td>\n<\/tr>\n<tr>\n<td width=\"413\">\u00a0KSA10222 LJ018710 CX370C<\/td>\n<td width=\"357\">\u00a0KAA1132 LN00106 CX80<\/td>\n<\/tr>\n<tr>\n<td width=\"413\">\u00a0LJ013790 LN001600 CX360B<\/td>\n<td width=\"357\">\u00a0KAA10310 CX75C<\/td>\n<\/tr>\n<tr>\n<td width=\"413\">\u00a0KSA10221 LJ013790 LN001600 KSC10070 CX370B<\/td>\n<td width=\"357\">47813966 KRA16480 CX180D LC<\/td>\n<\/tr>\n<tr>\n<td width=\"413\">\u00a047875247 CX160D LC<\/td>\n<td width=\"357\">47789945 CX300D 47757461 CX240D<\/td>\n<\/tr>\n<\/tbody>\n<\/table>\n<table width=\"601\">\n<tbody>\n<tr>\n<td width=\"601\">\u00a0CX80: LN017130 LJ01025 LN002390 LN00106<\/td>\n<\/tr>\n<tr>\n<td>Primer CX75: KAA10310, KAA1132, LN017130, LJ01025.<\/td>\n<\/tr>\n<tr>\n<td>Case CX60: goseni\u010dni pogon 31M8-40040CG.<\/td>\n<\/tr>\n<tr>\n<td>Case CX39: goseni\u010dni pogon 72280157.<\/td>\n<\/tr>\n<tr>\n<td>\u00a0Case CX36: pogon gosenic PX15V00020F2<\/td>\n<\/tr>\n<tr>\n<td>Case CX350: kon\u010dni pogon KSA10220, KSA1298<\/td>\n<\/tr>\n<tr>\n<td>\u00a0Case CX35: 47043513, potovalni motor 47046013<\/td>\n<\/tr>\n<tr>\n<td>\u00a0CX330: KSA10220, KSA1101, KSA1298, KSA1322<\/td>\n<\/tr>\n<tr>\n<td>Case CX290: kon\u010dni pogon KBA1137, KBA10750.<\/td>\n<\/tr>\n<tr>\n<td>Case CX28: goseni\u010dni pogon 47043512<\/td>\n<\/tr>\n<tr>\n<td>Case CX27: PM15V00021F1, 72281630<\/td>\n<\/tr>\n<tr>\n<td>Primer CX25: PV15V00018F1<\/td>\n<\/tr>\n<tr>\n<td>Case CX240: kon\u010dni pogon KBA10290, KBA1024, KRA10120<\/td>\n<\/tr>\n<tr>\n<td>\u00a0Case CX23: pogon gosenic PM15V00009F1<\/td>\n<\/tr>\n<tr>\n<td>Case CX225SR: KBA1024, KBA1318, KRA12910, KBA10060.<\/td>\n<\/tr>\n<tr>\n<td>Case CX22: goseni\u010dni pogon 72282278<\/td>\n<\/tr>\n<tr>\n<td width=\"601\">\u00a0CX210B, CX210C-LR, CaseCX 210C-LC, Case CX210C-NLC.<\/td>\n<\/tr>\n<tr>\n<td width=\"601\">Case CX180 KRA1860, CX180C: KRA15450.CX180B: fKRA12910<\/td>\n<\/tr>\n<tr>\n<td>Case CX17: kon\u010dni pogon PU15V00018F1, PU15V00021F1<\/td>\n<\/tr>\n<tr>\n<td>Case CX18: goseni\u010dni pogon 72271598<\/td>\n<\/tr>\n<tr>\n<td width=\"601\">Case CX160: goseni\u010dni pogon KLA0156, KLA10030, KLA10710,<br \/>\nCase CX160B: kon\u010dni pogon, goseni\u010dni pogon LN00083, LN002060<\/td>\n<\/tr>\n<tr>\n<td>Case CX15: kon\u010dni pogon, goseni\u010dni pogon 72271598, 87595370.<\/td>\n<\/tr>\n<tr>\n<td>Case CX16: kon\u010dni pogon, goseni\u010dni pogon 47043305, 72271598.<\/td>\n<\/tr>\n<tr>\n<td>\u00a0Case CX135SR: KNA10520 LJ015920, goseni\u010dni pogon LN0002260<\/td>\n<\/tr>\n<tr>\n<td width=\"601\">\u00a0CX130:169351A1, KNA10460, LJ013420, LN00072, 164693A1<\/td>\n<\/tr>\n<tr>\n<td>Case CK50: goseni\u010dni pogon 6867761290, 6867113300<\/td>\n<\/tr>\n<tr>\n<td>Case CK52: kon\u010dni pogon, goseni\u010dni pogon 200166A1<\/td>\n<\/tr>\n<tr>\n<td>Case CK38: goseni\u010dni pogon 200107A1.<\/td>\n<\/tr>\n<tr>\n<td>Case CK36: kon\u010dni pogon, goseni\u010dni pogon 6865761290.<\/td>\n<\/tr>\n<tr>\n<td>Primer 1188: pogon gosenic J2948562<\/td>\n<\/tr>\n<tr>\n<td>Case 9020: goseni\u010dni pogon 161303A1, KLA0134<\/td>\n<\/tr>\n<tr>\n<td>Primer CK13: 6815761290, 6971561290, 6971561292<\/td>\n<\/tr>\n<tr>\n<td>Primer CK15: 6815761290, 6971561290, 6971561292<\/td>\n<\/tr>\n<tr>\n<td>Case CK32: goseni\u010dni pogon 200035A1<\/td>\n<\/tr>\n<tr>\n<td>Case CK28: kon\u010dni pogon, goseni\u010dni pogon 6831161390<\/td>\n<\/tr>\n<tr>\n<td>\u00a0Primer CX460 KTA10190 LJ015030<\/td>\n<\/tr>\n<tr>\n<td>\u00a0Case CX130B: KNA10520, LJ015920 LN0002260.<\/td>\n<\/tr>\n<tr>\n<td>Case CX210 KRA1426, KRA10150, KRA15450, KRA12900, KRA10120<\/td>\n<\/tr>\n<\/tbody>\n<\/table>\n<\/figure>\n<h4><strong>\u00a0Motor in menjalnik Na voljo Model:<\/strong><\/h4>\n<figure class=\"wp-block-table is-style-stripes has-small-font-size\">1188 CK 1188 LC 1288CK 1288NLC 15 16 23 28 31 35 588 688 688B 688B CK 788CK 788LC 788LLC 888 888 Amfibija 888B CK 888B CKE 888B CKL 9007 9007B 9010 9010B 9013 9020 9020B 9021 9030 9030B 9040 9040B 988 CK C15 CK13 CK15 CK25 CK28 CK32 CK36 CK38 CK50 CK52 CX130 CX130B CX130C CX135SR CX14 CX145C SR CX15 CX15B CX16 CX16B CX17B CX180 CX180B CX18B CX20B CX210 CX210B CX210BLR CX210BNLC CX210LR CX210N CX225SR CX22B CX23 CX230 CX230B CX235C SR CX240 CX240B CX240BLR CX240LC CX240LR CX240NLC CX25 CX250C LR CX26B CX27B CX28 CX290 CX290B CX300C CX30B CX31 CX31B CX330 CX35 CX350 CX350B CX36 CX36B CX40B CX45B CX47 CX50 CX50B CX55B CX75C SR CX75SR CX80 CX80C TR320 420CT 440CT 445CT 450CT TR270 TV380 9030B TK CX250C CX330B CX350C CX370C<\/figure>\n<div id=\"attachment_2045\" style=\"width: 425px\" class=\"wp-caption alignnone\"><img decoding=\"async\" aria-describedby=\"caption-attachment-2045\" class=\"wp-image-2045\" src=\"https:\/\/swingbearing.net\/wp-content\/uploads\/2024\/03\/\u884c\u8d70_01-300x99.jpg\" alt=\"potovalni motor\" width=\"415\" height=\"137\" srcset=\"https:\/\/swingbearing.net\/wp-content\/uploads\/2024\/03\/\u884c\u8d70_01-300x99.jpg 300w, https:\/\/swingbearing.net\/wp-content\/uploads\/2024\/03\/\u884c\u8d70_01-18x6.jpg 18w, https:\/\/swingbearing.net\/wp-content\/uploads\/2024\/03\/\u884c\u8d70_01-600x199.jpg 600w, https:\/\/swingbearing.net\/wp-content\/uploads\/2024\/03\/\u884c\u8d70_01.jpg 749w\" sizes=\"(max-width: 415px) 100vw, 415px\" \/><p id=\"caption-attachment-2045\" class=\"wp-caption-text\"><a href=\"https:\/\/swingbearing.net\/sl\/travel-reducer\/\">motor za hojo<\/a><\/p><\/div>\n<div id=\"attachment_2046\" style=\"width: 445px\" class=\"wp-caption alignnone\"><img decoding=\"async\" aria-describedby=\"caption-attachment-2046\" class=\"wp-image-2046\" src=\"https:\/\/swingbearing.net\/wp-content\/uploads\/2024\/03\/\u884c\u8d70_03-300x100.jpg\" alt=\"potovalni motor\" width=\"435\" height=\"145\" srcset=\"https:\/\/swingbearing.net\/wp-content\/uploads\/2024\/03\/\u884c\u8d70_03-300x100.jpg 300w, https:\/\/swingbearing.net\/wp-content\/uploads\/2024\/03\/\u884c\u8d70_03-18x6.jpg 18w, https:\/\/swingbearing.net\/wp-content\/uploads\/2024\/03\/\u884c\u8d70_03-600x201.jpg 600w, https:\/\/swingbearing.net\/wp-content\/uploads\/2024\/03\/\u884c\u8d70_03.jpg 750w\" sizes=\"(max-width: 435px) 100vw, 435px\" \/><p id=\"caption-attachment-2046\" class=\"wp-caption-text\"><a href=\"https:\/\/swingbearing.net\/sl\/hydraulic-motor\/\">potovalni kon\u010dni pogon<\/a><\/p><\/div>\n<div id=\"attachment_2047\" style=\"width: 450px\" class=\"wp-caption alignnone\"><img decoding=\"async\" aria-describedby=\"caption-attachment-2047\" class=\"wp-image-2047\" src=\"https:\/\/swingbearing.net\/wp-content\/uploads\/2024\/03\/\u884c\u8d70_04-300x101.jpg\" alt=\"Zmanj\u0161anje \u0161tevila potovanj\" width=\"440\" height=\"148\" srcset=\"https:\/\/swingbearing.net\/wp-content\/uploads\/2024\/03\/\u884c\u8d70_04-300x101.jpg 300w, https:\/\/swingbearing.net\/wp-content\/uploads\/2024\/03\/\u884c\u8d70_04-18x6.jpg 18w, https:\/\/swingbearing.net\/wp-content\/uploads\/2024\/03\/\u884c\u8d70_04-600x202.jpg 600w, https:\/\/swingbearing.net\/wp-content\/uploads\/2024\/03\/\u884c\u8d70_04.jpg 750w\" sizes=\"(max-width: 440px) 100vw, 440px\" \/><p id=\"caption-attachment-2047\" class=\"wp-caption-text\"><a href=\"https:\/\/swingbearing.net\/sl\/swing-bearing\/\">Zmanj\u0161anje \u0161tevila potovanj<\/a><\/p><\/div>","protected":false},"excerpt":{"rendered":"<h5 class=\"ct-headline\">Kategorije: Case Potovalni motor Hidravli\u010dni motor Kon\u010dni pogon<br \/>\nModel: Cx160<br \/>\n\u0160t. dela: Kla0156 Kla10030,Kla10710<\/h5>","protected":false},"featured_media":2055,"template":"","meta":[],"product_brand":[],"product_cat":[26],"product_tag":[],"class_list":{"0":"post-2069","1":"product","2":"type-product","3":"status-publish","4":"has-post-thumbnail","6":"product_cat-hydraulic-motors","8":"first","9":"instock","10":"shipping-taxable","11":"product-type-simple"},"_links":{"self":[{"href":"https:\/\/swingbearing.net\/sl\/wp-json\/wp\/v2\/product\/2069","targetHints":{"allow":["GET"]}}],"collection":[{"href":"https:\/\/swingbearing.net\/sl\/wp-json\/wp\/v2\/product"}],"about":[{"href":"https:\/\/swingbearing.net\/sl\/wp-json\/wp\/v2\/types\/product"}],"wp:featuredmedia":[{"embeddable":true,"href":"https:\/\/swingbearing.net\/sl\/wp-json\/wp\/v2\/media\/2055"}],"wp:attachment":[{"href":"https:\/\/swingbearing.net\/sl\/wp-json\/wp\/v2\/media?parent=2069"}],"wp:term":[{"taxonomy":"product_brand","embeddable":true,"href":"https:\/\/swingbearing.net\/sl\/wp-json\/wp\/v2\/product_brand?post=2069"},{"taxonomy":"product_cat","embeddable":true,"href":"https:\/\/swingbearing.net\/sl\/wp-json\/wp\/v2\/product_cat?post=2069"},{"taxonomy":"product_tag","embeddable":true,"href":"https:\/\/swingbearing.net\/sl\/wp-json\/wp\/v2\/product_tag?post=2069"}],"curies":[{"name":"wp","href":"https:\/\/api.w.org\/{rel}","templated":true}]}}