{"id":2040,"date":"2024-03-07T07:17:31","date_gmt":"2024-03-07T07:17:31","guid":{"rendered":"https:\/\/swingbearing.net\/?post_type=product&#038;p=2040"},"modified":"2024-03-08T03:34:51","modified_gmt":"2024-03-08T03:34:51","slug":"travel-motor-sy305","status":"publish","type":"product","link":"https:\/\/swingbearing.net\/sl\/product\/travel-motor-sy305\/","title":{"rendered":"Hidravli\u010dni potovalni motor Sany MAG-1700VP-5000 Sany305"},"content":{"rendered":"<h4>We can provide an extensive range of\u00a0 travel\u00a0 motors\/walking motor \/ swing reduction gearboxes for excavators.<\/h4>\n<p>A travel motor is a mechanical device mainly used to drive electric devices such as robots, scooters, and electric bicycles forward or work. Its basic working principle is to use the principle of electromagnetic induction to generate rotational torque, and then reduce the speed through the internal gear reduction device to drive the external wheels or chains to move. Structurally, the travel\u00a0 motor is usually composed of a high-speed hydraulic motor, brake, planetary reducer, valve group, etc., and adopts a high load-bearing tapered roller bearing design to bear the axial and radial forces generated by the excavator during operation and turning<\/p>\n<p><strong>Travel Motor\u00a0Supported\u00a0 Makes<\/strong><br \/>\nTrenutno lahko zagotovimo potovalne motorje za \u0161irok izbor bagrov, ki jih proizvajajo podjetja, kot so Komatsu, Caterpillar, Volvo, Case, Doosan, Sumitomo, Hyundai, Kobelco, JCB, Liugong, Sany, XCMG in Hitachi.<\/p>\n<h4>Related Sany Excavator Travel Motor\u00a0 Assy<\/h4>\n<figure class=\"wp-block-table is-style-stripes has-small-font-size\">\n<table style=\"height: 410px;\" width=\"607\">\n<tbody>\n<tr>\n<td width=\"236\">GM85<\/td>\n<td width=\"273\">MAG-1700VP-5000<\/td>\n<\/tr>\n<tr>\n<td width=\"236\">\u00a0Sany 335<\/td>\n<td width=\"273\">MAG-18000VP-6000<\/td>\n<\/tr>\n<tr>\n<td width=\"236\">Sany\u00a0JS200\u00a0 332\/K1192<\/td>\n<td width=\"273\">MAG-170V9-G-GT40D43B B0240-93111<\/td>\n<\/tr>\n<tr>\n<td width=\"236\">\u00a0Sany 335<\/td>\n<td width=\"273\">MAG-18000VP-6000<\/td>\n<\/tr>\n<tr>\n<td>SANY258<\/td>\n<td>SANY258<\/td>\n<\/tr>\n<tr>\n<td width=\"236\">\u00a0Sany305<\/td>\n<td width=\"273\">MAG-1700VP-5000<\/td>\n<\/tr>\n<tr>\n<td width=\"236\">\u00a0Sany 335<\/td>\n<td width=\"273\">MAG-18000VP-6000<\/td>\n<\/tr>\n<tr>\n<td width=\"236\">Sany\u00a0JS200<\/td>\n<td width=\"273\">MAG-170V9-G-GT40D43B<\/td>\n<\/tr>\n<tr>\n<td width=\"236\">\u00a0 any 335<\/td>\n<td width=\"273\">MAG-18000VP-6000<\/td>\n<\/tr>\n<tr>\n<td width=\"236\">SANY\u00a0Sy385 Sy335 Sk350<\/td>\n<td width=\"273\">Msf-180vp-G-1<\/td>\n<\/tr>\n<tr>\n<td width=\"236\">Liugong 925D SANY SY215 SK200-8<\/td>\n<td width=\"273\">MAG170VP-3800G-10<\/td>\n<\/tr>\n<tr>\n<td>\u00a0SK460 SY485<\/td>\n<td>GM85<\/td>\n<\/tr>\n<\/tbody>\n<\/table>\n<\/figure>\n<h4><strong>\u00a0Motor in menjalnik Na voljo Model:<\/strong><\/h4>\n<figure class=\"wp-block-table is-style-stripes has-small-font-size\">SANY\u00a0 SY135C \u00a0\u00a0SY230C \u00a0SY55, SY60, SY65, SY70, SY75, SY85, SY95, SY115, SY135, SY155, SY195, SY200, SY205, SY215, SY220, SY225, SY235, SY245, SY285, SY305, SY335, SY365, SY375, SY395, SY415, and SY485 excavator models.<\/figure>\n<figure class=\"wp-block-table is-style-stripes has-small-font-size\">Na\u0161a izku\u0161ena prodajna ekipa ima na dosegu roke bogato znanje in izku\u0161nje o kon\u010dnih pogonih za potovanja, zato lahko hitro in stro\u0161kovno u\u010dinkovito izpolnimo va\u0161e zahteve glede potovalnih motorjev.<\/figure>","protected":false},"excerpt":{"rendered":"<h5 class=\"ct-headline\">Categories: Sany Travel\u00a0 Motor, Swing Gearbox ,Swing Reducer,<br \/>\nModel: Sany305<br \/>\nPart No.:MAG-1700VP-5000<\/h5>","protected":false},"featured_media":1600,"template":"","meta":[],"product_brand":[],"product_cat":[26],"product_tag":[],"class_list":{"0":"post-2040","1":"product","2":"type-product","3":"status-publish","4":"has-post-thumbnail","6":"product_cat-hydraulic-motors","8":"first","9":"instock","10":"shipping-taxable","11":"product-type-simple"},"_links":{"self":[{"href":"https:\/\/swingbearing.net\/sl\/wp-json\/wp\/v2\/product\/2040","targetHints":{"allow":["GET"]}}],"collection":[{"href":"https:\/\/swingbearing.net\/sl\/wp-json\/wp\/v2\/product"}],"about":[{"href":"https:\/\/swingbearing.net\/sl\/wp-json\/wp\/v2\/types\/product"}],"wp:featuredmedia":[{"embeddable":true,"href":"https:\/\/swingbearing.net\/sl\/wp-json\/wp\/v2\/media\/1600"}],"wp:attachment":[{"href":"https:\/\/swingbearing.net\/sl\/wp-json\/wp\/v2\/media?parent=2040"}],"wp:term":[{"taxonomy":"product_brand","embeddable":true,"href":"https:\/\/swingbearing.net\/sl\/wp-json\/wp\/v2\/product_brand?post=2040"},{"taxonomy":"product_cat","embeddable":true,"href":"https:\/\/swingbearing.net\/sl\/wp-json\/wp\/v2\/product_cat?post=2040"},{"taxonomy":"product_tag","embeddable":true,"href":"https:\/\/swingbearing.net\/sl\/wp-json\/wp\/v2\/product_tag?post=2040"}],"curies":[{"name":"wp","href":"https:\/\/api.w.org\/{rel}","templated":true}]}}