{"id":1890,"date":"2024-03-04T03:55:43","date_gmt":"2024-03-04T03:55:43","guid":{"rendered":"https:\/\/swingbearing.net\/?post_type=product&#038;p=1890"},"modified":"2024-03-05T04:06:23","modified_gmt":"2024-03-05T04:06:23","slug":"swing-motor-r520lc","status":"publish","type":"product","link":"https:\/\/swingbearing.net\/sl\/product\/swing-motor-r520lc\/","title":{"rendered":"R520LC-9S nihajni motor 31QB-18160 38QB-11101 R480LC-9 R300LC-9S 31q810030"},"content":{"rendered":"<h4>Ponujamo \u0161iroko paleto nihajnih motorjev\/reduktorjev nihanja\/reduktorjev z redukcijo nihanja za bagre.<\/h4>\n<p>Vrtljivi motorji (v\u010dasih imenovani tudi rotacijski reduktorji) s pomo\u010djo hidravli\u010dnega olja zagotavljajo mo\u010dno vrtilno silo bagra.<br \/>\nin so natan\u010dno izdelani za zagotavljanje nemotenega delovanja in u\u010dinkovitosti.<\/p>\n<h4>Podprte znamke<\/h4>\n<p>Trenutno lahko zagotovimo nihajne motorje za \u0161irok izbor bagrov, ki jih proizvajajo podjetja, kot so Komatsu, Caterpillar, Volvo, Case, Doosan, Sumitomo, Hyundai, Kobelco, JCB, Liugong, Sany, XCMG in Hitachi.<\/p>\n<h4>Povezani Hyundai Excavator Swing Motor Assy<\/h4>\n<figure class=\"wp-block-table is-style-stripes has-small-font-size\">\n<table class=\"has-cyan-bluish-gray-background-color has-background\">\n<tbody>\n<tr>\n<td width=\"414\">\u00a0Hyundai 31q6-10140 31q6-10140<\/td>\n<td width=\"427\">31EL12060 31N610160 R180-7<\/td>\n<\/tr>\n<tr>\n<td width=\"414\">31N7-10160 31EN-10070 31EN-10071 31N710160 31EN10070 31EN10071 R250-7A<\/td>\n<td width=\"427\">\u00a0R300LC-9S 31q810030<\/td>\n<\/tr>\n<tr>\n<td width=\"414\">31N7-10170 31N7-10171 31N710170 31N710171 R250-7A<\/td>\n<td width=\"427\">\u00a0R290LC7 R290LC7A 31n8-12010<\/td>\n<\/tr>\n<tr>\n<td width=\"414\">\u00a031N8-10122 31N8-12010 31E9-01052 31N810122 31N812010 31E901052 R290-7H<\/td>\n<td width=\"427\">\u00a031E9-01052 31N8-10180 31N8-10181 31E901052 31N810180 31N810181 R305-7<\/td>\n<\/tr>\n<tr>\n<td width=\"414\">\u00a031Q7-10150 31Q7-10130 31EN-10071 31Q710150 31Q710130 31EN10071 R250-9<\/td>\n<td width=\"427\">31N8-10191 31N8-12020 31N810191 31N812020 R305-7<\/td>\n<\/tr>\n<tr>\n<td width=\"414\">\u00a031EG-10030 37T2C027N1011 630010D12 31EG10030 R160-3<\/td>\n<td width=\"427\">31N8-12010 31N8-10190 31N812010 31N810190 R305-7<\/td>\n<\/tr>\n<tr>\n<td width=\"414\">\u00a031EL-12060 31N6-10160 31EL12060 31N610160 R170W-7<\/td>\n<td width=\"427\">\u00a031N8-10122 31N8-10123 31N810122 31N810123 R305-7<\/td>\n<\/tr>\n<tr>\n<td width=\"414\">31N6-10160 31N6-10180 31N610160 R170W-7A R160-7 R160-7A<\/td>\n<td width=\"427\">31E9-01051 31E9-01052 31N8-10180 31E901051 31E901052 31N810180 R290-7<\/td>\n<\/tr>\n<tr>\n<td width=\"414\">\u00a031EL-12060 31N6-10160 R170W-7A R160-7 R160-7A R180-7 R180-7A<\/td>\n<td width=\"427\">31N8-12010 31E9-01050 31N812010 31E901050 R290-7<\/td>\n<\/tr>\n<tr>\n<td width=\"414\">\u00a031M8-10130 31M8-10140 31M810130 31M810140 R55-7 R55-7A R55W-7 R55W-7A<\/td>\n<td width=\"427\">\u00a031N8-10122 31N8-10123 31N810122 31N810123 R290-7<\/td>\n<\/tr>\n<tr>\n<td width=\"414\">31M9-10150 31M9-10130 31M8-10140 31M910150 31M910130 31M810140 R55-9 R55W-9<\/td>\n<td width=\"427\">\u00a031N8-10120 31N8-10121 31N810120 31N810121 R290-7<\/td>\n<\/tr>\n<tr>\n<td width=\"414\">\u00a031MH-11130 31MH11130 R35Z-7 R35Z-7A R35Z-9<\/td>\n<td width=\"427\">\u00a031N8-10130 31N8-10140 31N810130 31N810140 R290-7<\/td>\n<\/tr>\n<tr>\n<td width=\"414\">31N1-10150 31N1-10130 31N1-10140 31N110150 31N110130 31N110140 R80-7 R80-7A<\/td>\n<td width=\"427\">\u00a031N9-10152 31N9-10180 31N9-10181 31N910152 31N910180 31N910181 R320-7<\/td>\n<\/tr>\n<tr>\n<td width=\"414\">31E6-12030 31N4-10140 31N4-10141 31E612030 31N410140 31N410141 R140-7 R140W-7<\/td>\n<td width=\"427\">\u00a031N8-12020 31N9-10151 31N812020 31N910151 R320-7<\/td>\n<\/tr>\n<tr>\n<td width=\"414\">31N3-10220 31N4-10130 31N310220 31N410130 R140-7 R140W-7<\/td>\n<td width=\"427\">31N9-10190 31N9-10191 31N910190 31N910191 R320-7<\/td>\n<\/tr>\n<tr>\n<td width=\"414\">\u00a031N4-10130 31N4-10141 31N410130 31N410141 R140-7A R140W-7A<\/td>\n<td width=\"427\">\u00a031N9-10133 31N8-12010 31N910133 31N812010 R320-7<\/td>\n<\/tr>\n<tr>\n<td width=\"414\">31N4-10140 31N4-10141 31N410140 31N410141 R110-7 R110-7A<\/td>\n<td width=\"427\">31N9-10131 31N9-10132 31N910131 31N910132 R320-7<\/td>\n<\/tr>\n<tr>\n<td width=\"414\">\u00a031N4-10151 31N4-10130 31N410151 31N410130 R110-7 R110-7A<\/td>\n<td width=\"427\">31N9-10152 31N9-10180 31N9-10181 31N910152 31N910180 31N910181 R320-7A<\/td>\n<\/tr>\n<tr>\n<td width=\"414\">\u00a031N6-10150 31N6-10180 31N610150 31N610180 R200W-7<\/td>\n<td width=\"427\">\u00a031N8-12020 31N9-10151 31N812020 31N910151 R320-7A<\/td>\n<\/tr>\n<tr>\n<td width=\"414\">31N6-10130 31N6-10140 31N610130 31N610140 R200W-7<\/td>\n<td width=\"427\">\u00a0XJDB-00162 31NA-10150 XJDB00162 31NA10150 R360-7<\/td>\n<\/tr>\n<tr>\n<td width=\"414\">31N6-15110 31N6-10150 31N615110 31N610150 R200W-7A<\/td>\n<td width=\"427\">\u00a031NA-10160 31NA-10150 31NA-10151 31NA10160 31NA10150 31NA10151 R360-7A<\/td>\n<\/tr>\n<tr>\n<td width=\"414\">\u00a031N6-10130 31N6-10140 31N610130 31N610140 R200W-7A<\/td>\n<td width=\"427\">31ND-11140 31ND-13140 31ND11140 31ND13140 R800-7A<\/td>\n<\/tr>\n<tr>\n<td width=\"414\">31N6-10170 1N6-10210 31N6-10180 31N610170 1N610210 31N610180 R210-7H<\/td>\n<td width=\"427\">31NA-10160 31ND-13130 31NA10160 31ND13130 R800-7A<\/td>\n<\/tr>\n<tr>\n<td width=\"414\">\u00a031N6-10170 31N6-10210 31N6-10180 31N610170 31N610210 31N610180 R220-7 R220-7H<\/td>\n<td width=\"427\">\u00a031NA-10151 XJDB-00162 31NA10151 XJDB00162 R370-7<\/td>\n<\/tr>\n<tr>\n<td width=\"414\">\u00a031N6-10210 31N6-10180 31N610210 31N610180 R210-7A<\/td>\n<td width=\"427\">XJDB-00357 31NB-11150 31QB-10140 XJDB00357 31NB11150 31QB10140 R450-7<\/td>\n<\/tr>\n<tr>\n<td width=\"414\">\u00a031N6-10150 31N6-10170 31N610150 31N610170 R210-7<\/td>\n<td width=\"427\">\u00a031QB-10150 31QB-10130 31QB10150 31QB10130 R450-7<\/td>\n<\/tr>\n<tr>\n<td width=\"414\">\u00a031N6-10110 31N6-19110 31N610110 31N619110 R210-7<\/td>\n<td width=\"427\">31NB-11160 31NB-11140 31NB11160 31NB11140 R450-7<\/td>\n<\/tr>\n<tr>\n<td width=\"414\">\u00a031N6-10110 31N6-19110 31N610110 31N619110 R210-7<\/td>\n<td width=\"427\">31NB-11130 XJDB-00356 R450-7<\/td>\n<\/tr>\n<tr>\n<td width=\"414\">\u00a031N6-10210 31N6-10180 31N610210 31N610180 R210-7<\/td>\n<td width=\"427\">31NB-11161 31NB-11141 31NB11161 31NB11141 R450-7A<\/td>\n<\/tr>\n<tr>\n<td width=\"414\">\u00a031N7-10160 31EN-10070 31EN-10071 31N710160 31EN10070 31EN10071 R250-7<\/td>\n<td width=\"427\">\u00a031NB-11160 31NB-11140 31NB11160 31NB11140 R450-7A<\/td>\n<\/tr>\n<tr>\n<td width=\"414\">31N7-10170 31N7-10171 31N710170 31N710171 R250-7A<\/td>\n<td width=\"427\">31NB-11150 31QB-10140 31NB11150 31QB10140 R500-7A<\/td>\n<\/tr>\n<tr>\n<td width=\"414\">\u00a031N7-10150 31N7-10130 31N710150 31N710130 R250-7<\/td>\n<td width=\"427\">31QB-10150 31QB-10130 31QB10150 31QB10130 R500-7A<\/td>\n<\/tr>\n<tr>\n<td width=\"414\">\u00a031E9-01052 31N8-10180 31N8-10181 31E901052 31N810180 31N810181 R290-7A<\/td>\n<td width=\"427\">\u00a031NB-11161 31NB-11141 31NB11161 31NB11141 R500-7A<\/td>\n<\/tr>\n<tr>\n<td width=\"414\">\u00a031N8-10191 31N8-12020 31N810191 31N812020 R290-7A<\/td>\n<td width=\"427\">31NB-11150 31QB-10140 31NB11150 31QB10140 R500-7<\/td>\n<\/tr>\n<tr>\n<td width=\"414\">31N8-12010 31N8-10190 31N812010 31N810190 R290-7A<\/td>\n<td width=\"427\">\u00a031QB-10150 31QB-10170 31QB10150 31QB10170 R500-7<\/td>\n<\/tr>\n<tr>\n<td width=\"414\">\u00a031N8-10122 31N8-10123 31N810122 31N810123 R290-7A<\/td>\n<td width=\"427\">\u00a031Q4-11130 31Q4-11140 31Q411130 31Q411140 R140-9 R145CR-9 R140W-9<\/td>\n<\/tr>\n<tr>\n<td width=\"414\">\u00a031N8-12020 31E9-01052 31N8-10180 31N812020 31E901052 31N810180 R300-7<\/td>\n<td width=\"427\">\u00a031Q5-10160 31Q6-10140 31Q510160 31Q610140 R160-9 R180-9 R170W-9<\/td>\n<\/tr>\n<tr>\n<td width=\"414\">\u00a031N8-12010 31N8-10190 31N812010 31N810190 R300-7<\/td>\n<td width=\"427\">\u00a031Q6-10120 31Q6-10160 31Q610120 31Q610160 R235R-9<\/td>\n<\/tr>\n<tr>\n<td width=\"414\">31N8-10122 31N8-10123 31N810122 31N810123 R300-7<\/td>\n<td width=\"427\">\u00a031Q6-10130 31Q6-10131 31Q6-10140 31Q610130 31Q610131 31Q610140 R210-9<\/td>\n<\/tr>\n<tr>\n<td width=\"414\">\u00a031QB-10130 31QB-10160 31QB-10140 31QB10130 31QB10160 31QB10140 R480-9 E<\/td>\n<td width=\"427\">31Q6-10131 31Q6-10170 31Q6-10140 31Q610131 31Q610170 31Q610140 R210W-9<\/td>\n<\/tr>\n<tr>\n<td width=\"414\">31QB-10150 31QB-10170 31QB10150 31QB10170 R480-9<\/td>\n<td width=\"427\">31Q8-10130 31Q8-10140 31Q8-10141 31Q810130 31Q810140 31Q810141 R290-9<\/td>\n<\/tr>\n<tr>\n<td width=\"414\">\u00a031QB-10140 34E7-03050 34E7-02490 31QB10140 34E703050 34E702490 R520-9<\/td>\n<td width=\"427\">31Q9-10160 31Q910160 R320-9<\/td>\n<\/tr>\n<tr>\n<td width=\"414\">\u00a031QB-10150 31QB-10170 31QB10150 31QB10170 R520-9<\/td>\n<td width=\"427\">\u00a031QA-10130 31QA-10140 31QA10130 31QA10140 R360-9<\/td>\n<\/tr>\n<\/tbody>\n<\/table>\n<\/figure>\n<h4><strong>Motor in menjalnik Na voljo Model:<\/strong><\/h4>\n<figure class=\"wp-block-table is-style-stripes has-small-font-size\">\n<table class=\"aliDataTable\" style=\"height: 713px;\" width=\"783\">\n<tbody>\n<tr>\n<td>\n<div>\n<div><strong>DOOSAN<\/strong><\/div>\n<\/div>\n<\/td>\n<td colspan=\"3\">\n<div>DH50-7, DH55D, DH60-7, DH80, DH130, DH150, DH150W-9, DH215-5, DH200-5, DH150LC-7, DH215-7, DH220-5, DH220-7, DH220-9, DH220-10, DH225-9, DH258, DH258LC-7, DH280, DH290B, DH300-5, DH300-7, DH320, DH360, DH370, DH500, DX300<\/div>\n<\/td>\n<\/tr>\n<tr>\n<td>\n<div>\n<div><strong>HYUNDAI<\/strong><\/div>\n<\/div>\n<\/td>\n<td colspan=\"3\">\n<div>R60-7, R80, R130, R140, R150-7, R150-9, R1107-7, R160-7, R210, R220, R220-7, R215-7, R220-5, R225-7, R225-9T, R225lc-7, R290, R350-7, R110-9, R215-9, R275LC-9, R305, R305-7, R320, R335-7, R360, R370, R375, R375-7H, R455, R460, R485-7<\/div>\n<\/td>\n<\/tr>\n<tr>\n<td>\n<div>\n<div><strong>VOLVO<\/strong><\/div>\n<\/div>\n<\/td>\n<td colspan=\"3\">\n<div>EC130, EC140B, EC210B, EC210C, EC235C, EC240B, EC290, EC290B, EC290C, EC360B, EC460B, EC460C, EC480D<\/div>\n<\/td>\n<\/tr>\n<tr>\n<td>\n<div>\n<div><strong>CAT<\/strong><\/div>\n<\/div>\n<\/td>\n<td colspan=\"3\">\n<div>E305, E320, E325C, E315C, E330C, E315D, E320D, E325D, E330D, E360D, E70B, E120B, E200B, E320B, E330B<\/div>\n<\/td>\n<\/tr>\n<tr>\n<td>\n<div>\n<div><strong>KOMATSU<\/strong><\/div>\n<\/div>\n<\/td>\n<td colspan=\"3\">\n<div>PC35, PC40, PC45, PC50, PC55, PC60, PC60-6, PC70, PC75, PC78, PC80, PC90, PC100, PC110, PC120, PC120-7, PC130, PC150, PC160, PC180, PC200, PC200-6, PC200-7, PC200-8, PC210-8, PC220-6,PC220-7,PC210, PC220, PC230, PC240,PC240-8, PC270, PC300, PC360,PC360-7, PC350, PC400, PC450, PC650, PC750, PC1250 D31, D50, D65, D85, D155, D275, D375, D475<\/div>\n<\/td>\n<\/tr>\n<tr>\n<td>\n<div>\n<div><strong>HITACHI<\/strong><\/div>\n<\/div>\n<\/td>\n<td colspan=\"3\">\n<div>EX200-2, EX220-2, EX120-5, EX200-5, EX220-5, EX400-5, ZAXIS200-3, ZAXIS210-3, ZAXIS240-3, ZAXIS 270-3, ZAXIS330-3, ZAXIS360-3, ZAXIS110, ZAXIS120, ZX200-6<\/div>\n<\/td>\n<\/tr>\n<tr>\n<td>\n<div>\n<div><strong>KOBELCO\u00a0<\/strong><\/div>\n<\/div>\n<\/td>\n<td colspan=\"3\">\n<div>SK200-3, SK200-5, SK135rs, SK70rs, SK60, SK120-5, SK200-8, SK250-8, SK260-8, SK130-8, SK200-6e, SK210-6e, SK160<\/div>\n<\/td>\n<\/tr>\n<tr>\n<td>\n<div>\n<div><strong>CASE<\/strong><\/div>\n<\/div>\n<\/td>\n<td colspan=\"3\">CX130,CX800 CX800B,CX490C CX500C,CX470B CX470C CX500D,CX350B CX350C CX360B,CX210D LC CX230D,CX180B CX160B,CX240D CX300 CX290D<\/td>\n<\/tr>\n<tr>\n<td>\n<div>\n<div><strong>SUMITOMO<\/strong><\/div>\n<\/div>\n<\/td>\n<td colspan=\"3\">\n<div>SH120A2\/A3, SH130, SH200A2\/A3, SH210A5, SH240A3, SH360A5<\/div>\n<\/td>\n<\/tr>\n<tr>\n<td>\n<div>\n<div><strong>JCB<\/strong><\/div>\n<\/div>\n<\/td>\n<td colspan=\"3\">JS290,JS190, JRC0007 JS220LR JS220 JS180 JS145 JS360<\/td>\n<\/tr>\n<\/tbody>\n<\/table>\n<\/figure>\n<p><img decoding=\"async\" class=\"wp-image-1155\" src=\"https:\/\/swingbearing.net\/wp-content\/uploads\/2023\/11\/111-300x187.jpg\" alt=\"Kon\u010dni pogon bagra\" width=\"850\" height=\"530\" srcset=\"https:\/\/swingbearing.net\/wp-content\/uploads\/2023\/11\/111-300x187.jpg 300w, https:\/\/swingbearing.net\/wp-content\/uploads\/2023\/11\/111-768x479.jpg 768w, https:\/\/swingbearing.net\/wp-content\/uploads\/2023\/11\/111-600x374.jpg 600w, https:\/\/swingbearing.net\/wp-content\/uploads\/2023\/11\/111.jpg 850w\" sizes=\"(max-width: 850px) 100vw, 850px\" \/><\/p>\n<p><img decoding=\"async\" class=\"alignnone wp-image-1156 size-full\" src=\"https:\/\/swingbearing.net\/wp-content\/uploads\/2023\/11\/222.jpg\" alt=\"Kon\u010dni pogon bagra\" width=\"850\" height=\"638\" srcset=\"https:\/\/swingbearing.net\/wp-content\/uploads\/2023\/11\/222.jpg 850w, https:\/\/swingbearing.net\/wp-content\/uploads\/2023\/11\/222-300x225.jpg 300w, https:\/\/swingbearing.net\/wp-content\/uploads\/2023\/11\/222-768x576.jpg 768w, https:\/\/swingbearing.net\/wp-content\/uploads\/2023\/11\/222-600x450.jpg 600w\" sizes=\"(max-width: 850px) 100vw, 850px\" \/><\/p>","protected":false},"excerpt":{"rendered":"<h5 class=\"ct-headline\">Kategorije: Hyundai Swing Motor, Swing Gearbox ,Swing Reducer,<br \/>\nModel: R520LC-9S, R480LC-9<br \/>\n\u0160t. dela:: <span style=\"font-size: 16px;\">31QB-18160, 38QB-11101<\/span><\/h5>\n<div class=\"product attribute overview\">\n<div class=\"value\">\n<p>&nbsp;<\/p>\n<\/div>\n<\/div>","protected":false},"featured_media":1891,"template":"","meta":[],"product_brand":[],"product_cat":[25,26],"product_tag":[],"class_list":{"0":"post-1890","1":"product","2":"type-product","3":"status-publish","4":"has-post-thumbnail","6":"product_cat-slewing-reducers","7":"product_cat-hydraulic-motors","9":"first","10":"instock","11":"shipping-taxable","12":"product-type-simple"},"_links":{"self":[{"href":"https:\/\/swingbearing.net\/sl\/wp-json\/wp\/v2\/product\/1890","targetHints":{"allow":["GET"]}}],"collection":[{"href":"https:\/\/swingbearing.net\/sl\/wp-json\/wp\/v2\/product"}],"about":[{"href":"https:\/\/swingbearing.net\/sl\/wp-json\/wp\/v2\/types\/product"}],"wp:featuredmedia":[{"embeddable":true,"href":"https:\/\/swingbearing.net\/sl\/wp-json\/wp\/v2\/media\/1891"}],"wp:attachment":[{"href":"https:\/\/swingbearing.net\/sl\/wp-json\/wp\/v2\/media?parent=1890"}],"wp:term":[{"taxonomy":"product_brand","embeddable":true,"href":"https:\/\/swingbearing.net\/sl\/wp-json\/wp\/v2\/product_brand?post=1890"},{"taxonomy":"product_cat","embeddable":true,"href":"https:\/\/swingbearing.net\/sl\/wp-json\/wp\/v2\/product_cat?post=1890"},{"taxonomy":"product_tag","embeddable":true,"href":"https:\/\/swingbearing.net\/sl\/wp-json\/wp\/v2\/product_tag?post=1890"}],"curies":[{"name":"wp","href":"https:\/\/api.w.org\/{rel}","templated":true}]}}