{"id":1886,"date":"2024-03-04T03:42:17","date_gmt":"2024-03-04T03:42:17","guid":{"rendered":"https:\/\/swingbearing.net\/?post_type=product&#038;p=1886"},"modified":"2024-03-07T05:10:15","modified_gmt":"2024-03-07T05:10:15","slug":"swing-motor-cx290d","status":"publish","type":"product","link":"https:\/\/swingbearing.net\/sl\/product\/swing-motor-cx290d\/","title":{"rendered":"Case CX290D Swing Motor  KBC10080 KBC10090 KBC10030"},"content":{"rendered":"<h4>Ponujamo \u0161iroko paleto nihajnih motorjev\/reduktorjev nihanja\/reduktorjev z redukcijo nihanja za bagre.<\/h4>\n<p>Vrtljivi motorji (v\u010dasih imenovani tudi rotacijski reduktorji) s pomo\u010djo hidravli\u010dnega olja zagotavljajo mo\u010dno vrtilno silo bagra.<br \/>\nin so natan\u010dno izdelani za zagotavljanje nemotenega delovanja in u\u010dinkovitosti.<\/p>\n<h4>Podprte znamke<\/h4>\n<p>Trenutno lahko zagotovimo nihajne motorje za \u0161irok izbor bagrov, ki jih proizvajajo podjetja, kot so Komatsu, Caterpillar, Volvo, Case, Doosan, Sumitomo, Hyundai, Kobelco, JCB, Liugong, Sany, XCMG in Hitachi.<\/p>\n<h4>Povezani Case Excavator Swing Motor Assy<\/h4>\n<figure class=\"wp-block-table is-style-stripes has-small-font-size\">\n<table class=\"has-cyan-bluish-gray-background-color has-background\">\n<tbody>\n<tr>\n<td width=\"409\">LN001820 KRC10010 KRC10220 LJ014440 CX230B<\/td>\n<td width=\"455\">\u00a0KRC10220 KRC10260 KRC10010 CX210B<\/td>\n<\/tr>\n<tr>\n<td>\u00a0LJ01035 KRC0228 CX225SR<\/td>\n<td>\u00a0KRC0226 LJ01076 LN00111 CX230<\/td>\n<\/tr>\n<tr>\n<td>\u00a0KNC0087 LN00104 CX130<\/td>\n<td width=\"455\">\u00a0LJ01077 KRC0209 KRC0204 CX210<\/td>\n<\/tr>\n<tr>\n<td>\u00a0KWC10010 KUP0048 CX700B<\/td>\n<td width=\"455\">\u00a0KNC10011 CX130B<\/td>\n<\/tr>\n<tr>\n<td>KWC10010 KUC0021 CX750D<\/td>\n<td width=\"455\">KLC10020 LJ014660 LN001970 CX160B<\/td>\n<\/tr>\n<tr>\n<td>\u00a0KWC10010 CX700<\/td>\n<td>\u00a0KLC10020 LJ014660 LN001970 CX180B CX160B<\/td>\n<\/tr>\n<tr>\n<td>\u00a0KUC10010 KUC10020 CX800 CX800B<\/td>\n<td>KLC0024 LJ01138 LN00112 CX180<\/td>\n<\/tr>\n<tr>\n<td>\u00a0KTC0171 KTC10540 CX490C CX500C<\/td>\n<td width=\"455\">\u00a0KLC0020 KRC0185 LJ01138 CX180<\/td>\n<\/tr>\n<tr>\n<td>\u00a0KTC0171 KTC10150 CX490D<\/td>\n<td>KLC0024 LJ01138 LN00112 CX160<\/td>\n<\/tr>\n<tr>\n<td>\u00a0KTC0171 KTC10150 CX470B CX470C CX500D<\/td>\n<td>\u00a0KBC10200 KSC11430 KSC10480 CX300C<\/td>\n<\/tr>\n<tr>\n<td width=\"409\">KTC0147 KTC0171 CX460<\/td>\n<td>\u00a0KBC10080 KBC10090 KBC10030 CX290D<\/td>\n<\/tr>\n<tr>\n<td>\u00a0KSC10070 KSC10480 CX380C<\/td>\n<td>\u00a0KBC10020 KBC10030 CX240B<\/td>\n<\/tr>\n<tr>\n<td>\u00a0KSC10070 KSC10080 LN001600 CX370B<\/td>\n<td>\u00a0KBC10020 CX250D<\/td>\n<\/tr>\n<tr>\n<td>\u00a0KSC10070 KSC10080 KSC10480 CX350D<\/td>\n<td>KAC0177 CX80 47879306 CX130D<\/td>\n<\/tr>\n<tr>\n<td>\u00a0KSC10070 KSC10080 CX370C<\/td>\n<td>F4743755 CX135SR 47884090 CX160D<\/td>\n<\/tr>\n<tr>\n<td>\u00a0KSC10070 KSC10080 CX350B CX350C CX360B<\/td>\n<td>72280137 PX15V00024F1 CX36B<\/td>\n<\/tr>\n<tr>\n<td>\u00a0KSC10070 CX370D<\/td>\n<td>47884090 KLC10260 CX180D LC<\/td>\n<\/tr>\n<tr>\n<td>\u00a0KSC0247 KSC10170 KSC0253 LN001600 CX330<\/td>\n<td>\u00a047828190 KRC10260 LN001820 CX240D<\/td>\n<\/tr>\n<tr>\n<td width=\"409\">KSC0230 KSC0235 KSC0247 CX350 nihajni motor<\/td>\n<td>47809634 KBC10200 KSC10480 CX300D<\/td>\n<\/tr>\n<tr>\n<td width=\"409\">\u00a0KRC10220 KRC10260 LN001820 CX210D LC CX230D<\/td>\n<td>47828190 KRC10260 LN001820 CX240D<\/td>\n<\/tr>\n<tr>\n<td>\u00a0KRC10220 KRC10260 KRC10010 KRC10220 CX220B<\/td>\n<td>47809634 KBC10200 KSC10480 KSC10480<\/td>\n<\/tr>\n<\/tbody>\n<\/table>\n<\/figure>\n<h4><strong>Motor in menjalnik Na voljo Model:<\/strong><\/h4>\n<figure class=\"wp-block-table is-style-stripes has-small-font-size\">\n<table class=\"aliDataTable\" style=\"height: 713px;\" width=\"783\">\n<tbody>\n<tr>\n<td>\n<div>\n<div><strong>DOOSAN<\/strong><\/div>\n<\/div>\n<\/td>\n<td colspan=\"3\">\n<div>DH50-7, DH55D, DH60-7, DH80, DH130, DH150, DH150W-9, DH215-5, DH200-5, DH150LC-7, DH215-7, DH220-5, DH220-7, DH220-9, DH220-10, DH225-9, DH258, DH258LC-7, DH280, DH290B, DH300-5, DH300-7, DH320, DH360, DH370, DH500, DX300<\/div>\n<\/td>\n<\/tr>\n<tr>\n<td>\n<div>\n<div><strong>HYUNDAI<\/strong><\/div>\n<\/div>\n<\/td>\n<td colspan=\"3\">\n<div>R60-7, R80, R130, R140, R150-7, R150-9, R1107-7, R160-7, R210, R220, R220-7, R215-7, R220-5, R225-7, R225-9T, R225lc-7, R290, R350-7, R110-9, R215-9, R275LC-9, R305, R305-7, R320, R335-7, R360, R370, R375, R375-7H, R455, R460, R485-7<\/div>\n<\/td>\n<\/tr>\n<tr>\n<td>\n<div>\n<div><strong>VOLVO<\/strong><\/div>\n<\/div>\n<\/td>\n<td colspan=\"3\">\n<div>EC130, EC140B, EC210B, EC210C, EC235C, EC240B, EC290, EC290B, EC290C, EC360B, EC460B, EC460C, EC480D<\/div>\n<\/td>\n<\/tr>\n<tr>\n<td>\n<div>\n<div><strong>CAT<\/strong><\/div>\n<\/div>\n<\/td>\n<td colspan=\"3\">\n<div>E305, E320, E325C, E315C, E330C, E315D, E320D, E325D, E330D, E360D, E70B, E120B, E200B, E320B, E330B<\/div>\n<\/td>\n<\/tr>\n<tr>\n<td>\n<div>\n<div><strong>KOMATSU<\/strong><\/div>\n<\/div>\n<\/td>\n<td colspan=\"3\">\n<div>PC35, PC40, PC45, PC50, PC55, PC60, PC60-6, PC70, PC75, PC78, PC80, PC90, PC100, PC110, PC120, PC120-7, PC130, PC150, PC160, PC180, PC200, PC200-6, PC200-7, PC200-8, PC210-8, PC220-6,PC220-7,PC210, PC220, PC230, PC240,PC240-8, PC270, PC300, PC360,PC360-7, PC350, PC400, PC450, PC650, PC750, PC1250 D31, D50, D65, D85, D155, D275, D375, D475<\/div>\n<\/td>\n<\/tr>\n<tr>\n<td>\n<div>\n<div><strong>HITACHI<\/strong><\/div>\n<\/div>\n<\/td>\n<td colspan=\"3\">\n<div>EX200-2, EX220-2, EX120-5, EX200-5, EX220-5, EX400-5, ZAXIS200-3, ZAXIS210-3, ZAXIS240-3, ZAXIS 270-3, ZAXIS330-3, ZAXIS360-3, ZAXIS110, ZAXIS120, ZX200-6<\/div>\n<\/td>\n<\/tr>\n<tr>\n<td>\n<div>\n<div><strong>KOBELCO\u00a0<\/strong><\/div>\n<\/div>\n<\/td>\n<td colspan=\"3\">\n<div>SK200-3, SK200-5, SK135rs, SK70rs, SK60, SK120-5, SK200-8, SK250-8, SK260-8, SK130-8, SK200-6e, SK210-6e, SK160<\/div>\n<\/td>\n<\/tr>\n<tr>\n<td>\n<div>\n<div><strong>CASE<\/strong><\/div>\n<\/div>\n<\/td>\n<td colspan=\"3\">CX130,CX800 CX800B,CX490C CX500C,CX470B CX470C CX500D,CX350B CX350C CX360B,CX210D LC CX230D,CX180B CX160B,CX240D CX300 CX290D<\/td>\n<\/tr>\n<tr>\n<td>\n<div>\n<div><strong>SUMITOMO<\/strong><\/div>\n<\/div>\n<\/td>\n<td colspan=\"3\">\n<div>SH120A2\/A3, SH130, SH200A2\/A3, SH210A5, SH240A3, SH360A5<\/div>\n<\/td>\n<\/tr>\n<tr>\n<td>\n<div>\n<div><strong>JCB<\/strong><\/div>\n<\/div>\n<\/td>\n<td colspan=\"3\">JS290,JS190, JRC0007 JS220LR JS220 JS180 JS145 JS360<\/td>\n<\/tr>\n<\/tbody>\n<\/table>\n<\/figure>\n<p><img decoding=\"async\" class=\"wp-image-1155\" src=\"https:\/\/swingbearing.net\/wp-content\/uploads\/2023\/11\/111-300x187.jpg\" alt=\"Kon\u010dni pogon bagra\" width=\"850\" height=\"530\" srcset=\"https:\/\/swingbearing.net\/wp-content\/uploads\/2023\/11\/111-300x187.jpg 300w, https:\/\/swingbearing.net\/wp-content\/uploads\/2023\/11\/111-768x479.jpg 768w, https:\/\/swingbearing.net\/wp-content\/uploads\/2023\/11\/111-600x374.jpg 600w, https:\/\/swingbearing.net\/wp-content\/uploads\/2023\/11\/111.jpg 850w\" sizes=\"(max-width: 850px) 100vw, 850px\" \/><\/p>\n<p><img decoding=\"async\" class=\"alignnone wp-image-1156 size-full\" src=\"https:\/\/swingbearing.net\/wp-content\/uploads\/2023\/11\/222.jpg\" alt=\"Kon\u010dni pogon bagra\" width=\"850\" height=\"638\" srcset=\"https:\/\/swingbearing.net\/wp-content\/uploads\/2023\/11\/222.jpg 850w, https:\/\/swingbearing.net\/wp-content\/uploads\/2023\/11\/222-300x225.jpg 300w, https:\/\/swingbearing.net\/wp-content\/uploads\/2023\/11\/222-768x576.jpg 768w, https:\/\/swingbearing.net\/wp-content\/uploads\/2023\/11\/222-600x450.jpg 600w\" sizes=\"(max-width: 850px) 100vw, 850px\" \/><\/p>","protected":false},"excerpt":{"rendered":"<h5 class=\"ct-headline\">Kategorije: Kategorije: Swing motor, Swing menjalnik, Swing reduktor,<br \/>\nModel:Case CX290D<br \/>\nPart No.: KBC10080 KBC10090 KBC10030<\/h5>\n<div class=\"product attribute overview\">\n<div class=\"value\"><\/div>\n<\/div>","protected":false},"featured_media":1887,"template":"","meta":[],"product_brand":[],"product_cat":[26],"product_tag":[],"class_list":{"0":"post-1886","1":"product","2":"type-product","3":"status-publish","4":"has-post-thumbnail","6":"product_cat-hydraulic-motors","8":"first","9":"instock","10":"shipping-taxable","11":"product-type-simple"},"_links":{"self":[{"href":"https:\/\/swingbearing.net\/sl\/wp-json\/wp\/v2\/product\/1886","targetHints":{"allow":["GET"]}}],"collection":[{"href":"https:\/\/swingbearing.net\/sl\/wp-json\/wp\/v2\/product"}],"about":[{"href":"https:\/\/swingbearing.net\/sl\/wp-json\/wp\/v2\/types\/product"}],"wp:featuredmedia":[{"embeddable":true,"href":"https:\/\/swingbearing.net\/sl\/wp-json\/wp\/v2\/media\/1887"}],"wp:attachment":[{"href":"https:\/\/swingbearing.net\/sl\/wp-json\/wp\/v2\/media?parent=1886"}],"wp:term":[{"taxonomy":"product_brand","embeddable":true,"href":"https:\/\/swingbearing.net\/sl\/wp-json\/wp\/v2\/product_brand?post=1886"},{"taxonomy":"product_cat","embeddable":true,"href":"https:\/\/swingbearing.net\/sl\/wp-json\/wp\/v2\/product_cat?post=1886"},{"taxonomy":"product_tag","embeddable":true,"href":"https:\/\/swingbearing.net\/sl\/wp-json\/wp\/v2\/product_tag?post=1886"}],"curies":[{"name":"wp","href":"https:\/\/api.w.org\/{rel}","templated":true}]}}